{"id":432,"date":"2020-06-01T17:09:22","date_gmt":"2020-06-01T15:09:22","guid":{"rendered":"https:\/\/higher-her.com\/?page_id=432"},"modified":"2025-01-31T20:10:34","modified_gmt":"2025-01-31T19:10:34","slug":"impressum","status":"publish","type":"page","link":"https:\/\/huntingher.com\/en\/impressum\/","title":{"rendered":"Imprint"},"content":{"rendered":"<div data-elementor-type=\"wp-page\" data-elementor-id=\"432\" class=\"elementor elementor-432\" data-elementor-post-type=\"page\">\n\t\t\t\t\t\t<section class=\"elementor-section elementor-top-section elementor-element elementor-element-b7dde2d elementor-section-boxed elementor-section-height-default elementor-section-height-default\" data-id=\"b7dde2d\" data-element_type=\"section\">\n\t\t\t\t\t\t<div class=\"elementor-container elementor-column-gap-default\">\n\t\t\t\t\t<div class=\"elementor-column elementor-col-100 elementor-top-column elementor-element elementor-element-1535394\" data-id=\"1535394\" data-element_type=\"column\">\n\t\t\t<div class=\"elementor-widget-wrap elementor-element-populated\">\n\t\t\t\t\t\t<div class=\"elementor-element elementor-element-7bff4fb elementor-widget elementor-widget-heading\" data-id=\"7bff4fb\" data-element_type=\"widget\" data-widget_type=\"heading.default\">\n\t\t\t\t<div class=\"elementor-widget-container\">\n\t\t\t\t\t<h2 class=\"elementor-heading-title elementor-size-default\">Imprint<\/h2>\t\t\t\t<\/div>\n\t\t\t\t<\/div>\n\t\t\t\t\t<\/div>\n\t\t<\/div>\n\t\t\t\t\t<\/div>\n\t\t<\/section>\n\t\t\t\t<section class=\"elementor-section elementor-top-section elementor-element elementor-element-c530879 elementor-section-boxed elementor-section-height-default elementor-section-height-default\" data-id=\"c530879\" data-element_type=\"section\">\n\t\t\t\t\t\t<div class=\"elementor-container elementor-column-gap-default\">\n\t\t\t\t\t<div class=\"elementor-column elementor-col-100 elementor-top-column elementor-element elementor-element-9b52717\" data-id=\"9b52717\" data-element_type=\"column\">\n\t\t\t<div class=\"elementor-widget-wrap elementor-element-populated\">\n\t\t\t\t\t\t<div class=\"elementor-element elementor-element-929af19 elementor-widget elementor-widget-text-editor\" data-id=\"929af19\" data-element_type=\"widget\" data-widget_type=\"text-editor.default\">\n\t\t\t\t<div class=\"elementor-widget-container\">\n\t\t\t\t\t\t\t\t\t<p><b>Kontakt: Ihre H\/HER Partner f\u00fcr D-A-CH<br \/><br \/>HUNTING\/HER HR-Partners GmbH<br \/><\/b><span style=\"font-family: -apple-system, BlinkMacSystemFont, 'Segoe UI', Roboto, 'Helvetica Neue', Arial, 'Noto Sans', sans-serif; font-size: 1rem;\"><br \/><\/span><span style=\"font-weight: bold; font-family: -apple-system, 'system-ui', 'Segoe UI', Roboto, 'Helvetica Neue', Arial, 'Noto Sans', sans-serif;\">Gesch\u00e4ftsf\u00fchrung:\u00a0<br \/><\/span><span style=\"font-family: -apple-system, 'system-ui', 'Segoe UI', Roboto, 'Helvetica Neue', Arial, 'Noto Sans', sans-serif;\">Olga B\u00f6hnke, Christian Ebeling\u00a0\u00a0<\/span><span style=\"font-family: -apple-system, BlinkMacSystemFont, 'Segoe UI', Roboto, 'Helvetica Neue', Arial, 'Noto Sans', sans-serif; font-size: 1rem;\"><br \/><\/span><\/p><p><b>Kontakt:<\/b><span style=\"font-family: -apple-system, BlinkMacSystemFont, 'Segoe UI', Roboto, 'Helvetica Neue', Arial, 'Noto Sans', sans-serif; font-size: 1rem;\">\u00a0<br \/><\/span><span style=\"font-family: -apple-system, BlinkMacSystemFont, 'Segoe UI', Roboto, 'Helvetica Neue', Arial, 'Noto Sans', sans-serif; font-size: 1rem;\">eMail: post (at) huntingher.com\u00a0<br \/><\/span><\/p><p><span style=\"font-family: -apple-system, 'system-ui', 'Segoe UI', Roboto, 'Helvetica Neue', Arial, 'Noto Sans', sans-serif; font-size: 1rem;\"><b>Sitz:\u00a0<br \/><\/b>Wiesenstra\u00dfe 1, 21255 Dohren bei Hamburg<\/span><\/p><p><span style=\"font-family: -apple-system, BlinkMacSystemFont, 'Segoe UI', Roboto, 'Helvetica Neue', Arial, 'Noto Sans', sans-serif; font-size: 1rem;\"><b>Handelsregister: <br \/><\/b>Amtsgericht Tostedt;\u00a0<\/span><span style=\"font-family: -apple-system, BlinkMacSystemFont, 'Segoe UI', Roboto, 'Helvetica Neue', Arial, 'Noto Sans', sans-serif; font-size: 1rem;\">HRB 207 312<br \/><br \/><b>Umsatzsteuer-ID:<\/b> <br \/>DE25326025154<\/span><span style=\"font-family: -apple-system, BlinkMacSystemFont, 'Segoe UI', Roboto, 'Helvetica Neue', Arial, 'Noto Sans', sans-serif; font-size: 1rem;\">\u00a0<\/span><\/p><p><span style=\"font-family: -apple-system, BlinkMacSystemFont, 'Segoe UI', Roboto, 'Helvetica Neue', Arial, 'Noto Sans', sans-serif; font-size: 1rem;\"><b>Markenrechtliche Vertretung.<\/b> <br \/>Kanzlei Dr. Weiand und Partner, Neuer Wall 86, 20345 Hamburg\u00a0<\/span><\/p><p><span style=\"font-family: -apple-system, BlinkMacSystemFont, 'Segoe UI', Roboto, 'Helvetica Neue', Arial, 'Noto Sans', sans-serif; font-size: 1rem;\">Bitte beachten Sie auch unseren Gender Disclaimer sowie unsere Terms of Use and Privacy Policy f\u00fcr Informationen und Haftungsausschluss diese Internetseite betreffend.<\/span><\/p><p><span style=\"font-family: -apple-system, BlinkMacSystemFont, 'Segoe UI', Roboto, 'Helvetica Neue', Arial, 'Noto Sans', sans-serif; font-size: 1rem;\"><span style=\"font-weight: bold;\">Haftung f\u00fcr Links.<\/span><\/span><\/p><p>Unser Angebot als Personalberatung enth\u00e4lt Links zu externen Webseiten Dritter, auf deren Inhalte wir keinen Einfluss haben. Deshalb k\u00f6nnen wir f\u00fcr diese fremden Inhalte auch keine Gew\u00e4hr \u00fcbernehmen. F\u00fcr die Inhalte der verlinkten Seiten ist stets der jeweilige Anbieter oder Betreiber der Seiten verantwortlich. Die verlinkten Seiten wurden zum Zeitpunkt der Verlinkung auf m\u00f6gliche Rechtsverst\u00f6\u00dfe \u00fcberpr\u00fcft. Rechtswidrige Inhalte waren zum Zeitpunkt der Verlinkung nicht erkennbar. Eine permanente inhaltliche Kontrolle der verlinkten Seiten ist jedoch ohne konkrete Anhaltspunkte einer Rechtsverletzung nicht zumutbar. Bei Bekanntwerden von Rechtsverletzungen werden wir derartige Links umgehend entfernen.<\/p><p><span style=\"font-family: -apple-system, BlinkMacSystemFont, 'Segoe UI', Roboto, 'Helvetica Neue', Arial, 'Noto Sans', sans-serif; font-size: 1rem;\"><span style=\"font-weight: bold;\">Urheberrecht.<\/span><\/span><\/p><p><span style=\"font-family: -apple-system, 'system-ui', 'Segoe UI', Roboto, 'Helvetica Neue', Arial, 'Noto Sans', sans-serif; font-size: 1rem;\">H\/HER &amp; HUNTING HER \u00ae sind als internationale Marken gesch\u00fctzt und u.a. unter der Registernummer 012430518 als Gemeinschaftsmarke beim Harmonisierungsamt f\u00fcr den Binnenmarkt der Europ\u00e4ischen Union eingetragen.\u00a0<\/span><\/p><p><b style=\"font-family: -apple-system, BlinkMacSystemFont, 'Segoe UI', Roboto, 'Helvetica Neue', Arial, 'Noto Sans', sans-serif; font-size: 1rem;\">Haftung f\u00fcr Inhalte.<\/b><span style=\"font-family: -apple-system, 'system-ui', 'Segoe UI', Roboto, 'Helvetica Neue', Arial, 'Noto Sans', sans-serif; font-size: 1rem;\"><br \/><\/span><\/p><p><span style=\"font-family: -apple-system, BlinkMacSystemFont, 'Segoe UI', Roboto, 'Helvetica Neue', Arial, 'Noto Sans', sans-serif; font-size: 1rem;\">Als Dienstleistungsanbieter und Seitenbetreiberin gem. dt. Telemediengesetz ist die H\/HER Holding (LTD), Makariou Avenue 61, Serghides Buidling, Office 102, 6017 Larnaca, Cyprus\u00a0<\/span><span style=\"font-family: -apple-system, BlinkMacSystemFont, 'Segoe UI', Roboto, 'Helvetica Neue', Arial, 'Noto Sans', sans-serif; font-size: 1rem;\">lt. \u00a7 7 Abs.1 TMG f\u00fcr s\u00e4mtliche eigene Inhalte auf diesen Seiten nach den allgemeinen Gesetzen verantwortlich. Nach \u00a7\u00a7 8 bis 10 TMG sind wir als Diensteanbieter jedoch nicht verpflichtet, \u00fcbermittelte oder gespeicherte fremde Informationen zu \u00fcberwachen oder nach Umst\u00e4nden zu forschen, die auf eine rechtswidrige T\u00e4tigkeit hinweisen.<\/span><\/p><p><span style=\"font-family: -apple-system, BlinkMacSystemFont, 'Segoe UI', Roboto, 'Helvetica Neue', Arial, 'Noto Sans', sans-serif; font-size: 1rem;\">Verpflichtungen zur Entfernung oder Sperrung der Nutzung von Informationen nach den allgemeinen Gesetzen bleiben hiervon unber\u00fchrt. Eine diesbez\u00fcgliche Haftung ist jedoch erst ab dem Zeitpunkt der Kenntnis einer konkreten Rechtsverletzung m\u00f6glich. Bei Bekanntwerden von entsprechenden Rechtsverletzungen werden wir diese Inhalte umgehend entfernen.<\/span><\/p><p><span style=\"font-family: -apple-system, BlinkMacSystemFont, 'Segoe UI', Roboto, 'Helvetica Neue', Arial, 'Noto Sans', sans-serif, 'Apple Color Emoji', 'Segoe UI Emoji', 'Segoe UI Symbol', 'Noto Color Emoji'; font-size: 1rem;\">Die durch die Seitenbetreiber erstellten Inhalte und Werke sowie die Marke HUNTING HER \u00ae auf diesen Seiten unterliegen dem deutschen Urheberrecht.\u00a0<\/span><span style=\"font-size: 1rem; font-family: -apple-system, 'system-ui', 'Segoe UI', Roboto, 'Helvetica Neue', Arial, 'Noto Sans', sans-serif;\">Die Gesellschaft versichert die rechtm\u00e4\u00dfige F\u00fchrung der Marke aufgrund bestehender Lizenzvertr\u00e4ge.<\/span><span style=\"font-family: -apple-system, BlinkMacSystemFont, 'Segoe UI', Roboto, 'Helvetica Neue', Arial, 'Noto Sans', sans-serif, 'Apple Color Emoji', 'Segoe UI Emoji', 'Segoe UI Symbol', 'Noto Color Emoji'; font-size: 1rem;\">\u00a0Die Vervielf\u00e4ltigung, Bearbeitung, Verbreitung und jede Art der Verwertung au\u00dferhalb der Grenzen des Urheberrechtes bed\u00fcrfen der schriftlichen Zustimmung des jeweiligen Autors bzw. Erstellers. Downloads und Kopien dieser Seite sind nur f\u00fcr den privaten, nicht kommerziellen Gebrauch gestattet. Soweit die Inhalte auf dieser Seite nicht vom Betreiber erstellt wurden, werden die Urheberrechte Dritter beachtet. Insbesondere werden Inhalte Dritter als solche gekennzeichnet.\u00a0<\/span><\/p><p><span style=\"font-family: -apple-system, BlinkMacSystemFont, 'Segoe UI', Roboto, 'Helvetica Neue', Arial, 'Noto Sans', sans-serif, 'Apple Color Emoji', 'Segoe UI Emoji', 'Segoe UI Symbol', 'Noto Color Emoji'; font-size: 1rem;\">Sollten Sie trotzdem auf eine Urheberrechtsverletzung aufmerksam werden, bitten wir um einen entsprechenden Hinweis. Bei Bekanntwerden von Rechtsverletzungen werden wir derartige Inhalte umgehend entfernen. Quelle: e-recht24.<\/span><\/p>\t\t\t\t\t\t\t\t<\/div>\n\t\t\t\t<\/div>\n\t\t\t\t\t<\/div>\n\t\t<\/div>\n\t\t\t\t\t<\/div>\n\t\t<\/section>\n\t\t\t\t<\/div>","protected":false},"excerpt":{"rendered":"<p>Impressum Kontakt: Ihre H\/HER Partner f\u00fcr D-A-CH HUNTING\/HER HR-Partners GmbHGesch\u00e4ftsf\u00fchrung:\u00a0Olga B\u00f6hnke, Christian Ebeling\u00a0\u00a0 Kontakt:\u00a0eMail: post (at) huntingher.com\u00a0 Sitz:\u00a0Wiesenstra\u00dfe 1, 21255 Dohren bei Hamburg Handelsregister: Amtsgericht Tostedt;\u00a0HRB 207 312 Umsatzsteuer-ID: DE25326025154\u00a0 Markenrechtliche Vertretung. Kanzlei Dr. Weiand und Partner, Neuer Wall 86, 20345 Hamburg\u00a0 Bitte beachten Sie auch unseren Gender Disclaimer sowie unsere Terms of Use and [&hellip;]<\/p>\n","protected":false},"author":2,"featured_media":0,"parent":0,"menu_order":0,"comment_status":"closed","ping_status":"closed","template":"elementor_header_footer","meta":{"footnotes":""},"class_list":["post-432","page","type-page","status-publish","hentry"],"_links":{"self":[{"href":"https:\/\/huntingher.com\/en\/wp-json\/wp\/v2\/pages\/432","targetHints":{"allow":["GET"]}}],"collection":[{"href":"https:\/\/huntingher.com\/en\/wp-json\/wp\/v2\/pages"}],"about":[{"href":"https:\/\/huntingher.com\/en\/wp-json\/wp\/v2\/types\/page"}],"author":[{"embeddable":true,"href":"https:\/\/huntingher.com\/en\/wp-json\/wp\/v2\/users\/2"}],"replies":[{"embeddable":true,"href":"https:\/\/huntingher.com\/en\/wp-json\/wp\/v2\/comments?post=432"}],"version-history":[{"count":54,"href":"https:\/\/huntingher.com\/en\/wp-json\/wp\/v2\/pages\/432\/revisions"}],"predecessor-version":[{"id":5351,"href":"https:\/\/huntingher.com\/en\/wp-json\/wp\/v2\/pages\/432\/revisions\/5351"}],"wp:attachment":[{"href":"https:\/\/huntingher.com\/en\/wp-json\/wp\/v2\/media?parent=432"}],"curies":[{"name":"wp","href":"https:\/\/api.w.org\/{rel}","templated":true}]}}