{"id":4265,"date":"2023-01-23T10:15:02","date_gmt":"2023-01-23T09:15:02","guid":{"rendered":"https:\/\/huntingher.com\/?page_id=4265"},"modified":"2023-01-23T12:30:46","modified_gmt":"2023-01-23T11:30:46","slug":"career","status":"publish","type":"page","link":"https:\/\/huntingher.com\/en\/career\/","title":{"rendered":"career"},"content":{"rendered":"<div data-elementor-type=\"wp-page\" data-elementor-id=\"4265\" class=\"elementor elementor-4265\" data-elementor-post-type=\"page\">\n\t\t\t\t\t\t<section class=\"elementor-section elementor-top-section elementor-element elementor-element-b53d5a7 elementor-section-boxed elementor-section-height-default elementor-section-height-default\" data-id=\"b53d5a7\" data-element_type=\"section\">\n\t\t\t\t\t\t<div class=\"elementor-container elementor-column-gap-default\">\n\t\t\t\t\t<div class=\"elementor-column elementor-col-50 elementor-top-column elementor-element elementor-element-8be82b4\" data-id=\"8be82b4\" data-element_type=\"column\">\n\t\t\t<div class=\"elementor-widget-wrap elementor-element-populated\">\n\t\t\t\t\t\t<div class=\"elementor-element elementor-element-6fb662d elementor-widget elementor-widget-heading\" data-id=\"6fb662d\" data-element_type=\"widget\" data-widget_type=\"heading.default\">\n\t\t\t\t<div class=\"elementor-widget-container\">\n\t\t\t\t\t<h5 class=\"elementor-heading-title elementor-size-default\">Werden Sie ShePlacement-Pionier: <\/h5>\t\t\t\t<\/div>\n\t\t\t\t<\/div>\n\t\t\t\t<div class=\"elementor-element elementor-element-280ee81 elementor-widget elementor-widget-heading\" data-id=\"280ee81\" data-element_type=\"widget\" data-widget_type=\"heading.default\">\n\t\t\t\t<div class=\"elementor-widget-container\">\n\t\t\t\t\t<h2 class=\"elementor-heading-title elementor-size-default\">Partner\/in (w\/m\/d) - Female Executive Search bei der Hunting\/Her Personalberatung <\/h2>\t\t\t\t<\/div>\n\t\t\t\t<\/div>\n\t\t\t\t<div class=\"elementor-element elementor-element-db8f357 elementor-widget elementor-widget-text-editor\" data-id=\"db8f357\" data-element_type=\"widget\" data-widget_type=\"text-editor.default\">\n\t\t\t\t<div class=\"elementor-widget-container\">\n\t\t\t\t\t\t\t\t\t<p class=\"MsoNormal\" style=\"margin: 0cm; font-size: 12pt; font-family: Calibri, sans-serif; color: #000000;\"><b style=\"font-size: 12pt;\">&nbsp;<\/b><\/p>\n<p class=\"MsoNormal\" style=\"margin: 0cm; font-size: 12pt; font-family: Calibri, sans-serif; color: #000000;\"><b style=\"font-size: 12pt;\">Bereits seit 2007 bringt Hunting\/Her HR-Partners als \u201e<i>die&nbsp;f\u00fchrende Personalberatung f\u00fcr Frauen<\/i>\u201c (DIE ZEIT) weibliche F\u00fchrungskr\u00e4fte mit unseren&nbsp; namhaften Unternehmenskunden aus allen Branchen zusammen.&nbsp;<\/b><\/p>\n<p class=\"MsoNormal\" style=\"margin: 0cm; font-size: 12pt; font-family: Calibri, sans-serif; color: #000000;\"><b>&nbsp;<\/b><\/p>\n<p class=\"MsoNormal\" style=\"margin: 0cm; font-size: 12pt; font-family: Calibri, sans-serif; color: #000000;\">Zu unseren Kunden geh\u00f6ren Dutzende bekannte Gro\u00dfunternehmen und DAX-Unternehmen, wobei die Nachfrage seit Jahren kontinuierlich w\u00e4chst. Diesen Erfolg verdanken wir neben unserer fr\u00fchzeitigen, eindeutigen Positionierung auch unserem Partnerprinzip, welches unternehmerische Freiheit und Flexibilit\u00e4t mit den Vorteilen einer \u00fcberregionalen Organisation kombiniert.<br><br><\/p>\n<p class=\"MsoNormal\" style=\"margin: 0cm; font-size: 12pt; font-family: Calibri, sans-serif; color: #000000;\">\n<\/p><h6><b>Unangefochtene Marktf\u00fchrerschaft im Female Executive Search<\/b><\/h6>\n<p class=\"MsoNormal\" style=\"margin: 0cm; font-size: 12pt; font-family: Calibri, sans-serif; color: #000000;\">\n<\/p><p class=\"MsoNormal\" style=\"margin: 0cm; font-size: 12pt; font-family: Calibri, sans-serif; color: #000000;\">Gemeinsam vereint unter Europas marktf\u00fchrender Marke im Bereich Female Recruiting ist bei Hunting\/Her der Teamgedanke \u201ebranchenun\u00fcblich\u201c ausgepr\u00e4gt. Dies liegt auch daran, dass wir die branchen\u00fcbliche Anforderung an Partner, n\u00e4mlich die Kombination aus Vertriebsst\u00e4rke bei gleichzeitiger Exzellenz in der Projektabwicklung ausdr\u00fccklich <u>nicht<\/u> als Voraussetzung sehen.<\/p>\n<p class=\"MsoNormal\" style=\"margin: 0cm; font-size: 12pt; font-family: Calibri, sans-serif; color: #000000;\">\n<\/p><h6><b>Selbstst\u00e4ndige Personalberatung &#8211; ohne Vertriebst\u00e4tigkeit?&nbsp;<\/b><\/h6>\n<p><\/p>\n<p class=\"MsoNormal\" style=\"margin: 0cm; font-size: 12pt; font-family: Calibri, sans-serif; color: #000000;\">Vielmehr glauben wir an das Zusammenspiel aus SpezialistInnen im jeweiligen Aufgabenfeld; zudem verf\u00fcgt H\/HER \u00fcber zentralseitige Marketing- und VertriebskollegInnen. Wenn Sie also eine vertriebliche Komponente w\u00fcnschen sind Sie bei uns genauso herzlich willkommen, wie als passionierte Personalberater\/in, die sich ganz auf die bestm\u00f6gliche Besetzung der ihr anvertrauten Mandate fokussieren m\u00f6chte.&nbsp;<br><br><\/p>\n<p class=\"MsoNormal\" style=\"margin: 0cm; font-size: 12pt; font-family: Calibri, sans-serif; color: #000000;\">\n<\/p><h6 style=\"margin: 0cm; font-size: 12pt; font-family: Calibri, sans-serif; color: #000000;\"><b>Die T\u00e4tigkeit als Personalberater\/in im Detail:<\/b><\/h6>\n<p><\/p>\n<p class=\"MsoNormal\" style=\"margin: 0cm; font-size: 12pt; font-family: Calibri, sans-serif; color: #000000;\">\u2022 Eigenverantwortliche (gerade in der Startphase begleitete) Durchf\u00fchrung von Female Executive Search-Mandaten: Search &amp; Ident, Ansprache passgenauer Talents, Auswahl, \u00fcber Beurteilung und Betreuung bis Placement<\/p>\n<p class=\"MsoNormal\" style=\"margin: 0cm; font-size: 12pt; font-family: Calibri, sans-serif; color: #000000;\">\n<\/p><p class=\"MsoNormal\" style=\"margin: 0cm; font-size: 12pt; font-family: Calibri, sans-serif; color: #000000;\">\u2022 Ansprache, Beurteilung, Pr\u00e4sentation passgenauer Fach- und F\u00fchrungskr\u00e4fte bei unseren Kunden<\/p>\n<p class=\"MsoNormal\" style=\"margin: 0cm; font-size: 12pt; font-family: Calibri, sans-serif; color: #000000;\">\n<\/p><p class=\"MsoNormal\" style=\"margin: 0cm; font-size: 12pt; font-family: Calibri, sans-serif; color: #000000;\">\u2022 Zusammenarbeit im Team, wenn es um wechselseitige Unterst\u00fctzung, Best Practice Share, etc.<br><br><\/p>\n<p class=\"MsoNormal\" style=\"margin: 0cm; font-size: 12pt; font-family: Calibri, sans-serif; color: #000000;\">\n<\/p><p class=\"MsoNormal\" style=\"margin: 0cm; font-size: 12pt; font-family: Calibri, sans-serif; color: #000000;\">\n<\/p><p class=\"MsoNormal\" style=\"margin: 0cm; font-size: 12pt; font-family: Calibri, sans-serif; color: #000000;\">\n<\/p><p class=\"MsoNormal\" style=\"margin: 0cm; font-size: 12pt; font-family: Calibri, sans-serif; color: #000000;\"><b>Das bringen Sie idealerweise mit:<\/b><\/p>\n<p><b><br>\n<\/b><\/p>\n<p><b><\/b><\/p>\n<p class=\"MsoNormal\" style=\"margin: 0cm; font-size: 12pt; font-family: Calibri, sans-serif; color: #000000;\">\u2022 Erfahrung als Personalberater\/in; bevorzugt im Bereich Executive Search und\/oder:<\/p>\n<p class=\"MsoNormal\" style=\"margin: 0cm; font-size: 12pt; font-family: Calibri, sans-serif; color: #000000;\">\u2022 Personalentscheidungs- bzw. F\u00fchrungserfahrung, gerne aus einem Konzernumfeld<\/p>\n<p class=\"MsoNormal\" style=\"margin: 0cm; font-size: 12pt; font-family: Calibri, sans-serif; color: #000000;\">\u2022 Ein gutes Gesp\u00fcr f\u00fcr individuelle Unternehmenskulturen und dazu passende KandidatInnen auf der jeweiligen Vakanz<\/p>\n<p class=\"MsoNormal\" style=\"margin: 0cm; font-size: 12pt; font-family: Calibri, sans-serif; color: #000000;\">\u2022 Ausgepr\u00e4gte Ergebnisorientierung, Verantwortungsbewusstsein, sehr hohe Verl\u00e4sslichkeit und uneingeschr\u00e4nkte pers\u00f6nliche Integrit\u00e4t<\/p>\n<p class=\"MsoNormal\" style=\"margin: 0cm; font-size: 12pt; font-family: Calibri, sans-serif; color: #000000;\">\u2022 Eine akademische Ausbildung in einem gerne wirtschaftsnahen Studienfach<\/p>\n<p class=\"MsoNormal\" style=\"margin: 0cm; font-size: 12pt; font-family: Calibri, sans-serif; color: #000000;\">\u2022 Eine hohe pers\u00f6nliche Identifikation mit der Diversity-Mission bei Hunting\/Her und der \u201eZielgruppe Frau\u201c.<br><br><\/p>\n<p class=\"MsoNormal\" style=\"margin: 0cm; font-size: 12pt; font-family: Calibri, sans-serif; color: #000000;\">\n<\/p><p><b>Sind Sie interessiert? Dann sollten wir sprechen!&nbsp;<\/b><\/p>\n<p><b>&nbsp;<\/b><\/p>\n<p><\/p>\t\t\t\t\t\t\t\t<\/div>\n\t\t\t\t<\/div>\n\t\t\t\t\t<\/div>\n\t\t<\/div>\n\t\t\t\t<div class=\"elementor-column elementor-col-50 elementor-top-column elementor-element elementor-element-e9d733a\" data-id=\"e9d733a\" data-element_type=\"column\">\n\t\t\t<div class=\"elementor-widget-wrap elementor-element-populated\">\n\t\t\t\t\t\t<div class=\"elementor-element elementor-element-516c0ac elementor-widget elementor-widget-image\" data-id=\"516c0ac\" data-element_type=\"widget\" data-widget_type=\"image.default\">\n\t\t\t\t<div class=\"elementor-widget-container\">\n\t\t\t\t\t\t\t\t\t\t\t\t\t\t\t<img fetchpriority=\"high\" decoding=\"async\" width=\"800\" height=\"1069\" src=\"https:\/\/huntingher.com\/wp-content\/uploads\/2022\/10\/HuntingHer-Top-Arbeitgeber-2022-958x1280.jpg\" class=\"attachment-large size-large wp-image-4008\" alt=\"\" srcset=\"https:\/\/huntingher.com\/wp-content\/uploads\/2022\/10\/HuntingHer-Top-Arbeitgeber-2022-958x1280.jpg 958w, https:\/\/huntingher.com\/wp-content\/uploads\/2022\/10\/HuntingHer-Top-Arbeitgeber-2022-240x320.jpg 240w, https:\/\/huntingher.com\/wp-content\/uploads\/2022\/10\/HuntingHer-Top-Arbeitgeber-2022-768x1026.jpg 768w, https:\/\/huntingher.com\/wp-content\/uploads\/2022\/10\/HuntingHer-Top-Arbeitgeber-2022-1150x1536.jpg 1150w, https:\/\/huntingher.com\/wp-content\/uploads\/2022\/10\/HuntingHer-Top-Arbeitgeber-2022.jpg 1462w\" sizes=\"(max-width: 800px) 100vw, 800px\" \/>\t\t\t\t\t\t\t\t\t\t\t\t\t\t\t<\/div>\n\t\t\t\t<\/div>\n\t\t\t\t\t<\/div>\n\t\t<\/div>\n\t\t\t\t\t<\/div>\n\t\t<\/section>\n\t\t\t\t<\/div>","protected":false},"excerpt":{"rendered":"<p>Werden Sie ShePlacement-Pionier: Partner\/in (w\/m\/d) &#8211; Female Executive Search bei der Hunting\/Her Personalberatung &nbsp; Bereits seit 2007 bringt Hunting\/Her HR-Partners als \u201edie&nbsp;f\u00fchrende Personalberatung f\u00fcr Frauen\u201c (DIE ZEIT) weibliche F\u00fchrungskr\u00e4fte mit unseren&nbsp; namhaften Unternehmenskunden aus allen Branchen zusammen.&nbsp; &nbsp; Zu unseren Kunden geh\u00f6ren Dutzende bekannte Gro\u00dfunternehmen und DAX-Unternehmen, wobei die Nachfrage seit Jahren kontinuierlich w\u00e4chst. Diesen [&hellip;]<\/p>\n","protected":false},"author":2,"featured_media":0,"parent":0,"menu_order":0,"comment_status":"closed","ping_status":"closed","template":"elementor_header_footer","meta":{"footnotes":""},"class_list":["post-4265","page","type-page","status-publish","hentry"],"_links":{"self":[{"href":"https:\/\/huntingher.com\/en\/wp-json\/wp\/v2\/pages\/4265","targetHints":{"allow":["GET"]}}],"collection":[{"href":"https:\/\/huntingher.com\/en\/wp-json\/wp\/v2\/pages"}],"about":[{"href":"https:\/\/huntingher.com\/en\/wp-json\/wp\/v2\/types\/page"}],"author":[{"embeddable":true,"href":"https:\/\/huntingher.com\/en\/wp-json\/wp\/v2\/users\/2"}],"replies":[{"embeddable":true,"href":"https:\/\/huntingher.com\/en\/wp-json\/wp\/v2\/comments?post=4265"}],"version-history":[{"count":56,"href":"https:\/\/huntingher.com\/en\/wp-json\/wp\/v2\/pages\/4265\/revisions"}],"predecessor-version":[{"id":4322,"href":"https:\/\/huntingher.com\/en\/wp-json\/wp\/v2\/pages\/4265\/revisions\/4322"}],"wp:attachment":[{"href":"https:\/\/huntingher.com\/en\/wp-json\/wp\/v2\/media?parent=4265"}],"curies":[{"name":"wp","href":"https:\/\/api.w.org\/{rel}","templated":true}]}}