{"id":3309,"date":"2021-06-10T19:29:23","date_gmt":"2021-06-10T17:29:23","guid":{"rendered":"https:\/\/higher-her.com\/?page_id=3309"},"modified":"2025-07-28T15:47:09","modified_gmt":"2025-07-28T13:47:09","slug":"headhunter-zuerich-schweiz","status":"publish","type":"page","link":"https:\/\/huntingher.com\/en\/headhunter-zuerich-schweiz\/","title":{"rendered":"Frauen-Headhunter in Z\u00fcrich &#8211; Schweiz seit 2007"},"content":{"rendered":"<div data-elementor-type=\"wp-page\" data-elementor-id=\"3309\" class=\"elementor elementor-3309\" data-elementor-post-type=\"page\">\n\t\t\t\t\t\t<section class=\"elementor-section elementor-top-section elementor-element elementor-element-46aafdd elementor-section-boxed elementor-section-height-default elementor-section-height-default\" data-id=\"46aafdd\" data-element_type=\"section\" data-settings=\"{&quot;background_background&quot;:&quot;classic&quot;}\">\n\t\t\t\t\t\t<div class=\"elementor-container elementor-column-gap-default\">\n\t\t\t\t\t<div class=\"elementor-column elementor-col-100 elementor-top-column elementor-element elementor-element-557537e\" data-id=\"557537e\" data-element_type=\"column\" data-settings=\"{&quot;background_background&quot;:&quot;classic&quot;}\">\n\t\t\t<div class=\"elementor-widget-wrap elementor-element-populated\">\n\t\t\t\t\t\t<div class=\"elementor-element elementor-element-1ce8f47 elementor-widget elementor-widget-heading\" data-id=\"1ce8f47\" data-element_type=\"widget\" data-widget_type=\"heading.default\">\n\t\t\t\t<div class=\"elementor-widget-container\">\n\t\t\t\t\t<h1 class=\"elementor-heading-title elementor-size-default\"> Your specialized <br>Executive Search-<br>Recruitment Consultancy <br>for Female-Headhunting <br>in Switzerland<\/h1>\t\t\t\t<\/div>\n\t\t\t\t<\/div>\n\t\t\t\t\t<\/div>\n\t\t<\/div>\n\t\t\t\t\t<\/div>\n\t\t<\/section>\n\t\t\t\t<section class=\"elementor-section elementor-top-section elementor-element elementor-element-300a072 elementor-section-boxed elementor-section-height-default elementor-section-height-default\" data-id=\"300a072\" data-element_type=\"section\">\n\t\t\t\t\t\t<div class=\"elementor-container elementor-column-gap-default\">\n\t\t\t\t\t<div class=\"elementor-column elementor-col-50 elementor-top-column elementor-element elementor-element-5294bbd\" data-id=\"5294bbd\" data-element_type=\"column\">\n\t\t\t<div class=\"elementor-widget-wrap elementor-element-populated\">\n\t\t\t\t\t\t<div class=\"elementor-element elementor-element-236bc33 elementor-widget elementor-widget-counter\" data-id=\"236bc33\" data-element_type=\"widget\" data-widget_type=\"counter.default\">\n\t\t\t\t<div class=\"elementor-widget-container\">\n\t\t\t\t\t\t\t<div class=\"elementor-counter\">\n\t\t\t\t\t\t<div class=\"elementor-counter-number-wrapper\">\n\t\t\t\t<span class=\"elementor-counter-number-prefix\">Since <\/span>\n\t\t\t\t<span class=\"elementor-counter-number\" data-duration=\"2000\" data-to-value=\"2007\" data-from-value=\"2025\">2025<\/span>\n\t\t\t\t<span class=\"elementor-counter-number-suffix\"><\/span>\n\t\t\t<\/div>\n\t\t<\/div>\n\t\t\t\t\t\t<\/div>\n\t\t\t\t<\/div>\n\t\t\t\t<div class=\"elementor-element elementor-element-f5c91d2 elementor-widget elementor-widget-text-editor\" data-id=\"f5c91d2\" data-element_type=\"widget\" data-widget_type=\"text-editor.default\">\n\t\t\t\t<div class=\"elementor-widget-container\">\n\t\t\t\t\t\t\t\t\t<p><strong>Hunting\/Her HR-Partners has been Europe's leading HR consultancy for women, with offices in Zurich and Basel, Switzerland<\/strong><\/p><p>With more than 70 office locations, including Zurich and Basel in Switzerland, we support renowned Swiss companies and SMI corporations in achieving their diversity goals.\nDiversity headhunting as a value driver for companies and organizations<\/p><p>With more than 70 offices, including locations in Zurich and Basel, Switzerland, we support renowned Swiss companies and SMI corporations in achieving their diversity goals.<br \/>Diversity headhunting as a value driver for companies and organizations<\/p>\t\t\t\t\t\t\t\t<\/div>\n\t\t\t\t<\/div>\n\t\t\t\t<div class=\"elementor-element elementor-element-b102e28 elementor-widget elementor-widget-heading\" data-id=\"b102e28\" data-element_type=\"widget\" data-widget_type=\"heading.default\">\n\t\t\t\t<div class=\"elementor-widget-container\">\n\t\t\t\t\t<h2 class=\"elementor-heading-title elementor-size-default\">Diversity headhunting as a value driver for companies and organizations<\/h2>\t\t\t\t<\/div>\n\t\t\t\t<\/div>\n\t\t\t\t<div class=\"elementor-element elementor-element-9e00394 elementor-widget elementor-widget-video\" data-id=\"9e00394\" data-element_type=\"widget\" data-settings=\"{&quot;youtube_url&quot;:&quot;https:\\\/\\\/www.youtube.com\\\/embed\\\/2UVUVH-AZ1c?si=eDiFI39pUb0uArnf&quot;,&quot;show_image_overlay&quot;:&quot;yes&quot;,&quot;image_overlay&quot;:{&quot;url&quot;:&quot;&quot;,&quot;id&quot;:&quot;&quot;,&quot;size&quot;:&quot;&quot;},&quot;video_type&quot;:&quot;youtube&quot;,&quot;controls&quot;:&quot;yes&quot;}\" data-widget_type=\"video.default\">\n\t\t\t\t<div class=\"elementor-widget-container\">\n\t\t\t\t\t\t\t<div class=\"elementor-wrapper elementor-open-inline\">\n\t\t\t<div class=\"elementor-video\"><\/div>\t\t<\/div>\n\t\t\t\t\t\t<\/div>\n\t\t\t\t<\/div>\n\t\t\t\t\t<\/div>\n\t\t<\/div>\n\t\t\t\t<div class=\"elementor-column elementor-col-50 elementor-top-column elementor-element elementor-element-659c12d\" data-id=\"659c12d\" data-element_type=\"column\">\n\t\t\t<div class=\"elementor-widget-wrap elementor-element-populated\">\n\t\t\t\t\t\t<div class=\"elementor-element elementor-element-f8875ac elementor-widget elementor-widget-text-editor\" data-id=\"f8875ac\" data-element_type=\"widget\" data-widget_type=\"text-editor.default\">\n\t\t\t\t<div class=\"elementor-widget-container\">\n\t\t\t\t\t\t\t\t\t<p><img decoding=\"async\" class=\"size-full wp-image-5492 alignleft\" src=\"https:\/\/huntingher.com\/wp-content\/uploads\/2025\/07\/Frauen-Headhunter-Zuerisch-Schweiz-Erfolg-02.png\" alt=\"\" width=\"120\" height=\"116\" srcset=\"https:\/\/huntingher.com\/wp-content\/uploads\/2025\/07\/Frauen-Headhunter-Zuerisch-Schweiz-Erfolg-02.png 120w, https:\/\/huntingher.com\/wp-content\/uploads\/2025\/07\/Frauen-Headhunter-Zuerisch-Schweiz-Erfolg-02-12x12.png 12w\" sizes=\"(max-width: 120px) 100vw, 120px\" \/><strong>Proven track record in industry-focused headhunting of executives for the Zurich financial industry, IT\/robotics, consulting, and the Basel pharmaceutical and chemical industries.<\/strong><\/p><p>Companies and organizations of various sizes and industries engage us to address the growing economic and political importance of diversity and inclusion among their executives.<\/p><p>Through our female-specific service offering, Female Executive Search, we efficiently help to find the best talent and executives from both sides of the population and specifically overcome low-performance monocultures in management.<br \/>Together, we create a performance environment in which individual diversity and existing potential can flourish.<\/p>\t\t\t\t\t\t\t\t<\/div>\n\t\t\t\t<\/div>\n\t\t\t\t<div class=\"elementor-element elementor-element-e6e3618 elementor-widget elementor-widget-text-editor\" data-id=\"e6e3618\" data-element_type=\"widget\" data-widget_type=\"text-editor.default\">\n\t\t\t\t<div class=\"elementor-widget-container\">\n\t\t\t\t\t\t\t\t\t<p><strong>Our diversity headhunters are also available to answer your questions on site in Zurich.<\/strong><\/p>\t\t\t\t\t\t\t\t<\/div>\n\t\t\t\t<\/div>\n\t\t<div class=\"elementor-element elementor-element-561f21a e-flex e-con-boxed e-con e-parent\" data-id=\"561f21a\" data-element_type=\"container\" data-settings=\"{&quot;background_background&quot;:&quot;classic&quot;}\">\n\t\t\t\t\t<div class=\"e-con-inner\">\n\t\t\t\t<div class=\"elementor-element elementor-element-f3d7fd1 elementor-widget elementor-widget-image\" data-id=\"f3d7fd1\" data-element_type=\"widget\" data-widget_type=\"image.default\">\n\t\t\t\t<div class=\"elementor-widget-container\">\n\t\t\t\t\t\t\t\t\t\t\t\t\t\t\t<img decoding=\"async\" src=\"https:\/\/huntingher.com\/wp-content\/uploads\/elementor\/thumbs\/Logo-HuntingHer-Schweiz-Zuerich-r9f8pptghac6mxeqs9yxxtqwkzo1bu27utxx8t85os.png\" title=\"Logo-HuntingHer-Schweiz-Zuerich\" alt=\"Logo-HuntingHer-Schweiz-Zuerich\" loading=\"lazy\" \/>\t\t\t\t\t\t\t\t\t\t\t\t\t\t\t<\/div>\n\t\t\t\t<\/div>\n\t\t<div class=\"elementor-element elementor-element-b4b4dee e-con-full e-flex e-con e-child\" data-id=\"b4b4dee\" data-element_type=\"container\">\n\t\t\t\t<div class=\"elementor-element elementor-element-bf29343 elementor-widget elementor-widget-text-editor\" data-id=\"bf29343\" data-element_type=\"widget\" data-widget_type=\"text-editor.default\">\n\t\t\t\t<div class=\"elementor-widget-container\">\n\t\t\t\t\t\t\t\t\t<p style=\"text-align: right;\"><strong>Eugen-Huber-Strasse 12<\/strong><br \/><strong>8048 Z\u00fcrich, Schweiz<\/strong><\/p>\t\t\t\t\t\t\t\t<\/div>\n\t\t\t\t<\/div>\n\t\t\t\t<div class=\"elementor-element elementor-element-93e5f28 elementor-align-right elementor-widget elementor-widget-button\" data-id=\"93e5f28\" data-element_type=\"widget\" data-settings=\"{&quot;motion_fx_motion_fx_mouse&quot;:&quot;yes&quot;}\" data-widget_type=\"button.default\">\n\t\t\t\t<div class=\"elementor-widget-container\">\n\t\t\t\t\t\t\t\t\t<div class=\"elementor-button-wrapper\">\n\t\t\t\t\t<a class=\"elementor-button elementor-button-link elementor-size-sm\" href=\"\/en\/cc11\/\">\n\t\t\t\t\t\t<span class=\"elementor-button-content-wrapper\">\n\t\t\t\t\t\t\t\t\t<span class=\"elementor-button-text\">Contact us now<\/span>\n\t\t\t\t\t<\/span>\n\t\t\t\t\t<\/a>\n\t\t\t\t<\/div>\n\t\t\t\t\t\t\t\t<\/div>\n\t\t\t\t<\/div>\n\t\t\t\t<\/div>\n\t\t\t\t\t<\/div>\n\t\t\t\t<\/div>\n\t\t\t\t\t<\/div>\n\t\t<\/div>\n\t\t\t\t\t<\/div>\n\t\t<\/section>\n\t\t<div class=\"elementor-element elementor-element-ff984bb e-flex e-con-boxed e-con e-parent\" data-id=\"ff984bb\" data-element_type=\"container\">\n\t\t\t\t\t<div class=\"e-con-inner\">\n\t\t\t\t\t<\/div>\n\t\t\t\t<\/div>\n\t\t\t\t<\/div>","protected":false},"excerpt":{"rendered":"<p>Ihre spezialisierte Executive Search-Personalberatung f\u00fcr Frauen-Headhunting in der Schweiz Seit 2025 ist Hunting\/Her HR-Partners als Europas f\u00fchrende Personalberatung f\u00fcr Frauen t\u00e4tig, darunter in der Schweiz an den Standorten Z\u00fcrich und Basel. Dank unserem ganzheitlichen Search- &amp; Ident-Ansatz sowie unserer internationale Pr\u00e4senz vor Ort und unserer langj\u00e4hrigen strategischen Partnerschaft mit einem der renommiertestens Executive Search-Generalisten, gew\u00e4hrleisten [&hellip;]<\/p>\n","protected":false},"author":7,"featured_media":0,"parent":0,"menu_order":0,"comment_status":"closed","ping_status":"closed","template":"","meta":{"footnotes":""},"class_list":["post-3309","page","type-page","status-publish","hentry"],"_links":{"self":[{"href":"https:\/\/huntingher.com\/en\/wp-json\/wp\/v2\/pages\/3309","targetHints":{"allow":["GET"]}}],"collection":[{"href":"https:\/\/huntingher.com\/en\/wp-json\/wp\/v2\/pages"}],"about":[{"href":"https:\/\/huntingher.com\/en\/wp-json\/wp\/v2\/types\/page"}],"author":[{"embeddable":true,"href":"https:\/\/huntingher.com\/en\/wp-json\/wp\/v2\/users\/7"}],"replies":[{"embeddable":true,"href":"https:\/\/huntingher.com\/en\/wp-json\/wp\/v2\/comments?post=3309"}],"version-history":[{"count":352,"href":"https:\/\/huntingher.com\/en\/wp-json\/wp\/v2\/pages\/3309\/revisions"}],"predecessor-version":[{"id":5687,"href":"https:\/\/huntingher.com\/en\/wp-json\/wp\/v2\/pages\/3309\/revisions\/5687"}],"wp:attachment":[{"href":"https:\/\/huntingher.com\/en\/wp-json\/wp\/v2\/media?parent=3309"}],"curies":[{"name":"wp","href":"https:\/\/api.w.org\/{rel}","templated":true}]}}