{"id":3079,"date":"2021-05-26T15:50:12","date_gmt":"2021-05-26T13:50:12","guid":{"rendered":"https:\/\/higher-her.com\/?page_id=3079"},"modified":"2021-05-27T09:39:34","modified_gmt":"2021-05-27T07:39:34","slug":"outplacement-karriereberatung-fuer-frauen","status":"publish","type":"page","link":"https:\/\/huntingher.com\/en\/outplacement-karriereberatung-fuer-frauen\/","title":{"rendered":"Outplacement-Karriereberatung f\u00fcr Frauen"},"content":{"rendered":"<div data-elementor-type=\"wp-page\" data-elementor-id=\"3079\" class=\"elementor elementor-3079\" data-elementor-post-type=\"page\">\n\t\t\t\t\t\t<section class=\"elementor-section elementor-top-section elementor-element elementor-element-aded373 elementor-section-boxed elementor-section-height-default elementor-section-height-default\" data-id=\"aded373\" data-element_type=\"section\">\n\t\t\t\t\t\t<div class=\"elementor-container elementor-column-gap-default\">\n\t\t\t\t\t<div class=\"elementor-column elementor-col-100 elementor-top-column elementor-element elementor-element-9b920e2\" data-id=\"9b920e2\" data-element_type=\"column\">\n\t\t\t<div class=\"elementor-widget-wrap elementor-element-populated\">\n\t\t\t\t\t\t<div class=\"elementor-element elementor-element-0dea603 elementor-widget elementor-widget-heading\" data-id=\"0dea603\" data-element_type=\"widget\" data-widget_type=\"heading.default\">\n\t\t\t\t<div class=\"elementor-widget-container\">\n\t\t\t\t\t<h2 class=\"elementor-heading-title elementor-size-default\">Wir stellen vor: #Team_HuntingHer <br><\/h2>\t\t\t\t<\/div>\n\t\t\t\t<\/div>\n\t\t\t\t<div class=\"elementor-element elementor-element-5897bad elementor-widget elementor-widget-heading\" data-id=\"5897bad\" data-element_type=\"widget\" data-widget_type=\"heading.default\">\n\t\t\t\t<div class=\"elementor-widget-container\">\n\t\t\t\t\t<h1 class=\"elementor-heading-title elementor-size-default\">Claudia Blumenthal, ehem. CEO und Expertin f\u00fcr Karriereberatung &amp; Coaching f\u00fcr Frauen in Frankfurt, Stuttgart und M\u00fcnchen<\/h1>\t\t\t\t<\/div>\n\t\t\t\t<\/div>\n\t\t\t\t\t<\/div>\n\t\t<\/div>\n\t\t\t\t\t<\/div>\n\t\t<\/section>\n\t\t\t\t<section class=\"elementor-section elementor-top-section elementor-element elementor-element-7fd676b elementor-section-boxed elementor-section-height-default elementor-section-height-default\" data-id=\"7fd676b\" data-element_type=\"section\">\n\t\t\t\t\t\t<div class=\"elementor-container elementor-column-gap-default\">\n\t\t\t\t\t<div class=\"elementor-column elementor-col-50 elementor-top-column elementor-element elementor-element-94d2730\" data-id=\"94d2730\" data-element_type=\"column\">\n\t\t\t<div class=\"elementor-widget-wrap elementor-element-populated\">\n\t\t\t\t\t\t<div class=\"elementor-element elementor-element-23028e9 elementor-widget elementor-widget-text-editor\" data-id=\"23028e9\" data-element_type=\"widget\" data-widget_type=\"text-editor.default\">\n\t\t\t\t<div class=\"elementor-widget-container\">\n\t\t\t\t\t\t\t\t\t<p><strong>In unsere Reihe #Team_HuntingHer stellen wir nach und nach unsere Kolleginnen und Kollegen samt jeweiliger Expertise vor.\u00a0<\/strong><\/p><p><strong>Diesmal: Claudia Blumenthal, Associate Partnerin bei Hunting\/Her Career-Partners am Standort Frankfurt am Main.\u00a0<\/strong><\/p>\t\t\t\t\t\t\t\t<\/div>\n\t\t\t\t<\/div>\n\t\t\t\t<div class=\"elementor-element elementor-element-17d7936 elementor-widget elementor-widget-text-editor\" data-id=\"17d7936\" data-element_type=\"widget\" data-widget_type=\"text-editor.default\">\n\t\t\t\t<div class=\"elementor-widget-container\">\n\t\t\t\t\t\t\t\t\t<p><strong>Frankfurt am Main \/ Stuttgart \/ M\u00fcnchen. Bereits seit vielen Jahren ber\u00e4t Claudia Blumenthal als Coach Frauen auf allen Ebenen der Karriereentwicklung. Als erfolgreiche Karriereberaterin bei\u00a0<a href=\"https:\/\/higher-her.com\" target=\"_blank\" rel=\"noopener\">HUNTING\/HER Career-Partners \u00ae\u00a0<\/a>arbeitet die ehemalige Top-Mangerin\u00a0mit viel Leidenschaft und einem\u00a0<\/strong><span style=\"color: #000000; font-family: Calibri, sans-serif; font-size: 1rem;\"><strong>riesigen Erfahrungsschatz aus der eigenen erfolgreichen Karriere in der m\u00e4nnerdominierten Finanzbranche.<\/strong> <\/span><\/p><p>Die ehemalige CEO einer Credit Swiss-Tochter arbeitet dabei stets auf den Punkt genau dort, wo die individuelle Herausforderung ihrer Klientin gerade Unterst\u00fctzung ben\u00f6tigt.<\/p><p><span style=\"color: #000000; font-family: Calibri, sans-serif; font-size: 1rem;\"><b>Karriereberatung mit Empathie und Kreativit\u00e4t<\/b><\/span><\/p><p><span style=\"color: #000000; font-family: Calibri, sans-serif; font-size: 1rem;\">Die ehemalige CEO einer Credit Swiss-Tochter arbeitet dabei stets auf den Punkt genau dort, wo die individuelle Herausforderung ihrer jeweiligen Klientin gerade liegt, sei es als Bewerbungs-Coach, NewPlacement- oder Karriereberaterin.\u00a0Dank ihres Einf\u00fchlungsverm\u00f6gens, ihrer Dynamik und ihrer gewinnenden offenen Art schafft es die Frankfurterin, dass Klientinnen immer wieder neue und oft zuvor ungeahnte M\u00f6glichkeiten f\u00fcr ihren weiteren beruflichen Weg entdecken.<\/span><\/p><p><span style=\"color: #000000; font-family: Calibri, sans-serif;\">Ihre eigene Karriere startete die Diplom-Volkswirtin in der Frankfurter Finance-Branche als Trainee im Asset Management und konnte sich als j\u00fcngste weibliche Vertriebsdirektorin schon fr\u00fch einen Namen im Finanzmarkt machen. Nach weiteren Stationen im institutionellen Marketing, dem Ausbau einer deutschen Niederlassung (eines amerikanischen Asset Managers) und fast 10 Jahren in der Gesch\u00e4ftsf\u00fchrung beendete sie 2007 ihre Karriere in internationalen Finanzkonzernen und startete in die Selbst\u00e4ndigkeit, um mit ihrer ganzen Erfahrung und mit viel Herzblut junge Frauen auf ihrem Karriereweg zu begleiten.<\/span><\/p><p><span style=\"color: #000000; font-family: Calibri, sans-serif;\"><b>&#8222;Passion for People and Performance&#8220;<\/b><\/span><\/p><p><span style=\"color: #000000; font-family: Calibri, sans-serif; font-size: 1rem;\">Als erfolgreiche Karriereberaterin und Executive Sparring-Partnerin zeigt die erfahrene\u00a0<\/span><a style=\"font-family: -apple-system, BlinkMacSystemFont, &#039;Segoe UI&#039;, Roboto, &#039;Helvetica Neue&#039;, Arial, &#039;Noto Sans&#039;, sans-serif; font-size: 1rem; background-color: #ffffff;\" href=\"https:\/\/huntingher.com\/en\/outplacement-beratung-fuer-frauen\/\">Outplacement<\/a>-Beraterin<span style=\"color: #000000; font-family: Calibri, sans-serif; font-size: 1rem;\">\u00a0nicht nur viel Empathie, sondern verfolgt dabei auch fokussiert zuvor vereinbarte Performance Ziele.<\/span><\/p><p><span style=\"color: #000000; font-family: Calibri, sans-serif;\">Claudia Blumenthal bringt eine vielschichtige Erfahrung in die Beratung mit ein. Ihre Referenzen umfassen Hunderte von F\u00fchrungskr\u00e4ften auf allen Ebenen und eine Vielzahl von Branchen: Banken &amp; Versicherungen, Telekommunikation, FMCG, Pharma &amp; Healthcare, Automobile, Fashion-Tec, Energie.<\/span><\/p><p><span style=\"color: #000000; font-family: Calibri, sans-serif; font-size: 1rem;\"><b>Zur Person: Claudia Blumenthal\u00a0<\/b><\/span><\/p><p><span style=\"color: #000000; font-family: Calibri, sans-serif;\">Sie ist Diplom-Volkswirtin (Ruprecht-Karls-Universit\u00e4t Heidelberg), zertifizierte Personal Image Coach, lizensierte Knigge Trainerin und spricht Deutsch und Englisch. Die ehemalige Top-Managerin wohnt in Frankfurt am Main und arbeitet ausser in Frankfurt schwerpunktm\u00e4\u00dfig auch in Stuttgart und M\u00fcnchen.<\/span><\/p><p>\u00a0<\/p>\t\t\t\t\t\t\t\t<\/div>\n\t\t\t\t<\/div>\n\t\t\t\t\t<\/div>\n\t\t<\/div>\n\t\t\t\t<div class=\"elementor-column elementor-col-50 elementor-top-column elementor-element elementor-element-fe7e4a2\" data-id=\"fe7e4a2\" data-element_type=\"column\">\n\t\t\t<div class=\"elementor-widget-wrap elementor-element-populated\">\n\t\t\t\t\t\t<div class=\"elementor-element elementor-element-6b66e55 elementor-widget-divider--view-line elementor-widget elementor-widget-divider\" data-id=\"6b66e55\" data-element_type=\"widget\" data-widget_type=\"divider.default\">\n\t\t\t\t<div class=\"elementor-widget-container\">\n\t\t\t\t\t\t\t<div class=\"elementor-divider\">\n\t\t\t<span class=\"elementor-divider-separator\">\n\t\t\t\t\t\t<\/span>\n\t\t<\/div>\n\t\t\t\t\t\t<\/div>\n\t\t\t\t<\/div>\n\t\t\t\t<div class=\"elementor-element elementor-element-e9516c2 elementor-widget elementor-widget-text-editor\" data-id=\"e9516c2\" data-element_type=\"widget\" data-widget_type=\"text-editor.default\">\n\t\t\t\t<div class=\"elementor-widget-container\">\n\t\t\t\t\t\t\t\t\t<p><strong>Kontakt: Regina Lindner<\/strong><\/p><p>Hunting\/Her HR-Partners \u00ae<br \/> global f\u00fchrende Executive Search-Beratung  D\u00fcsseldorf GmbH<\/p><p>Emanuel-Leutze-Strasse 17<br \/>40547, D\u00fcsseldorf, Germany<\/p><p><a href=\"https:\/\/www.google.com\/maps\/place\/51.24454,6.738759999999957\" target=\"_blank\" rel=\"noopener\"><b>View in Google Maps<\/b><\/a><\/p><p>Phone: 0049 211 95 49 8 &#8211; 0<br \/>Mail: gabriele.bauer@huntingher.com<br \/><a href=\"https:\/\/higher-her.com\" target=\"_blank\" rel=\"noopener\">www.huntingher.com<\/a><\/p><p><strong>\u00a0<\/strong><\/p>\t\t\t\t\t\t\t\t<\/div>\n\t\t\t\t<\/div>\n\t\t\t\t<div class=\"elementor-element elementor-element-bc21cee elementor-widget elementor-widget-wp-widget-tag_cloud\" data-id=\"bc21cee\" data-element_type=\"widget\" data-widget_type=\"wp-widget-tag_cloud.default\">\n\t\t\t\t<div class=\"elementor-widget-container\">\n\t\t\t\t\t<h5>Coaching, Outplacement, Karriereberatung, Karriereberatung Frauen, Karriereberatung Frankfurt, Karriereberatung M\u00fcnchen, Karriereberatung Stuttgart, Headhunter Stuttgart, Headhunter M\u00fcnchen, Claudia Blumenthal, HHER, Female Executive Search, Headhunter Vorstand, Executive Search Retail,<\/h5><nav aria-label=\"Coaching, Outplacement, Karriereberatung, Karriereberatung Frauen, Karriereberatung Frankfurt, Karriereberatung M\u00fcnchen, Karriereberatung Stuttgart, Headhunter Stuttgart, Headhunter M\u00fcnchen, Claudia Blumenthal, HHER, Female Executive Search, Headhunter Vorstand, Executive Search Retail,\"><div class=\"tagcloud\"><a href=\"https:\/\/huntingher.com\/en\/tag\/albright-stiftung\/\" class=\"tag-cloud-link tag-link-21 tag-link-position-1\" style=\"font-size: 8pt;\" aria-label=\"Albright Stiftung (1 item)\">Albright Stiftung<\/a>\n<a href=\"https:\/\/huntingher.com\/en\/tag\/anna-hunger\/\" class=\"tag-cloud-link tag-link-161 tag-link-position-2\" style=\"font-size: 10.333333333333pt;\" aria-label=\"Anna Hunger (2 items)\">Anna Hunger<\/a>\n<a href=\"https:\/\/huntingher.com\/en\/tag\/business-coaching\/\" class=\"tag-cloud-link tag-link-35 tag-link-position-3\" style=\"font-size: 10.333333333333pt;\" aria-label=\"Business Coaching (2 items)\">Business Coaching<\/a>\n<a href=\"https:\/\/huntingher.com\/en\/tag\/business-coaching-frauen\/\" class=\"tag-cloud-link tag-link-51 tag-link-position-4\" style=\"font-size: 10.333333333333pt;\" aria-label=\"Business Coaching Frauen (2 items)\">Business Coaching Frauen<\/a>\n<a href=\"https:\/\/huntingher.com\/en\/tag\/coaching-frauen\/\" class=\"tag-cloud-link tag-link-52 tag-link-position-5\" style=\"font-size: 10.333333333333pt;\" aria-label=\"Coaching Frauen (2 items)\">Coaching Frauen<\/a>\n<a href=\"https:\/\/huntingher.com\/en\/tag\/coaching-frauen-frankfurt\/\" class=\"tag-cloud-link tag-link-108 tag-link-position-6\" style=\"font-size: 10.333333333333pt;\" aria-label=\"Coaching Frauen Frankfurt (2 items)\">Coaching Frauen Frankfurt<\/a>\n<a href=\"https:\/\/huntingher.com\/en\/tag\/diversity\/\" class=\"tag-cloud-link tag-link-20 tag-link-position-7\" style=\"font-size: 18.5pt;\" aria-label=\"Diversity (12 items)\">Diversity<\/a>\n<a href=\"https:\/\/huntingher.com\/en\/tag\/diversity-headhunter\/\" class=\"tag-cloud-link tag-link-104 tag-link-position-8\" style=\"font-size: 17.592592592593pt;\" aria-label=\"Diversity Headhunter (10 items)\">Diversity Headhunter<\/a>\n<a href=\"https:\/\/huntingher.com\/en\/tag\/diversity-management\/\" class=\"tag-cloud-link tag-link-62 tag-link-position-9\" style=\"font-size: 11.888888888889pt;\" aria-label=\"Diversity Management (3 items)\">Diversity Management<\/a>\n<a href=\"https:\/\/huntingher.com\/en\/tag\/diversity-recruiting\/\" class=\"tag-cloud-link tag-link-92 tag-link-position-10\" style=\"font-size: 17.592592592593pt;\" aria-label=\"Diversity Recruiting (10 items)\">Diversity Recruiting<\/a>\n<a href=\"https:\/\/huntingher.com\/en\/tag\/dr-wiebke-ankersen\/\" class=\"tag-cloud-link tag-link-25 tag-link-position-11\" style=\"font-size: 8pt;\" aria-label=\"Dr. Wiebke Ankersen (1 item)\">Dr. Wiebke Ankersen<\/a>\n<a href=\"https:\/\/huntingher.com\/en\/tag\/executive-search\/\" class=\"tag-cloud-link tag-link-42 tag-link-position-12\" style=\"font-size: 19.018518518519pt;\" aria-label=\"Executive Search (13 items)\">Executive Search<\/a>\n<a href=\"https:\/\/huntingher.com\/en\/tag\/executive-search-chemie\/\" class=\"tag-cloud-link tag-link-78 tag-link-position-13\" style=\"font-size: 10.333333333333pt;\" aria-label=\"Executive Search Chemie (2 items)\">Executive Search Chemie<\/a>\n<a href=\"https:\/\/huntingher.com\/en\/tag\/executive-search-luxury\/\" class=\"tag-cloud-link tag-link-82 tag-link-position-14\" style=\"font-size: 10.333333333333pt;\" aria-label=\"Executive Search Luxury (2 items)\">Executive Search Luxury<\/a>\n<a href=\"https:\/\/huntingher.com\/en\/tag\/executive-search-versorger\/\" class=\"tag-cloud-link tag-link-84 tag-link-position-15\" style=\"font-size: 10.333333333333pt;\" aria-label=\"Executive Search Versorger (2 items)\">Executive Search Versorger<\/a>\n<a href=\"https:\/\/huntingher.com\/en\/tag\/female-executive-search\/\" class=\"tag-cloud-link tag-link-33 tag-link-position-16\" style=\"font-size: 14.222222222222pt;\" aria-label=\"Female Executive Search (5 items)\">Female Executive Search<\/a>\n<a href=\"https:\/\/huntingher.com\/en\/tag\/fiona-ruff\/\" class=\"tag-cloud-link tag-link-135 tag-link-position-17\" style=\"font-size: 11.888888888889pt;\" aria-label=\"Fiona Ruff (3 items)\">Fiona Ruff<\/a>\n<a href=\"https:\/\/huntingher.com\/en\/tag\/frauen-headhunter\/\" class=\"tag-cloud-link tag-link-32 tag-link-position-18\" style=\"font-size: 17.592592592593pt;\" aria-label=\"Frauen-Headhunter (10 items)\">Frauen-Headhunter<\/a>\n<a href=\"https:\/\/huntingher.com\/en\/tag\/goeteborg\/\" class=\"tag-cloud-link tag-link-138 tag-link-position-19\" style=\"font-size: 10.333333333333pt;\" aria-label=\"G\u00f6teborg (2 items)\">G\u00f6teborg<\/a>\n<a href=\"https:\/\/huntingher.com\/en\/tag\/headhunter\/\" class=\"tag-cloud-link tag-link-27 tag-link-position-20\" style=\"font-size: 20.962962962963pt;\" aria-label=\"headhunter (19 items)\">headhunter<\/a>\n<a href=\"https:\/\/huntingher.com\/en\/tag\/headhunter-diversity\/\" class=\"tag-cloud-link tag-link-68 tag-link-position-21\" style=\"font-size: 15.777777777778pt;\" aria-label=\"Headhunter Diversity (7 items)\">Headhunter Diversity<\/a>\n<a href=\"https:\/\/huntingher.com\/en\/tag\/headhunter-diversity-schweiz\/\" class=\"tag-cloud-link tag-link-93 tag-link-position-22\" style=\"font-size: 10.333333333333pt;\" aria-label=\"Headhunter Diversity Schweiz (2 items)\">Headhunter Diversity Schweiz<\/a>\n<a href=\"https:\/\/huntingher.com\/en\/tag\/headhunter-duesseldorf\/\" class=\"tag-cloud-link tag-link-34 tag-link-position-23\" style=\"font-size: 15.12962962963pt;\" aria-label=\"Headhunter D\u00fcsseldorf (6 items)\">Headhunter D\u00fcsseldorf<\/a>\n<a href=\"https:\/\/huntingher.com\/en\/tag\/headhunter-frankfurt\/\" class=\"tag-cloud-link tag-link-56 tag-link-position-24\" style=\"font-size: 15.12962962963pt;\" aria-label=\"Headhunter Frankfurt (6 items)\">Headhunter Frankfurt<\/a>\n<a href=\"https:\/\/huntingher.com\/en\/tag\/headhunter-frauen\/\" class=\"tag-cloud-link tag-link-57 tag-link-position-25\" style=\"font-size: 18.111111111111pt;\" aria-label=\"Headhunter Frauen (11 items)\">Headhunter Frauen<\/a>\n<a href=\"https:\/\/huntingher.com\/en\/tag\/headhunter-frauen-frankfurt\/\" class=\"tag-cloud-link tag-link-134 tag-link-position-26\" style=\"font-size: 10.333333333333pt;\" aria-label=\"Headhunter Frauen Frankfurt (2 items)\">Headhunter Frauen Frankfurt<\/a>\n<a href=\"https:\/\/huntingher.com\/en\/tag\/headhunter-frauen-stuttgart\/\" class=\"tag-cloud-link tag-link-153 tag-link-position-27\" style=\"font-size: 10.333333333333pt;\" aria-label=\"Headhunter Frauen Stuttgart (2 items)\">Headhunter Frauen Stuttgart<\/a>\n<a href=\"https:\/\/huntingher.com\/en\/tag\/headhunter-fuer-diversity\/\" class=\"tag-cloud-link tag-link-66 tag-link-position-28\" style=\"font-size: 10.333333333333pt;\" aria-label=\"Headhunter f\u00fcr Diversity (2 items)\">Headhunter f\u00fcr Diversity<\/a>\n<a href=\"https:\/\/huntingher.com\/en\/tag\/headhunter-fuer-frauen\/\" class=\"tag-cloud-link tag-link-69 tag-link-position-29\" style=\"font-size: 13.185185185185pt;\" aria-label=\"Headhunter f\u00fcr Frauen (4 items)\">Headhunter f\u00fcr Frauen<\/a>\n<a href=\"https:\/\/huntingher.com\/en\/tag\/headhunter-hamburg\/\" class=\"tag-cloud-link tag-link-70 tag-link-position-30\" style=\"font-size: 10.333333333333pt;\" aria-label=\"Headhunter Hamburg (2 items)\">Headhunter Hamburg<\/a>\n<a href=\"https:\/\/huntingher.com\/en\/tag\/headhunter-mittelstand\/\" class=\"tag-cloud-link tag-link-171 tag-link-position-31\" style=\"font-size: 10.333333333333pt;\" aria-label=\"headhunter mittelstand (2 items)\">headhunter mittelstand<\/a>\n<a href=\"https:\/\/huntingher.com\/en\/tag\/headhunter-stockholm\/\" class=\"tag-cloud-link tag-link-142 tag-link-position-32\" style=\"font-size: 10.333333333333pt;\" aria-label=\"headhunter stockholm (2 items)\">headhunter stockholm<\/a>\n<a href=\"https:\/\/huntingher.com\/en\/tag\/headhunter-zuerich\/\" class=\"tag-cloud-link tag-link-136 tag-link-position-33\" style=\"font-size: 10.333333333333pt;\" aria-label=\"Headhunter Z\u00fcrich (2 items)\">Headhunter Z\u00fcrich<\/a>\n<a href=\"https:\/\/huntingher.com\/en\/tag\/hher\/\" class=\"tag-cloud-link tag-link-90 tag-link-position-34\" style=\"font-size: 13.185185185185pt;\" aria-label=\"HHER (4 items)\">HHER<\/a>\n<a href=\"https:\/\/huntingher.com\/en\/tag\/hunting-her-personalberatung\/\" class=\"tag-cloud-link tag-link-75 tag-link-position-35\" style=\"font-size: 13.185185185185pt;\" aria-label=\"Hunting\/Her Personalberatung (4 items)\">Hunting\/Her Personalberatung<\/a>\n<a href=\"https:\/\/huntingher.com\/en\/tag\/hunting-her\/\" class=\"tag-cloud-link tag-link-23 tag-link-position-36\" style=\"font-size: 22pt;\" aria-label=\"Hunting Her (23 items)\">Hunting Her<\/a>\n<a href=\"https:\/\/huntingher.com\/en\/tag\/huntingher\/\" class=\"tag-cloud-link tag-link-91 tag-link-position-37\" style=\"font-size: 13.185185185185pt;\" aria-label=\"HuntingHer (4 items)\">HuntingHer<\/a>\n<a href=\"https:\/\/huntingher.com\/en\/tag\/karriereberatung\/\" class=\"tag-cloud-link tag-link-58 tag-link-position-38\" style=\"font-size: 10.333333333333pt;\" aria-label=\"Karriereberatung (2 items)\">Career counselling<\/a>\n<a href=\"https:\/\/huntingher.com\/en\/tag\/karriereberatung-frankfurt\/\" class=\"tag-cloud-link tag-link-59 tag-link-position-39\" style=\"font-size: 11.888888888889pt;\" aria-label=\"Karriereberatung Frankfurt (3 items)\">Karriereberatung Frankfurt<\/a>\n<a href=\"https:\/\/huntingher.com\/en\/tag\/malmoe\/\" class=\"tag-cloud-link tag-link-139 tag-link-position-40\" style=\"font-size: 10.333333333333pt;\" aria-label=\"Malm\u00f6 (2 items)\">Malm\u00f6<\/a>\n<a href=\"https:\/\/huntingher.com\/en\/tag\/mixed-leadership\/\" class=\"tag-cloud-link tag-link-22 tag-link-position-41\" style=\"font-size: 10.333333333333pt;\" aria-label=\"Mixed Leadership (2 items)\">Mixed Leadership<\/a>\n<a href=\"https:\/\/huntingher.com\/en\/tag\/newplacement\/\" class=\"tag-cloud-link tag-link-43 tag-link-position-42\" style=\"font-size: 10.333333333333pt;\" aria-label=\"Newplacement (2 items)\">Newplacement<\/a>\n<a href=\"https:\/\/huntingher.com\/en\/tag\/nina-bransch\/\" class=\"tag-cloud-link tag-link-120 tag-link-position-43\" style=\"font-size: 10.333333333333pt;\" aria-label=\"Nina Bransch (2 items)\">Nina Bransch<\/a>\n<a href=\"https:\/\/huntingher.com\/en\/tag\/outplacement\/\" class=\"tag-cloud-link tag-link-44 tag-link-position-44\" style=\"font-size: 11.888888888889pt;\" aria-label=\"Outplacement (3 items)\">Outplacement<\/a>\n<a href=\"https:\/\/huntingher.com\/en\/tag\/personalberatung\/\" class=\"tag-cloud-link tag-link-45 tag-link-position-45\" style=\"font-size: 10.333333333333pt;\" aria-label=\"Personalberatung (2 items)\">Personalberatung<\/a><\/div>\n<\/nav>\t\t\t\t<\/div>\n\t\t\t\t<\/div>\n\t\t\t\t\t<\/div>\n\t\t<\/div>\n\t\t\t\t\t<\/div>\n\t\t<\/section>\n\t\t\t\t<\/div>","protected":false},"excerpt":{"rendered":"<p>Wir stellen vor: #Team_HuntingHer Claudia Blumenthal, ehem. CEO und Expertin f\u00fcr Karriereberatung &amp; Coaching f\u00fcr Frauen in Frankfurt, Stuttgart und M\u00fcnchen In unsere Reihe #Team_HuntingHer stellen wir nach und nach unsere Kolleginnen und Kollegen samt jeweiliger Expertise vor.\u00a0 Diesmal: Claudia Blumenthal, Associate Partnerin bei Hunting\/Her Career-Partners am Standort Frankfurt am Main.\u00a0 Frankfurt am Main \/ [&hellip;]<\/p>\n","protected":false},"author":2,"featured_media":0,"parent":0,"menu_order":0,"comment_status":"closed","ping_status":"closed","template":"elementor_header_footer","meta":{"footnotes":""},"class_list":["post-3079","page","type-page","status-publish","hentry"],"_links":{"self":[{"href":"https:\/\/huntingher.com\/en\/wp-json\/wp\/v2\/pages\/3079","targetHints":{"allow":["GET"]}}],"collection":[{"href":"https:\/\/huntingher.com\/en\/wp-json\/wp\/v2\/pages"}],"about":[{"href":"https:\/\/huntingher.com\/en\/wp-json\/wp\/v2\/types\/page"}],"author":[{"embeddable":true,"href":"https:\/\/huntingher.com\/en\/wp-json\/wp\/v2\/users\/2"}],"replies":[{"embeddable":true,"href":"https:\/\/huntingher.com\/en\/wp-json\/wp\/v2\/comments?post=3079"}],"version-history":[{"count":10,"href":"https:\/\/huntingher.com\/en\/wp-json\/wp\/v2\/pages\/3079\/revisions"}],"predecessor-version":[{"id":3090,"href":"https:\/\/huntingher.com\/en\/wp-json\/wp\/v2\/pages\/3079\/revisions\/3090"}],"wp:attachment":[{"href":"https:\/\/huntingher.com\/en\/wp-json\/wp\/v2\/media?parent=3079"}],"curies":[{"name":"wp","href":"https:\/\/api.w.org\/{rel}","templated":true}]}}