{"id":3042,"date":"2021-05-08T18:09:44","date_gmt":"2021-05-08T16:09:44","guid":{"rendered":"https:\/\/higher-her.com\/?page_id=3042"},"modified":"2025-07-10T10:24:31","modified_gmt":"2025-07-10T08:24:31","slug":"huntingher-diversity-recruiting-headhunting-outplacement","status":"publish","type":"page","link":"https:\/\/huntingher.com\/en\/huntingher-diversity-recruiting-headhunting-outplacement\/","title":{"rendered":"Executive-Search-Personalberatung f\u00fcr Diversity Recruiting"},"content":{"rendered":"<div data-elementor-type=\"wp-page\" data-elementor-id=\"3042\" class=\"elementor elementor-3042\" data-elementor-post-type=\"page\">\n\t\t\t\t\t\t<section class=\"elementor-section elementor-top-section elementor-element elementor-element-aded373 elementor-section-boxed elementor-section-height-default elementor-section-height-default\" data-id=\"aded373\" data-element_type=\"section\">\n\t\t\t\t\t\t<div class=\"elementor-container elementor-column-gap-default\">\n\t\t\t\t\t<div class=\"elementor-column elementor-col-100 elementor-top-column elementor-element elementor-element-9b920e2\" data-id=\"9b920e2\" data-element_type=\"column\">\n\t\t\t<div class=\"elementor-widget-wrap elementor-element-populated\">\n\t\t\t\t\t\t<div class=\"elementor-element elementor-element-0dea603 elementor-widget elementor-widget-heading\" data-id=\"0dea603\" data-element_type=\"widget\" data-widget_type=\"heading.default\">\n\t\t\t\t<div class=\"elementor-widget-container\">\n\t\t\t\t\t<h2 class=\"elementor-heading-title elementor-size-default\">Wir stellen vor: #Team_HuntingHer <br><\/h2>\t\t\t\t<\/div>\n\t\t\t\t<\/div>\n\t\t\t\t<div class=\"elementor-element elementor-element-5897bad elementor-widget elementor-widget-heading\" data-id=\"5897bad\" data-element_type=\"widget\" data-widget_type=\"heading.default\">\n\t\t\t\t<div class=\"elementor-widget-container\">\n\t\t\t\t\t<h1 class=\"elementor-heading-title elementor-size-default\">Regina Lindner, Expertin f\u00fcr Diversity-Recruiting und Female Executive Search (\"Frauen-Headhunting\") <\/h1>\t\t\t\t<\/div>\n\t\t\t\t<\/div>\n\t\t\t\t\t<\/div>\n\t\t<\/div>\n\t\t\t\t\t<\/div>\n\t\t<\/section>\n\t\t\t\t<section class=\"elementor-section elementor-top-section elementor-element elementor-element-7fd676b elementor-section-boxed elementor-section-height-default elementor-section-height-default\" data-id=\"7fd676b\" data-element_type=\"section\">\n\t\t\t\t\t\t<div class=\"elementor-container elementor-column-gap-default\">\n\t\t\t\t\t<div class=\"elementor-column elementor-col-50 elementor-top-column elementor-element elementor-element-94d2730\" data-id=\"94d2730\" data-element_type=\"column\">\n\t\t\t<div class=\"elementor-widget-wrap elementor-element-populated\">\n\t\t\t\t\t\t<div class=\"elementor-element elementor-element-23028e9 elementor-widget elementor-widget-text-editor\" data-id=\"23028e9\" data-element_type=\"widget\" data-widget_type=\"text-editor.default\">\n\t\t\t\t<div class=\"elementor-widget-container\">\n\t\t\t\t\t\t\t\t\t<p><strong>In unsere Reihe #Team_HuntingHer stellen wir nach und nach unsere Kolleginnen und Kollegen samt jeweiliger Expertise vor.\u00a0<\/strong><\/p><p><strong>Diesmal: Regina Lindner, Managing Partnerin bei Hunting\/Her.\u00a0<\/strong><\/p>\t\t\t\t\t\t\t\t<\/div>\n\t\t\t\t<\/div>\n\t\t\t\t<div class=\"elementor-element elementor-element-17d7936 elementor-widget elementor-widget-text-editor\" data-id=\"17d7936\" data-element_type=\"widget\" data-widget_type=\"text-editor.default\">\n\t\t\t\t<div class=\"elementor-widget-container\">\n\t\t\t\t\t\t\t\t\t<p>D\u00fcsseldorf \/ Essen. Regina Lindner bildet als Managing Partnerin zusammen mit Co-Founder Christian B\u00f6hnke die zentrale Achse der <a href=\"https:\/\/higher-her.com\" target=\"_blank\" rel=\"noopener\">HUNTING\/HER Personalberatung<\/a>. Beide kennen sich bereits seit 2003, als die Diplom-\u00d6konomin mit dem Schwerpunkt Personalwirtschaft als Partnerin und sp\u00e4tere Leiterin des Standortes Essen und D\u00fcsseldorf in die MUM-<a href=\"https:\/\/huntingher.com\/en\/outplacement-beratung-fuer-frauen\/\">Outplacement-Beratung<\/a> eintrat.\u00a0<\/p><p>Zuvor begann die gelernte Bankkauffrau ihre Laufbahn bei der fr\u00fcheren Westdeutschen Landesbank und setzte ihre operative Erfahrung im Bereich Finance bei der Vodafone GmbH D\u00fcsseldorf fort.\u00a0\u00a0<\/p><p><b>Von der Outplacement-Beratung zum Female Executive Search<\/b><\/p><p>Seit 2015 fokussiert Regina Lindner sich auf das Thema \u201eGender-Diversity\u201c bei der auf Frauen spezialisierten Personalberatung Hunting\/Her, wo die M\u00fclheimerin zun\u00e4chst den Bereich Outplacement-Beratung, Karrieremanagement und Coaching ausbaute und bis heute verantwortet.<br \/>Wenig sp\u00e4ter erweiterte sich der Aufgabenbereich der heute 54j\u00e4hrigen erneut: Seit 2017 verantwortet Regina Lindner auch die Projekte im Bereich Female Executive Search (\u201eHeadhunting\u201c), der Kernkompetenz des \u201eFrauen-Headhunters\u201c und konnte in mehreren Dutzend erfolgreichen Projekten seither eine Vielzahl von Unternehmen unterschiedlicher Gr\u00f6\u00dfe &#8211; vom KMU bis zum Konzern &#8211;\u00a0 bei der Erreichung ihrer Diversity-Ziele unterst\u00fctzen.\u00a0<\/p><p><b>Diversity Recruiting als Herzensangelegenheit<\/b><\/p><p>Der M\u00fclheimerin liegt besonders am Herzen, die Interessen beider Seiten zusammenzubringen, denn aus langj\u00e4hriger Coaching-Erfahrung kennt sie die verschiedenen Herausforderungen ambitionierter Frauen in ihrem t\u00e4glichen beruflichen Umfeld und sieht auf der anderen Seite die Anstrengungen der Unternehmen, ihre Diversity-Ziele zu erreichen.\u00a0 \u00a0<\/p><p><span style=\"font-family: -apple-system, BlinkMacSystemFont, 'Segoe UI', Roboto, 'Helvetica Neue', Arial, 'Noto Sans', sans-serif; font-size: 1rem;\">Regina Lindner ist au\u00dferdem Zertifizierter Systemischer Coach, zertifizierte Bewerbungs- und Karriereberaterin, Trainerin und spricht Deutsch und Englisch.<\/span><\/p><p>\u00a0<\/p>\t\t\t\t\t\t\t\t<\/div>\n\t\t\t\t<\/div>\n\t\t\t\t\t<\/div>\n\t\t<\/div>\n\t\t\t\t<div class=\"elementor-column elementor-col-50 elementor-top-column elementor-element elementor-element-fe7e4a2\" data-id=\"fe7e4a2\" data-element_type=\"column\">\n\t\t\t<div class=\"elementor-widget-wrap elementor-element-populated\">\n\t\t\t\t\t\t<div class=\"elementor-element elementor-element-4aabbc2 elementor-widget elementor-widget-image\" data-id=\"4aabbc2\" data-element_type=\"widget\" data-widget_type=\"image.default\">\n\t\t\t\t<div class=\"elementor-widget-container\">\n\t\t\t\t\t\t\t\t\t\t\t\t<figure class=\"wp-caption\">\n\t\t\t\t\t\t\t\t\t\t<img fetchpriority=\"high\" decoding=\"async\" width=\"800\" height=\"533\" src=\"https:\/\/huntingher.com\/wp-content\/uploads\/2023\/06\/HuntingHer-Outplacement-Regina-Lindner_01-1280x852.jpg\" class=\"attachment-large size-large wp-image-4712\" alt=\"\" srcset=\"https:\/\/huntingher.com\/wp-content\/uploads\/2023\/06\/HuntingHer-Outplacement-Regina-Lindner_01-1280x852.jpg 1280w, https:\/\/huntingher.com\/wp-content\/uploads\/2023\/06\/HuntingHer-Outplacement-Regina-Lindner_01-320x213.jpg 320w, https:\/\/huntingher.com\/wp-content\/uploads\/2023\/06\/HuntingHer-Outplacement-Regina-Lindner_01-768x511.jpg 768w, https:\/\/huntingher.com\/wp-content\/uploads\/2023\/06\/HuntingHer-Outplacement-Regina-Lindner_01.jpg 1500w\" sizes=\"(max-width: 800px) 100vw, 800px\" \/>\t\t\t\t\t\t\t\t\t\t\t<figcaption class=\"widget-image-caption wp-caption-text\">Regina Lindner, Managing Partnerin der auf Diversity-Recruiting (Headhunting) fokussierten Personalberatung Hunting\/Her.<\/figcaption>\n\t\t\t\t\t\t\t\t\t\t<\/figure>\n\t\t\t\t\t\t\t\t\t<\/div>\n\t\t\t\t<\/div>\n\t\t\t\t<div class=\"elementor-element elementor-element-6b66e55 elementor-widget-divider--view-line elementor-widget elementor-widget-divider\" data-id=\"6b66e55\" data-element_type=\"widget\" data-widget_type=\"divider.default\">\n\t\t\t\t<div class=\"elementor-widget-container\">\n\t\t\t\t\t\t\t<div class=\"elementor-divider\">\n\t\t\t<span class=\"elementor-divider-separator\">\n\t\t\t\t\t\t<\/span>\n\t\t<\/div>\n\t\t\t\t\t\t<\/div>\n\t\t\t\t<\/div>\n\t\t\t\t<div class=\"elementor-element elementor-element-e9516c2 elementor-widget__width-initial elementor-widget elementor-widget-text-editor\" data-id=\"e9516c2\" data-element_type=\"widget\" data-widget_type=\"text-editor.default\">\n\t\t\t\t<div class=\"elementor-widget-container\">\n\t\t\t\t\t\t\t\t\t<p><strong>Kontakt: Regina Lindner<\/strong><\/p><p>Hunting\/Her HR-Partners \u00ae<\/p><p>Emanuel-Leutze-Strasse 17<br \/>40547, D\u00fcsseldorf, Germany<\/p><p><a href=\"https:\/\/www.google.com\/maps\/place\/51.24454,6.738759999999957\" target=\"_blank\" rel=\"noopener\"><b>View in Google Maps<\/b><\/a><\/p><p>Phone: 0049 211 95 49 8 &#8211; 0<br \/>Mail: gabriele.bauer@huntingher.com<br \/><a href=\"https:\/\/higher-her.com\" target=\"_blank\" rel=\"noopener\">www.huntingher.com<\/a><\/p><p><strong>\u00a0<\/strong><\/p>\t\t\t\t\t\t\t\t<\/div>\n\t\t\t\t<\/div>\n\t\t\t\t<div class=\"elementor-element elementor-element-bc21cee elementor-widget elementor-widget-wp-widget-tag_cloud\" data-id=\"bc21cee\" data-element_type=\"widget\" data-widget_type=\"wp-widget-tag_cloud.default\">\n\t\t\t\t<div class=\"elementor-widget-container\">\n\t\t\t\t\t<h5>Executive Search, Headhunter, Headhunter D\u00fcsseldorf, Claudia Ulpts, Personalberater Retail, Hunting\/Her, Team_HuntingHer, Female Executive Search, Headhunter Vorstand, Executive Search Retail,<\/h5><nav aria-label=\"Executive Search, Headhunter, Headhunter D\u00fcsseldorf, Claudia Ulpts, Personalberater Retail, Hunting\/Her, Team_HuntingHer, Female Executive Search, Headhunter Vorstand, Executive Search Retail,\"><div class=\"tagcloud\"><a href=\"https:\/\/huntingher.com\/en\/tag\/albright-stiftung\/\" class=\"tag-cloud-link tag-link-21 tag-link-position-1\" style=\"font-size: 8pt;\" aria-label=\"Albright Stiftung (1 item)\">Albright Stiftung<\/a>\n<a href=\"https:\/\/huntingher.com\/en\/tag\/anna-hunger\/\" class=\"tag-cloud-link tag-link-161 tag-link-position-2\" style=\"font-size: 10.333333333333pt;\" aria-label=\"Anna Hunger (2 items)\">Anna Hunger<\/a>\n<a href=\"https:\/\/huntingher.com\/en\/tag\/business-coaching\/\" class=\"tag-cloud-link tag-link-35 tag-link-position-3\" style=\"font-size: 10.333333333333pt;\" aria-label=\"Business Coaching (2 items)\">Business Coaching<\/a>\n<a href=\"https:\/\/huntingher.com\/en\/tag\/business-coaching-frauen\/\" class=\"tag-cloud-link tag-link-51 tag-link-position-4\" style=\"font-size: 10.333333333333pt;\" aria-label=\"Business Coaching Frauen (2 items)\">Business Coaching Frauen<\/a>\n<a href=\"https:\/\/huntingher.com\/en\/tag\/coaching-frauen\/\" class=\"tag-cloud-link tag-link-52 tag-link-position-5\" style=\"font-size: 10.333333333333pt;\" aria-label=\"Coaching Frauen (2 items)\">Coaching Frauen<\/a>\n<a href=\"https:\/\/huntingher.com\/en\/tag\/coaching-frauen-frankfurt\/\" class=\"tag-cloud-link tag-link-108 tag-link-position-6\" style=\"font-size: 10.333333333333pt;\" aria-label=\"Coaching Frauen Frankfurt (2 items)\">Coaching Frauen Frankfurt<\/a>\n<a href=\"https:\/\/huntingher.com\/en\/tag\/diversity\/\" class=\"tag-cloud-link tag-link-20 tag-link-position-7\" style=\"font-size: 18.5pt;\" aria-label=\"Diversity (12 items)\">Diversity<\/a>\n<a href=\"https:\/\/huntingher.com\/en\/tag\/diversity-headhunter\/\" class=\"tag-cloud-link tag-link-104 tag-link-position-8\" style=\"font-size: 17.592592592593pt;\" aria-label=\"Diversity Headhunter (10 items)\">Diversity Headhunter<\/a>\n<a href=\"https:\/\/huntingher.com\/en\/tag\/diversity-management\/\" class=\"tag-cloud-link tag-link-62 tag-link-position-9\" style=\"font-size: 11.888888888889pt;\" aria-label=\"Diversity Management (3 items)\">Diversity Management<\/a>\n<a href=\"https:\/\/huntingher.com\/en\/tag\/diversity-recruiting\/\" class=\"tag-cloud-link tag-link-92 tag-link-position-10\" style=\"font-size: 17.592592592593pt;\" aria-label=\"Diversity Recruiting (10 items)\">Diversity Recruiting<\/a>\n<a href=\"https:\/\/huntingher.com\/en\/tag\/dr-wiebke-ankersen\/\" class=\"tag-cloud-link tag-link-25 tag-link-position-11\" style=\"font-size: 8pt;\" aria-label=\"Dr. Wiebke Ankersen (1 item)\">Dr. Wiebke Ankersen<\/a>\n<a href=\"https:\/\/huntingher.com\/en\/tag\/executive-search\/\" class=\"tag-cloud-link tag-link-42 tag-link-position-12\" style=\"font-size: 19.018518518519pt;\" aria-label=\"Executive Search (13 items)\">Executive Search<\/a>\n<a href=\"https:\/\/huntingher.com\/en\/tag\/executive-search-chemie\/\" class=\"tag-cloud-link tag-link-78 tag-link-position-13\" style=\"font-size: 10.333333333333pt;\" aria-label=\"Executive Search Chemie (2 items)\">Executive Search Chemie<\/a>\n<a href=\"https:\/\/huntingher.com\/en\/tag\/executive-search-luxury\/\" class=\"tag-cloud-link tag-link-82 tag-link-position-14\" style=\"font-size: 10.333333333333pt;\" aria-label=\"Executive Search Luxury (2 items)\">Executive Search Luxury<\/a>\n<a href=\"https:\/\/huntingher.com\/en\/tag\/executive-search-versorger\/\" class=\"tag-cloud-link tag-link-84 tag-link-position-15\" style=\"font-size: 10.333333333333pt;\" aria-label=\"Executive Search Versorger (2 items)\">Executive Search Versorger<\/a>\n<a href=\"https:\/\/huntingher.com\/en\/tag\/female-executive-search\/\" class=\"tag-cloud-link tag-link-33 tag-link-position-16\" style=\"font-size: 14.222222222222pt;\" aria-label=\"Female Executive Search (5 items)\">Female Executive Search<\/a>\n<a href=\"https:\/\/huntingher.com\/en\/tag\/fiona-ruff\/\" class=\"tag-cloud-link tag-link-135 tag-link-position-17\" style=\"font-size: 11.888888888889pt;\" aria-label=\"Fiona Ruff (3 items)\">Fiona Ruff<\/a>\n<a href=\"https:\/\/huntingher.com\/en\/tag\/frauen-headhunter\/\" class=\"tag-cloud-link tag-link-32 tag-link-position-18\" style=\"font-size: 17.592592592593pt;\" aria-label=\"Frauen-Headhunter (10 items)\">Frauen-Headhunter<\/a>\n<a href=\"https:\/\/huntingher.com\/en\/tag\/goeteborg\/\" class=\"tag-cloud-link tag-link-138 tag-link-position-19\" style=\"font-size: 10.333333333333pt;\" aria-label=\"G\u00f6teborg (2 items)\">G\u00f6teborg<\/a>\n<a href=\"https:\/\/huntingher.com\/en\/tag\/headhunter\/\" class=\"tag-cloud-link tag-link-27 tag-link-position-20\" style=\"font-size: 20.962962962963pt;\" aria-label=\"headhunter (19 items)\">headhunter<\/a>\n<a href=\"https:\/\/huntingher.com\/en\/tag\/headhunter-diversity\/\" class=\"tag-cloud-link tag-link-68 tag-link-position-21\" style=\"font-size: 15.777777777778pt;\" aria-label=\"Headhunter Diversity (7 items)\">Headhunter Diversity<\/a>\n<a href=\"https:\/\/huntingher.com\/en\/tag\/headhunter-diversity-schweiz\/\" class=\"tag-cloud-link tag-link-93 tag-link-position-22\" style=\"font-size: 10.333333333333pt;\" aria-label=\"Headhunter Diversity Schweiz (2 items)\">Headhunter Diversity Schweiz<\/a>\n<a href=\"https:\/\/huntingher.com\/en\/tag\/headhunter-duesseldorf\/\" class=\"tag-cloud-link tag-link-34 tag-link-position-23\" style=\"font-size: 15.12962962963pt;\" aria-label=\"Headhunter D\u00fcsseldorf (6 items)\">Headhunter D\u00fcsseldorf<\/a>\n<a href=\"https:\/\/huntingher.com\/en\/tag\/headhunter-frankfurt\/\" class=\"tag-cloud-link tag-link-56 tag-link-position-24\" style=\"font-size: 15.12962962963pt;\" aria-label=\"Headhunter Frankfurt (6 items)\">Headhunter Frankfurt<\/a>\n<a href=\"https:\/\/huntingher.com\/en\/tag\/headhunter-frauen\/\" class=\"tag-cloud-link tag-link-57 tag-link-position-25\" style=\"font-size: 18.111111111111pt;\" aria-label=\"Headhunter Frauen (11 items)\">Headhunter Frauen<\/a>\n<a href=\"https:\/\/huntingher.com\/en\/tag\/headhunter-frauen-frankfurt\/\" class=\"tag-cloud-link tag-link-134 tag-link-position-26\" style=\"font-size: 10.333333333333pt;\" aria-label=\"Headhunter Frauen Frankfurt (2 items)\">Headhunter Frauen Frankfurt<\/a>\n<a href=\"https:\/\/huntingher.com\/en\/tag\/headhunter-frauen-stuttgart\/\" class=\"tag-cloud-link tag-link-153 tag-link-position-27\" style=\"font-size: 10.333333333333pt;\" aria-label=\"Headhunter Frauen Stuttgart (2 items)\">Headhunter Frauen Stuttgart<\/a>\n<a href=\"https:\/\/huntingher.com\/en\/tag\/headhunter-fuer-diversity\/\" class=\"tag-cloud-link tag-link-66 tag-link-position-28\" style=\"font-size: 10.333333333333pt;\" aria-label=\"Headhunter f\u00fcr Diversity (2 items)\">Headhunter f\u00fcr Diversity<\/a>\n<a href=\"https:\/\/huntingher.com\/en\/tag\/headhunter-fuer-frauen\/\" class=\"tag-cloud-link tag-link-69 tag-link-position-29\" style=\"font-size: 13.185185185185pt;\" aria-label=\"Headhunter f\u00fcr Frauen (4 items)\">Headhunter f\u00fcr Frauen<\/a>\n<a href=\"https:\/\/huntingher.com\/en\/tag\/headhunter-hamburg\/\" class=\"tag-cloud-link tag-link-70 tag-link-position-30\" style=\"font-size: 10.333333333333pt;\" aria-label=\"Headhunter Hamburg (2 items)\">Headhunter Hamburg<\/a>\n<a href=\"https:\/\/huntingher.com\/en\/tag\/headhunter-mittelstand\/\" class=\"tag-cloud-link tag-link-171 tag-link-position-31\" style=\"font-size: 10.333333333333pt;\" aria-label=\"headhunter mittelstand (2 items)\">headhunter mittelstand<\/a>\n<a href=\"https:\/\/huntingher.com\/en\/tag\/headhunter-stockholm\/\" class=\"tag-cloud-link tag-link-142 tag-link-position-32\" style=\"font-size: 10.333333333333pt;\" aria-label=\"headhunter stockholm (2 items)\">headhunter stockholm<\/a>\n<a href=\"https:\/\/huntingher.com\/en\/tag\/headhunter-zuerich\/\" class=\"tag-cloud-link tag-link-136 tag-link-position-33\" style=\"font-size: 10.333333333333pt;\" aria-label=\"Headhunter Z\u00fcrich (2 items)\">Headhunter Z\u00fcrich<\/a>\n<a href=\"https:\/\/huntingher.com\/en\/tag\/hher\/\" class=\"tag-cloud-link tag-link-90 tag-link-position-34\" style=\"font-size: 13.185185185185pt;\" aria-label=\"HHER (4 items)\">HHER<\/a>\n<a href=\"https:\/\/huntingher.com\/en\/tag\/hunting-her-personalberatung\/\" class=\"tag-cloud-link tag-link-75 tag-link-position-35\" style=\"font-size: 13.185185185185pt;\" aria-label=\"Hunting\/Her Personalberatung (4 items)\">Hunting\/Her Personalberatung<\/a>\n<a href=\"https:\/\/huntingher.com\/en\/tag\/hunting-her\/\" class=\"tag-cloud-link tag-link-23 tag-link-position-36\" style=\"font-size: 22pt;\" aria-label=\"Hunting Her (23 items)\">Hunting Her<\/a>\n<a href=\"https:\/\/huntingher.com\/en\/tag\/huntingher\/\" class=\"tag-cloud-link tag-link-91 tag-link-position-37\" style=\"font-size: 13.185185185185pt;\" aria-label=\"HuntingHer (4 items)\">HuntingHer<\/a>\n<a href=\"https:\/\/huntingher.com\/en\/tag\/karriereberatung\/\" class=\"tag-cloud-link tag-link-58 tag-link-position-38\" style=\"font-size: 10.333333333333pt;\" aria-label=\"Karriereberatung (2 items)\">Career counselling<\/a>\n<a href=\"https:\/\/huntingher.com\/en\/tag\/karriereberatung-frankfurt\/\" class=\"tag-cloud-link tag-link-59 tag-link-position-39\" style=\"font-size: 11.888888888889pt;\" aria-label=\"Karriereberatung Frankfurt (3 items)\">Karriereberatung Frankfurt<\/a>\n<a href=\"https:\/\/huntingher.com\/en\/tag\/malmoe\/\" class=\"tag-cloud-link tag-link-139 tag-link-position-40\" style=\"font-size: 10.333333333333pt;\" aria-label=\"Malm\u00f6 (2 items)\">Malm\u00f6<\/a>\n<a href=\"https:\/\/huntingher.com\/en\/tag\/mixed-leadership\/\" class=\"tag-cloud-link tag-link-22 tag-link-position-41\" style=\"font-size: 10.333333333333pt;\" aria-label=\"Mixed Leadership (2 items)\">Mixed Leadership<\/a>\n<a href=\"https:\/\/huntingher.com\/en\/tag\/newplacement\/\" class=\"tag-cloud-link tag-link-43 tag-link-position-42\" style=\"font-size: 10.333333333333pt;\" aria-label=\"Newplacement (2 items)\">Newplacement<\/a>\n<a href=\"https:\/\/huntingher.com\/en\/tag\/nina-bransch\/\" class=\"tag-cloud-link tag-link-120 tag-link-position-43\" style=\"font-size: 10.333333333333pt;\" aria-label=\"Nina Bransch (2 items)\">Nina Bransch<\/a>\n<a href=\"https:\/\/huntingher.com\/en\/tag\/outplacement\/\" class=\"tag-cloud-link tag-link-44 tag-link-position-44\" style=\"font-size: 11.888888888889pt;\" aria-label=\"Outplacement (3 items)\">Outplacement<\/a>\n<a href=\"https:\/\/huntingher.com\/en\/tag\/personalberatung\/\" class=\"tag-cloud-link tag-link-45 tag-link-position-45\" style=\"font-size: 10.333333333333pt;\" aria-label=\"Personalberatung (2 items)\">Personalberatung<\/a><\/div>\n<\/nav>\t\t\t\t<\/div>\n\t\t\t\t<\/div>\n\t\t\t\t\t<\/div>\n\t\t<\/div>\n\t\t\t\t\t<\/div>\n\t\t<\/section>\n\t\t\t\t<\/div>","protected":false},"excerpt":{"rendered":"<p>Wir stellen vor: #Team_HuntingHer Regina Lindner, Expertin f\u00fcr Diversity-Recruiting und Female Executive Search (&#8222;Frauen-Headhunting&#8220;) In unsere Reihe #Team_HuntingHer stellen wir nach und nach unsere Kolleginnen und Kollegen samt jeweiliger Expertise vor.\u00a0 Diesmal: Regina Lindner, Managing Partnerin bei Hunting\/Her.\u00a0 D\u00fcsseldorf \/ Essen. Regina Lindner bildet als Managing Partnerin zusammen mit Co-Founder Christian B\u00f6hnke die zentrale Achse [&hellip;]<\/p>\n","protected":false},"author":3,"featured_media":0,"parent":0,"menu_order":0,"comment_status":"closed","ping_status":"closed","template":"elementor_header_footer","meta":{"footnotes":""},"class_list":["post-3042","page","type-page","status-publish","hentry"],"_links":{"self":[{"href":"https:\/\/huntingher.com\/en\/wp-json\/wp\/v2\/pages\/3042","targetHints":{"allow":["GET"]}}],"collection":[{"href":"https:\/\/huntingher.com\/en\/wp-json\/wp\/v2\/pages"}],"about":[{"href":"https:\/\/huntingher.com\/en\/wp-json\/wp\/v2\/types\/page"}],"author":[{"embeddable":true,"href":"https:\/\/huntingher.com\/en\/wp-json\/wp\/v2\/users\/3"}],"replies":[{"embeddable":true,"href":"https:\/\/huntingher.com\/en\/wp-json\/wp\/v2\/comments?post=3042"}],"version-history":[{"count":19,"href":"https:\/\/huntingher.com\/en\/wp-json\/wp\/v2\/pages\/3042\/revisions"}],"predecessor-version":[{"id":5461,"href":"https:\/\/huntingher.com\/en\/wp-json\/wp\/v2\/pages\/3042\/revisions\/5461"}],"wp:attachment":[{"href":"https:\/\/huntingher.com\/en\/wp-json\/wp\/v2\/media?parent=3042"}],"curies":[{"name":"wp","href":"https:\/\/api.w.org\/{rel}","templated":true}]}}