{"id":3034,"date":"2021-05-07T07:53:03","date_gmt":"2021-05-07T05:53:03","guid":{"rendered":"https:\/\/higher-her.com\/?page_id=3034"},"modified":"2021-05-10T11:51:53","modified_gmt":"2021-05-10T09:51:53","slug":"executive-search-headhunter-handel-fashion-luxury-chemie","status":"publish","type":"page","link":"https:\/\/huntingher.com\/en\/executive-search-headhunter-handel-fashion-luxury-chemie\/","title":{"rendered":"Executive-Search-Personalberater D\u00fcsseldorf-K\u00f6ln"},"content":{"rendered":"<div data-elementor-type=\"wp-page\" data-elementor-id=\"3034\" class=\"elementor elementor-3034\" data-elementor-post-type=\"page\">\n\t\t\t\t\t\t<section class=\"elementor-section elementor-top-section elementor-element elementor-element-aded373 elementor-section-boxed elementor-section-height-default elementor-section-height-default\" data-id=\"aded373\" data-element_type=\"section\">\n\t\t\t\t\t\t<div class=\"elementor-container elementor-column-gap-default\">\n\t\t\t\t\t<div class=\"elementor-column elementor-col-100 elementor-top-column elementor-element elementor-element-9b920e2\" data-id=\"9b920e2\" data-element_type=\"column\">\n\t\t\t<div class=\"elementor-widget-wrap elementor-element-populated\">\n\t\t\t\t\t\t<div class=\"elementor-element elementor-element-0dea603 elementor-widget elementor-widget-heading\" data-id=\"0dea603\" data-element_type=\"widget\" data-widget_type=\"heading.default\">\n\t\t\t\t<div class=\"elementor-widget-container\">\n\t\t\t\t\t<h2 class=\"elementor-heading-title elementor-size-default\">Wir stellen vor: #Team_HuntingHer <br><\/h2>\t\t\t\t<\/div>\n\t\t\t\t<\/div>\n\t\t\t\t<div class=\"elementor-element elementor-element-5897bad elementor-widget elementor-widget-heading\" data-id=\"5897bad\" data-element_type=\"widget\" data-widget_type=\"heading.default\">\n\t\t\t\t<div class=\"elementor-widget-container\">\n\t\t\t\t\t<h1 class=\"elementor-heading-title elementor-size-default\">Claudia Ulpts, Executive Search-Expertin mit der Erfahrung aus \n&gt;300 erfolgreich besetzten Management-Positionen in Handel, Industrie, Maschinenbau, Versorger, Fashion und Luxury <\/h1>\t\t\t\t<\/div>\n\t\t\t\t<\/div>\n\t\t\t\t\t<\/div>\n\t\t<\/div>\n\t\t\t\t\t<\/div>\n\t\t<\/section>\n\t\t\t\t<section class=\"elementor-section elementor-top-section elementor-element elementor-element-7fd676b elementor-section-boxed elementor-section-height-default elementor-section-height-default\" data-id=\"7fd676b\" data-element_type=\"section\">\n\t\t\t\t\t\t<div class=\"elementor-container elementor-column-gap-default\">\n\t\t\t\t\t<div class=\"elementor-column elementor-col-50 elementor-top-column elementor-element elementor-element-94d2730\" data-id=\"94d2730\" data-element_type=\"column\">\n\t\t\t<div class=\"elementor-widget-wrap elementor-element-populated\">\n\t\t\t\t\t\t<div class=\"elementor-element elementor-element-23028e9 elementor-widget elementor-widget-text-editor\" data-id=\"23028e9\" data-element_type=\"widget\" data-widget_type=\"text-editor.default\">\n\t\t\t\t<div class=\"elementor-widget-container\">\n\t\t\t\t\t\t\t\t\t<p><span style=\"font-weight: bold;\">\u00a0<\/span><\/p><p><span style=\"font-weight: bold; font-family: -apple-system, BlinkMacSystemFont, 'Segoe UI', Roboto, 'Helvetica Neue', Arial, 'Noto Sans', sans-serif; font-size: 1rem;\">In unsere Reihe #Team_HuntingHer stellen wir nach und nach unsere Kolleginnen und Kollegen samt jeweiliger Expertise vor. Diesmal: Claudia Ulpts, Executive Search-Beraterin bei SC-Hunting\/Her am Standort D\u00fcsseldorf.\u00a0<\/span><\/p>\t\t\t\t\t\t\t\t<\/div>\n\t\t\t\t<\/div>\n\t\t\t\t<div class=\"elementor-element elementor-element-17d7936 elementor-widget elementor-widget-text-editor\" data-id=\"17d7936\" data-element_type=\"widget\" data-widget_type=\"text-editor.default\">\n\t\t\t\t<div class=\"elementor-widget-container\">\n\t\t\t\t\t\t\t\t\t<p><em>D\u00fcsseldorf.&nbsp;Claudia Ulpts verf\u00fcgt \u00fcber mehr als 35 Jahre Gesch\u00e4ftserfahrung auf Managementebene und&nbsp;blickt auf 15 operative Jahre in Managementpositionen in national und international agierenden Unternehmen im Bereich Fashion und Luxury Goods zur\u00fcck.<\/em><\/p>\n<p>Seit 22 Jahren betreut Claudia Ulpts als Personalberaterin erfolgreich Unternehmen des gehobenen deutschen Mittelstands und global agierende Konzerne, u.a. in Handel, Industrie, Maschinenbau, Versorger, Fashion und Luxury.<\/p>\n<p>Mehr als 300 F\u00fchrungskr\u00e4fte wurden durch die erfahrene Personalberaterin dabei in neue herausfordernde Managementpositionen gef\u00fchrt.<\/p>\n<p><strong>Headhunting-Erfahrung aus mehr als 300 erfolgreichen Top-Besetzungen&nbsp;&nbsp;<\/strong><\/p>\n<p>Besetzungen auf C-Level und Gesch\u00e4ftsf\u00fchrerebene, f\u00fcr Positionen auf Entscheidungsebene und im gehobenen Management machen sie zu einer gesuchten Gespr\u00e4chspartnerin f\u00fcr Ver\u00e4nderungen und Optimierung zuk\u00fcnftiger personeller Ausrichtung der Unternehmen.<\/p>\n<p>Sowohl mit ihrem eigenen Beratungsunternehmen und sp\u00e4ter als Partner bei Dr. Rochus Mummert und Managing Partner bei PMCI International ist Claudia Ulpts nun seit etlichen Jahren als Partnerin im Hause  global f\u00fchrende Executive Search-Beratung  vom B\u00fcro in D\u00fcsseldorf aus mit dem Schwerpunkt Handel, Maschinenbau, Chemie,&nbsp; Dienstleistungen f\u00fcr nationale und international agierende Unternehmen t\u00e4tig.<\/p>\n<p>Ein hohes Verst\u00e4ndnis f\u00fcr unterschiedliche Unternehmenskulturen sowie f\u00fcr die wesentlichen Bed\u00fcrfnisse von Kunden und Kandidat:innen zeichnet sie aus.<\/p>\n<p><strong>Cultural fit als Schl\u00fcsselfaktor im Executive Search<\/strong><\/p>\n<p>Ihr Credo sieht den Cultural Fit als den wesentlichen Schl\u00fcsselfaktor f\u00fcr eine erfolgreiche Besetzung mit einem nachhaltigen Nutzen.<\/p>\n<p>\u201eDiversity und Inclusion war immer schon ein wichtiger Aspekt bei  global f\u00fchrende Executive Search-Beratung  International und wird nun mit <a href=\"https:\/\/higher-her.com\" target=\"_blank\" rel=\"noopener\">Hunting\/Her HR-Partners<\/a> noch einmal massiv erg\u00e4nzt um die Aufgabe und Bef\u00e4higung weibliche F\u00fchrungskr\u00e4fte gezielt in Unternehmen zu holen.&#8220;&nbsp;<br><span style=\"font-family: -apple-system, BlinkMacSystemFont, 'Segoe UI', Roboto, 'Helvetica Neue', Arial, 'Noto Sans', sans-serif; font-size: 1rem;\"><br>Claudia Ulpts ist Diplom Betriebswirtin, (Studium an der FH M\u00fcnster), flie\u00dfend in Deutsch und Englisch.<\/span><\/p>\n<p><\/p>\t\t\t\t\t\t\t\t<\/div>\n\t\t\t\t<\/div>\n\t\t\t\t\t<\/div>\n\t\t<\/div>\n\t\t\t\t<div class=\"elementor-column elementor-col-50 elementor-top-column elementor-element elementor-element-fe7e4a2\" data-id=\"fe7e4a2\" data-element_type=\"column\">\n\t\t\t<div class=\"elementor-widget-wrap elementor-element-populated\">\n\t\t\t\t\t\t<div class=\"elementor-element elementor-element-4aabbc2 elementor-widget elementor-widget-image\" data-id=\"4aabbc2\" data-element_type=\"widget\" data-widget_type=\"image.default\">\n\t\t\t\t<div class=\"elementor-widget-container\">\n\t\t\t\t\t\t\t\t\t\t\t\t<figure class=\"wp-caption\">\n\t\t\t\t\t\t\t\t\t\t<img decoding=\"async\" src=\"https:\/\/huntingher.com\/wp-content\/uploads\/2021\/05\/ClaudiaUlpts-Executive-Search-Retail-Board-scaled.jpg\" title=\"\" alt=\"\" loading=\"lazy\" \/>\t\t\t\t\t\t\t\t\t\t\t<figcaption class=\"widget-image-caption wp-caption-text\">Claudia Ulpts, Executive-Search Expertin f\u00fcr Board, Handel, Fashion, Luxury mit Sitz in D\u00fcsseldorf<\/figcaption>\n\t\t\t\t\t\t\t\t\t\t<\/figure>\n\t\t\t\t\t\t\t\t\t<\/div>\n\t\t\t\t<\/div>\n\t\t\t\t<div class=\"elementor-element elementor-element-6b66e55 elementor-widget-divider--view-line elementor-widget elementor-widget-divider\" data-id=\"6b66e55\" data-element_type=\"widget\" data-widget_type=\"divider.default\">\n\t\t\t\t<div class=\"elementor-widget-container\">\n\t\t\t\t\t\t\t<div class=\"elementor-divider\">\n\t\t\t<span class=\"elementor-divider-separator\">\n\t\t\t\t\t\t<\/span>\n\t\t<\/div>\n\t\t\t\t\t\t<\/div>\n\t\t\t\t<\/div>\n\t\t\t\t<div class=\"elementor-element elementor-element-e9516c2 elementor-widget elementor-widget-text-editor\" data-id=\"e9516c2\" data-element_type=\"widget\" data-widget_type=\"text-editor.default\">\n\t\t\t\t<div class=\"elementor-widget-container\">\n\t\t\t\t\t\t\t\t\t<p><strong>Kontakt: Claudia Ulpts<\/strong><\/p><p>Hunting\/Her HR-Partners \u00ae<br \/> global f\u00fchrende Executive Search-Beratung  D\u00fcsseldorf GmbH<\/p><p>Emanuel-Leutze-Strasse 17<br \/>40547, D\u00fcsseldorf, Germany<\/p><p><a href=\"https:\/\/www.google.com\/maps\/place\/51.24454,6.738759999999957\" target=\"_blank\" rel=\"noopener\"><b>View in Google Maps<\/b><\/a><\/p><p>Phone: 0049 211 95 49 8 &#8211; 0<br \/>Mail: gabriele.bauer@huntingher.com<br \/><a href=\"https:\/\/higher-her.com\" target=\"_blank\" rel=\"noopener\">www.huntingher.com<\/a><\/p><p><strong>\u00a0<\/strong><\/p>\t\t\t\t\t\t\t\t<\/div>\n\t\t\t\t<\/div>\n\t\t\t\t<div class=\"elementor-element elementor-element-bc21cee elementor-widget elementor-widget-wp-widget-tag_cloud\" data-id=\"bc21cee\" data-element_type=\"widget\" data-widget_type=\"wp-widget-tag_cloud.default\">\n\t\t\t\t<div class=\"elementor-widget-container\">\n\t\t\t\t\t<h5>Executive Search, Headhunter, Headhunter D\u00fcsseldorf, Claudia Ulpts, Personalberater Retail, Hunting\/Her, Team_HuntingHer, Female Executive Search, Headhunter Vorstand, Executive Search Retail,<\/h5><nav aria-label=\"Executive Search, Headhunter, Headhunter D\u00fcsseldorf, Claudia Ulpts, Personalberater Retail, Hunting\/Her, Team_HuntingHer, Female Executive Search, Headhunter Vorstand, Executive Search Retail,\"><div class=\"tagcloud\"><a href=\"https:\/\/huntingher.com\/en\/tag\/albright-stiftung\/\" class=\"tag-cloud-link tag-link-21 tag-link-position-1\" style=\"font-size: 8pt;\" aria-label=\"Albright Stiftung (1 item)\">Albright Stiftung<\/a>\n<a href=\"https:\/\/huntingher.com\/en\/tag\/anna-hunger\/\" class=\"tag-cloud-link tag-link-161 tag-link-position-2\" style=\"font-size: 10.333333333333pt;\" aria-label=\"Anna Hunger (2 items)\">Anna Hunger<\/a>\n<a href=\"https:\/\/huntingher.com\/en\/tag\/business-coaching\/\" class=\"tag-cloud-link tag-link-35 tag-link-position-3\" style=\"font-size: 10.333333333333pt;\" aria-label=\"Business Coaching (2 items)\">Business Coaching<\/a>\n<a href=\"https:\/\/huntingher.com\/en\/tag\/business-coaching-frauen\/\" class=\"tag-cloud-link tag-link-51 tag-link-position-4\" style=\"font-size: 10.333333333333pt;\" aria-label=\"Business Coaching Frauen (2 items)\">Business Coaching Frauen<\/a>\n<a href=\"https:\/\/huntingher.com\/en\/tag\/coaching-frauen\/\" class=\"tag-cloud-link tag-link-52 tag-link-position-5\" style=\"font-size: 10.333333333333pt;\" aria-label=\"Coaching Frauen (2 items)\">Coaching Frauen<\/a>\n<a href=\"https:\/\/huntingher.com\/en\/tag\/coaching-frauen-frankfurt\/\" class=\"tag-cloud-link tag-link-108 tag-link-position-6\" style=\"font-size: 10.333333333333pt;\" aria-label=\"Coaching Frauen Frankfurt (2 items)\">Coaching Frauen Frankfurt<\/a>\n<a href=\"https:\/\/huntingher.com\/en\/tag\/diversity\/\" class=\"tag-cloud-link tag-link-20 tag-link-position-7\" style=\"font-size: 18.5pt;\" aria-label=\"Diversity (12 items)\">Diversity<\/a>\n<a href=\"https:\/\/huntingher.com\/en\/tag\/diversity-headhunter\/\" class=\"tag-cloud-link tag-link-104 tag-link-position-8\" style=\"font-size: 17.592592592593pt;\" aria-label=\"Diversity Headhunter (10 items)\">Diversity Headhunter<\/a>\n<a href=\"https:\/\/huntingher.com\/en\/tag\/diversity-management\/\" class=\"tag-cloud-link tag-link-62 tag-link-position-9\" style=\"font-size: 11.888888888889pt;\" aria-label=\"Diversity Management (3 items)\">Diversity Management<\/a>\n<a href=\"https:\/\/huntingher.com\/en\/tag\/diversity-recruiting\/\" class=\"tag-cloud-link tag-link-92 tag-link-position-10\" style=\"font-size: 17.592592592593pt;\" aria-label=\"Diversity Recruiting (10 items)\">Diversity Recruiting<\/a>\n<a href=\"https:\/\/huntingher.com\/en\/tag\/dr-wiebke-ankersen\/\" class=\"tag-cloud-link tag-link-25 tag-link-position-11\" style=\"font-size: 8pt;\" aria-label=\"Dr. Wiebke Ankersen (1 item)\">Dr. Wiebke Ankersen<\/a>\n<a href=\"https:\/\/huntingher.com\/en\/tag\/executive-search\/\" class=\"tag-cloud-link tag-link-42 tag-link-position-12\" style=\"font-size: 19.018518518519pt;\" aria-label=\"Executive Search (13 items)\">Executive Search<\/a>\n<a href=\"https:\/\/huntingher.com\/en\/tag\/executive-search-chemie\/\" class=\"tag-cloud-link tag-link-78 tag-link-position-13\" style=\"font-size: 10.333333333333pt;\" aria-label=\"Executive Search Chemie (2 items)\">Executive Search Chemie<\/a>\n<a href=\"https:\/\/huntingher.com\/en\/tag\/executive-search-luxury\/\" class=\"tag-cloud-link tag-link-82 tag-link-position-14\" style=\"font-size: 10.333333333333pt;\" aria-label=\"Executive Search Luxury (2 items)\">Executive Search Luxury<\/a>\n<a href=\"https:\/\/huntingher.com\/en\/tag\/executive-search-versorger\/\" class=\"tag-cloud-link tag-link-84 tag-link-position-15\" style=\"font-size: 10.333333333333pt;\" aria-label=\"Executive Search Versorger (2 items)\">Executive Search Versorger<\/a>\n<a href=\"https:\/\/huntingher.com\/en\/tag\/female-executive-search\/\" class=\"tag-cloud-link tag-link-33 tag-link-position-16\" style=\"font-size: 14.222222222222pt;\" aria-label=\"Female Executive Search (5 items)\">Female Executive Search<\/a>\n<a href=\"https:\/\/huntingher.com\/en\/tag\/fiona-ruff\/\" class=\"tag-cloud-link tag-link-135 tag-link-position-17\" style=\"font-size: 11.888888888889pt;\" aria-label=\"Fiona Ruff (3 items)\">Fiona Ruff<\/a>\n<a href=\"https:\/\/huntingher.com\/en\/tag\/frauen-headhunter\/\" class=\"tag-cloud-link tag-link-32 tag-link-position-18\" style=\"font-size: 17.592592592593pt;\" aria-label=\"Frauen-Headhunter (10 items)\">Frauen-Headhunter<\/a>\n<a href=\"https:\/\/huntingher.com\/en\/tag\/goeteborg\/\" class=\"tag-cloud-link tag-link-138 tag-link-position-19\" style=\"font-size: 10.333333333333pt;\" aria-label=\"G\u00f6teborg (2 items)\">G\u00f6teborg<\/a>\n<a href=\"https:\/\/huntingher.com\/en\/tag\/headhunter\/\" class=\"tag-cloud-link tag-link-27 tag-link-position-20\" style=\"font-size: 20.962962962963pt;\" aria-label=\"headhunter (19 items)\">headhunter<\/a>\n<a href=\"https:\/\/huntingher.com\/en\/tag\/headhunter-diversity\/\" class=\"tag-cloud-link tag-link-68 tag-link-position-21\" style=\"font-size: 15.777777777778pt;\" aria-label=\"Headhunter Diversity (7 items)\">Headhunter Diversity<\/a>\n<a href=\"https:\/\/huntingher.com\/en\/tag\/headhunter-diversity-schweiz\/\" class=\"tag-cloud-link tag-link-93 tag-link-position-22\" style=\"font-size: 10.333333333333pt;\" aria-label=\"Headhunter Diversity Schweiz (2 items)\">Headhunter Diversity Schweiz<\/a>\n<a href=\"https:\/\/huntingher.com\/en\/tag\/headhunter-duesseldorf\/\" class=\"tag-cloud-link tag-link-34 tag-link-position-23\" style=\"font-size: 15.12962962963pt;\" aria-label=\"Headhunter D\u00fcsseldorf (6 items)\">Headhunter D\u00fcsseldorf<\/a>\n<a href=\"https:\/\/huntingher.com\/en\/tag\/headhunter-frankfurt\/\" class=\"tag-cloud-link tag-link-56 tag-link-position-24\" style=\"font-size: 15.12962962963pt;\" aria-label=\"Headhunter Frankfurt (6 items)\">Headhunter Frankfurt<\/a>\n<a href=\"https:\/\/huntingher.com\/en\/tag\/headhunter-frauen\/\" class=\"tag-cloud-link tag-link-57 tag-link-position-25\" style=\"font-size: 18.111111111111pt;\" aria-label=\"Headhunter Frauen (11 items)\">Headhunter Frauen<\/a>\n<a href=\"https:\/\/huntingher.com\/en\/tag\/headhunter-frauen-frankfurt\/\" class=\"tag-cloud-link tag-link-134 tag-link-position-26\" style=\"font-size: 10.333333333333pt;\" aria-label=\"Headhunter Frauen Frankfurt (2 items)\">Headhunter Frauen Frankfurt<\/a>\n<a href=\"https:\/\/huntingher.com\/en\/tag\/headhunter-frauen-stuttgart\/\" class=\"tag-cloud-link tag-link-153 tag-link-position-27\" style=\"font-size: 10.333333333333pt;\" aria-label=\"Headhunter Frauen Stuttgart (2 items)\">Headhunter Frauen Stuttgart<\/a>\n<a href=\"https:\/\/huntingher.com\/en\/tag\/headhunter-fuer-diversity\/\" class=\"tag-cloud-link tag-link-66 tag-link-position-28\" style=\"font-size: 10.333333333333pt;\" aria-label=\"Headhunter f\u00fcr Diversity (2 items)\">Headhunter f\u00fcr Diversity<\/a>\n<a href=\"https:\/\/huntingher.com\/en\/tag\/headhunter-fuer-frauen\/\" class=\"tag-cloud-link tag-link-69 tag-link-position-29\" style=\"font-size: 13.185185185185pt;\" aria-label=\"Headhunter f\u00fcr Frauen (4 items)\">Headhunter f\u00fcr Frauen<\/a>\n<a href=\"https:\/\/huntingher.com\/en\/tag\/headhunter-hamburg\/\" class=\"tag-cloud-link tag-link-70 tag-link-position-30\" style=\"font-size: 10.333333333333pt;\" aria-label=\"Headhunter Hamburg (2 items)\">Headhunter Hamburg<\/a>\n<a href=\"https:\/\/huntingher.com\/en\/tag\/headhunter-mittelstand\/\" class=\"tag-cloud-link tag-link-171 tag-link-position-31\" style=\"font-size: 10.333333333333pt;\" aria-label=\"headhunter mittelstand (2 items)\">headhunter mittelstand<\/a>\n<a href=\"https:\/\/huntingher.com\/en\/tag\/headhunter-stockholm\/\" class=\"tag-cloud-link tag-link-142 tag-link-position-32\" style=\"font-size: 10.333333333333pt;\" aria-label=\"headhunter stockholm (2 items)\">headhunter stockholm<\/a>\n<a href=\"https:\/\/huntingher.com\/en\/tag\/headhunter-zuerich\/\" class=\"tag-cloud-link tag-link-136 tag-link-position-33\" style=\"font-size: 10.333333333333pt;\" aria-label=\"Headhunter Z\u00fcrich (2 items)\">Headhunter Z\u00fcrich<\/a>\n<a href=\"https:\/\/huntingher.com\/en\/tag\/hher\/\" class=\"tag-cloud-link tag-link-90 tag-link-position-34\" style=\"font-size: 13.185185185185pt;\" aria-label=\"HHER (4 items)\">HHER<\/a>\n<a href=\"https:\/\/huntingher.com\/en\/tag\/hunting-her-personalberatung\/\" class=\"tag-cloud-link tag-link-75 tag-link-position-35\" style=\"font-size: 13.185185185185pt;\" aria-label=\"Hunting\/Her Personalberatung (4 items)\">Hunting\/Her Personalberatung<\/a>\n<a href=\"https:\/\/huntingher.com\/en\/tag\/hunting-her\/\" class=\"tag-cloud-link tag-link-23 tag-link-position-36\" style=\"font-size: 22pt;\" aria-label=\"Hunting Her (23 items)\">Hunting Her<\/a>\n<a href=\"https:\/\/huntingher.com\/en\/tag\/huntingher\/\" class=\"tag-cloud-link tag-link-91 tag-link-position-37\" style=\"font-size: 13.185185185185pt;\" aria-label=\"HuntingHer (4 items)\">HuntingHer<\/a>\n<a href=\"https:\/\/huntingher.com\/en\/tag\/karriereberatung\/\" class=\"tag-cloud-link tag-link-58 tag-link-position-38\" style=\"font-size: 10.333333333333pt;\" aria-label=\"Karriereberatung (2 items)\">Career counselling<\/a>\n<a href=\"https:\/\/huntingher.com\/en\/tag\/karriereberatung-frankfurt\/\" class=\"tag-cloud-link tag-link-59 tag-link-position-39\" style=\"font-size: 11.888888888889pt;\" aria-label=\"Karriereberatung Frankfurt (3 items)\">Karriereberatung Frankfurt<\/a>\n<a href=\"https:\/\/huntingher.com\/en\/tag\/malmoe\/\" class=\"tag-cloud-link tag-link-139 tag-link-position-40\" style=\"font-size: 10.333333333333pt;\" aria-label=\"Malm\u00f6 (2 items)\">Malm\u00f6<\/a>\n<a href=\"https:\/\/huntingher.com\/en\/tag\/mixed-leadership\/\" class=\"tag-cloud-link tag-link-22 tag-link-position-41\" style=\"font-size: 10.333333333333pt;\" aria-label=\"Mixed Leadership (2 items)\">Mixed Leadership<\/a>\n<a href=\"https:\/\/huntingher.com\/en\/tag\/newplacement\/\" class=\"tag-cloud-link tag-link-43 tag-link-position-42\" style=\"font-size: 10.333333333333pt;\" aria-label=\"Newplacement (2 items)\">Newplacement<\/a>\n<a href=\"https:\/\/huntingher.com\/en\/tag\/nina-bransch\/\" class=\"tag-cloud-link tag-link-120 tag-link-position-43\" style=\"font-size: 10.333333333333pt;\" aria-label=\"Nina Bransch (2 items)\">Nina Bransch<\/a>\n<a href=\"https:\/\/huntingher.com\/en\/tag\/outplacement\/\" class=\"tag-cloud-link tag-link-44 tag-link-position-44\" style=\"font-size: 11.888888888889pt;\" aria-label=\"Outplacement (3 items)\">Outplacement<\/a>\n<a href=\"https:\/\/huntingher.com\/en\/tag\/personalberatung\/\" class=\"tag-cloud-link tag-link-45 tag-link-position-45\" style=\"font-size: 10.333333333333pt;\" aria-label=\"Personalberatung (2 items)\">Personalberatung<\/a><\/div>\n<\/nav>\t\t\t\t<\/div>\n\t\t\t\t<\/div>\n\t\t\t\t\t<\/div>\n\t\t<\/div>\n\t\t\t\t\t<\/div>\n\t\t<\/section>\n\t\t\t\t<\/div>","protected":false},"excerpt":{"rendered":"<p>Wir stellen vor: #Team_HuntingHer Claudia Ulpts, Executive Search-Expertin mit der Erfahrung aus &gt;300 erfolgreich besetzten Management-Positionen in Handel, Industrie, Maschinenbau, Versorger, Fashion und Luxury \u00a0 In unsere Reihe #Team_HuntingHer stellen wir nach und nach unsere Kolleginnen und Kollegen samt jeweiliger Expertise vor. Diesmal: Claudia Ulpts, Executive Search-Beraterin bei SC-Hunting\/Her am Standort D\u00fcsseldorf.\u00a0 D\u00fcsseldorf.&nbsp;Claudia Ulpts verf\u00fcgt [&hellip;]<\/p>\n","protected":false},"author":2,"featured_media":0,"parent":0,"menu_order":0,"comment_status":"closed","ping_status":"closed","template":"elementor_header_footer","meta":{"footnotes":""},"class_list":["post-3034","page","type-page","status-publish","hentry"],"_links":{"self":[{"href":"https:\/\/huntingher.com\/en\/wp-json\/wp\/v2\/pages\/3034","targetHints":{"allow":["GET"]}}],"collection":[{"href":"https:\/\/huntingher.com\/en\/wp-json\/wp\/v2\/pages"}],"about":[{"href":"https:\/\/huntingher.com\/en\/wp-json\/wp\/v2\/types\/page"}],"author":[{"embeddable":true,"href":"https:\/\/huntingher.com\/en\/wp-json\/wp\/v2\/users\/2"}],"replies":[{"embeddable":true,"href":"https:\/\/huntingher.com\/en\/wp-json\/wp\/v2\/comments?post=3034"}],"version-history":[{"count":9,"href":"https:\/\/huntingher.com\/en\/wp-json\/wp\/v2\/pages\/3034\/revisions"}],"predecessor-version":[{"id":3060,"href":"https:\/\/huntingher.com\/en\/wp-json\/wp\/v2\/pages\/3034\/revisions\/3060"}],"wp:attachment":[{"href":"https:\/\/huntingher.com\/en\/wp-json\/wp\/v2\/media?parent=3034"}],"curies":[{"name":"wp","href":"https:\/\/api.w.org\/{rel}","templated":true}]}}