{"id":3013,"date":"2021-05-05T10:54:42","date_gmt":"2021-05-05T08:54:42","guid":{"rendered":"https:\/\/higher-her.com\/?page_id=3013"},"modified":"2021-05-07T07:39:02","modified_gmt":"2021-05-07T05:39:02","slug":"coaching-diversity-kommunikationstraining-koln-frankfurt","status":"publish","type":"page","link":"https:\/\/huntingher.com\/en\/coaching-diversity-kommunikationstraining-koln-frankfurt\/","title":{"rendered":"Executive-Search-Personalberater-K\u00f6ln"},"content":{"rendered":"<h2>Wir stellen vor: #Team_HuntingHer<\/h2>\n<h1>Dr. Stephanie Robben-Beyer, Moderatorin, Expertin f\u00fcr Coaching, Kommunikationstraining &amp; famili\u00e4re Kompetenzen in Unternehmen<\/h1>\n<p>In unsere Reihe #Team_HuntingHer stellen wir nach und nach unsere Kolleginnen und Kollegen samt jeweiliger Expertise vor.<\/p>\n<p>Diesmal: Dr. Stephanie Robben-Beyer, Autorin, Moderatorin, und ausgewiesene Expertin f\u00fcr Coaching, Kommunikationstraining und Mentoring.&nbsp;<\/p>\n<p>Frankfurt am Main \/ K\u00f6ln.&nbsp;\u201eAnders sein\u201c \u2013 darauf legt Dr. Stephanie Robben-Beyer pers\u00f6nlich Wert. Und das l\u00e4sst sich auch anhand ihres durchaus bewusst divers verlaufenem Werdeganges ablesen; ebenso an den diversen Orten, an denen Robben-Beyer bisher gelebt hat.&nbsp;<\/p>\n<p>Von Solingen zog es sie zuna\u0308chst nach Ostfriesland, anschlie\u00dfend weiter zum Studium nach Osnabr\u00fcck. Vom flachen Land zog es die frisch gebackene Gymnasiallehrerin danach in die <a href=\"https:\/\/ch.huntingher.com\">Schweiz<\/a>; doch nicht etwa nach <a href=\"https:\/\/huntingher.ch\" target=\"_blank\" rel=\"noopener\">Z\u00fcrich, Basel oder nach Bern<\/a>, sondern nach St. Moritz. Dort wohnte sie, w\u00e4hrend sie am renommierten Internat \u201eLyceum Alpinum Zuoz\u201c unterrichtete.<\/p>\n<p>\u00dcber eine 13-j\u00e4hrige Zwischenstation im bayerischen Ingolstadt, fand die promovierte Altphilologin seit nunmehr 2007 ihre Heimat im hessischen Dillenburg, geographisch im Dreieck Frankfurt am Main, K\u00f6ln und Dortmund gelegen.&nbsp;&nbsp;<\/p>\n<p>Nachdem das Beamtentum und ihre T\u00e4tigkeit als Gymnasiallehrerin in Ingolstadt ihr in ihrer Entwicklung zu \u201eeng\u201c erschienen, zog es die geb\u00fcrtige Rheinl\u00e4nderin ins Scheinwerferlicht, welches sie schon w\u00e4hrend ihres Studiums als Model und Moderatorin kennen lernen durfte. Neben ihrer T\u00e4tigkeit als TV-Moderatorin moderierte Robben-Beyer bis heute seit 25 Jahren auch Hunderte Veranstaltungen f\u00fcr Unternehmen und NGO\u00b4s.<\/p>\n<p><b>Coaching &amp; Kommunikation als Berufung<\/b><\/p>\n<p>Stichwort <a href=\"https:\/\/crosswater-job-guide.com\/archives\/tag\/regina-lindner\/\" target=\"_blank\" rel=\"noopener\">Coaching<\/a>: Neben der Moderation ist das <a href=\"https:\/\/higher-her.com\/your-career\/sheplacement\/outplacement-beratung-fuer-frauen\/\" target=\"_blank\" rel=\"noopener\">Coaching<\/a> seit 2005 Passion und Kernkompetenz von Stephanie Robben-Beyer. Neben ihrer fundierten dreij\u00e4hrigen Ausbildung zum zertifizierten Coach kommt ihrer Klientel dabei auch ihre Liebe zu Menschen und Kommunikation zugute. \u201eEs bringt eine Menge Leichtigkeit und den gewissen Charme in die beruflichen Situationen, den es unbedingt braucht, um Vera\u0308nderungen zu bewirken.\u201c Auch dafu\u0308r scha\u0308tzen ihre Klientinnen und Klienten die Germanistin, u\u0308ber die sie sagen, sie sei eine au\u00dferordentlich gute Zuh\u00f6rerin. Ebenso daf\u00fcr, dass sie sich voll und ganz auf ihr Gegenu\u0308ber fokussiert, sich jedes noch so kleine Detail merkt und wichtig nimmt.<\/p>\n<p>\u201eFamilia\u0308re Kompetenzen\u201c sind dabei ihr Steckenpferd. Denn die Prinzipien einer erfolgreichen Familienf\u00fchrung lassen sich auch nahezu 1 : 1 u\u0308bertragen auf die zu beratenden Unternehmen und Organisationen.<\/p>\n<p>Neben all dem Coaching gibt Robben-Beyer ihr Wissen und ihre Erfahrung von Herzen weiter: als Buchautorin diverser Fachb\u00fccher rund um das Thema Coaching und Kommunikation ebenso wie als Mentorin.<\/p>\n<figure>\n\t\t\t\t\t\t\t\t\t\t<img loading=\"lazy\" decoding=\"async\" width=\"800\" height=\"534\" src=\"https:\/\/higher-her.com\/wp-content\/uploads\/2020\/06\/huntingher-headhunter-robben-beyer.jpg\" alt=\"\" srcset=\"https:\/\/higher-her.com\/wp-content\/uploads\/2020\/06\/huntingher-headhunter-robben-beyer.jpg 1000w, https:\/\/higher-her.com\/wp-content\/uploads\/2020\/06\/huntingher-headhunter-robben-beyer-320x213.jpg 320w, https:\/\/higher-her.com\/wp-content\/uploads\/2020\/06\/huntingher-headhunter-robben-beyer-768x512.jpg 768w\" sizes=\"auto, (max-width: 800px) 100vw, 800px\"><figcaption>Dr. Stephanie Robben-Beyer, Buchautorin, Moderatorin und Coaching-Expertin bei HUNTING\/HER \u00ae <\/figcaption><\/figure>\n<p><strong>Kontakt: Dr. Stephanie Robben-Beyer&nbsp;<\/strong><\/p>\n<p>Wolframstra\u00dfe 32<br \/>\nD- 35683 Dillenburg, Hessen<\/p>\n<p>0049(0)2771 \/ 85 09 99<\/p>\n<p><b style=\"background-color: #ffffff; font-family: -apple-system, BlinkMacSystemFont, 'Segoe UI', Roboto, 'Helvetica Neue', Arial, 'Noto Sans', sans-serif; font-size: 1rem;\"><a style=\"background-color: #ffffff; font-family: -apple-system, BlinkMacSystemFont, &#039;Segoe UI&#039;, Roboto, &#039;Helvetica Neue&#039;, Arial, &#039;Noto Sans&#039;, sans-serif; font-size: 1rem;\" href=\"https:\/\/www.google.com\/maps\/place\/51.24454,6.738759999999957\" target=\"_blank\" rel=\"noopener\">View in Google Maps<\/a><\/b><\/p>\n<p>Mail: gabriele.bauer@huntingher.com<br \/>\n<a href=\"https:\/\/higher-her.com\" target=\"_blank\" rel=\"noopener\">www.huntingher.com<\/a><\/p>\n<p><strong>&nbsp;<\/strong><\/p>\n<figure>\n\t\t\t\t\t\t\t\t\t\t<img loading=\"lazy\" decoding=\"async\" width=\"283\" height=\"420\" src=\"https:\/\/higher-her.com\/wp-content\/uploads\/2021\/05\/Buchtitel-Coaching-Dr-Robben-Beyer-huntingher.jpeg\" alt=\"\" srcset=\"https:\/\/higher-her.com\/wp-content\/uploads\/2021\/05\/Buchtitel-Coaching-Dr-Robben-Beyer-huntingher.jpeg 283w, https:\/\/higher-her.com\/wp-content\/uploads\/2021\/05\/Buchtitel-Coaching-Dr-Robben-Beyer-huntingher-216x320.jpeg 216w\" sizes=\"auto, (max-width: 283px) 100vw, 283px\"><figcaption>&#8222;Family Business&#8220; &#8211; Einer der Buchtitel zum Thema Diversity und F\u00fchrung von Dr. Stephanie Robben-Beyer.<\/figcaption><\/figure>","protected":false},"excerpt":{"rendered":"<p>Wir stellen vor: #Team_HuntingHer Dr. Stephanie Robben-Beyer, Moderatorin, Expertin f\u00fcr Coaching, Kommunikationstraining &amp; famili\u00e4re Kompetenzen in Unternehmen In unsere Reihe #Team_HuntingHer stellen wir nach und nach unsere Kolleginnen und Kollegen samt jeweiliger Expertise vor. Diesmal: Dr. Stephanie Robben-Beyer, Autorin, Moderatorin, und ausgewiesene Expertin f\u00fcr Coaching, Kommunikationstraining und Mentoring.&nbsp; Frankfurt am Main \/ K\u00f6ln.&nbsp;\u201eAnders sein\u201c \u2013 [&hellip;]<\/p>\n","protected":false},"author":2,"featured_media":0,"parent":0,"menu_order":0,"comment_status":"closed","ping_status":"closed","template":"elementor_header_footer","meta":{"footnotes":""},"class_list":["post-3013","page","type-page","status-publish","hentry"],"_links":{"self":[{"href":"https:\/\/huntingher.com\/en\/wp-json\/wp\/v2\/pages\/3013","targetHints":{"allow":["GET"]}}],"collection":[{"href":"https:\/\/huntingher.com\/en\/wp-json\/wp\/v2\/pages"}],"about":[{"href":"https:\/\/huntingher.com\/en\/wp-json\/wp\/v2\/types\/page"}],"author":[{"embeddable":true,"href":"https:\/\/huntingher.com\/en\/wp-json\/wp\/v2\/users\/2"}],"replies":[{"embeddable":true,"href":"https:\/\/huntingher.com\/en\/wp-json\/wp\/v2\/comments?post=3013"}],"version-history":[{"count":15,"href":"https:\/\/huntingher.com\/en\/wp-json\/wp\/v2\/pages\/3013\/revisions"}],"predecessor-version":[{"id":3033,"href":"https:\/\/huntingher.com\/en\/wp-json\/wp\/v2\/pages\/3013\/revisions\/3033"}],"wp:attachment":[{"href":"https:\/\/huntingher.com\/en\/wp-json\/wp\/v2\/media?parent=3013"}],"curies":[{"name":"wp","href":"https:\/\/api.w.org\/{rel}","templated":true}]}}