{"id":2124,"date":"2020-08-24T16:05:41","date_gmt":"2020-08-24T14:05:41","guid":{"rendered":"https:\/\/higher-her.com\/?page_id=2124"},"modified":"2024-07-23T09:42:56","modified_gmt":"2024-07-23T07:42:56","slug":"about-us","status":"publish","type":"page","link":"https:\/\/huntingher.com\/en\/about-us\/","title":{"rendered":"About Us"},"content":{"rendered":"<div data-elementor-type=\"wp-page\" data-elementor-id=\"2124\" class=\"elementor elementor-2124\" data-elementor-post-type=\"page\">\n\t\t\t\t\t\t<section class=\"elementor-section elementor-top-section elementor-element elementor-element-b53d5a7 elementor-section-boxed elementor-section-height-default elementor-section-height-default\" data-id=\"b53d5a7\" data-element_type=\"section\">\n\t\t\t\t\t\t<div class=\"elementor-container elementor-column-gap-default\">\n\t\t\t\t\t<div class=\"elementor-column elementor-col-50 elementor-top-column elementor-element elementor-element-8be82b4\" data-id=\"8be82b4\" data-element_type=\"column\">\n\t\t\t<div class=\"elementor-widget-wrap elementor-element-populated\">\n\t\t\t\t\t\t<div class=\"elementor-element elementor-element-6fb662d elementor-widget elementor-widget-heading\" data-id=\"6fb662d\" data-element_type=\"widget\" data-widget_type=\"heading.default\">\n\t\t\t\t<div class=\"elementor-widget-container\">\n\t\t\t\t\t<h5 class=\"elementor-heading-title elementor-size-default\"><b>From the \"first headhunter for women...\" <\/b><\/h5>\t\t\t\t<\/div>\n\t\t\t\t<\/div>\n\t\t\t\t<div class=\"elementor-element elementor-element-280ee81 elementor-widget elementor-widget-heading\" data-id=\"280ee81\" data-element_type=\"widget\" data-widget_type=\"heading.default\">\n\t\t\t\t<div class=\"elementor-widget-container\">\n\t\t\t\t\t<h2 class=\"elementor-heading-title elementor-size-default\">We design Female Careers<\/h2>\t\t\t\t<\/div>\n\t\t\t\t<\/div>\n\t\t\t\t<div class=\"elementor-element elementor-element-db8f357 elementor-widget elementor-widget-text-editor\" data-id=\"db8f357\" data-element_type=\"widget\" data-widget_type=\"text-editor.default\">\n\t\t\t\t<div class=\"elementor-widget-container\">\n\t\t\t\t\t\t\t\t\t<p>Founded in 2007 as the \u2018first personnel consultancy specifically for female executives\u2019 (ZDF), HUNTING\/HER HR-Partners \u00ae is now regarded as \u2018the most important headhunting agency specialising in women\u2019 (<a href=\"https:\/\/www.erfolgsfaktor-familie.de\/\" target=\"_blank\" rel=\"noopener\">BMFSFJ<\/a>) and \u2018market leader for female executives in Europe\u2019 (<a href=\"https:\/\/www.experteer.de\/magazin\/aktuell-beste-karrierechancen-fuer-fuehrungs-frauen\/\" target=\"_blank\" rel=\"noopener\">Experteer<\/a>). \u00a0<\/p><p>Since 2020, our corporate clients at HUNTING\/HER HR-Partners \u00ae have also benefited from our complementary collaboration with one of the world's leading executive search consultancies.<\/p><p><span style=\"font-size: 1rem; font-family: -apple-system, BlinkMacSystemFont, 'Segoe UI', Roboto, 'Helvetica Neue', Arial, 'Noto Sans', sans-serif, 'Apple Color Emoji', 'Segoe UI Emoji', 'Segoe UI Symbol', 'Noto Color Emoji';\"><b>From the first \u2018women's headhunter\u2019 to the diversity division\u00a0<\/b><br \/><\/span><\/p><p><span style=\"font-family: -apple-system, BlinkMacSystemFont, 'Segoe UI', Roboto, 'Helvetica Neue', Arial, 'Noto Sans', sans-serif, 'Apple Color Emoji', 'Segoe UI Emoji', 'Segoe UI Symbol', 'Noto Color Emoji'; font-size: 1rem;\">Thanks to the cooperation with a global top 10 personnel consultancy, HUNTING\/HER HR-Partners \u00ae is also in a position to provide our corporate clients with precisely the right international support. Based in D\u00fcsseldorf as the representative office with the highest turnover worldwide, HUNTING\/HER HR-Partners \u00ae maintains an intensive exchange with the respective local structures and, if required, also benefits from the wide-ranging specific expertise of a market-leading executive search generalist and the joint<strong> Industrie Specialization Groups<\/strong> and <strong>Functional Specialty Practice Groups.\u00a0<\/strong><br \/><\/span><strong style=\"font-family: -apple-system, BlinkMacSystemFont, 'Segoe UI', Roboto, 'Helvetica Neue', Arial, 'Noto Sans', sans-serif, 'Apple Color Emoji', 'Segoe UI Emoji', 'Segoe UI Symbol', 'Noto Color Emoji'; font-size: 1rem;\"><br \/>HUNTING\/HER \u00ae Group: From female executive search to diversity consulting and coaching for women<\/strong><span style=\"font-family: -apple-system, BlinkMacSystemFont, 'Segoe UI', Roboto, 'Helvetica Neue', Arial, 'Noto Sans', sans-serif, 'Apple Color Emoji', 'Segoe UI Emoji', 'Segoe UI Symbol', 'Noto Color Emoji'; font-size: 1rem;\"><br \/><\/span><\/p><p><span style=\"font-size: 1rem;\">In addition to HUNTING\/HER HR-Partners \u00ae, our sister company HUNTING\/HER Career-Partners \u00ae, which specialises in <a href=\"https:\/\/huntingher.com\/en\/your-career\/\">Career counselling<\/a> and <\/span><a style=\"background-color: #ffffff; font-size: 1rem;\" href=\"https:\/\/huntingher.com\/en\/your-career\/sheplacement\/outplacement-beratung-fuer-frauen\/\">coaching for women<\/a><span style=\"font-size: 1rem;\"> , <a href=\"https:\/\/career.huntingher.com\">HUNTING\/HER Career-Partners \u00ae<\/a>\u00a0and H\/HER International, including our diversity consultants, are also part of the group.\u00a0\u00a0<\/span><\/p>\t\t\t\t\t\t\t\t<\/div>\n\t\t\t\t<\/div>\n\t\t\t\t\t<\/div>\n\t\t<\/div>\n\t\t\t\t<div class=\"elementor-column elementor-col-50 elementor-top-column elementor-element elementor-element-e9d733a\" data-id=\"e9d733a\" data-element_type=\"column\">\n\t\t\t<div class=\"elementor-widget-wrap elementor-element-populated\">\n\t\t\t\t\t\t<div class=\"elementor-element elementor-element-752200d elementor-widget elementor-widget-image\" data-id=\"752200d\" data-element_type=\"widget\" data-widget_type=\"image.default\">\n\t\t\t\t<div class=\"elementor-widget-container\">\n\t\t\t\t\t\t\t\t\t\t\t\t<figure class=\"wp-caption\">\n\t\t\t\t\t\t\t\t\t\t<img fetchpriority=\"high\" decoding=\"async\" width=\"800\" height=\"533\" src=\"https:\/\/huntingher.com\/wp-content\/uploads\/2023\/06\/Huntingher-1493-Feindaten-Web_01-1280x852.jpg\" class=\"attachment-large size-large wp-image-4708\" alt=\"\" srcset=\"https:\/\/huntingher.com\/wp-content\/uploads\/2023\/06\/Huntingher-1493-Feindaten-Web_01-1280x852.jpg 1280w, https:\/\/huntingher.com\/wp-content\/uploads\/2023\/06\/Huntingher-1493-Feindaten-Web_01-320x213.jpg 320w, https:\/\/huntingher.com\/wp-content\/uploads\/2023\/06\/Huntingher-1493-Feindaten-Web_01-768x511.jpg 768w, https:\/\/huntingher.com\/wp-content\/uploads\/2023\/06\/Huntingher-1493-Feindaten-Web_01.jpg 1500w\" sizes=\"(max-width: 800px) 100vw, 800px\" \/>\t\t\t\t\t\t\t\t\t\t\t<figcaption class=\"widget-image-caption wp-caption-text\">Hunting\/Her-Partnerin Claudia Ulpts im Gespr\u00e4ch.<\/figcaption>\n\t\t\t\t\t\t\t\t\t\t<\/figure>\n\t\t\t\t\t\t\t\t\t<\/div>\n\t\t\t\t<\/div>\n\t\t\t\t\t<\/div>\n\t\t<\/div>\n\t\t\t\t\t<\/div>\n\t\t<\/section>\n\t\t\t\t<\/div>","protected":false},"excerpt":{"rendered":"<p>Vom \u201eersten Headhunter f\u00fcr Frauen&#8230;&#8220; We design Female Careers Bereits 2007 als \u201eerste Personalberatung speziell f\u00fcr weibliche F\u00fchrungskr\u00e4fte\u201c (ZDF) gegr\u00fcndet, gilt HUNTING\/HER HR-Partners \u00ae heute als \u201edie bedeutendste Headhunting-Agentur mit Spezialisierung auf Frauen\u201d (BMFSFJ) und \u201eMarktf\u00fchrer f\u00fcr F\u00fchrungs-Frauen in Europa\u201c (Experteer). \u00a0 Seit 2020 profitieren unsere Unternehmenskunden bei HUNTING\/HER HR-Partners \u00ae zus\u00e4tzlich von unserer komplement\u00e4ren [&hellip;]<\/p>\n","protected":false},"author":2,"featured_media":0,"parent":0,"menu_order":0,"comment_status":"closed","ping_status":"closed","template":"elementor_header_footer","meta":{"footnotes":""},"class_list":["post-2124","page","type-page","status-publish","hentry"],"_links":{"self":[{"href":"https:\/\/huntingher.com\/en\/wp-json\/wp\/v2\/pages\/2124","targetHints":{"allow":["GET"]}}],"collection":[{"href":"https:\/\/huntingher.com\/en\/wp-json\/wp\/v2\/pages"}],"about":[{"href":"https:\/\/huntingher.com\/en\/wp-json\/wp\/v2\/types\/page"}],"author":[{"embeddable":true,"href":"https:\/\/huntingher.com\/en\/wp-json\/wp\/v2\/users\/2"}],"replies":[{"embeddable":true,"href":"https:\/\/huntingher.com\/en\/wp-json\/wp\/v2\/comments?post=2124"}],"version-history":[{"count":112,"href":"https:\/\/huntingher.com\/en\/wp-json\/wp\/v2\/pages\/2124\/revisions"}],"predecessor-version":[{"id":5160,"href":"https:\/\/huntingher.com\/en\/wp-json\/wp\/v2\/pages\/2124\/revisions\/5160"}],"wp:attachment":[{"href":"https:\/\/huntingher.com\/en\/wp-json\/wp\/v2\/media?parent=2124"}],"curies":[{"name":"wp","href":"https:\/\/api.w.org\/{rel}","templated":true}]}}