{"id":2032,"date":"2020-08-16T14:48:27","date_gmt":"2020-08-16T12:48:27","guid":{"rendered":"https:\/\/higher-her.com\/?page_id=2032"},"modified":"2020-09-03T14:03:23","modified_gmt":"2020-09-03T12:03:23","slug":"outplacement-und-karriereberatung-dresden","status":"publish","type":"page","link":"https:\/\/huntingher.com\/en\/outplacement-und-karriereberatung-dresden\/","title":{"rendered":"OutPlacement- und Karriereberatung Dresden"},"content":{"rendered":"\t\t<div data-elementor-type=\"wp-page\" data-elementor-id=\"2032\" class=\"elementor elementor-2032\" data-elementor-post-type=\"page\">\n\t\t\t\t\t\t<section class=\"elementor-section elementor-top-section elementor-element elementor-element-6e685b18 elementor-section-full_width elementor-section-height-default elementor-section-height-default\" data-id=\"6e685b18\" data-element_type=\"section\">\n\t\t\t\t\t\t<div class=\"elementor-container elementor-column-gap-default\">\n\t\t\t\t\t<div class=\"elementor-column elementor-col-50 elementor-top-column elementor-element elementor-element-86b9d93\" data-id=\"86b9d93\" data-element_type=\"column\" data-settings=\"{&quot;background_background&quot;:&quot;classic&quot;}\">\n\t\t\t<div class=\"elementor-widget-wrap elementor-element-populated\">\n\t\t\t\t\t<div class=\"elementor-background-overlay\"><\/div>\n\t\t\t\t\t\t<div class=\"elementor-element elementor-element-14d1c672 elementor-widget elementor-widget-video\" data-id=\"14d1c672\" data-element_type=\"widget\" data-settings=\"{&quot;video_type&quot;:&quot;hosted&quot;,&quot;autoplay&quot;:&quot;yes&quot;,&quot;play_on_mobile&quot;:&quot;yes&quot;,&quot;loop&quot;:&quot;yes&quot;,&quot;show_image_overlay&quot;:&quot;yes&quot;,&quot;image_overlay&quot;:{&quot;url&quot;:&quot;https:\\\/\\\/huntingher.com\\\/wp-content\\\/uploads\\\/2020\\\/08\\\/headhunter-02.png&quot;,&quot;id&quot;:1939,&quot;size&quot;:&quot;&quot;}}\" data-widget_type=\"video.default\">\n\t\t\t\t<div class=\"elementor-widget-container\">\n\t\t\t\t\t\t\t<div class=\"e-hosted-video elementor-wrapper elementor-open-inline\">\n\t\t\t\t\t<video class=\"elementor-video\" src=\"https:\/\/huntingher.com\/wp-content\/uploads\/2020\/06\/outplacement-headhunting.mp4\" autoplay=\"\" loop=\"\" playsinline=\"\" controlsList=\"nodownload\"><\/video>\n\t\t\t\t\t\t<div class=\"elementor-custom-embed-image-overlay\" style=\"background-image: url(https:\/\/huntingher.com\/wp-content\/uploads\/2020\/08\/headhunter-02.png);\">\n\t\t\t\t\t\t\t\t\t\t\t\t\t\t<\/div>\n\t\t\t\t\t<\/div>\n\t\t\t\t\t\t<\/div>\n\t\t\t\t<\/div>\n\t\t\t\t<div class=\"elementor-element elementor-element-755e7c3d elementor-invisible elementor-widget elementor-widget-heading\" data-id=\"755e7c3d\" data-element_type=\"widget\" data-settings=\"{&quot;_animation&quot;:&quot;fadeInLeft&quot;,&quot;_animation_delay&quot;:900}\" data-widget_type=\"heading.default\">\n\t\t\t\t<div class=\"elementor-widget-container\">\n\t\t\t\t\t<h1 class=\"elementor-heading-title elementor-size-default\">Frauen bewegen.<\/h1>\t\t\t\t<\/div>\n\t\t\t\t<\/div>\n\t\t\t\t<div class=\"elementor-element elementor-element-29a519a3 elementor-invisible elementor-widget elementor-widget-heading\" data-id=\"29a519a3\" data-element_type=\"widget\" data-settings=\"{&quot;_animation&quot;:&quot;fadeInLeft&quot;,&quot;_animation_delay&quot;:1900}\" data-widget_type=\"heading.default\">\n\t\t\t\t<div class=\"elementor-widget-container\">\n\t\t\t\t\t<h1 class=\"elementor-heading-title elementor-size-default\">Uns.<\/h1>\t\t\t\t<\/div>\n\t\t\t\t<\/div>\n\t\t\t\t<div class=\"elementor-element elementor-element-7f9e9ee3 elementor-widget elementor-widget-heading\" data-id=\"7f9e9ee3\" data-element_type=\"widget\" data-widget_type=\"heading.default\">\n\t\t\t\t<div class=\"elementor-widget-container\">\n\t\t\t\t\t<h2 class=\"elementor-heading-title elementor-size-default\"><i>\"Deutschlands f\u00fchrende Personalberatung<br> f\u00fcr Frauen\"<\/i> - DIE ZEIT<\/h2>\t\t\t\t<\/div>\n\t\t\t\t<\/div>\n\t\t\t\t\t<\/div>\n\t\t<\/div>\n\t\t\t\t<div class=\"elementor-column elementor-col-50 elementor-top-column elementor-element elementor-element-398fad41\" data-id=\"398fad41\" data-element_type=\"column\" data-settings=\"{&quot;background_background&quot;:&quot;classic&quot;}\">\n\t\t\t<div class=\"elementor-widget-wrap elementor-element-populated\">\n\t\t\t\t\t\t<div class=\"elementor-element elementor-element-74c33df9 elementor-widget elementor-widget-heading\" data-id=\"74c33df9\" data-element_type=\"widget\" data-widget_type=\"heading.default\">\n\t\t\t\t<div class=\"elementor-widget-container\">\n\t\t\t\t\t<h5 class=\"elementor-heading-title elementor-size-default\">OutPlacement in Dresden<\/h5>\t\t\t\t<\/div>\n\t\t\t\t<\/div>\n\t\t\t\t<div class=\"elementor-element elementor-element-420ee74d elementor-widget elementor-widget-heading\" data-id=\"420ee74d\" data-element_type=\"widget\" data-widget_type=\"heading.default\">\n\t\t\t\t<div class=\"elementor-widget-container\">\n\t\t\t\t\t<h2 class=\"elementor-heading-title elementor-size-default\">Willkommen bei Ihrem OutPlacement Berater f\u00fcr Frauen in Dresden<\/h2>\t\t\t\t<\/div>\n\t\t\t\t<\/div>\n\t\t\t\t<div class=\"elementor-element elementor-element-5898ae91 elementor-widget elementor-widget-text-editor\" data-id=\"5898ae91\" data-element_type=\"widget\" data-widget_type=\"text-editor.default\">\n\t\t\t\t<div class=\"elementor-widget-container\">\n\t\t\t\t\t\t\t\t\t<p>OutPlacement in Dresden: Professionelles NewPlacement f\u00fcr Frauen mit der Erfolgsgarantie des Marktf\u00fchrers<\/p><p><strong>ShePlacement:<\/strong> Unsere professionelle OutPlacement-Beratung f\u00fcr Frauen in Dresden. <br \/>Professionelle OutPlacementberatung in Dresden: Mit der Erfolgsgarantie des Marktf\u00fchrers.<br \/>Herzlich willkommen bei HUNTING\/HER Career-Partners \u00ae. Deutschlands f\u00fchrende Karriereberatung f\u00fcr Frauen bietet Ihnen OutPlacement, Karriereberatung und Coaching an &#8211; durch unsere erfahrenen Karriereberater und Coaches in Dresden.<\/p><p>Aufbauend auf die langj\u00e4hrige Outplacement-Erfahrung unseres Mutterunternehmens seit 1992, konnte wir bereits Hunderte Frauen erfolgreich platzieren und zum angestrebten Job verhelfen- jedes Jahr seither mit Erfolgsquoten von \u00fcber 90 % (im EInzel-Outplacement).<\/p><p>Wenn Sie sich also f\u00fcr die professionelle Outplacement- oder Karriereberatung durch HUNTING\/HER Career-Partners \u00ae in Dresden entscheiden, k\u00f6nnen Sie darauf vertrauen, dass eine\/n ebenso erfahrenen wie kompetenten JobCoach an Ihrer Seite zu haben &#8211;<br \/>und zwar egal ob im immer popul\u00e4reren Online-Coaching oder auch face-to-face<br \/>vor Ort in Dresden.<\/p><p>HUNTING\/HER Career-Partners \u00ae<br \/>Personalberatung, Coaching, Outplacement \/ Karriereberatung<br \/>Altmarkt 10 B\/D, 01067 Dresden<\/p>\t\t\t\t\t\t\t\t<\/div>\n\t\t\t\t<\/div>\n\t\t\t\t\t<\/div>\n\t\t<\/div>\n\t\t\t\t\t<\/div>\n\t\t<\/section>\n\t\t\t\t<section class=\"elementor-section elementor-top-section elementor-element elementor-element-55c4bd0b elementor-section-full_width elementor-section-height-default elementor-section-height-default\" data-id=\"55c4bd0b\" data-element_type=\"section\">\n\t\t\t\t\t\t<div class=\"elementor-container elementor-column-gap-default\">\n\t\t\t\t\t<div class=\"elementor-column elementor-col-33 elementor-top-column elementor-element elementor-element-51b6cc1c\" data-id=\"51b6cc1c\" data-element_type=\"column\" data-settings=\"{&quot;background_background&quot;:&quot;classic&quot;}\">\n\t\t\t<div class=\"elementor-widget-wrap elementor-element-populated\">\n\t\t\t\t\t<div class=\"elementor-background-overlay\"><\/div>\n\t\t\t\t\t\t<div class=\"elementor-element elementor-element-319e43dc elementor-widget elementor-widget-heading\" data-id=\"319e43dc\" data-element_type=\"widget\" data-widget_type=\"heading.default\">\n\t\t\t\t<div class=\"elementor-widget-container\">\n\t\t\t\t\t<h2 class=\"elementor-heading-title elementor-size-default\">Nehmen Sie gerne unverbindlich Kontakt auf:<\/h2>\t\t\t\t<\/div>\n\t\t\t\t<\/div>\n\t\t\t\t<div class=\"elementor-element elementor-element-754f28fc elementor-button-align-stretch elementor-widget elementor-widget-form\" data-id=\"754f28fc\" data-element_type=\"widget\" data-settings=\"{&quot;step_next_label&quot;:&quot;N\\u00e4chster&quot;,&quot;step_previous_label&quot;:&quot;Voriger&quot;,&quot;_animation&quot;:&quot;none&quot;,&quot;button_width&quot;:&quot;100&quot;,&quot;step_type&quot;:&quot;number_text&quot;,&quot;step_icon_shape&quot;:&quot;circle&quot;}\" data-widget_type=\"form.default\">\n\t\t\t\t<div class=\"elementor-widget-container\">\n\t\t\t\t\t\t\t<form class=\"elementor-form\" method=\"post\" name=\"Neues Formular\" aria-label=\"Neues Formular\">\n\t\t\t<input type=\"hidden\" name=\"post_id\" value=\"2032\"\/>\n\t\t\t<input type=\"hidden\" name=\"form_id\" value=\"754f28fc\"\/>\n\t\t\t<input type=\"hidden\" name=\"referer_title\" value=\"Ihre OutPlacement- und Karriereberatung f\u00fcr Frauen in Leipzig: HUNTING\/HER Career-Partners \u00ae - Pioneers in ShePlacement\" \/>\n\n\t\t\t\t\t\t\t<input type=\"hidden\" name=\"queried_id\" value=\"2032\"\/>\n\t\t\t\n\t\t\t<div class=\"elementor-form-fields-wrapper elementor-labels-above\">\n\t\t\t\t\t\t\t\t<div class=\"elementor-field-type-text elementor-field-group elementor-column elementor-field-group-name elementor-col-100\">\n\t\t\t\t\t\t\t\t\t\t\t\t\t<input size=\"1\" type=\"text\" name=\"form_fields[name]\" id=\"form-field-name\" class=\"elementor-field elementor-size-sm  elementor-field-textual\" placeholder=\"Vor-\/Name\">\n\t\t\t\t\t\t\t\t\t\t\t<\/div>\n\t\t\t\t\t\t\t\t<div class=\"elementor-field-type-text elementor-field-group elementor-column elementor-field-group-field_752b0b3 elementor-col-100\">\n\t\t\t\t\t\t\t\t\t\t\t\t\t<input size=\"1\" type=\"text\" name=\"form_fields[field_752b0b3]\" id=\"form-field-field_752b0b3\" class=\"elementor-field elementor-size-sm  elementor-field-textual\" placeholder=\"Telefon\">\n\t\t\t\t\t\t\t\t\t\t\t<\/div>\n\t\t\t\t\t\t\t\t<div class=\"elementor-field-type-email elementor-field-group elementor-column elementor-field-group-email elementor-col-100 elementor-field-required\">\n\t\t\t\t\t\t\t\t\t\t\t\t\t<input size=\"1\" type=\"email\" name=\"form_fields[email]\" id=\"form-field-email\" class=\"elementor-field elementor-size-sm  elementor-field-textual\" placeholder=\"E-Mail\" required=\"required\">\n\t\t\t\t\t\t\t\t\t\t\t<\/div>\n\t\t\t\t\t\t\t\t<div class=\"elementor-field-type-textarea elementor-field-group elementor-column elementor-field-group-message elementor-col-100\">\n\t\t\t\t\t<textarea class=\"elementor-field-textual elementor-field  elementor-size-sm\" name=\"form_fields[message]\" id=\"form-field-message\" rows=\"4\" placeholder=\"Ihr Anliegen\"><\/textarea>\t\t\t\t<\/div>\n\t\t\t\t\t\t\t\t<div class=\"elementor-field-type-checkbox elementor-field-group elementor-column elementor-field-group-field_1c15de3 elementor-col-100\">\n\t\t\t\t\t<div class=\"elementor-field-subgroup  \"><span class=\"elementor-field-option\"><input type=\"checkbox\" value=\"\tDatenschutz-Hinweise: Hiermit erkl\u00e4re ich mich einverstanden, dass meine Daten elektronisch gespeichert und zum Zweck der Kontaktaufnahme verarbeitet und genutzt werden k\u00f6nnen. Mir ist bekannt, dass ich meine Einwilligung jederzeit widerrufen kann. Weitere Informationen finden Sie hier.\" id=\"form-field-field_1c15de3-0\" name=\"form_fields[field_1c15de3]\"> <label for=\"form-field-field_1c15de3-0\">\tDatenschutz-Hinweise: Hiermit erkl\u00e4re ich mich einverstanden, dass meine Daten elektronisch gespeichert und zum Zweck der Kontaktaufnahme verarbeitet und genutzt werden k\u00f6nnen. Mir ist bekannt, dass ich meine Einwilligung jederzeit widerrufen kann. Weitere Informationen finden Sie hier.<\/label><\/span><\/div>\t\t\t\t<\/div>\n\t\t\t\t\t\t\t\t<div class=\"elementor-field-group elementor-column elementor-field-type-submit elementor-col-100 e-form__buttons\">\n\t\t\t\t\t<button class=\"elementor-button elementor-size-sm elementor-animation-shrink\" type=\"submit\">\n\t\t\t\t\t\t<span class=\"elementor-button-content-wrapper\">\n\t\t\t\t\t\t\t\t\t\t\t\t\t\t\t\t\t\t\t\t\t\t<span class=\"elementor-button-text\">Senden<\/span>\n\t\t\t\t\t\t\t\t\t\t\t\t\t<\/span>\n\t\t\t\t\t<\/button>\n\t\t\t\t<\/div>\n\t\t\t<\/div>\n\t\t<\/form>\n\t\t\t\t\t\t<\/div>\n\t\t\t\t<\/div>\n\t\t\t\t\t<\/div>\n\t\t<\/div>\n\t\t\t\t<div class=\"elementor-column elementor-col-33 elementor-top-column elementor-element elementor-element-453be600\" data-id=\"453be600\" data-element_type=\"column\" data-settings=\"{&quot;background_background&quot;:&quot;classic&quot;}\">\n\t\t\t<div class=\"elementor-widget-wrap\">\n\t\t\t\t\t\t\t<\/div>\n\t\t<\/div>\n\t\t\t\t<div class=\"elementor-column elementor-col-33 elementor-top-column elementor-element elementor-element-7e7da3a1\" data-id=\"7e7da3a1\" data-element_type=\"column\" data-settings=\"{&quot;background_background&quot;:&quot;classic&quot;}\">\n\t\t\t<div class=\"elementor-widget-wrap elementor-element-populated\">\n\t\t\t\t\t\t<div class=\"elementor-element elementor-element-44771082 elementor-widget elementor-widget-image\" data-id=\"44771082\" data-element_type=\"widget\" data-widget_type=\"image.default\">\n\t\t\t\t<div class=\"elementor-widget-container\">\n\t\t\t\t\t\t\t\t\t\t\t\t\t\t\t<img fetchpriority=\"high\" decoding=\"async\" width=\"600\" height=\"600\" src=\"https:\/\/huntingher.com\/wp-content\/uploads\/2020\/06\/GabyBauer-HuntingHer-Personalberatung.jpg\" class=\"attachment-large size-large wp-image-892\" alt=\"Headhunting, Karirereberatung und Outplacement-Beratung Hamburg, Bremen, Berlin, Hannover, Leipzig, Dresden, Dortmund, Essen, D\u00fcsseldorf, K\u00f6ln, Frankfurt, Stuttgart, N\u00fcrnberg, M\u00fcnchen, Z\u00fcrich\" srcset=\"https:\/\/huntingher.com\/wp-content\/uploads\/2020\/06\/GabyBauer-HuntingHer-Personalberatung.jpg 600w, https:\/\/huntingher.com\/wp-content\/uploads\/2020\/06\/GabyBauer-HuntingHer-Personalberatung-320x320.jpg 320w, https:\/\/huntingher.com\/wp-content\/uploads\/2020\/06\/GabyBauer-HuntingHer-Personalberatung-160x160.jpg 160w\" sizes=\"(max-width: 600px) 100vw, 600px\" \/>\t\t\t\t\t\t\t\t\t\t\t\t\t\t\t<\/div>\n\t\t\t\t<\/div>\n\t\t\t\t<div class=\"elementor-element elementor-element-33dd91e6 elementor-widget elementor-widget-text-editor\" data-id=\"33dd91e6\" data-element_type=\"widget\" data-widget_type=\"text-editor.default\">\n\t\t\t\t<div class=\"elementor-widget-container\">\n\t\t\t\t\t\t\t\t\t<p>Gerne stelle ich Ihnen den Kontakt zur passenden Ansprechperson in unserem Hause her:<\/p><p><strong>Gabriele Bauer<\/strong><br \/>Executive Assistant<\/p><p>Aus Deutschland:\u00a0<br \/><span style=\"font-size: 1rem;\">0800\/85 20 30 5<\/span><\/p><p>Aus der Schweiz:<br \/>0179 125 22 50\u00a0<\/p><p>gabriele.bauer @huntingher.com<\/p>\t\t\t\t\t\t\t\t<\/div>\n\t\t\t\t<\/div>\n\t\t\t\t\t<\/div>\n\t\t<\/div>\n\t\t\t\t\t<\/div>\n\t\t<\/section>\n\t\t\t\t<\/div>\n\t\t","protected":false},"excerpt":{"rendered":"<p>https:\/\/higher-her.com\/wp-content\/uploads\/2020\/06\/outplacement-headhunting.mp4 Frauen bewegen. Uns. &#8222;Deutschlands f\u00fchrende Personalberatung f\u00fcr Frauen&#8220; &#8211; DIE ZEIT OutPlacement in Dresden Willkommen bei Ihrem OutPlacement Berater f\u00fcr Frauen in Dresden OutPlacement in Dresden: Professionelles NewPlacement f\u00fcr Frauen mit der Erfolgsgarantie des Marktf\u00fchrers ShePlacement: Unsere professionelle OutPlacement-Beratung f\u00fcr Frauen in Dresden. Professionelle OutPlacementberatung in Dresden: Mit der Erfolgsgarantie des Marktf\u00fchrers.Herzlich willkommen bei [&hellip;]<\/p>\n","protected":false},"author":2,"featured_media":0,"parent":0,"menu_order":0,"comment_status":"closed","ping_status":"closed","template":"elementor_header_footer","meta":{"footnotes":""},"class_list":["post-2032","page","type-page","status-publish","hentry"],"_links":{"self":[{"href":"https:\/\/huntingher.com\/en\/wp-json\/wp\/v2\/pages\/2032","targetHints":{"allow":["GET"]}}],"collection":[{"href":"https:\/\/huntingher.com\/en\/wp-json\/wp\/v2\/pages"}],"about":[{"href":"https:\/\/huntingher.com\/en\/wp-json\/wp\/v2\/types\/page"}],"author":[{"embeddable":true,"href":"https:\/\/huntingher.com\/en\/wp-json\/wp\/v2\/users\/2"}],"replies":[{"embeddable":true,"href":"https:\/\/huntingher.com\/en\/wp-json\/wp\/v2\/comments?post=2032"}],"version-history":[{"count":2,"href":"https:\/\/huntingher.com\/en\/wp-json\/wp\/v2\/pages\/2032\/revisions"}],"predecessor-version":[{"id":2342,"href":"https:\/\/huntingher.com\/en\/wp-json\/wp\/v2\/pages\/2032\/revisions\/2342"}],"wp:attachment":[{"href":"https:\/\/huntingher.com\/en\/wp-json\/wp\/v2\/media?parent=2032"}],"curies":[{"name":"wp","href":"https:\/\/api.w.org\/{rel}","templated":true}]}}