{"id":2026,"date":"2020-08-16T14:42:37","date_gmt":"2020-08-16T12:42:37","guid":{"rendered":"https:\/\/higher-her.com\/?page_id=2026"},"modified":"2022-09-26T19:12:52","modified_gmt":"2022-09-26T17:12:52","slug":"outplacement-kariereberatung-headhunter-in-zuerich","status":"publish","type":"page","link":"https:\/\/huntingher.com\/en\/outplacement-kariereberatung-headhunter-in-zuerich\/","title":{"rendered":"Executive Search, Outplacement, Karriereberatung, Headhunter in Z\u00fcrich"},"content":{"rendered":"\t\t<div data-elementor-type=\"wp-page\" data-elementor-id=\"2026\" class=\"elementor elementor-2026\" data-elementor-post-type=\"page\">\n\t\t\t\t\t\t<section class=\"elementor-section elementor-top-section elementor-element elementor-element-2b901dcb elementor-section-full_width elementor-section-height-default elementor-section-height-default\" data-id=\"2b901dcb\" data-element_type=\"section\">\n\t\t\t\t\t\t<div class=\"elementor-container elementor-column-gap-default\">\n\t\t\t\t\t<div class=\"elementor-column elementor-col-50 elementor-top-column elementor-element elementor-element-5cc1fa2c\" data-id=\"5cc1fa2c\" data-element_type=\"column\" data-settings=\"{&quot;background_background&quot;:&quot;classic&quot;}\">\n\t\t\t<div class=\"elementor-widget-wrap elementor-element-populated\">\n\t\t\t\t\t<div class=\"elementor-background-overlay\"><\/div>\n\t\t\t\t\t\t<div class=\"elementor-element elementor-element-722b1b1f elementor-widget elementor-widget-video\" data-id=\"722b1b1f\" data-element_type=\"widget\" data-settings=\"{&quot;video_type&quot;:&quot;hosted&quot;,&quot;autoplay&quot;:&quot;yes&quot;,&quot;play_on_mobile&quot;:&quot;yes&quot;,&quot;loop&quot;:&quot;yes&quot;,&quot;show_image_overlay&quot;:&quot;yes&quot;,&quot;image_overlay&quot;:{&quot;url&quot;:&quot;https:\\\/\\\/huntingher.com\\\/wp-content\\\/uploads\\\/2020\\\/08\\\/headhunter-02.png&quot;,&quot;id&quot;:1939,&quot;size&quot;:&quot;&quot;}}\" data-widget_type=\"video.default\">\n\t\t\t\t<div class=\"elementor-widget-container\">\n\t\t\t\t\t\t\t<div class=\"e-hosted-video elementor-wrapper elementor-open-inline\">\n\t\t\t\t\t<video class=\"elementor-video\" src=\"https:\/\/huntingher.com\/wp-content\/uploads\/2020\/06\/outplacement-headhunting.mp4\" autoplay=\"\" loop=\"\" playsinline=\"\" controlsList=\"nodownload\"><\/video>\n\t\t\t\t\t\t<div class=\"elementor-custom-embed-image-overlay\" style=\"background-image: url(https:\/\/huntingher.com\/wp-content\/uploads\/2020\/08\/headhunter-02.png);\">\n\t\t\t\t\t\t\t\t\t\t\t\t\t\t<\/div>\n\t\t\t\t\t<\/div>\n\t\t\t\t\t\t<\/div>\n\t\t\t\t<\/div>\n\t\t\t\t<div class=\"elementor-element elementor-element-5282a502 elementor-invisible elementor-widget elementor-widget-heading\" data-id=\"5282a502\" data-element_type=\"widget\" data-settings=\"{&quot;_animation&quot;:&quot;fadeInLeft&quot;,&quot;_animation_delay&quot;:900}\" data-widget_type=\"heading.default\">\n\t\t\t\t<div class=\"elementor-widget-container\">\n\t\t\t\t\t<h1 class=\"elementor-heading-title elementor-size-default\">Frauen bewegen.<\/h1>\t\t\t\t<\/div>\n\t\t\t\t<\/div>\n\t\t\t\t<div class=\"elementor-element elementor-element-1218949d elementor-invisible elementor-widget elementor-widget-heading\" data-id=\"1218949d\" data-element_type=\"widget\" data-settings=\"{&quot;_animation&quot;:&quot;fadeInLeft&quot;,&quot;_animation_delay&quot;:1900}\" data-widget_type=\"heading.default\">\n\t\t\t\t<div class=\"elementor-widget-container\">\n\t\t\t\t\t<h1 class=\"elementor-heading-title elementor-size-default\">Uns.<\/h1>\t\t\t\t<\/div>\n\t\t\t\t<\/div>\n\t\t\t\t<div class=\"elementor-element elementor-element-15d7e046 elementor-widget elementor-widget-heading\" data-id=\"15d7e046\" data-element_type=\"widget\" data-widget_type=\"heading.default\">\n\t\t\t\t<div class=\"elementor-widget-container\">\n\t\t\t\t\t<h2 class=\"elementor-heading-title elementor-size-default\"><i>\"...die f\u00fchrende Personalberatung<br> f\u00fcr Frauen\"<\/i> - DIE ZEIT \/ DE<br><br>\"...liegt damit voll im Trend\" - BILANZ \/ CH<\/h2>\t\t\t\t<\/div>\n\t\t\t\t<\/div>\n\t\t\t\t\t<\/div>\n\t\t<\/div>\n\t\t\t\t<div class=\"elementor-column elementor-col-50 elementor-top-column elementor-element elementor-element-7d969b51\" data-id=\"7d969b51\" data-element_type=\"column\" data-settings=\"{&quot;background_background&quot;:&quot;classic&quot;}\">\n\t\t\t<div class=\"elementor-widget-wrap elementor-element-populated\">\n\t\t\t\t\t\t<div class=\"elementor-element elementor-element-45d1cc50 elementor-widget elementor-widget-heading\" data-id=\"45d1cc50\" data-element_type=\"widget\" data-widget_type=\"heading.default\">\n\t\t\t\t<div class=\"elementor-widget-container\">\n\t\t\t\t\t<h5 class=\"elementor-heading-title elementor-size-default\">Ihre Headhunter in Z\u00fcrich<\/h5>\t\t\t\t<\/div>\n\t\t\t\t<\/div>\n\t\t\t\t<div class=\"elementor-element elementor-element-1cae3700 elementor-widget elementor-widget-heading\" data-id=\"1cae3700\" data-element_type=\"widget\" data-widget_type=\"heading.default\">\n\t\t\t\t<div class=\"elementor-widget-container\">\n\t\t\t\t\t<h2 class=\"elementor-heading-title elementor-size-default\">Willkommen bei HUNTING\/HER Schweiz - Ihrer Personalberatung f\u00fcr Frauen in Z\u00fcrich und Basel.<\/h2>\t\t\t\t<\/div>\n\t\t\t\t<\/div>\n\t\t\t\t<div class=\"elementor-element elementor-element-63ec5659 elementor-widget elementor-widget-text-editor\" data-id=\"63ec5659\" data-element_type=\"widget\" data-widget_type=\"text-editor.default\">\n\t\t\t\t<div class=\"elementor-widget-container\">\n\t\t\t\t\t\t\t\t\t<p>Bereits 2007 als erste Personalberatung f\u00fcr Frauen in Hamburg und Z\u00fcrich gegr\u00fcndet, ist HUNTING\/HER HR-Partners \u00ae heute <i>Europas&nbsp; f\u00fchrende <a href=\"http:\/\/ch.huntingher.com\">Executive Search-Beratung f\u00fcr weibliche Kaderkr\u00e4fte.<\/a><\/i><\/p>\n<p><\/p>\n<h6>Hintergrund: Female Executive Search ist anders<\/h6>\n<p>Angesichts einer gerade an der Spitze von Unternehmen deutlichen Unterrepr\u00e4sentanz von Frauen sto\u00dfen die Ansprachewege klassischer&nbsp; <a href=\"https:\/\/ch.huntingher.com\">Headhunter&nbsp;in der Schweiz<\/a>&nbsp;schnell an ihre Grenzen. Als auf Diversity spezialisierte Executive Search Beratung verf\u00fcgt HUNTING\/HER Schweiz daher \u00fcber spezifische Wege zu den f\u00fcr Sie passenden KandidatInnen. <\/p>\n<p>Ob unsere \u00fcber Jahre gewachsene Netzwerke, unsere spezifisch gepflegten Datenbanken mit etwa 2.500 F\u00fchrungs-Frauen oder unser Zielgruppen-Standing als <i><a href=\"https:\/\/ch.huntingher.com\/diversity-headhunting-pharma-chemie-industrie-finance-basel-zurich-bern\/\">&#8222;Frauen-Headhunter Nr. 1&#8220; -im Bereich Diversity-Recruiting&nbsp;in Basel, Z\u00fcrich und Bern<\/a>&nbsp;<\/i>ist HUNTING\/HER stets die entscheidende Nasenl\u00e4nge voraus.&nbsp;<\/p>\n<h6><span style=\"font-family: -apple-system, BlinkMacSystemFont, 'Segoe UI', Roboto, 'Helvetica Neue', Arial, 'Noto Sans', sans-serif; font-size: 1rem;\">Unsere Expertise:&nbsp;<\/span>Diversity-Headhunting<\/h6>\n<p>Doch auch nach der erfolgreichen Besetzung Ihrer F\u00fchrungsposition sind wir weiter auch u.a. vor Ort in Z\u00fcrich<span style=\"font-family: -apple-system, BlinkMacSystemFont, 'Segoe UI', Roboto, 'Helvetica Neue', Arial, 'Noto Sans', sans-serif; font-size: 1rem;\">&nbsp;f\u00fcr Sie da und unterst\u00fctzen Sie ebenso gerne bei der Implementierung eines nachhaltigen Kulturwandels im Unternehmen f\u00fcr effizientere Leistungen Ihrer gemischten Kaderteams.<\/span><\/p>\n<p>Aber auch wenn einmal Personalabbau und K\u00fcndigung drohen, k\u00fcmmern sich unsere Outplacement-Expertinnen am Standort Z\u00fcrich \/ Zug um das erfolgreiche NewPlacement unserer Klientinnen.<\/p>\t\t\t\t\t\t\t\t<\/div>\n\t\t\t\t<\/div>\n\t\t\t\t<div class=\"elementor-element elementor-element-e72f68d elementor-widget elementor-widget-heading\" data-id=\"e72f68d\" data-element_type=\"widget\" data-widget_type=\"heading.default\">\n\t\t\t\t<div class=\"elementor-widget-container\">\n\t\t\t\t\t<h2 class=\"elementor-heading-title elementor-size-default\">Unser Headhunting-Angebot am Standort Z\u00fcrich<\/h2>\t\t\t\t<\/div>\n\t\t\t\t<\/div>\n\t\t\t\t<div class=\"elementor-element elementor-element-9c5ef8a elementor-widget elementor-widget-text-editor\" data-id=\"9c5ef8a\" data-element_type=\"widget\" data-widget_type=\"text-editor.default\">\n\t\t\t\t<div class=\"elementor-widget-container\">\n\t\t\t\t\t\t\t\t\t<p><strong>Female Executive Search (&#8222;Frauen-Headhunting&#8220;)<\/strong><\/p>\n<p>Schon lange ist bekannt, dass ein h\u00f6herer Frauenanteil unter den Kaderkr\u00e4ften nachhaltige Vorteile auf die eigene Wettbewerbsf\u00e4higkeit hat.<\/p>\n<p>Als<span style=\"font-family: -apple-system, BlinkMacSystemFont, 'Segoe UI', Roboto, 'Helvetica Neue', Arial, 'Noto Sans', sans-serif; font-size: 1rem;\">&nbsp;erste auf <a href=\"https:\/\/ch.huntingher.com\">weibliche Kaderkr\u00e4fte spezialisierte Personalberatung<\/a> unterst\u00fctzt HUNTING\/HER HR-Partners unsere Unternehmenskunden auch als <a href=\"https:\/\/ch.huntingher.com\/executive-search-kaderkrafte-headhunter-zurich\/\">Headhunter in Z\u00fcrich<\/a> bei der Erreichung ihrer Diversity-Ziele.<\/span><\/p>\n<p><span style=\"text-decoration: underline;\"><a href=\"http:\/\/ch.huntingher.com\">Mehr erfahren<\/a><\/span><\/p><p><br><\/p>\n<p><\/p>\n<p><strong>OutPlacement-Beratung vor Ort in Z\u00fcrich<\/strong><br><strong>(&#8222;NewPlacement&#8220;)&nbsp;<\/strong><\/p>\n<p>Ob aufgrund von Personalabbau oder wenn es einfach nicht mehr passt: Wenn K\u00fcndigungen drohen, hilft professionelle OutPlacement-Beratung dabei, neue Perspektiven f\u00fcr die Betroffenen zu realisieren.<\/p>\n<p>Aufgrund dieser Win-win-Situation sind auch Z\u00fcricher Unternehmen h\u00e4ufig gerne bereit, die Honorarkosten f\u00fcr die NewPlacement-Ma\u00dfnahmen zu \u00fcbernehmen.<\/p>\n<p><span style=\"text-decoration: underline;\"><a href=\"\/outplacement-beratung\/\">Mehr erfahren<\/a><\/span><\/p>\n<p><\/p>\n<p><strong>Diversity-Consulting<br><\/strong><br>HUNTING\/HER Schweiz bietet am Standort Z\u00fcrich sowie Basel Consulting-Leistungen f\u00fcr Unternehmen, welche gezielt die Rahmenbedingungen f\u00fcr Frauen nachhaltig optimieren m\u00f6chten.<\/p>\n<p>Unsere Diversity- und Talentmanagement-Consultants unterst\u00fctzen Arbeitgeber, dabei ebenso schnelle wie auch qualitativ hochwertige Resultate zu erzielen.<\/p>\n<p><span style=\"text-decoration: underline;\"><a href=\"\/what-we-do\/diversity-consulting\/\">Mehr erfahren<\/a><\/span><\/p>\t\t\t\t\t\t\t\t<\/div>\n\t\t\t\t<\/div>\n\t\t\t\t\t<\/div>\n\t\t<\/div>\n\t\t\t\t\t<\/div>\n\t\t<\/section>\n\t\t\t\t<section class=\"elementor-section elementor-top-section elementor-element elementor-element-628190a1 elementor-section-full_width elementor-section-height-default elementor-section-height-default\" data-id=\"628190a1\" data-element_type=\"section\">\n\t\t\t\t\t\t<div class=\"elementor-container elementor-column-gap-default\">\n\t\t\t\t\t<div class=\"elementor-column elementor-col-33 elementor-top-column elementor-element elementor-element-710bcaed\" data-id=\"710bcaed\" data-element_type=\"column\" data-settings=\"{&quot;background_background&quot;:&quot;classic&quot;}\">\n\t\t\t<div class=\"elementor-widget-wrap elementor-element-populated\">\n\t\t\t\t\t<div class=\"elementor-background-overlay\"><\/div>\n\t\t\t\t\t\t<div class=\"elementor-element elementor-element-66d74f4f elementor-widget elementor-widget-heading\" data-id=\"66d74f4f\" data-element_type=\"widget\" data-widget_type=\"heading.default\">\n\t\t\t\t<div class=\"elementor-widget-container\">\n\t\t\t\t\t<h2 class=\"elementor-heading-title elementor-size-default\">Nehmen Sie gerne unverbindlich Kontakt auf:<\/h2>\t\t\t\t<\/div>\n\t\t\t\t<\/div>\n\t\t\t\t<div class=\"elementor-element elementor-element-29b563c3 elementor-button-align-stretch elementor-widget elementor-widget-form\" data-id=\"29b563c3\" data-element_type=\"widget\" data-settings=\"{&quot;step_next_label&quot;:&quot;N\\u00e4chster&quot;,&quot;step_previous_label&quot;:&quot;Voriger&quot;,&quot;_animation&quot;:&quot;none&quot;,&quot;button_width&quot;:&quot;100&quot;,&quot;step_type&quot;:&quot;number_text&quot;,&quot;step_icon_shape&quot;:&quot;circle&quot;}\" data-widget_type=\"form.default\">\n\t\t\t\t<div class=\"elementor-widget-container\">\n\t\t\t\t\t\t\t<form class=\"elementor-form\" method=\"post\" name=\"Neues Formular\" aria-label=\"Neues Formular\">\n\t\t\t<input type=\"hidden\" name=\"post_id\" value=\"2026\"\/>\n\t\t\t<input type=\"hidden\" name=\"form_id\" value=\"29b563c3\"\/>\n\t\t\t<input type=\"hidden\" name=\"referer_title\" value=\"Ihre &quot;Frauen-Headhunter&quot; in Z\u00fcrich: HUNTING\/HER - OutPlacement- &amp; Personalberatung\" \/>\n\n\t\t\t\t\t\t\t<input type=\"hidden\" name=\"queried_id\" value=\"2026\"\/>\n\t\t\t\n\t\t\t<div class=\"elementor-form-fields-wrapper elementor-labels-above\">\n\t\t\t\t\t\t\t\t<div class=\"elementor-field-type-text elementor-field-group elementor-column elementor-field-group-name elementor-col-100\">\n\t\t\t\t\t\t\t\t\t\t\t\t\t<input size=\"1\" type=\"text\" name=\"form_fields[name]\" id=\"form-field-name\" class=\"elementor-field elementor-size-sm  elementor-field-textual\" placeholder=\"Vor-\/Name\">\n\t\t\t\t\t\t\t\t\t\t\t<\/div>\n\t\t\t\t\t\t\t\t<div class=\"elementor-field-type-text elementor-field-group elementor-column elementor-field-group-field_752b0b3 elementor-col-100\">\n\t\t\t\t\t\t\t\t\t\t\t\t\t<input size=\"1\" type=\"text\" name=\"form_fields[field_752b0b3]\" id=\"form-field-field_752b0b3\" class=\"elementor-field elementor-size-sm  elementor-field-textual\" placeholder=\"Telefon\">\n\t\t\t\t\t\t\t\t\t\t\t<\/div>\n\t\t\t\t\t\t\t\t<div class=\"elementor-field-type-email elementor-field-group elementor-column elementor-field-group-email elementor-col-100 elementor-field-required\">\n\t\t\t\t\t\t\t\t\t\t\t\t\t<input size=\"1\" type=\"email\" name=\"form_fields[email]\" id=\"form-field-email\" class=\"elementor-field elementor-size-sm  elementor-field-textual\" placeholder=\"E-Mail\" required=\"required\">\n\t\t\t\t\t\t\t\t\t\t\t<\/div>\n\t\t\t\t\t\t\t\t<div class=\"elementor-field-type-textarea elementor-field-group elementor-column elementor-field-group-message elementor-col-100\">\n\t\t\t\t\t<textarea class=\"elementor-field-textual elementor-field  elementor-size-sm\" name=\"form_fields[message]\" id=\"form-field-message\" rows=\"4\" placeholder=\"Ihr Anliegen\"><\/textarea>\t\t\t\t<\/div>\n\t\t\t\t\t\t\t\t<div class=\"elementor-field-type-checkbox elementor-field-group elementor-column elementor-field-group-field_1c15de3 elementor-col-100\">\n\t\t\t\t\t<div class=\"elementor-field-subgroup  \"><span class=\"elementor-field-option\"><input type=\"checkbox\" value=\"\tDatenschutz-Hinweise: Hiermit erkl\u00e4re ich mich einverstanden, dass meine Daten elektronisch gespeichert und zum Zweck der Kontaktaufnahme verarbeitet und genutzt werden k\u00f6nnen. Mir ist bekannt, dass ich meine Einwilligung jederzeit widerrufen kann. Weitere Informationen finden Sie hier.\" id=\"form-field-field_1c15de3-0\" name=\"form_fields[field_1c15de3]\"> <label for=\"form-field-field_1c15de3-0\">\tDatenschutz-Hinweise: Hiermit erkl\u00e4re ich mich einverstanden, dass meine Daten elektronisch gespeichert und zum Zweck der Kontaktaufnahme verarbeitet und genutzt werden k\u00f6nnen. Mir ist bekannt, dass ich meine Einwilligung jederzeit widerrufen kann. Weitere Informationen finden Sie hier.<\/label><\/span><\/div>\t\t\t\t<\/div>\n\t\t\t\t\t\t\t\t<div class=\"elementor-field-group elementor-column elementor-field-type-submit elementor-col-100 e-form__buttons\">\n\t\t\t\t\t<button class=\"elementor-button elementor-size-sm elementor-animation-shrink\" type=\"submit\">\n\t\t\t\t\t\t<span class=\"elementor-button-content-wrapper\">\n\t\t\t\t\t\t\t\t\t\t\t\t\t\t\t\t\t\t\t\t\t\t<span class=\"elementor-button-text\">Senden<\/span>\n\t\t\t\t\t\t\t\t\t\t\t\t\t<\/span>\n\t\t\t\t\t<\/button>\n\t\t\t\t<\/div>\n\t\t\t<\/div>\n\t\t<\/form>\n\t\t\t\t\t\t<\/div>\n\t\t\t\t<\/div>\n\t\t\t\t\t<\/div>\n\t\t<\/div>\n\t\t\t\t<div class=\"elementor-column elementor-col-33 elementor-top-column elementor-element elementor-element-66d9187e\" data-id=\"66d9187e\" data-element_type=\"column\" data-settings=\"{&quot;background_background&quot;:&quot;classic&quot;}\">\n\t\t\t<div class=\"elementor-widget-wrap\">\n\t\t\t\t\t\t\t<\/div>\n\t\t<\/div>\n\t\t\t\t<div class=\"elementor-column elementor-col-33 elementor-top-column elementor-element elementor-element-11068b5f\" data-id=\"11068b5f\" data-element_type=\"column\" data-settings=\"{&quot;background_background&quot;:&quot;classic&quot;}\">\n\t\t\t<div class=\"elementor-widget-wrap elementor-element-populated\">\n\t\t\t\t\t\t<div class=\"elementor-element elementor-element-52c97caa elementor-widget elementor-widget-image\" data-id=\"52c97caa\" data-element_type=\"widget\" data-widget_type=\"image.default\">\n\t\t\t\t<div class=\"elementor-widget-container\">\n\t\t\t\t\t\t\t\t\t\t\t\t\t\t\t<img fetchpriority=\"high\" decoding=\"async\" width=\"600\" height=\"600\" src=\"https:\/\/huntingher.com\/wp-content\/uploads\/2020\/06\/GabyBauer-HuntingHer-Personalberatung.jpg\" class=\"attachment-large size-large wp-image-892\" alt=\"Headhunting, Karirereberatung und Outplacement-Beratung Hamburg, Bremen, Berlin, Hannover, Leipzig, Dresden, Dortmund, Essen, D\u00fcsseldorf, K\u00f6ln, Frankfurt, Stuttgart, N\u00fcrnberg, M\u00fcnchen, Z\u00fcrich\" srcset=\"https:\/\/huntingher.com\/wp-content\/uploads\/2020\/06\/GabyBauer-HuntingHer-Personalberatung.jpg 600w, https:\/\/huntingher.com\/wp-content\/uploads\/2020\/06\/GabyBauer-HuntingHer-Personalberatung-320x320.jpg 320w, https:\/\/huntingher.com\/wp-content\/uploads\/2020\/06\/GabyBauer-HuntingHer-Personalberatung-160x160.jpg 160w\" sizes=\"(max-width: 600px) 100vw, 600px\" \/>\t\t\t\t\t\t\t\t\t\t\t\t\t\t\t<\/div>\n\t\t\t\t<\/div>\n\t\t\t\t<div class=\"elementor-element elementor-element-33fabe65 elementor-widget elementor-widget-text-editor\" data-id=\"33fabe65\" data-element_type=\"widget\" data-widget_type=\"text-editor.default\">\n\t\t\t\t<div class=\"elementor-widget-container\">\n\t\t\t\t\t\t\t\t\t<p>Gerne stelle ich Ihnen den Kontakt zur passenden Ansprechperson in unserem Hause her:<\/p><p><strong>Gabriele Bauer<\/strong><br \/>Executive Assistant<\/p><p>Aus der Schweiz:<br \/>0179 125 22 50\u00a0<\/p><p>gabriele.bauer @huntingher.com<\/p>\t\t\t\t\t\t\t\t<\/div>\n\t\t\t\t<\/div>\n\t\t\t\t\t<\/div>\n\t\t<\/div>\n\t\t\t\t\t<\/div>\n\t\t<\/section>\n\t\t\t\t<\/div>\n\t\t","protected":false},"excerpt":{"rendered":"<p>https:\/\/huntingher.com\/wp-content\/uploads\/2020\/06\/outplacement-headhunting.mp4 Frauen bewegen. Uns. &#8222;&#8230;die f\u00fchrende Personalberatung f\u00fcr Frauen&#8220; &#8211; DIE ZEIT \/ DE &#8222;&#8230;liegt damit voll im Trend&#8220; &#8211; BILANZ \/ CH Ihre Headhunter in Z\u00fcrich Willkommen bei HUNTING\/HER Schweiz &#8211; Ihrer Personalberatung f\u00fcr Frauen in Z\u00fcrich und Basel. Bereits 2007 als erste Personalberatung f\u00fcr Frauen in Hamburg und Z\u00fcrich gegr\u00fcndet, ist HUNTING\/HER HR-Partners [&hellip;]<\/p>\n","protected":false},"author":2,"featured_media":0,"parent":0,"menu_order":0,"comment_status":"closed","ping_status":"closed","template":"elementor_header_footer","meta":{"footnotes":""},"class_list":["post-2026","page","type-page","status-publish","hentry"],"_links":{"self":[{"href":"https:\/\/huntingher.com\/en\/wp-json\/wp\/v2\/pages\/2026","targetHints":{"allow":["GET"]}}],"collection":[{"href":"https:\/\/huntingher.com\/en\/wp-json\/wp\/v2\/pages"}],"about":[{"href":"https:\/\/huntingher.com\/en\/wp-json\/wp\/v2\/types\/page"}],"author":[{"embeddable":true,"href":"https:\/\/huntingher.com\/en\/wp-json\/wp\/v2\/users\/2"}],"replies":[{"embeddable":true,"href":"https:\/\/huntingher.com\/en\/wp-json\/wp\/v2\/comments?post=2026"}],"version-history":[{"count":38,"href":"https:\/\/huntingher.com\/en\/wp-json\/wp\/v2\/pages\/2026\/revisions"}],"predecessor-version":[{"id":3937,"href":"https:\/\/huntingher.com\/en\/wp-json\/wp\/v2\/pages\/2026\/revisions\/3937"}],"wp:attachment":[{"href":"https:\/\/huntingher.com\/en\/wp-json\/wp\/v2\/media?parent=2026"}],"curies":[{"name":"wp","href":"https:\/\/api.w.org\/{rel}","templated":true}]}}