{"id":2022,"date":"2020-08-16T14:31:04","date_gmt":"2020-08-16T12:31:04","guid":{"rendered":"https:\/\/higher-her.com\/?page_id=2022"},"modified":"2020-09-25T11:46:40","modified_gmt":"2020-09-25T09:46:40","slug":"outplacement-beratung","status":"publish","type":"page","link":"https:\/\/huntingher.com\/en\/outplacement-beratung\/","title":{"rendered":"OutPlacement-Beratung"},"content":{"rendered":"\t\t<div data-elementor-type=\"wp-page\" data-elementor-id=\"2022\" class=\"elementor elementor-2022\" data-elementor-post-type=\"page\">\n\t\t\t\t\t\t<section class=\"elementor-section elementor-top-section elementor-element elementor-element-7fec936b elementor-section-full_width elementor-section-height-default elementor-section-height-default\" data-id=\"7fec936b\" data-element_type=\"section\">\n\t\t\t\t\t\t<div class=\"elementor-container elementor-column-gap-default\">\n\t\t\t\t\t<div class=\"elementor-column elementor-col-50 elementor-top-column elementor-element elementor-element-39b64b52\" data-id=\"39b64b52\" data-element_type=\"column\" data-settings=\"{&quot;background_background&quot;:&quot;classic&quot;}\">\n\t\t\t<div class=\"elementor-widget-wrap elementor-element-populated\">\n\t\t\t\t\t<div class=\"elementor-background-overlay\"><\/div>\n\t\t\t\t\t\t<div class=\"elementor-element elementor-element-42c583d1 elementor-widget elementor-widget-video\" data-id=\"42c583d1\" data-element_type=\"widget\" data-settings=\"{&quot;video_type&quot;:&quot;hosted&quot;,&quot;autoplay&quot;:&quot;yes&quot;,&quot;play_on_mobile&quot;:&quot;yes&quot;,&quot;loop&quot;:&quot;yes&quot;,&quot;show_image_overlay&quot;:&quot;yes&quot;,&quot;image_overlay&quot;:{&quot;url&quot;:&quot;https:\\\/\\\/huntingher.com\\\/wp-content\\\/uploads\\\/2020\\\/08\\\/headhunter-02.png&quot;,&quot;id&quot;:1939,&quot;size&quot;:&quot;&quot;}}\" data-widget_type=\"video.default\">\n\t\t\t\t<div class=\"elementor-widget-container\">\n\t\t\t\t\t\t\t<div class=\"e-hosted-video elementor-wrapper elementor-open-inline\">\n\t\t\t\t\t<video class=\"elementor-video\" src=\"https:\/\/huntingher.com\/wp-content\/uploads\/2020\/06\/outplacement-headhunting.mp4\" autoplay=\"\" loop=\"\" playsinline=\"\" controlsList=\"nodownload\"><\/video>\n\t\t\t\t\t\t<div class=\"elementor-custom-embed-image-overlay\" style=\"background-image: url(https:\/\/huntingher.com\/wp-content\/uploads\/2020\/08\/headhunter-02.png);\">\n\t\t\t\t\t\t\t\t\t\t\t\t\t\t<\/div>\n\t\t\t\t\t<\/div>\n\t\t\t\t\t\t<\/div>\n\t\t\t\t<\/div>\n\t\t\t\t<div class=\"elementor-element elementor-element-1b1c3f3 elementor-invisible elementor-widget elementor-widget-heading\" data-id=\"1b1c3f3\" data-element_type=\"widget\" data-settings=\"{&quot;_animation&quot;:&quot;fadeInLeft&quot;,&quot;_animation_delay&quot;:900}\" data-widget_type=\"heading.default\">\n\t\t\t\t<div class=\"elementor-widget-container\">\n\t\t\t\t\t<h1 class=\"elementor-heading-title elementor-size-default\">Frauen bewegen.<\/h1>\t\t\t\t<\/div>\n\t\t\t\t<\/div>\n\t\t\t\t<div class=\"elementor-element elementor-element-162c0d54 elementor-invisible elementor-widget elementor-widget-heading\" data-id=\"162c0d54\" data-element_type=\"widget\" data-settings=\"{&quot;_animation&quot;:&quot;fadeInLeft&quot;,&quot;_animation_delay&quot;:1900}\" data-widget_type=\"heading.default\">\n\t\t\t\t<div class=\"elementor-widget-container\">\n\t\t\t\t\t<h1 class=\"elementor-heading-title elementor-size-default\">Uns.<\/h1>\t\t\t\t<\/div>\n\t\t\t\t<\/div>\n\t\t\t\t<div class=\"elementor-element elementor-element-790518de elementor-widget elementor-widget-heading\" data-id=\"790518de\" data-element_type=\"widget\" data-widget_type=\"heading.default\">\n\t\t\t\t<div class=\"elementor-widget-container\">\n\t\t\t\t\t<h2 class=\"elementor-heading-title elementor-size-default\"><i>\"Deutschlands f\u00fchrende Personalberatung<br> f\u00fcr Frauen\"<\/i> - DIE ZEIT<\/h2>\t\t\t\t<\/div>\n\t\t\t\t<\/div>\n\t\t\t\t\t<\/div>\n\t\t<\/div>\n\t\t\t\t<div class=\"elementor-column elementor-col-50 elementor-top-column elementor-element elementor-element-506fc9d1\" data-id=\"506fc9d1\" data-element_type=\"column\" data-settings=\"{&quot;background_background&quot;:&quot;classic&quot;}\">\n\t\t\t<div class=\"elementor-widget-wrap elementor-element-populated\">\n\t\t\t\t\t\t<div class=\"elementor-element elementor-element-5c678fb7 elementor-widget elementor-widget-heading\" data-id=\"5c678fb7\" data-element_type=\"widget\" data-widget_type=\"heading.default\">\n\t\t\t\t<div class=\"elementor-widget-container\">\n\t\t\t\t\t<h5 class=\"elementor-heading-title elementor-size-default\">Professionelle OutPlacement-Beratung als NewPlacement: Sozialvertr\u00e4gliche Win-win-L\u00f6sung trotz K\u00fcndigung<\/h5>\t\t\t\t<\/div>\n\t\t\t\t<\/div>\n\t\t\t\t<div class=\"elementor-element elementor-element-634348b2 elementor-widget elementor-widget-heading\" data-id=\"634348b2\" data-element_type=\"widget\" data-widget_type=\"heading.default\">\n\t\t\t\t<div class=\"elementor-widget-container\">\n\t\t\t\t\t<h2 class=\"elementor-heading-title elementor-size-default\">Vorteile von Outplacement-Beratung <\/h2>\t\t\t\t<\/div>\n\t\t\t\t<\/div>\n\t\t\t\t<div class=\"elementor-element elementor-element-187adb83 elementor-widget elementor-widget-text-editor\" data-id=\"187adb83\" data-element_type=\"widget\" data-widget_type=\"text-editor.default\">\n\t\t\t\t<div class=\"elementor-widget-container\">\n\t\t\t\t\t\t\t\t\t<p>Erfolgreiche Outplacementberatung transformiert durch erfolgreiches NewPlacement die f\u00fcr alle Betroffenen &#8211; Mitarbeitende wie Unternehmen &#8211; herausfordernden Lage zu einer Win-win-Situation.<\/p><p><strong>\u00dcber 90 % Erfolgsquote seit 2012!<\/strong><\/p><p>Doch auch f\u00fcr Arbeitgeber bringen professionelle OutPlacement-Beratungen deutliche Vorteile gegen\u00fcber weniger sozialvertr\u00e4glichen Ans\u00e4tzen:<\/p><ul><li><strong>Kosteinsparungen<\/strong> <br \/>Z.B. durch Reduzierung von Restlaufzeiten, Abfindungen, K\u00fcndigungsschutzklagen und weitere Rechtsstreitigkeiten, etc.<br \/><br \/><\/li><li><strong>Diskretion<\/strong><br \/>Einvernehmliche Aufhebung statt aufreibender Verhandlungen und Prozesse<br \/><br \/><\/li><li><strong>Glaubw\u00fcrdigkeit<\/strong> <br \/>Soziale Verantwortung als praktizierte Unternehmenskultur<br \/><br \/><\/li><li><strong>Produktivit\u00e4tserhalt<\/strong><br \/>Erhalt eines loyalen und produktiven Betriebsklimas anstelle von Verunsicherungen und Loyalit\u00e4tsverlusten unter der Belegschaft<br \/><br \/><\/li><li><strong>Employer Brand<\/strong><br \/>Keine Besch\u00e4digung des Employer Brands und der Attraktivit\u00e4t als Arbeitgeber infolge negativer Schlagzeilen<\/li><\/ul><p><strong><br \/>Unsere L\u00f6sung heisst <em>(Sh)e<\/em>Placement: Professionelles NewPlacement via Internet<\/strong><\/p><p>Einzel-Outplacement ist dank durchg\u00e4ngiger Individualbetreuung maximal erfolgreich, aber kostenintensiv. Gruppen-Ma\u00dfnahmen hingegen (Gruppen-Outplacement, Transferagentur, Transfergesellschaft) sind deutlich kosten\u00e4rmer, aber erzielen meist nur \u00fcberschaubare Vermittlungsquoten.<\/p><p>Wenn sich Personalverantwortliche bei betriebsseitigen K\u00fcndigungen dennoch gegen Einzel-OutPlacement entscheiden, ist die Begr\u00fcndung eigentlich stets die hohen Kosten.<\/p><p><strong>Hier setzt unser Online-Outplacement an:<\/strong><\/p><p>(<em>Sh)e<\/em>Placement ist die effektive L\u00f6sung, welche die bew\u00e4hrte individuelle Beratung mit dem deutlichen Kostenvorteil von Gruppen-Outplacement kombiniert.<br \/><br \/>In unsere Full Service-OutPlacement-Angebot gilt selbstredend unsere NewPlacement-Garantie. Und zwar unabh\u00e4ngig davon, ob Sie in Hamburg, Hannover, Bremen, K\u00f6ln, Frankfurt, Stuttgart, M\u00fcnchen oder Z\u00fcrich sitzen.\u00a0<\/p>\t\t\t\t\t\t\t\t<\/div>\n\t\t\t\t<\/div>\n\t\t\t\t\t<\/div>\n\t\t<\/div>\n\t\t\t\t\t<\/div>\n\t\t<\/section>\n\t\t\t\t<section class=\"elementor-section elementor-top-section elementor-element elementor-element-6de78044 elementor-section-full_width elementor-section-height-default elementor-section-height-default\" data-id=\"6de78044\" data-element_type=\"section\">\n\t\t\t\t\t\t<div class=\"elementor-container elementor-column-gap-default\">\n\t\t\t\t\t<div class=\"elementor-column elementor-col-33 elementor-top-column elementor-element elementor-element-1ed051b7\" data-id=\"1ed051b7\" data-element_type=\"column\" data-settings=\"{&quot;background_background&quot;:&quot;classic&quot;}\">\n\t\t\t<div class=\"elementor-widget-wrap elementor-element-populated\">\n\t\t\t\t\t<div class=\"elementor-background-overlay\"><\/div>\n\t\t\t\t\t\t<div class=\"elementor-element elementor-element-1f83935a elementor-widget elementor-widget-heading\" data-id=\"1f83935a\" data-element_type=\"widget\" data-widget_type=\"heading.default\">\n\t\t\t\t<div class=\"elementor-widget-container\">\n\t\t\t\t\t<h2 class=\"elementor-heading-title elementor-size-default\">Nehmen Sie gerne unverbindlich Kontakt auf:<\/h2>\t\t\t\t<\/div>\n\t\t\t\t<\/div>\n\t\t\t\t<div class=\"elementor-element elementor-element-146a60ad elementor-button-align-stretch elementor-widget elementor-widget-form\" data-id=\"146a60ad\" data-element_type=\"widget\" data-settings=\"{&quot;step_next_label&quot;:&quot;N\\u00e4chster&quot;,&quot;step_previous_label&quot;:&quot;Voriger&quot;,&quot;_animation&quot;:&quot;none&quot;,&quot;button_width&quot;:&quot;100&quot;,&quot;step_type&quot;:&quot;number_text&quot;,&quot;step_icon_shape&quot;:&quot;circle&quot;}\" data-widget_type=\"form.default\">\n\t\t\t\t<div class=\"elementor-widget-container\">\n\t\t\t\t\t\t\t<form class=\"elementor-form\" method=\"post\" name=\"Neues Formular\" aria-label=\"Neues Formular\">\n\t\t\t<input type=\"hidden\" name=\"post_id\" value=\"2022\"\/>\n\t\t\t<input type=\"hidden\" name=\"form_id\" value=\"146a60ad\"\/>\n\t\t\t<input type=\"hidden\" name=\"referer_title\" value=\"OutPlacement-Beratung - HuntingHer\" \/>\n\n\t\t\t\t\t\t\t<input type=\"hidden\" name=\"queried_id\" value=\"2022\"\/>\n\t\t\t\n\t\t\t<div class=\"elementor-form-fields-wrapper elementor-labels-above\">\n\t\t\t\t\t\t\t\t<div class=\"elementor-field-type-text elementor-field-group elementor-column elementor-field-group-name elementor-col-100\">\n\t\t\t\t\t\t\t\t\t\t\t\t\t<input size=\"1\" type=\"text\" name=\"form_fields[name]\" id=\"form-field-name\" class=\"elementor-field elementor-size-sm  elementor-field-textual\" placeholder=\"Vor-\/Name\">\n\t\t\t\t\t\t\t\t\t\t\t<\/div>\n\t\t\t\t\t\t\t\t<div class=\"elementor-field-type-text elementor-field-group elementor-column elementor-field-group-field_752b0b3 elementor-col-100\">\n\t\t\t\t\t\t\t\t\t\t\t\t\t<input size=\"1\" type=\"text\" name=\"form_fields[field_752b0b3]\" id=\"form-field-field_752b0b3\" class=\"elementor-field elementor-size-sm  elementor-field-textual\" placeholder=\"Telefon\">\n\t\t\t\t\t\t\t\t\t\t\t<\/div>\n\t\t\t\t\t\t\t\t<div class=\"elementor-field-type-email elementor-field-group elementor-column elementor-field-group-email elementor-col-100 elementor-field-required\">\n\t\t\t\t\t\t\t\t\t\t\t\t\t<input size=\"1\" type=\"email\" name=\"form_fields[email]\" id=\"form-field-email\" class=\"elementor-field elementor-size-sm  elementor-field-textual\" placeholder=\"E-Mail\" required=\"required\">\n\t\t\t\t\t\t\t\t\t\t\t<\/div>\n\t\t\t\t\t\t\t\t<div class=\"elementor-field-type-textarea elementor-field-group elementor-column elementor-field-group-message elementor-col-100\">\n\t\t\t\t\t<textarea class=\"elementor-field-textual elementor-field  elementor-size-sm\" name=\"form_fields[message]\" id=\"form-field-message\" rows=\"4\" placeholder=\"Ihr Anliegen\"><\/textarea>\t\t\t\t<\/div>\n\t\t\t\t\t\t\t\t<div class=\"elementor-field-type-checkbox elementor-field-group elementor-column elementor-field-group-field_1c15de3 elementor-col-100\">\n\t\t\t\t\t<div class=\"elementor-field-subgroup  \"><span class=\"elementor-field-option\"><input type=\"checkbox\" value=\"\tDatenschutz-Hinweise: Hiermit erkl\u00e4re ich mich einverstanden, dass meine Daten elektronisch gespeichert und zum Zweck der Kontaktaufnahme verarbeitet und genutzt werden k\u00f6nnen. Mir ist bekannt, dass ich meine Einwilligung jederzeit widerrufen kann. Weitere Informationen finden Sie hier.\" id=\"form-field-field_1c15de3-0\" name=\"form_fields[field_1c15de3]\"> <label for=\"form-field-field_1c15de3-0\">\tDatenschutz-Hinweise: Hiermit erkl\u00e4re ich mich einverstanden, dass meine Daten elektronisch gespeichert und zum Zweck der Kontaktaufnahme verarbeitet und genutzt werden k\u00f6nnen. Mir ist bekannt, dass ich meine Einwilligung jederzeit widerrufen kann. Weitere Informationen finden Sie hier.<\/label><\/span><\/div>\t\t\t\t<\/div>\n\t\t\t\t\t\t\t\t<div class=\"elementor-field-group elementor-column elementor-field-type-submit elementor-col-100 e-form__buttons\">\n\t\t\t\t\t<button class=\"elementor-button elementor-size-sm elementor-animation-shrink\" type=\"submit\">\n\t\t\t\t\t\t<span class=\"elementor-button-content-wrapper\">\n\t\t\t\t\t\t\t\t\t\t\t\t\t\t\t\t\t\t\t\t\t\t<span class=\"elementor-button-text\">Senden<\/span>\n\t\t\t\t\t\t\t\t\t\t\t\t\t<\/span>\n\t\t\t\t\t<\/button>\n\t\t\t\t<\/div>\n\t\t\t<\/div>\n\t\t<\/form>\n\t\t\t\t\t\t<\/div>\n\t\t\t\t<\/div>\n\t\t\t\t\t<\/div>\n\t\t<\/div>\n\t\t\t\t<div class=\"elementor-column elementor-col-33 elementor-top-column elementor-element elementor-element-dd71679\" data-id=\"dd71679\" data-element_type=\"column\" data-settings=\"{&quot;background_background&quot;:&quot;classic&quot;}\">\n\t\t\t<div class=\"elementor-widget-wrap\">\n\t\t\t\t\t\t\t<\/div>\n\t\t<\/div>\n\t\t\t\t<div class=\"elementor-column elementor-col-33 elementor-top-column elementor-element elementor-element-43340424\" data-id=\"43340424\" data-element_type=\"column\" data-settings=\"{&quot;background_background&quot;:&quot;classic&quot;}\">\n\t\t\t<div class=\"elementor-widget-wrap elementor-element-populated\">\n\t\t\t\t\t\t<div class=\"elementor-element elementor-element-42c13df9 elementor-widget elementor-widget-image\" data-id=\"42c13df9\" data-element_type=\"widget\" data-widget_type=\"image.default\">\n\t\t\t\t<div class=\"elementor-widget-container\">\n\t\t\t\t\t\t\t\t\t\t\t\t\t\t\t<img fetchpriority=\"high\" decoding=\"async\" width=\"600\" height=\"600\" src=\"https:\/\/huntingher.com\/wp-content\/uploads\/2020\/06\/GabyBauer-HuntingHer-Personalberatung.jpg\" class=\"attachment-large size-large wp-image-892\" alt=\"Headhunting, Karirereberatung und Outplacement-Beratung Hamburg, Bremen, Berlin, Hannover, Leipzig, Dresden, Dortmund, Essen, D\u00fcsseldorf, K\u00f6ln, Frankfurt, Stuttgart, N\u00fcrnberg, M\u00fcnchen, Z\u00fcrich\" srcset=\"https:\/\/huntingher.com\/wp-content\/uploads\/2020\/06\/GabyBauer-HuntingHer-Personalberatung.jpg 600w, https:\/\/huntingher.com\/wp-content\/uploads\/2020\/06\/GabyBauer-HuntingHer-Personalberatung-320x320.jpg 320w, https:\/\/huntingher.com\/wp-content\/uploads\/2020\/06\/GabyBauer-HuntingHer-Personalberatung-160x160.jpg 160w\" sizes=\"(max-width: 600px) 100vw, 600px\" \/>\t\t\t\t\t\t\t\t\t\t\t\t\t\t\t<\/div>\n\t\t\t\t<\/div>\n\t\t\t\t<div class=\"elementor-element elementor-element-5fd9f53c elementor-widget elementor-widget-text-editor\" data-id=\"5fd9f53c\" data-element_type=\"widget\" data-widget_type=\"text-editor.default\">\n\t\t\t\t<div class=\"elementor-widget-container\">\n\t\t\t\t\t\t\t\t\t<p>Gerne stelle ich Ihnen den Kontakt zur passenden Ansprechperson in unserem Hause her:<\/p><p><strong>Gabriele Bauer<\/strong><br \/>Executive Assistant<\/p><p>Aus Deutschland:\u00a0<br \/><span style=\"font-size: 1rem;\">0800\/85 20 30 5<\/span><\/p><p>Aus der Schweiz:<br \/>0179 125 22 50\u00a0<\/p><p>gabriele.bauer @huntingher.com<\/p>\t\t\t\t\t\t\t\t<\/div>\n\t\t\t\t<\/div>\n\t\t\t\t\t<\/div>\n\t\t<\/div>\n\t\t\t\t\t<\/div>\n\t\t<\/section>\n\t\t\t\t<\/div>\n\t\t","protected":false},"excerpt":{"rendered":"<p>https:\/\/higher-her.com\/wp-content\/uploads\/2020\/06\/outplacement-headhunting.mp4 Frauen bewegen. Uns. &#8222;Deutschlands f\u00fchrende Personalberatung f\u00fcr Frauen&#8220; &#8211; DIE ZEIT Professionelle OutPlacement-Beratung als NewPlacement: Sozialvertr\u00e4gliche Win-win-L\u00f6sung trotz K\u00fcndigung Vorteile von Outplacement-Beratung Erfolgreiche Outplacementberatung transformiert durch erfolgreiches NewPlacement die f\u00fcr alle Betroffenen &#8211; Mitarbeitende wie Unternehmen &#8211; herausfordernden Lage zu einer Win-win-Situation. \u00dcber 90 % Erfolgsquote seit 2012! Doch auch f\u00fcr Arbeitgeber bringen professionelle [&hellip;]<\/p>\n","protected":false},"author":2,"featured_media":0,"parent":0,"menu_order":0,"comment_status":"closed","ping_status":"closed","template":"elementor_header_footer","meta":{"footnotes":""},"class_list":["post-2022","page","type-page","status-publish","hentry"],"_links":{"self":[{"href":"https:\/\/huntingher.com\/en\/wp-json\/wp\/v2\/pages\/2022","targetHints":{"allow":["GET"]}}],"collection":[{"href":"https:\/\/huntingher.com\/en\/wp-json\/wp\/v2\/pages"}],"about":[{"href":"https:\/\/huntingher.com\/en\/wp-json\/wp\/v2\/types\/page"}],"author":[{"embeddable":true,"href":"https:\/\/huntingher.com\/en\/wp-json\/wp\/v2\/users\/2"}],"replies":[{"embeddable":true,"href":"https:\/\/huntingher.com\/en\/wp-json\/wp\/v2\/comments?post=2022"}],"version-history":[{"count":4,"href":"https:\/\/huntingher.com\/en\/wp-json\/wp\/v2\/pages\/2022\/revisions"}],"predecessor-version":[{"id":2557,"href":"https:\/\/huntingher.com\/en\/wp-json\/wp\/v2\/pages\/2022\/revisions\/2557"}],"wp:attachment":[{"href":"https:\/\/huntingher.com\/en\/wp-json\/wp\/v2\/media?parent=2022"}],"curies":[{"name":"wp","href":"https:\/\/api.w.org\/{rel}","templated":true}]}}