{"id":1982,"date":"2020-08-15T20:17:12","date_gmt":"2020-08-15T18:17:12","guid":{"rendered":"https:\/\/higher-her.com\/?page_id=1982"},"modified":"2025-01-24T09:28:10","modified_gmt":"2025-01-24T08:28:10","slug":"headhunter","status":"publish","type":"page","link":"https:\/\/huntingher.com\/en\/headhunter\/","title":{"rendered":"Hunting\/Her wird Teil von  global f\u00fchrende Executive Search-Beratung : &#8222;Weltweit  f\u00fchrende Personalberatung steigt beim Headhunter f\u00fcr Frauen ein&#8220;"},"content":{"rendered":"<div data-elementor-type=\"wp-page\" data-elementor-id=\"1982\" class=\"elementor elementor-1982\" data-elementor-post-type=\"page\">\n\t\t\t\t\t\t<section class=\"elementor-section elementor-top-section elementor-element elementor-element-97b989e elementor-section-boxed elementor-section-height-default elementor-section-height-default\" data-id=\"97b989e\" data-element_type=\"section\">\n\t\t\t\t\t\t<div class=\"elementor-container elementor-column-gap-default\">\n\t\t\t\t\t<div class=\"elementor-column elementor-col-100 elementor-top-column elementor-element elementor-element-b06e3d4\" data-id=\"b06e3d4\" data-element_type=\"column\">\n\t\t\t<div class=\"elementor-widget-wrap elementor-element-populated\">\n\t\t\t\t\t\t<div class=\"elementor-element elementor-element-c01154f elementor-widget elementor-widget-heading\" data-id=\"c01154f\" data-element_type=\"widget\" data-widget_type=\"heading.default\">\n\t\t\t\t<div class=\"elementor-widget-container\">\n\t\t\t\t\t<h2 class=\"elementor-heading-title elementor-size-default\">Diversity-Headhunter baut Pr\u00e4senz in den Finanz- &amp; Bank-Metropolen aus<\/h2>\t\t\t\t<\/div>\n\t\t\t\t<\/div>\n\t\t\t\t<section class=\"elementor-section elementor-inner-section elementor-element elementor-element-693e161 elementor-section-boxed elementor-section-height-default elementor-section-height-default\" data-id=\"693e161\" data-element_type=\"section\">\n\t\t\t\t\t\t<div class=\"elementor-container elementor-column-gap-default\">\n\t\t\t\t\t<div class=\"elementor-column elementor-col-50 elementor-inner-column elementor-element elementor-element-b843382\" data-id=\"b843382\" data-element_type=\"column\">\n\t\t\t<div class=\"elementor-widget-wrap elementor-element-populated\">\n\t\t\t\t\t\t<div class=\"elementor-element elementor-element-30f846d elementor-widget elementor-widget-text-editor\" data-id=\"30f846d\" data-element_type=\"widget\" data-widget_type=\"text-editor.default\">\n\t\t\t\t<div class=\"elementor-widget-container\">\n\t\t\t\t\t\t\t\t\t<p><span style=\"font-family: -apple-system, BlinkMacSystemFont, 'Segoe UI', Roboto, 'Helvetica Neue', Arial, 'Noto Sans', sans-serif; font-size: 1rem;\"><b>Z\u00fcrich \/ Frankfurt am Main. Die f\u00fchrende auf Diversity-Recruiting fokussierte ExecutiveSearch-Personalberatung HuntingHer HR-Partners verst\u00e4rkt ihre Standorte in der Schweiz an den beiden Banking- und Finance-<a href=\"https:\/\/huntingher.ch\" target=\"_blank\" rel=\"noopener\">Standorten Z\u00fcrich in der Schweiz<\/a> sowie in Frankfurt am Main.&nbsp;<\/b><\/span><\/p>\n<p><b>Schweizer Banking-Expertin verst\u00e4rkt den Standort Z\u00fcrich<\/b><\/p>\n<p>In dem&nbsp; direkt am Ufer des Z\u00fcrichsees gelegenen Office bietet die Personalberatung&nbsp; mit der erfahrenen Banking- und Karriereexpertin Patricia Weiss zielgerichteten Beratungsans\u00e4tze an; neben dem Bereich <i><a href=\"https:\/\/huntingher.com\/en\/outplacement-kariereberatung-headhunter-in-zuerich\/\">Diversity-Executive Search (&#8222;Diversity-Headhunting&#8220;)<\/a><\/i> auch Coaching-Leistungen von beruflichen Standortbestimmungen&nbsp; \u00fcber&nbsp; die individuelle Laufbahnberatung bis zu <a href=\"https:\/\/ch.huntingher.com\/coaching-fur-frauen-zurich-basel\/\">Outplacement- &amp; Karrierecoaching<\/a>.&nbsp;<\/p>\n<p>Nach nahezu 15 Jahren als Personalverantwortliche im Finance-Bereich in Z\u00fcrich, u.a. bei Z\u00fcrcher Kantonalbank und der&nbsp;<span style=\"font-family: -apple-system, BlinkMacSystemFont, 'Segoe UI', Roboto, 'Helvetica Neue', Arial, 'Noto Sans', sans-serif; font-size: 1rem;\"><a href=\"https:\/\/www.swissre.com\/about-us\/diversity-inclusion-in-Swiss-Re.html\" target=\"_blank\" rel=\"noopener\">Swiss Re<\/a><\/span><span style=\"font-family: -apple-system, BlinkMacSystemFont, 'Segoe UI', Roboto, 'Helvetica Neue', Arial, 'Noto Sans', sans-serif; font-size: 1rem;\">&nbsp;weiss die&nbsp;<\/span><span style=\"font-family: -apple-system, BlinkMacSystemFont, 'Segoe UI', Roboto, 'Helvetica Neue', Arial, 'Noto Sans', sans-serif; font-size: 1rem;\">&nbsp;ausgebildete Bewerbungs- und Laufbahnberaterin genau um die Situationen und Herausforderungen ihrer Klientel insbesondere innerhalb des <a href=\"https:\/\/www.presseportal-schweiz.ch\/pressemeldungen\/fuehrender-headhunter-fuer-frauen-baut-den-standort-zuerich-aus\" target=\"_blank\" rel=\"noopener\">Headhunting Finance-Bereichs in Z\u00fcrich<\/a> und Frankfurt am Main.&nbsp;<\/span><\/p>\n<p><\/p>\t\t\t\t\t\t\t\t<\/div>\n\t\t\t\t<\/div>\n\t\t\t\t\t<\/div>\n\t\t<\/div>\n\t\t\t\t<div class=\"elementor-column elementor-col-50 elementor-inner-column elementor-element elementor-element-297d2bf\" data-id=\"297d2bf\" data-element_type=\"column\">\n\t\t\t<div class=\"elementor-widget-wrap elementor-element-populated\">\n\t\t\t\t\t\t<div class=\"elementor-element elementor-element-2d32654 elementor-widget elementor-widget-image\" data-id=\"2d32654\" data-element_type=\"widget\" data-widget_type=\"image.default\">\n\t\t\t\t<div class=\"elementor-widget-container\">\n\t\t\t\t\t\t\t\t\t\t\t\t\t\t\t<img fetchpriority=\"high\" decoding=\"async\" width=\"700\" height=\"474\" src=\"https:\/\/huntingher.com\/wp-content\/uploads\/2021\/11\/Headhunter-HuntingHer-Personalberatung-1.jpg\" class=\"attachment-large size-large wp-image-3657\" alt=\"HuntingHer-Diversity-Headhunter: Unser Executive Search-Team f\u00fcr Stuttgart und Karlsruhe.\" srcset=\"https:\/\/huntingher.com\/wp-content\/uploads\/2021\/11\/Headhunter-HuntingHer-Personalberatung-1.jpg 700w, https:\/\/huntingher.com\/wp-content\/uploads\/2021\/11\/Headhunter-HuntingHer-Personalberatung-1-320x217.jpg 320w\" sizes=\"(max-width: 700px) 100vw, 700px\" \/>\t\t\t\t\t\t\t\t\t\t\t\t\t\t\t<\/div>\n\t\t\t\t<\/div>\n\t\t\t\t\t<\/div>\n\t\t<\/div>\n\t\t\t\t\t<\/div>\n\t\t<\/section>\n\t\t\t\t<div class=\"elementor-element elementor-element-cf4f179 elementor-widget elementor-widget-heading\" data-id=\"cf4f179\" data-element_type=\"widget\" data-widget_type=\"heading.default\">\n\t\t\t\t<div class=\"elementor-widget-container\">\n\t\t\t\t\t<h5 class=\"elementor-heading-title elementor-size-default\">Brigitte-Studie 2020<\/h5>\t\t\t\t<\/div>\n\t\t\t\t<\/div>\n\t\t\t\t<div class=\"elementor-element elementor-element-7c2183d elementor-widget elementor-widget-heading\" data-id=\"7c2183d\" data-element_type=\"widget\" data-widget_type=\"heading.default\">\n\t\t\t\t<div class=\"elementor-widget-container\">\n\t\t\t\t\t<h2 class=\"elementor-heading-title elementor-size-default\">Headhunter HUNTING\/HER unter Deutschlands frauenfreundlichsten Arbeitgebern<\/h2>\t\t\t\t<\/div>\n\t\t\t\t<\/div>\n\t\t\t\t<div class=\"elementor-element elementor-element-c3e545d elementor-widget elementor-widget-text-editor\" data-id=\"c3e545d\" data-element_type=\"widget\" data-widget_type=\"text-editor.default\">\n\t\t\t\t<div class=\"elementor-widget-container\">\n\t\t\t\t\t\t\t\t\t<p><strong style=\"font-family: 'Times New Roman', serif; font-size: 12pt;\"><em><span style=\"font-size: 11pt; font-family: 'Avenir Book';\">Hamburg \/ D\u00fcsseldorf. Die auf Frauen fokussierte&nbsp;Personalberatung<\/span><span style=\"font-size: 11pt; font-family: 'Avenir Book';\">&nbsp;HUNTING\/HER&nbsp;wurde im Rahmen einer Studie der Zeitschrift BRIGITTE als einer der \u201e<\/span><a style=\"color: #0563c1; text-decoration-line: underline;\" href=\"http:\/\/www.brigitte.de\/bestearbeitgeber\" target=\"_blank\" rel=\"noopener\"><span style=\"font-size: 11pt; font-family: 'Avenir Book'; color: windowtext;\">besten Arbeitgeber f\u00fcr Frauen 2020<\/span><\/a><span style=\"font-size: 11pt; font-family: 'Avenir Book';\">\u201c ausgezeichnet.&nbsp;<\/span><\/em><\/strong><\/p>\n<p style=\"margin-right: 0cm; margin-left: 0cm; font-size: 12pt; font-family: 'Times New Roman', serif; caret-color: #000000; color: #000000; text-size-adjust: auto;\"><span style=\"font-size: 11pt; font-family: 'Avenir Book';\">Die namhaft besetzte Jury bestand dabei aus so erfahrenen Top-Managerinnen wie der ehemaligen&nbsp;<\/span><a style=\"color: #0563c1; text-decoration-line: underline;\" href=\"http:\/\/www.siemens.com\/\" target=\"_blank\" rel=\"noopener\"><span style=\"font-size: 11pt; font-family: 'Avenir Book'; color: windowtext;\">SIEMEN<\/span><\/a><span style=\"font-size: 11pt; font-family: 'Avenir Book';\">S-Vorst\u00e4ndin Janina Kugel und ex-<\/span><a style=\"color: #0563c1; text-decoration-line: underline;\" href=\"http:\/\/www.allianz.com\/\" target=\"_blank\" rel=\"noopener\"><span style=\"font-size: 11pt; font-family: 'Avenir Book'; color: windowtext;\">ALLIANZ<\/span><\/a><span style=\"font-size: 11pt; font-family: 'Avenir Book';\">-CHRO&nbsp;<strong><span style=\"font-weight: normal;\">Ana-Cristina Grohnert<\/span><\/strong><b>,&nbsp;<\/b>heute Vorstandsvorsitzende der Arbeitgeberinitiative Charta der Vielfalt. Erg\u00e4nzt wurde das Expertinnnen-Gremium durch Katharina Wrolich, Leiterin der Forschungsgruppe Gender Economics am DIW, Henrike von Platen, Gesch\u00e4ftsf\u00fchrerin der&nbsp;<\/span><a style=\"color: #0563c1; text-decoration-line: underline;\" href=\"https:\/\/www.fpi-lab.org\/\" target=\"_blank\" rel=\"noopener\"><span style=\"font-size: 11pt; font-family: 'Avenir Book'; color: windowtext;\">FPI Innovation<\/span><\/a><span style=\"font-size: 11pt; font-family: 'Avenir Book';\">&nbsp;Lab gGmbH, sowie der Susanne H\u00fcsemann, CEO vom Bundesverband f\u00fcr Employer Branding.&nbsp;<\/span><\/p>\n<p style=\"margin-right: 0cm; margin-left: 0cm; font-size: 12pt; font-family: 'Times New Roman', serif; caret-color: #000000; color: #000000; text-size-adjust: auto;\"><span style=\"font-size: 11pt; font-family: 'Avenir Book';\">Die Beurteilung der teilnehmenden Arbeitgeber war dabei gegliedert in f\u00fcnf verschiedene Bereiche:&nbsp;<\/span><\/p>\n<p style=\"margin-right: 0cm; margin-left: 0cm; font-size: 12pt; font-family: 'Times New Roman', serif; caret-color: #000000; color: #000000; text-size-adjust: auto;\"><span style=\"color: #333333; font-family: -apple-system, BlinkMacSystemFont, 'Segoe UI', Roboto, 'Helvetica Neue', Arial, 'Noto Sans', sans-serif; font-size: 1rem;\">&#8211; Ma\u00dfnahmen zur Vereinbarkeit von Beruf und Familie&nbsp;<br><\/span><span style=\"color: #333333; font-family: -apple-system, BlinkMacSystemFont, 'Segoe UI', Roboto, 'Helvetica Neue', Arial, 'Noto Sans', sans-serif; font-size: 1rem;\">&#8211; Flexibilit\u00e4t der Arbeit&nbsp;<br><\/span><span style=\"color: #333333; font-family: -apple-system, BlinkMacSystemFont, 'Segoe UI', Roboto, 'Helvetica Neue', Arial, 'Noto Sans', sans-serif; font-size: 1rem;\">&#8211; Ma\u00dfnahmen zur F\u00f6rderung von Frauen-Karrieren&nbsp;<br><\/span><span style=\"color: rgb(51, 51, 51); font-family: -apple-system, BlinkMacSystemFont, &quot;Segoe UI&quot;, Roboto, &quot;Helvetica Neue&quot;, Arial, &quot;Noto Sans&quot;, sans-serif; font-size: 1rem;\">&#8211; Stellenwert von Transparenz<br><\/span><span style=\"color: rgb(51, 51, 51); font-family: -apple-system, BlinkMacSystemFont, &quot;Segoe UI&quot;, Roboto, &quot;Helvetica Neue&quot;, Arial, &quot;Noto Sans&quot;, sans-serif; font-size: 1rem;\">&#8211; Gleichstellung von Frauen im Betrieb<\/span><\/p>\n<p>Je Bewertungskriterium waren jeweils bis zu f\u00fcnf Punkte zu vergeben, wobei 4 bzw. 5 Punkten einem gutem bzw. sehr guten Angebot f\u00fcr Frauen entsprechen.&nbsp;<b><\/b><\/p>\n<p style=\"margin-right: 0cm; margin-left: 0cm; font-size: 12pt; font-family: 'Times New Roman', serif; caret-color: #000000; color: #000000; text-size-adjust: auto;\"><b><i><span style=\"font-size: 11pt; font-family: 'Avenir Book';\">\u201eVon einer Personalberatung f\u00fcr Frauen darf zurecht erwartet werden, dass man um den Wert einer frauen-freundlichen Unternehmenskultur wei\u00df\u201c<\/span><\/i><\/b><\/p>\n<p>\u201eF\u00fcr eine Personalberatung unserer Gr\u00f6\u00dfe ist es selbstverst\u00e4ndlich \u00fcberaus ehrenvoll, HUNTING\/HER unter den frauenfreundlichsten Unternehmen Deutschlands zu wissen\u201c so Headhunter Regina Lindner, Managing Partner der Personalberatung. Jedoch d\u00fcrfe bei einer Personalberatung f\u00fcr Frauen durchaus auch vorausgesetzt werden, dass hier um den Wert einer frauenfreundlichen Unternehmens- und Arbeitskultur gewusst wird.&nbsp;<\/p>\t\t\t\t\t\t\t\t<\/div>\n\t\t\t\t<\/div>\n\t\t\t\t<div class=\"elementor-element elementor-element-32e8d79 elementor-widget-divider--view-line elementor-widget elementor-widget-divider\" data-id=\"32e8d79\" data-element_type=\"widget\" data-widget_type=\"divider.default\">\n\t\t\t\t<div class=\"elementor-widget-container\">\n\t\t\t\t\t\t\t<div class=\"elementor-divider\">\n\t\t\t<span class=\"elementor-divider-separator\">\n\t\t\t\t\t\t<\/span>\n\t\t<\/div>\n\t\t\t\t\t\t<\/div>\n\t\t\t\t<\/div>\n\t\t\t\t\t<\/div>\n\t\t<\/div>\n\t\t\t\t\t<\/div>\n\t\t<\/section>\n\t\t\t\t<section class=\"elementor-section elementor-top-section elementor-element elementor-element-fd9b32f elementor-section-boxed elementor-section-height-default elementor-section-height-default\" data-id=\"fd9b32f\" data-element_type=\"section\">\n\t\t\t\t\t\t<div class=\"elementor-container elementor-column-gap-default\">\n\t\t\t\t\t<div class=\"elementor-column elementor-col-50 elementor-top-column elementor-element elementor-element-a19abe4\" data-id=\"a19abe4\" data-element_type=\"column\">\n\t\t\t<div class=\"elementor-widget-wrap elementor-element-populated\">\n\t\t\t\t\t\t<div class=\"elementor-element elementor-element-6538dfd elementor-widget elementor-widget-image\" data-id=\"6538dfd\" data-element_type=\"widget\" data-widget_type=\"image.default\">\n\t\t\t\t<div class=\"elementor-widget-container\">\n\t\t\t\t\t\t\t\t\t\t\t\t\t\t\t<img decoding=\"async\" width=\"600\" height=\"600\" src=\"https:\/\/huntingher.com\/wp-content\/uploads\/2020\/06\/GabyBauer-HuntingHer-Personalberatung.jpg\" class=\"attachment-large size-large wp-image-892\" alt=\"Headhunting, Karirereberatung und Outplacement-Beratung Hamburg, Bremen, Berlin, Hannover, Leipzig, Dresden, Dortmund, Essen, D\u00fcsseldorf, K\u00f6ln, Frankfurt, Stuttgart, N\u00fcrnberg, M\u00fcnchen, Z\u00fcrich\" srcset=\"https:\/\/huntingher.com\/wp-content\/uploads\/2020\/06\/GabyBauer-HuntingHer-Personalberatung.jpg 600w, https:\/\/huntingher.com\/wp-content\/uploads\/2020\/06\/GabyBauer-HuntingHer-Personalberatung-320x320.jpg 320w, https:\/\/huntingher.com\/wp-content\/uploads\/2020\/06\/GabyBauer-HuntingHer-Personalberatung-160x160.jpg 160w\" sizes=\"(max-width: 600px) 100vw, 600px\" \/>\t\t\t\t\t\t\t\t\t\t\t\t\t\t\t<\/div>\n\t\t\t\t<\/div>\n\t\t\t\t\t<\/div>\n\t\t<\/div>\n\t\t\t\t<div class=\"elementor-column elementor-col-50 elementor-top-column elementor-element elementor-element-a4c1eda\" data-id=\"a4c1eda\" data-element_type=\"column\">\n\t\t\t<div class=\"elementor-widget-wrap elementor-element-populated\">\n\t\t\t\t\t\t<div class=\"elementor-element elementor-element-c36e907 elementor-widget elementor-widget-text-editor\" data-id=\"c36e907\" data-element_type=\"widget\" data-widget_type=\"text-editor.default\">\n\t\t\t\t<div class=\"elementor-widget-container\">\n\t\t\t\t\t\t\t\t\t<p><strong>Presskontakt<\/strong><br \/>I will be happy to put you in touch with the right contact person at our company:<\/p><p><strong>Gabriele Bauer<\/strong><br \/>Executive Assistant<\/p><p>Aus Deutschland:\u00a0<br \/><span style=\"font-size: 1rem;\">0800\/85 20 30 5<\/span><\/p><p>Aus der Schweiz:<br \/>0179 125 22 50\u00a0<br \/>gabriele.bauer @huntingher.com<\/p>\t\t\t\t\t\t\t\t<\/div>\n\t\t\t\t<\/div>\n\t\t\t\t\t<\/div>\n\t\t<\/div>\n\t\t\t\t\t<\/div>\n\t\t<\/section>\n\t\t\t\t<\/div>","protected":false},"excerpt":{"rendered":"<p>Diversity-Headhunter baut Pr\u00e4senz in den Finanz- &amp; Bank-Metropolen aus Z\u00fcrich \/ Frankfurt am Main. Die f\u00fchrende auf Diversity-Recruiting fokussierte ExecutiveSearch-Personalberatung HuntingHer HR-Partners verst\u00e4rkt ihre Standorte in der Schweiz an den beiden Banking- und Finance-Standorten Z\u00fcrich in der Schweiz sowie in Frankfurt am Main.&nbsp; Schweizer Banking-Expertin verst\u00e4rkt den Standort Z\u00fcrich In dem&nbsp; direkt am Ufer des [&hellip;]<\/p>\n","protected":false},"author":2,"featured_media":0,"parent":0,"menu_order":0,"comment_status":"closed","ping_status":"closed","template":"elementor_header_footer","meta":{"footnotes":""},"class_list":["post-1982","page","type-page","status-publish","hentry"],"_links":{"self":[{"href":"https:\/\/huntingher.com\/en\/wp-json\/wp\/v2\/pages\/1982","targetHints":{"allow":["GET"]}}],"collection":[{"href":"https:\/\/huntingher.com\/en\/wp-json\/wp\/v2\/pages"}],"about":[{"href":"https:\/\/huntingher.com\/en\/wp-json\/wp\/v2\/types\/page"}],"author":[{"embeddable":true,"href":"https:\/\/huntingher.com\/en\/wp-json\/wp\/v2\/users\/2"}],"replies":[{"embeddable":true,"href":"https:\/\/huntingher.com\/en\/wp-json\/wp\/v2\/comments?post=1982"}],"version-history":[{"count":44,"href":"https:\/\/huntingher.com\/en\/wp-json\/wp\/v2\/pages\/1982\/revisions"}],"predecessor-version":[{"id":5301,"href":"https:\/\/huntingher.com\/en\/wp-json\/wp\/v2\/pages\/1982\/revisions\/5301"}],"wp:attachment":[{"href":"https:\/\/huntingher.com\/en\/wp-json\/wp\/v2\/media?parent=1982"}],"curies":[{"name":"wp","href":"https:\/\/api.w.org\/{rel}","templated":true}]}}