{"id":1978,"date":"2020-08-07T15:18:20","date_gmt":"2020-08-07T13:18:20","guid":{"rendered":"https:\/\/higher-her.com\/?page_id=1978"},"modified":"2020-09-07T17:42:25","modified_gmt":"2020-09-07T15:42:25","slug":"outplacement-berlin","status":"publish","type":"page","link":"https:\/\/huntingher.com\/en\/outplacement-berlin\/","title":{"rendered":"Outplacement Berlin"},"content":{"rendered":"\t\t<div data-elementor-type=\"wp-page\" data-elementor-id=\"1978\" class=\"elementor elementor-1978\" data-elementor-post-type=\"page\">\n\t\t\t\t\t\t<section class=\"elementor-section elementor-top-section elementor-element elementor-element-53982f85 elementor-section-full_width elementor-section-height-default elementor-section-height-default\" data-id=\"53982f85\" data-element_type=\"section\" data-e-type=\"section\">\n\t\t\t\t\t\t<div class=\"elementor-container elementor-column-gap-default\">\n\t\t\t\t\t<div class=\"elementor-column elementor-col-50 elementor-top-column elementor-element elementor-element-5cd9c3a\" data-id=\"5cd9c3a\" data-element_type=\"column\" data-e-type=\"column\" data-settings=\"{&quot;background_background&quot;:&quot;classic&quot;}\">\n\t\t\t<div class=\"elementor-widget-wrap elementor-element-populated\">\n\t\t\t\t\t<div class=\"elementor-background-overlay\"><\/div>\n\t\t\t\t\t\t<div class=\"elementor-element elementor-element-63930895 elementor-widget elementor-widget-video\" data-id=\"63930895\" data-element_type=\"widget\" data-e-type=\"widget\" data-settings=\"{&quot;video_type&quot;:&quot;hosted&quot;,&quot;autoplay&quot;:&quot;yes&quot;,&quot;play_on_mobile&quot;:&quot;yes&quot;,&quot;loop&quot;:&quot;yes&quot;,&quot;show_image_overlay&quot;:&quot;yes&quot;,&quot;image_overlay&quot;:{&quot;url&quot;:&quot;https:\\\/\\\/huntingher.com\\\/wp-content\\\/uploads\\\/2020\\\/08\\\/headhunter-02.png&quot;,&quot;id&quot;:1939,&quot;size&quot;:&quot;&quot;}}\" data-widget_type=\"video.default\">\n\t\t\t\t<div class=\"elementor-widget-container\">\n\t\t\t\t\t\t\t<div class=\"e-hosted-video elementor-wrapper elementor-open-inline\">\n\t\t\t\t\t<video class=\"elementor-video\" src=\"https:\/\/huntingher.com\/wp-content\/uploads\/2020\/06\/outplacement-headhunting.mp4\" autoplay=\"\" loop=\"\" playsinline=\"\" controlsList=\"nodownload\"><\/video>\n\t\t\t\t\t\t<div class=\"elementor-custom-embed-image-overlay\" style=\"background-image: url(https:\/\/huntingher.com\/wp-content\/uploads\/2020\/08\/headhunter-02.png);\">\n\t\t\t\t\t\t\t\t\t\t\t\t\t\t<\/div>\n\t\t\t\t\t<\/div>\n\t\t\t\t\t\t<\/div>\n\t\t\t\t<\/div>\n\t\t\t\t<div class=\"elementor-element elementor-element-304804a8 elementor-invisible elementor-widget elementor-widget-heading\" data-id=\"304804a8\" data-element_type=\"widget\" data-e-type=\"widget\" data-settings=\"{&quot;_animation&quot;:&quot;fadeInLeft&quot;,&quot;_animation_delay&quot;:900}\" data-widget_type=\"heading.default\">\n\t\t\t\t<div class=\"elementor-widget-container\">\n\t\t\t\t\t<h1 class=\"elementor-heading-title elementor-size-default\">Frauen bewegen.<\/h1>\t\t\t\t<\/div>\n\t\t\t\t<\/div>\n\t\t\t\t<div class=\"elementor-element elementor-element-581cf8ab elementor-invisible elementor-widget elementor-widget-heading\" data-id=\"581cf8ab\" data-element_type=\"widget\" data-e-type=\"widget\" data-settings=\"{&quot;_animation&quot;:&quot;fadeInLeft&quot;,&quot;_animation_delay&quot;:1900}\" data-widget_type=\"heading.default\">\n\t\t\t\t<div class=\"elementor-widget-container\">\n\t\t\t\t\t<h1 class=\"elementor-heading-title elementor-size-default\">Uns.<\/h1>\t\t\t\t<\/div>\n\t\t\t\t<\/div>\n\t\t\t\t<div class=\"elementor-element elementor-element-1c50b86b elementor-widget elementor-widget-heading\" data-id=\"1c50b86b\" data-element_type=\"widget\" data-e-type=\"widget\" data-widget_type=\"heading.default\">\n\t\t\t\t<div class=\"elementor-widget-container\">\n\t\t\t\t\t<h2 class=\"elementor-heading-title elementor-size-default\"><i>\"Deutschlands f\u00fchrende Personalberatung<br> f\u00fcr Frauen\"<\/i> - DIE ZEIT<\/h2>\t\t\t\t<\/div>\n\t\t\t\t<\/div>\n\t\t\t\t\t<\/div>\n\t\t<\/div>\n\t\t\t\t<div class=\"elementor-column elementor-col-50 elementor-top-column elementor-element elementor-element-7d4642ee\" data-id=\"7d4642ee\" data-element_type=\"column\" data-e-type=\"column\" data-settings=\"{&quot;background_background&quot;:&quot;classic&quot;}\">\n\t\t\t<div class=\"elementor-widget-wrap elementor-element-populated\">\n\t\t\t\t\t\t<div class=\"elementor-element elementor-element-7ed60c7a elementor-widget elementor-widget-heading\" data-id=\"7ed60c7a\" data-element_type=\"widget\" data-e-type=\"widget\" data-widget_type=\"heading.default\">\n\t\t\t\t<div class=\"elementor-widget-container\">\n\t\t\t\t\t<h5 class=\"elementor-heading-title elementor-size-default\">Outplacement in Berlin<\/h5>\t\t\t\t<\/div>\n\t\t\t\t<\/div>\n\t\t\t\t<div class=\"elementor-element elementor-element-fc5c0f4 elementor-widget elementor-widget-heading\" data-id=\"fc5c0f4\" data-element_type=\"widget\" data-e-type=\"widget\" data-widget_type=\"heading.default\">\n\t\t\t\t<div class=\"elementor-widget-container\">\n\t\t\t\t\t<h2 class=\"elementor-heading-title elementor-size-default\">Willkommen bei Ihrem Outplacement-Berater f\u00fcr Frauen in Berlin<\/h2>\t\t\t\t<\/div>\n\t\t\t\t<\/div>\n\t\t\t\t<div class=\"elementor-element elementor-element-33705810 elementor-widget elementor-widget-text-editor\" data-id=\"33705810\" data-element_type=\"widget\" data-e-type=\"widget\" data-widget_type=\"text-editor.default\">\n\t\t\t\t<div class=\"elementor-widget-container\">\n\t\t\t\t\t\t\t\t\t<p><strong><em>She<\/em>Placement: Unser spezifisches OutPlacement-Angebot f\u00fcr Frauen in Berlin<\/strong><\/p><p>Interessieren Sie sich als Unternehmensverantwortliche\/r f\u00fcr eine sozialvertr\u00e4gliche Gestaltung von K\u00fcndigungen durch OutPlacement in Berlin &#8211; oder k\u00f6nnten Sie selbst von einer Entlassung betroffen sein? Nehmen Sie gerne direkt hier den Kontakt zu uns.<\/p><p>Unsere OutPlacement-Berater stehen Ihnen gerne f\u00fcr Ihre Fragen zur Verf\u00fcgung; telefonisch oder vor Ort in Berlin.Unsere OutPlacement-Berater stehen Ihnen gerne f\u00fcr Ihre Fragen zur Verf\u00fcgung; telefonisch oder vor Ort in Berlin.<br \/>&#8222;&#8230;die f\u00fchrende Personalberatung f\u00fcr Frauen&#8220; (DIE ZEIT)<\/p><p><strong>Mit der NewPlacement-Erfolgsgarantie vom Marktf\u00fchrer f\u00fcr Frauen<\/strong><\/p><p>HUNTING\/HER Career-Partners \u00ae ist die auf NewPlacement \/ OutPlacement und Karriere-Coaching spezialisierte Tochterunternehmung der f\u00fchrenden Personalberatung f\u00fcr Frauen.<\/p><p><span style=\"font-size: 1rem;\">Bereits 2007 als \u201eerster internationaler Frauen-Headhunter&#8220; (Abendblatt) in Hamburg und Z\u00fcrich gegr\u00fcndet, ist auch HUNTING\/HER Career-Partners \u00ae als NewPlacement \/ OutPlacement-Beratung heute daneben auch an Projektstandorten Berlin, D\u00fcsseldorf, K\u00f6ln Frankfurt <\/span><span style=\"font-size: 1rem;\">am Main, N\u00fcrnberg, Stuttgart und M\u00fcnchen, und Wien pr\u00e4sent.<\/span><\/p><p><strong>OutPlacement-Beratungen am Standort Berlin<\/strong><\/p><p>Unsere erfahrenen OutPlacement-Coaches begleiten Sie auf Wunsch durch alle Phasen des Off- und nachfolgenden Onboardings:<\/p><ul><li>Vorbereitung auf die Aufhebungsvertrags-Verhandlungen<\/li><li>Mediation durch entsprechende Expertinnen zwischen den Parteien<br \/><br \/><\/li><li>Ggf. erg\u00e4nzt durch unser kurzfristiges 5-7-9 Crash-Coaching<br \/><br \/><\/li><li>ShePlacement: Unsere <a href=\"http:\/\/www.jobhunters-online.com\" target=\"_blank\" rel=\"noopener\">OutPlacement-Beratung<\/a> f\u00fcr Frauen<br \/>Online-OutPlacement (&#8222;ePlacement&#8220;)<br \/><br \/><\/li><li>NewPlacement mit Erfolgs-Garantie<br \/>Erfolgreiches Onboarding-Coaching im neuen Job<\/li><\/ul>\t\t\t\t\t\t\t\t<\/div>\n\t\t\t\t<\/div>\n\t\t\t\t\t<\/div>\n\t\t<\/div>\n\t\t\t\t\t<\/div>\n\t\t<\/section>\n\t\t\t\t<section class=\"elementor-section elementor-top-section elementor-element elementor-element-4b7953e1 elementor-section-full_width elementor-section-height-default elementor-section-height-default\" data-id=\"4b7953e1\" data-element_type=\"section\" data-e-type=\"section\">\n\t\t\t\t\t\t<div class=\"elementor-container elementor-column-gap-default\">\n\t\t\t\t\t<div class=\"elementor-column elementor-col-33 elementor-top-column elementor-element elementor-element-79fdf044\" data-id=\"79fdf044\" data-element_type=\"column\" data-e-type=\"column\" data-settings=\"{&quot;background_background&quot;:&quot;classic&quot;}\">\n\t\t\t<div class=\"elementor-widget-wrap elementor-element-populated\">\n\t\t\t\t\t<div class=\"elementor-background-overlay\"><\/div>\n\t\t\t\t\t\t<div class=\"elementor-element elementor-element-69a4a006 elementor-widget elementor-widget-heading\" data-id=\"69a4a006\" data-element_type=\"widget\" data-e-type=\"widget\" data-widget_type=\"heading.default\">\n\t\t\t\t<div class=\"elementor-widget-container\">\n\t\t\t\t\t<h2 class=\"elementor-heading-title elementor-size-default\">Nehmen Sie gerne unverbindlich Kontakt auf:<\/h2>\t\t\t\t<\/div>\n\t\t\t\t<\/div>\n\t\t\t\t<div class=\"elementor-element elementor-element-578b1416 elementor-button-align-stretch elementor-widget elementor-widget-form\" data-id=\"578b1416\" data-element_type=\"widget\" data-e-type=\"widget\" data-settings=\"{&quot;step_next_label&quot;:&quot;N\\u00e4chster&quot;,&quot;step_previous_label&quot;:&quot;Voriger&quot;,&quot;_animation&quot;:&quot;none&quot;,&quot;button_width&quot;:&quot;100&quot;,&quot;step_type&quot;:&quot;number_text&quot;,&quot;step_icon_shape&quot;:&quot;circle&quot;}\" data-widget_type=\"form.default\">\n\t\t\t\t<div class=\"elementor-widget-container\">\n\t\t\t\t\t\t\t<form class=\"elementor-form\" method=\"post\" name=\"Neues Formular\" aria-label=\"Neues Formular\">\n\t\t\t<input type=\"hidden\" name=\"post_id\" value=\"1978\"\/>\n\t\t\t<input type=\"hidden\" name=\"form_id\" value=\"578b1416\"\/>\n\t\t\t<input type=\"hidden\" name=\"referer_title\" value=\"Ihre OutPlacement- und Karriereberatung f\u00fcr Frauen in Berlin: HUNTING\/HER Career-Partners \u00ae - Pioneers in ShePlacement\" \/>\n\n\t\t\t\t\t\t\t<input type=\"hidden\" name=\"queried_id\" value=\"1978\"\/>\n\t\t\t\n\t\t\t<div class=\"elementor-form-fields-wrapper elementor-labels-above\">\n\t\t\t\t\t\t\t\t<div class=\"elementor-field-type-text elementor-field-group elementor-column elementor-field-group-name elementor-col-100\">\n\t\t\t\t\t\t\t\t\t\t\t\t\t<input size=\"1\" type=\"text\" name=\"form_fields[name]\" id=\"form-field-name\" class=\"elementor-field elementor-size-sm  elementor-field-textual\" placeholder=\"Vor-\/Name\">\n\t\t\t\t\t\t\t\t\t\t\t<\/div>\n\t\t\t\t\t\t\t\t<div class=\"elementor-field-type-text elementor-field-group elementor-column elementor-field-group-field_752b0b3 elementor-col-100\">\n\t\t\t\t\t\t\t\t\t\t\t\t\t<input size=\"1\" type=\"text\" name=\"form_fields[field_752b0b3]\" id=\"form-field-field_752b0b3\" class=\"elementor-field elementor-size-sm  elementor-field-textual\" placeholder=\"Telefon\">\n\t\t\t\t\t\t\t\t\t\t\t<\/div>\n\t\t\t\t\t\t\t\t<div class=\"elementor-field-type-email elementor-field-group elementor-column elementor-field-group-email elementor-col-100 elementor-field-required\">\n\t\t\t\t\t\t\t\t\t\t\t\t\t<input size=\"1\" type=\"email\" name=\"form_fields[email]\" id=\"form-field-email\" class=\"elementor-field elementor-size-sm  elementor-field-textual\" placeholder=\"E-Mail\" required=\"required\">\n\t\t\t\t\t\t\t\t\t\t\t<\/div>\n\t\t\t\t\t\t\t\t<div class=\"elementor-field-type-textarea elementor-field-group elementor-column elementor-field-group-message elementor-col-100\">\n\t\t\t\t\t<textarea class=\"elementor-field-textual elementor-field  elementor-size-sm\" name=\"form_fields[message]\" id=\"form-field-message\" rows=\"4\" placeholder=\"Ihr Anliegen\"><\/textarea>\t\t\t\t<\/div>\n\t\t\t\t\t\t\t\t<div class=\"elementor-field-type-checkbox elementor-field-group elementor-column elementor-field-group-field_1c15de3 elementor-col-100\">\n\t\t\t\t\t<div class=\"elementor-field-subgroup  \"><span class=\"elementor-field-option\"><input type=\"checkbox\" value=\"\tDatenschutz-Hinweise: Hiermit erkl\u00e4re ich mich einverstanden, dass meine Daten elektronisch gespeichert und zum Zweck der Kontaktaufnahme verarbeitet und genutzt werden k\u00f6nnen. Mir ist bekannt, dass ich meine Einwilligung jederzeit widerrufen kann. Weitere Informationen finden Sie hier.\" id=\"form-field-field_1c15de3-0\" name=\"form_fields[field_1c15de3]\"> <label for=\"form-field-field_1c15de3-0\">\tDatenschutz-Hinweise: Hiermit erkl\u00e4re ich mich einverstanden, dass meine Daten elektronisch gespeichert und zum Zweck der Kontaktaufnahme verarbeitet und genutzt werden k\u00f6nnen. Mir ist bekannt, dass ich meine Einwilligung jederzeit widerrufen kann. Weitere Informationen finden Sie hier.<\/label><\/span><\/div>\t\t\t\t<\/div>\n\t\t\t\t\t\t\t\t<div class=\"elementor-field-group elementor-column elementor-field-type-submit elementor-col-100 e-form__buttons\">\n\t\t\t\t\t<button class=\"elementor-button elementor-size-sm elementor-animation-shrink\" type=\"submit\">\n\t\t\t\t\t\t<span class=\"elementor-button-content-wrapper\">\n\t\t\t\t\t\t\t\t\t\t\t\t\t\t\t\t\t\t\t\t\t\t<span class=\"elementor-button-text\">Senden<\/span>\n\t\t\t\t\t\t\t\t\t\t\t\t\t<\/span>\n\t\t\t\t\t<\/button>\n\t\t\t\t<\/div>\n\t\t\t<\/div>\n\t\t<\/form>\n\t\t\t\t\t\t<\/div>\n\t\t\t\t<\/div>\n\t\t\t\t\t<\/div>\n\t\t<\/div>\n\t\t\t\t<div class=\"elementor-column elementor-col-33 elementor-top-column elementor-element elementor-element-75f237c9\" data-id=\"75f237c9\" data-element_type=\"column\" data-e-type=\"column\" data-settings=\"{&quot;background_background&quot;:&quot;classic&quot;}\">\n\t\t\t<div class=\"elementor-widget-wrap\">\n\t\t\t\t\t\t\t<\/div>\n\t\t<\/div>\n\t\t\t\t<div class=\"elementor-column elementor-col-33 elementor-top-column elementor-element elementor-element-35e60bdd\" data-id=\"35e60bdd\" data-element_type=\"column\" data-e-type=\"column\" data-settings=\"{&quot;background_background&quot;:&quot;classic&quot;}\">\n\t\t\t<div class=\"elementor-widget-wrap elementor-element-populated\">\n\t\t\t\t\t\t<div class=\"elementor-element elementor-element-1f7762d7 elementor-widget elementor-widget-image\" data-id=\"1f7762d7\" data-element_type=\"widget\" data-e-type=\"widget\" data-widget_type=\"image.default\">\n\t\t\t\t<div class=\"elementor-widget-container\">\n\t\t\t\t\t\t\t\t\t\t\t\t\t\t\t<img fetchpriority=\"high\" decoding=\"async\" width=\"600\" height=\"600\" src=\"https:\/\/huntingher.com\/wp-content\/uploads\/2020\/06\/GabyBauer-HuntingHer-Personalberatung.jpg\" class=\"attachment-large size-large wp-image-892\" alt=\"Headhunting, Karirereberatung und Outplacement-Beratung Hamburg, Bremen, Berlin, Hannover, Leipzig, Dresden, Dortmund, Essen, D\u00fcsseldorf, K\u00f6ln, Frankfurt, Stuttgart, N\u00fcrnberg, M\u00fcnchen, Z\u00fcrich\" srcset=\"https:\/\/huntingher.com\/wp-content\/uploads\/2020\/06\/GabyBauer-HuntingHer-Personalberatung.jpg 600w, https:\/\/huntingher.com\/wp-content\/uploads\/2020\/06\/GabyBauer-HuntingHer-Personalberatung-320x320.jpg 320w, https:\/\/huntingher.com\/wp-content\/uploads\/2020\/06\/GabyBauer-HuntingHer-Personalberatung-160x160.jpg 160w\" sizes=\"(max-width: 600px) 100vw, 600px\" \/>\t\t\t\t\t\t\t\t\t\t\t\t\t\t\t<\/div>\n\t\t\t\t<\/div>\n\t\t\t\t<div class=\"elementor-element elementor-element-4b5e7934 elementor-widget elementor-widget-text-editor\" data-id=\"4b5e7934\" data-element_type=\"widget\" data-e-type=\"widget\" data-widget_type=\"text-editor.default\">\n\t\t\t\t<div class=\"elementor-widget-container\">\n\t\t\t\t\t\t\t\t\t<p>Gerne stelle ich Ihnen den Kontakt zur passenden Ansprechperson in unserem Hause her:<\/p><p><strong>Gabriele Bauer<\/strong><br \/>Executive Assistant<\/p><p>Aus Deutschland:\u00a0<br \/><span style=\"font-size: 1rem;\">0800\/85 20 30 5<\/span><\/p><p>Aus der Schweiz:<br \/>0179 125 22 50\u00a0<\/p><p>gabriele.bauer @huntingher.com<\/p>\t\t\t\t\t\t\t\t<\/div>\n\t\t\t\t<\/div>\n\t\t\t\t\t<\/div>\n\t\t<\/div>\n\t\t\t\t\t<\/div>\n\t\t<\/section>\n\t\t\t\t<\/div>\n\t\t","protected":false},"excerpt":{"rendered":"<p>https:\/\/higher-her.com\/wp-content\/uploads\/2020\/06\/outplacement-headhunting.mp4 Frauen bewegen. Uns. &#8222;Deutschlands f\u00fchrende Personalberatung f\u00fcr Frauen&#8220; &#8211; DIE ZEIT Outplacement in Berlin Willkommen bei Ihrem Outplacement-Berater f\u00fcr Frauen in Berlin ShePlacement: Unser spezifisches OutPlacement-Angebot f\u00fcr Frauen in Berlin Interessieren Sie sich als Unternehmensverantwortliche\/r f\u00fcr eine sozialvertr\u00e4gliche Gestaltung von K\u00fcndigungen durch OutPlacement in Berlin &#8211; oder k\u00f6nnten Sie selbst von einer Entlassung betroffen [&hellip;]<\/p>\n","protected":false},"author":2,"featured_media":0,"parent":0,"menu_order":0,"comment_status":"closed","ping_status":"closed","template":"elementor_header_footer","meta":{"footnotes":""},"class_list":["post-1978","page","type-page","status-publish","hentry"],"_links":{"self":[{"href":"https:\/\/huntingher.com\/en\/wp-json\/wp\/v2\/pages\/1978","targetHints":{"allow":["GET"]}}],"collection":[{"href":"https:\/\/huntingher.com\/en\/wp-json\/wp\/v2\/pages"}],"about":[{"href":"https:\/\/huntingher.com\/en\/wp-json\/wp\/v2\/types\/page"}],"author":[{"embeddable":true,"href":"https:\/\/huntingher.com\/en\/wp-json\/wp\/v2\/users\/2"}],"replies":[{"embeddable":true,"href":"https:\/\/huntingher.com\/en\/wp-json\/wp\/v2\/comments?post=1978"}],"version-history":[{"count":6,"href":"https:\/\/huntingher.com\/en\/wp-json\/wp\/v2\/pages\/1978\/revisions"}],"predecessor-version":[{"id":2484,"href":"https:\/\/huntingher.com\/en\/wp-json\/wp\/v2\/pages\/1978\/revisions\/2484"}],"wp:attachment":[{"href":"https:\/\/huntingher.com\/en\/wp-json\/wp\/v2\/media?parent=1978"}],"curies":[{"name":"wp","href":"https:\/\/api.w.org\/{rel}","templated":true}]}}