{"id":1959,"date":"2020-08-07T14:18:45","date_gmt":"2020-08-07T12:18:45","guid":{"rendered":"https:\/\/higher-her.com\/?page_id=1959"},"modified":"2020-09-25T12:15:34","modified_gmt":"2020-09-25T10:15:34","slug":"karriereberatung-berlin","status":"publish","type":"page","link":"https:\/\/huntingher.com\/en\/karriereberatung-berlin\/","title":{"rendered":"Karriereberatung Berlin"},"content":{"rendered":"\t\t<div data-elementor-type=\"wp-page\" data-elementor-id=\"1959\" class=\"elementor elementor-1959\" data-elementor-post-type=\"page\">\n\t\t\t\t\t\t<section class=\"elementor-section elementor-top-section elementor-element elementor-element-68b6f4a4 elementor-section-full_width elementor-section-height-default elementor-section-height-default\" data-id=\"68b6f4a4\" data-element_type=\"section\">\n\t\t\t\t\t\t<div class=\"elementor-container elementor-column-gap-default\">\n\t\t\t\t\t<div class=\"elementor-column elementor-col-50 elementor-top-column elementor-element elementor-element-7d6e1eb9\" data-id=\"7d6e1eb9\" data-element_type=\"column\" data-settings=\"{&quot;background_background&quot;:&quot;classic&quot;}\">\n\t\t\t<div class=\"elementor-widget-wrap elementor-element-populated\">\n\t\t\t\t\t<div class=\"elementor-background-overlay\"><\/div>\n\t\t\t\t\t\t<div class=\"elementor-element elementor-element-58b3860d elementor-widget elementor-widget-video\" data-id=\"58b3860d\" data-element_type=\"widget\" data-settings=\"{&quot;video_type&quot;:&quot;hosted&quot;,&quot;autoplay&quot;:&quot;yes&quot;,&quot;play_on_mobile&quot;:&quot;yes&quot;,&quot;loop&quot;:&quot;yes&quot;,&quot;show_image_overlay&quot;:&quot;yes&quot;,&quot;image_overlay&quot;:{&quot;url&quot;:&quot;https:\\\/\\\/huntingher.com\\\/wp-content\\\/uploads\\\/2020\\\/08\\\/headhunter-02.png&quot;,&quot;id&quot;:1939,&quot;size&quot;:&quot;&quot;}}\" data-widget_type=\"video.default\">\n\t\t\t\t<div class=\"elementor-widget-container\">\n\t\t\t\t\t\t\t<div class=\"e-hosted-video elementor-wrapper elementor-open-inline\">\n\t\t\t\t\t<video class=\"elementor-video\" src=\"https:\/\/huntingher.com\/wp-content\/uploads\/2020\/06\/outplacement-headhunting.mp4\" autoplay=\"\" loop=\"\" playsinline=\"\" controlsList=\"nodownload\"><\/video>\n\t\t\t\t\t\t<div class=\"elementor-custom-embed-image-overlay\" style=\"background-image: url(https:\/\/huntingher.com\/wp-content\/uploads\/2020\/08\/headhunter-02.png);\">\n\t\t\t\t\t\t\t\t\t\t\t\t\t\t<\/div>\n\t\t\t\t\t<\/div>\n\t\t\t\t\t\t<\/div>\n\t\t\t\t<\/div>\n\t\t\t\t<div class=\"elementor-element elementor-element-7a2f4672 elementor-invisible elementor-widget elementor-widget-heading\" data-id=\"7a2f4672\" data-element_type=\"widget\" data-settings=\"{&quot;_animation&quot;:&quot;fadeInLeft&quot;,&quot;_animation_delay&quot;:900}\" data-widget_type=\"heading.default\">\n\t\t\t\t<div class=\"elementor-widget-container\">\n\t\t\t\t\t<h1 class=\"elementor-heading-title elementor-size-default\">Frauen bewegen.<\/h1>\t\t\t\t<\/div>\n\t\t\t\t<\/div>\n\t\t\t\t<div class=\"elementor-element elementor-element-1c82e47c elementor-invisible elementor-widget elementor-widget-heading\" data-id=\"1c82e47c\" data-element_type=\"widget\" data-settings=\"{&quot;_animation&quot;:&quot;fadeInLeft&quot;,&quot;_animation_delay&quot;:1900}\" data-widget_type=\"heading.default\">\n\t\t\t\t<div class=\"elementor-widget-container\">\n\t\t\t\t\t<h1 class=\"elementor-heading-title elementor-size-default\">Uns.<\/h1>\t\t\t\t<\/div>\n\t\t\t\t<\/div>\n\t\t\t\t<div class=\"elementor-element elementor-element-2acd5d9b elementor-widget elementor-widget-heading\" data-id=\"2acd5d9b\" data-element_type=\"widget\" data-widget_type=\"heading.default\">\n\t\t\t\t<div class=\"elementor-widget-container\">\n\t\t\t\t\t<h2 class=\"elementor-heading-title elementor-size-default\"><i>\"Deutschlands f\u00fchrende Personalberatung<br> f\u00fcr Frauen\"<\/i> - DIE ZEIT<br><br><br><br><br>OutPlacement, Karriereberatung und Coaching <br>f\u00fcr Frauen in Berlin<\/h2>\t\t\t\t<\/div>\n\t\t\t\t<\/div>\n\t\t\t\t\t<\/div>\n\t\t<\/div>\n\t\t\t\t<div class=\"elementor-column elementor-col-50 elementor-top-column elementor-element elementor-element-397992b7\" data-id=\"397992b7\" data-element_type=\"column\" data-settings=\"{&quot;background_background&quot;:&quot;classic&quot;}\">\n\t\t\t<div class=\"elementor-widget-wrap elementor-element-populated\">\n\t\t\t\t\t\t<div class=\"elementor-element elementor-element-6a0e1834 elementor-widget elementor-widget-heading\" data-id=\"6a0e1834\" data-element_type=\"widget\" data-widget_type=\"heading.default\">\n\t\t\t\t<div class=\"elementor-widget-container\">\n\t\t\t\t\t<h5 class=\"elementor-heading-title elementor-size-default\">Outplacement- und Karriereberatung in Berlin<\/h5>\t\t\t\t<\/div>\n\t\t\t\t<\/div>\n\t\t\t\t<div class=\"elementor-element elementor-element-7aaabbf4 elementor-widget elementor-widget-heading\" data-id=\"7aaabbf4\" data-element_type=\"widget\" data-widget_type=\"heading.default\">\n\t\t\t\t<div class=\"elementor-widget-container\">\n\t\t\t\t\t<h2 class=\"elementor-heading-title elementor-size-default\">Willkommen bei Ihrer OutPlacement- &amp; Karriereberatung f\u00fcr Frauen in Berlin<\/h2>\t\t\t\t<\/div>\n\t\t\t\t<\/div>\n\t\t\t\t<div class=\"elementor-element elementor-element-76a6ea40 elementor-widget elementor-widget-text-editor\" data-id=\"76a6ea40\" data-element_type=\"widget\" data-widget_type=\"text-editor.default\">\n\t\t\t\t<div class=\"elementor-widget-container\">\n\t\t\t\t\t\t\t\t\t<p><strong><span style=\"font-size: 1rem;\">Herzlich<\/span><span style=\"font-size: 1rem;\"> willkommen bei &#8222;Deutschlands f\u00fchrender Personalberatung f\u00fcr Frauen&#8220;\u00a0<\/span><span style=\"font-family: -apple-system, BlinkMacSystemFont, 'Segoe UI', Roboto, 'Helvetica Neue', Arial, 'Noto Sans', sans-serif; font-size: 1rem;\">(DIE ZEIT) am Standort Berlin.<\/span><\/strong><\/p><p>Sie m\u00f6chten Sie sich gerne beruflich ver\u00e4ndern &#8211; oder droht die K\u00fcndigung? Mit unserer bew\u00e4hrten NewPlacement-Ma\u00dfnahme (&#8222;<em>She<\/em>Placement&#8220;) konnte HUNTING\/HER Career-Partners \u00ae in 2019 etwa 92 % unserer MandantInnen in Berlin innerhalb weniger Monate zur angestrebten Wunschposition verhelfen.<\/p><p><strong>Jetzt fr\u00fchzeitig informieren lassen!<\/strong><\/p><p>Bei HUNTING\/HER Career-Partners \u00ae legen wir im OutPlacement hohen Wert darauf, dass die Chemie zwischen Beraterin und Klientin wechselseitig stimmt. Dar\u00fcber hinaus achten wir darauf, dass die f\u00fcr Sie individuell am besten passende Beraterin \u00fcber eine vergleichbare eigene F\u00fchrungserfahrung verf\u00fcgt &#8211; ggf. zum Top-Management.<\/p><p>Deswegen befinden sich in unserem OutPlacement-Team in Berlin OutPlacement-Kolleginnen mit einem breit gef\u00e4cherten Erfahrungsschatz hinein &#8211; von der fr\u00fcheren Personalleiterin bis hin ehem. Vorst\u00e4ndinnen namhafter Unternehmen.<\/p><p><strong>\u00dcbernimmt ein k\u00fcndigender Arbeitgeber die Ihre OutPlacement-Honorare?<\/strong><\/p><p>Sehr h\u00e4ufig \u00fcbernimmt der bisherige Arbeitgeber auf Nachfrage die Honorarkosten f\u00fcr Ihre professionelle Neupositionierung &#8211; sofern man rechtzeitig aktiv verhandelt. K\u00f6nnten Sie demn\u00e4chst von einer betriebsseitigen Freisetzung betroffen sein, empfiehlt sich die fr\u00fchzeitige Kontaktaufnahme zur OutPlacementberatung Ihres Vertrauens.<\/p><p>Denn: K\u00fcndigende Arbeitgeber sind ebenfalls daran interessiert, Personalabbau oder einzelne Freisetzungen so ger\u00e4usch- und konfliktarm wie imageschonend wie machbar zu gestalten. Ausserdem: Wer wei\u00df schon, ob man in Zeiten des zunehmenden Fachkr\u00e4ftemangels vielleicht sp\u00e4ter wieder auf fr\u00fchere Fach- und F\u00fchrungskr\u00e4fte angewiesen ist.<\/p><p><strong>Ist die OutPlacement-Kosten\u00fcbernahme auch bei Massenentlassungen m\u00f6glich?<\/strong><\/p><p>F\u00fcr die Chancen einer \u00dcbernahme der Honorarkosten f\u00fcr eine OutPlacement-Ma\u00dfnahme ist es grunds\u00e4tzlich nicht relevant, ob einzelne Mitarbeiter gehen sollen, weil beispielsweise die pers\u00f6nliche Chemie zum neuen Vorgesetzten nicht passt &#8211; oder ob Personalabbau betriebsbedingt begr\u00fcndet wird. Bei betriebsbedingten Massentlassungen kann jedoch eine Sozialplanpflicht (vgl. BetrVG) bestehen, so dass es sich hier besonders lohnt, fr\u00fchzeitig den Kontakt aufzunehmen, z.B. um so der \u00dcberstellung in eine Besch\u00e4ftigungsgesellschaft zu entgehen.<\/p><p><strong><span style=\"font-size: 1rem;\">Professionelle OutPlacement-Beratung vor Ort in Berlin<\/span><\/strong><\/p><p>Headhunter vs. OutPlacement-Berater: Anders als im <a href=\"https:\/\/higher-her.com\" target=\"_blank\" rel=\"noopener\">Executive Search (&#8222;Headhunting<\/a>&#8222;) geht es bei OutPlacementberatung ausschlie\u00dflich um Ihre pers\u00f6nlichen W\u00fcnsche und Vorstellungen, die Interessen und Anforderungen von Unternehmen oder Ihrem aktuellen Arbeitgeber spielen hierbei keine Rolle.<\/p><p>Hier in Berlin stehen Ihnen bei HUNTING\/HER Career-Partners \u00ae gleich mehrere erfahrene OutPlacement-Beraterinnen mit unterschiedlichem eigenem Branchen-Background zur Auswahl; u.a. Finance, Industrie, Logistik sowie IT \/ Telekommunikation.<\/p><p><strong>OutPlacement-Beratung in Berlin: In 5 Schritten zum erfolgreichen NewPlacement<\/strong><\/p><p>360 Grad Profiling &#8211; die Grundlage des zielgerichteten NewPlacement<\/p><p>In einem gr\u00fcndlichen 360 Grad-Profiling, werden neben Ihrem bisherigen Werdegang auch pers\u00f6nliche Fahigkeiten und Neigungen &#8211; darunter oft sogar bisland unentdeckte oder nicht beachtete Talente oder Passionen &#8211; erarbeitet (&#8222;Statusanalyse&#8220;), wobei diese Zusammenarbeit sowohl online als auch vor Ort in Berlin stattfinden kann.<\/p><p>In einem Abgleich des gemeinsam eruierten pers\u00f6nlichen Profils mit der aktuellen Bedarfssituation am Arbeitsmarkt &#8211; auch \u00fcber Berlin hinaus &#8211; ensteht dann der sogenannte &#8222;Individuelle Bewerber-USP&#8220; und die damit einhergehende Definition der Zielposition. Erst dann werden entsprechend abgestimmte Bewerbungsunterlagen erstellt.<\/p><p>Auf dieser gr\u00fcndlichen IST-Analyse baut dann zielgerichtet die Phase des pro-aktiven NewPlacement auf, wobei unterschiedliche Wege sowohl am offenen als auch am sogenannten verdeckten Arbeitsmarkt systematisch gegangen werden. Dabei geht bei HUNTING\/HER Career-Partners \u00ae die Definition von professioneller OutPlacement-Beratung deutlich \u00fcber den \u00fcblicherweise proklamierten Ansatz der reinen &#8222;Hilfe zur Selbsthilfe hinaus.<\/p><p>Nach jeder erfolgreichen Bewerbungs-Kampagne werden unsere KlientInnen dann zielgerichtet auf jedes Vorstellungsgespr\u00e4ch vorbereitet, um einen bestm\u00f6glichen Eindruck beim potenziellen neuen Arbeitgeber zu hinterlassen. Anschlie\u00dfend werden diese individuell nachbereitet, um beim n\u00e4chsten Gespr\u00e4ch nochmals besser zu performen.<\/p>\t\t\t\t\t\t\t\t<\/div>\n\t\t\t\t<\/div>\n\t\t\t\t\t<\/div>\n\t\t<\/div>\n\t\t\t\t\t<\/div>\n\t\t<\/section>\n\t\t\t\t<section class=\"elementor-section elementor-top-section elementor-element elementor-element-32917f0f elementor-section-full_width elementor-section-height-default elementor-section-height-default\" data-id=\"32917f0f\" data-element_type=\"section\">\n\t\t\t\t\t\t<div class=\"elementor-container elementor-column-gap-default\">\n\t\t\t\t\t<div class=\"elementor-column elementor-col-33 elementor-top-column elementor-element elementor-element-4f3a1249\" data-id=\"4f3a1249\" data-element_type=\"column\" data-settings=\"{&quot;background_background&quot;:&quot;classic&quot;}\">\n\t\t\t<div class=\"elementor-widget-wrap elementor-element-populated\">\n\t\t\t\t\t<div class=\"elementor-background-overlay\"><\/div>\n\t\t\t\t\t\t<div class=\"elementor-element elementor-element-7191c09e elementor-widget elementor-widget-heading\" data-id=\"7191c09e\" data-element_type=\"widget\" data-widget_type=\"heading.default\">\n\t\t\t\t<div class=\"elementor-widget-container\">\n\t\t\t\t\t<h2 class=\"elementor-heading-title elementor-size-default\">Nehmen Sie gerne unverbindlich Kontakt auf:<\/h2>\t\t\t\t<\/div>\n\t\t\t\t<\/div>\n\t\t\t\t<div class=\"elementor-element elementor-element-394967f4 elementor-button-align-stretch elementor-widget elementor-widget-form\" data-id=\"394967f4\" data-element_type=\"widget\" data-settings=\"{&quot;step_next_label&quot;:&quot;N\\u00e4chster&quot;,&quot;step_previous_label&quot;:&quot;Voriger&quot;,&quot;_animation&quot;:&quot;none&quot;,&quot;button_width&quot;:&quot;100&quot;,&quot;step_type&quot;:&quot;number_text&quot;,&quot;step_icon_shape&quot;:&quot;circle&quot;}\" data-widget_type=\"form.default\">\n\t\t\t\t<div class=\"elementor-widget-container\">\n\t\t\t\t\t\t\t<form class=\"elementor-form\" method=\"post\" name=\"Neues Formular\" aria-label=\"Neues Formular\">\n\t\t\t<input type=\"hidden\" name=\"post_id\" value=\"1959\"\/>\n\t\t\t<input type=\"hidden\" name=\"form_id\" value=\"394967f4\"\/>\n\t\t\t<input type=\"hidden\" name=\"referer_title\" value=\"Ihre OutPlacement- und Karriereberatung f\u00fcr Frauen in Berlin: HUNTING\/HER Career-Partners \u00ae - Pioneers in ShePlacement\" \/>\n\n\t\t\t\t\t\t\t<input type=\"hidden\" name=\"queried_id\" value=\"1959\"\/>\n\t\t\t\n\t\t\t<div class=\"elementor-form-fields-wrapper elementor-labels-above\">\n\t\t\t\t\t\t\t\t<div class=\"elementor-field-type-text elementor-field-group elementor-column elementor-field-group-name elementor-col-100\">\n\t\t\t\t\t\t\t\t\t\t\t\t\t<input size=\"1\" type=\"text\" name=\"form_fields[name]\" id=\"form-field-name\" class=\"elementor-field elementor-size-sm  elementor-field-textual\" placeholder=\"Vor-\/Name\">\n\t\t\t\t\t\t\t\t\t\t\t<\/div>\n\t\t\t\t\t\t\t\t<div class=\"elementor-field-type-text elementor-field-group elementor-column elementor-field-group-field_752b0b3 elementor-col-100\">\n\t\t\t\t\t\t\t\t\t\t\t\t\t<input size=\"1\" type=\"text\" name=\"form_fields[field_752b0b3]\" id=\"form-field-field_752b0b3\" class=\"elementor-field elementor-size-sm  elementor-field-textual\" placeholder=\"Telefon\">\n\t\t\t\t\t\t\t\t\t\t\t<\/div>\n\t\t\t\t\t\t\t\t<div class=\"elementor-field-type-email elementor-field-group elementor-column elementor-field-group-email elementor-col-100 elementor-field-required\">\n\t\t\t\t\t\t\t\t\t\t\t\t\t<input size=\"1\" type=\"email\" name=\"form_fields[email]\" id=\"form-field-email\" class=\"elementor-field elementor-size-sm  elementor-field-textual\" placeholder=\"E-Mail\" required=\"required\">\n\t\t\t\t\t\t\t\t\t\t\t<\/div>\n\t\t\t\t\t\t\t\t<div class=\"elementor-field-type-textarea elementor-field-group elementor-column elementor-field-group-message elementor-col-100\">\n\t\t\t\t\t<textarea class=\"elementor-field-textual elementor-field  elementor-size-sm\" name=\"form_fields[message]\" id=\"form-field-message\" rows=\"4\" placeholder=\"Ihr Anliegen\"><\/textarea>\t\t\t\t<\/div>\n\t\t\t\t\t\t\t\t<div class=\"elementor-field-type-checkbox elementor-field-group elementor-column elementor-field-group-field_1c15de3 elementor-col-100\">\n\t\t\t\t\t<div class=\"elementor-field-subgroup  \"><span class=\"elementor-field-option\"><input type=\"checkbox\" value=\"\tDatenschutz-Hinweise: Hiermit erkl\u00e4re ich mich einverstanden, dass meine Daten elektronisch gespeichert und zum Zweck der Kontaktaufnahme verarbeitet und genutzt werden k\u00f6nnen. Mir ist bekannt, dass ich meine Einwilligung jederzeit widerrufen kann. Weitere Informationen finden Sie hier.\" id=\"form-field-field_1c15de3-0\" name=\"form_fields[field_1c15de3]\"> <label for=\"form-field-field_1c15de3-0\">\tDatenschutz-Hinweise: Hiermit erkl\u00e4re ich mich einverstanden, dass meine Daten elektronisch gespeichert und zum Zweck der Kontaktaufnahme verarbeitet und genutzt werden k\u00f6nnen. Mir ist bekannt, dass ich meine Einwilligung jederzeit widerrufen kann. Weitere Informationen finden Sie hier.<\/label><\/span><\/div>\t\t\t\t<\/div>\n\t\t\t\t\t\t\t\t<div class=\"elementor-field-group elementor-column elementor-field-type-submit elementor-col-100 e-form__buttons\">\n\t\t\t\t\t<button class=\"elementor-button elementor-size-sm elementor-animation-shrink\" type=\"submit\">\n\t\t\t\t\t\t<span class=\"elementor-button-content-wrapper\">\n\t\t\t\t\t\t\t\t\t\t\t\t\t\t\t\t\t\t\t\t\t\t<span class=\"elementor-button-text\">Senden<\/span>\n\t\t\t\t\t\t\t\t\t\t\t\t\t<\/span>\n\t\t\t\t\t<\/button>\n\t\t\t\t<\/div>\n\t\t\t<\/div>\n\t\t<\/form>\n\t\t\t\t\t\t<\/div>\n\t\t\t\t<\/div>\n\t\t\t\t\t<\/div>\n\t\t<\/div>\n\t\t\t\t<div class=\"elementor-column elementor-col-33 elementor-top-column elementor-element elementor-element-5318bf25\" data-id=\"5318bf25\" data-element_type=\"column\" data-settings=\"{&quot;background_background&quot;:&quot;classic&quot;}\">\n\t\t\t<div class=\"elementor-widget-wrap\">\n\t\t\t\t\t\t\t<\/div>\n\t\t<\/div>\n\t\t\t\t<div class=\"elementor-column elementor-col-33 elementor-top-column elementor-element elementor-element-3f635bd5\" data-id=\"3f635bd5\" data-element_type=\"column\" data-settings=\"{&quot;background_background&quot;:&quot;classic&quot;}\">\n\t\t\t<div class=\"elementor-widget-wrap elementor-element-populated\">\n\t\t\t\t\t\t<div class=\"elementor-element elementor-element-6ede028f elementor-widget elementor-widget-image\" data-id=\"6ede028f\" data-element_type=\"widget\" data-widget_type=\"image.default\">\n\t\t\t\t<div class=\"elementor-widget-container\">\n\t\t\t\t\t\t\t\t\t\t\t\t\t\t\t<img fetchpriority=\"high\" decoding=\"async\" width=\"600\" height=\"600\" src=\"https:\/\/huntingher.com\/wp-content\/uploads\/2020\/06\/GabyBauer-HuntingHer-Personalberatung.jpg\" class=\"attachment-large size-large wp-image-892\" alt=\"Headhunting, Karirereberatung und Outplacement-Beratung Hamburg, Bremen, Berlin, Hannover, Leipzig, Dresden, Dortmund, Essen, D\u00fcsseldorf, K\u00f6ln, Frankfurt, Stuttgart, N\u00fcrnberg, M\u00fcnchen, Z\u00fcrich\" srcset=\"https:\/\/huntingher.com\/wp-content\/uploads\/2020\/06\/GabyBauer-HuntingHer-Personalberatung.jpg 600w, https:\/\/huntingher.com\/wp-content\/uploads\/2020\/06\/GabyBauer-HuntingHer-Personalberatung-320x320.jpg 320w, https:\/\/huntingher.com\/wp-content\/uploads\/2020\/06\/GabyBauer-HuntingHer-Personalberatung-160x160.jpg 160w\" sizes=\"(max-width: 600px) 100vw, 600px\" \/>\t\t\t\t\t\t\t\t\t\t\t\t\t\t\t<\/div>\n\t\t\t\t<\/div>\n\t\t\t\t<div class=\"elementor-element elementor-element-143336ba elementor-widget elementor-widget-text-editor\" data-id=\"143336ba\" data-element_type=\"widget\" data-widget_type=\"text-editor.default\">\n\t\t\t\t<div class=\"elementor-widget-container\">\n\t\t\t\t\t\t\t\t\t<p>Gerne stelle ich Ihnen den Kontakt zur passenden Ansprechperson in unserem Hause her:<\/p><p><strong>Gabriele Bauer<\/strong><br \/>Executive Assistant<\/p><p>Aus Deutschland:\u00a0<br \/><span style=\"font-size: 1rem;\">0800\/85 20 30 5<\/span><\/p><p>Aus der Schweiz:<br \/>0179 125 22 50\u00a0<\/p><p>gabriele.bauer @huntingher.com<\/p>\t\t\t\t\t\t\t\t<\/div>\n\t\t\t\t<\/div>\n\t\t\t\t\t<\/div>\n\t\t<\/div>\n\t\t\t\t\t<\/div>\n\t\t<\/section>\n\t\t\t\t<\/div>\n\t\t","protected":false},"excerpt":{"rendered":"<p>https:\/\/higher-her.com\/wp-content\/uploads\/2020\/06\/outplacement-headhunting.mp4 Frauen bewegen. Uns. &#8222;Deutschlands f\u00fchrende Personalberatung f\u00fcr Frauen&#8220; &#8211; DIE ZEIT OutPlacement, Karriereberatung und Coaching f\u00fcr Frauen in Berlin Outplacement- und Karriereberatung in Berlin Willkommen bei Ihrer OutPlacement- &amp; Karriereberatung f\u00fcr Frauen in Berlin Herzlich willkommen bei &#8222;Deutschlands f\u00fchrender Personalberatung f\u00fcr Frauen&#8220;\u00a0(DIE ZEIT) am Standort Berlin. Sie m\u00f6chten Sie sich gerne beruflich ver\u00e4ndern &#8211; [&hellip;]<\/p>\n","protected":false},"author":2,"featured_media":0,"parent":0,"menu_order":0,"comment_status":"closed","ping_status":"closed","template":"elementor_header_footer","meta":{"footnotes":""},"class_list":["post-1959","page","type-page","status-publish","hentry"],"_links":{"self":[{"href":"https:\/\/huntingher.com\/en\/wp-json\/wp\/v2\/pages\/1959","targetHints":{"allow":["GET"]}}],"collection":[{"href":"https:\/\/huntingher.com\/en\/wp-json\/wp\/v2\/pages"}],"about":[{"href":"https:\/\/huntingher.com\/en\/wp-json\/wp\/v2\/types\/page"}],"author":[{"embeddable":true,"href":"https:\/\/huntingher.com\/en\/wp-json\/wp\/v2\/users\/2"}],"replies":[{"embeddable":true,"href":"https:\/\/huntingher.com\/en\/wp-json\/wp\/v2\/comments?post=1959"}],"version-history":[{"count":6,"href":"https:\/\/huntingher.com\/en\/wp-json\/wp\/v2\/pages\/1959\/revisions"}],"predecessor-version":[{"id":2569,"href":"https:\/\/huntingher.com\/en\/wp-json\/wp\/v2\/pages\/1959\/revisions\/2569"}],"wp:attachment":[{"href":"https:\/\/huntingher.com\/en\/wp-json\/wp\/v2\/media?parent=1959"}],"curies":[{"name":"wp","href":"https:\/\/api.w.org\/{rel}","templated":true}]}}