{"id":1905,"date":"2020-08-06T17:43:03","date_gmt":"2020-08-06T15:43:03","guid":{"rendered":"https:\/\/higher-her.com\/?page_id=1905"},"modified":"2021-02-28T12:50:57","modified_gmt":"2021-02-28T11:50:57","slug":"headhunter-duesseldorf","status":"publish","type":"page","link":"https:\/\/huntingher.com\/en\/headhunter-duesseldorf\/","title":{"rendered":"Headhunter D\u00fcsseldorf"},"content":{"rendered":"\t\t<div data-elementor-type=\"wp-page\" data-elementor-id=\"1905\" class=\"elementor elementor-1905\" data-elementor-post-type=\"page\">\n\t\t\t\t\t\t<section class=\"elementor-section elementor-top-section elementor-element elementor-element-194fd02c elementor-section-full_width elementor-section-height-default elementor-section-height-default\" data-id=\"194fd02c\" data-element_type=\"section\">\n\t\t\t\t\t\t<div class=\"elementor-container elementor-column-gap-default\">\n\t\t\t\t\t<div class=\"elementor-column elementor-col-50 elementor-top-column elementor-element elementor-element-567a3c7c\" data-id=\"567a3c7c\" data-element_type=\"column\" data-settings=\"{&quot;background_background&quot;:&quot;classic&quot;}\">\n\t\t\t<div class=\"elementor-widget-wrap elementor-element-populated\">\n\t\t\t\t\t<div class=\"elementor-background-overlay\"><\/div>\n\t\t\t\t\t\t<div class=\"elementor-element elementor-element-1cad16e4 elementor-widget elementor-widget-video\" data-id=\"1cad16e4\" data-element_type=\"widget\" data-settings=\"{&quot;video_type&quot;:&quot;hosted&quot;,&quot;autoplay&quot;:&quot;yes&quot;,&quot;play_on_mobile&quot;:&quot;yes&quot;,&quot;loop&quot;:&quot;yes&quot;,&quot;show_image_overlay&quot;:&quot;yes&quot;,&quot;image_overlay&quot;:{&quot;url&quot;:&quot;https:\\\/\\\/huntingher.com\\\/wp-content\\\/uploads\\\/2020\\\/08\\\/headhunter-02.png&quot;,&quot;id&quot;:1939,&quot;size&quot;:&quot;&quot;}}\" data-widget_type=\"video.default\">\n\t\t\t\t<div class=\"elementor-widget-container\">\n\t\t\t\t\t\t\t<div class=\"e-hosted-video elementor-wrapper elementor-open-inline\">\n\t\t\t\t\t<video class=\"elementor-video\" src=\"https:\/\/huntingher.com\/wp-content\/uploads\/2020\/06\/outplacement-headhunting.mp4\" autoplay=\"\" loop=\"\" playsinline=\"\" controlsList=\"nodownload\"><\/video>\n\t\t\t\t\t\t<div class=\"elementor-custom-embed-image-overlay\" style=\"background-image: url(https:\/\/huntingher.com\/wp-content\/uploads\/2020\/08\/headhunter-02.png);\">\n\t\t\t\t\t\t\t\t\t\t\t\t\t\t<\/div>\n\t\t\t\t\t<\/div>\n\t\t\t\t\t\t<\/div>\n\t\t\t\t<\/div>\n\t\t\t\t<div class=\"elementor-element elementor-element-a831289 elementor-invisible elementor-widget elementor-widget-heading\" data-id=\"a831289\" data-element_type=\"widget\" data-settings=\"{&quot;_animation&quot;:&quot;fadeInLeft&quot;,&quot;_animation_delay&quot;:900}\" data-widget_type=\"heading.default\">\n\t\t\t\t<div class=\"elementor-widget-container\">\n\t\t\t\t\t<h1 class=\"elementor-heading-title elementor-size-default\">Frauen bewegen.<\/h1>\t\t\t\t<\/div>\n\t\t\t\t<\/div>\n\t\t\t\t<div class=\"elementor-element elementor-element-e27d9cc elementor-invisible elementor-widget elementor-widget-heading\" data-id=\"e27d9cc\" data-element_type=\"widget\" data-settings=\"{&quot;_animation&quot;:&quot;fadeInLeft&quot;,&quot;_animation_delay&quot;:1900}\" data-widget_type=\"heading.default\">\n\t\t\t\t<div class=\"elementor-widget-container\">\n\t\t\t\t\t<h1 class=\"elementor-heading-title elementor-size-default\">Uns.<\/h1>\t\t\t\t<\/div>\n\t\t\t\t<\/div>\n\t\t\t\t<div class=\"elementor-element elementor-element-70c2176a elementor-widget elementor-widget-heading\" data-id=\"70c2176a\" data-element_type=\"widget\" data-widget_type=\"heading.default\">\n\t\t\t\t<div class=\"elementor-widget-container\">\n\t\t\t\t\t<h2 class=\"elementor-heading-title elementor-size-default\"><i>\"Deutschlands f\u00fchrende Personalberatung<br> f\u00fcr Frauen\"<\/i> - DIE ZEIT<\/h2>\t\t\t\t<\/div>\n\t\t\t\t<\/div>\n\t\t\t\t\t<\/div>\n\t\t<\/div>\n\t\t\t\t<div class=\"elementor-column elementor-col-50 elementor-top-column elementor-element elementor-element-5c1dddc4\" data-id=\"5c1dddc4\" data-element_type=\"column\" data-settings=\"{&quot;background_background&quot;:&quot;classic&quot;}\">\n\t\t\t<div class=\"elementor-widget-wrap elementor-element-populated\">\n\t\t\t\t\t\t<div class=\"elementor-element elementor-element-7cd9e1c6 elementor-widget elementor-widget-heading\" data-id=\"7cd9e1c6\" data-element_type=\"widget\" data-widget_type=\"heading.default\">\n\t\t\t\t<div class=\"elementor-widget-container\">\n\t\t\t\t\t<h5 class=\"elementor-heading-title elementor-size-default\">Ihre Personalberatung f\u00fcr Frauen in D\u00fcsseldorf<\/h5>\t\t\t\t<\/div>\n\t\t\t\t<\/div>\n\t\t\t\t<div class=\"elementor-element elementor-element-6dd44ab1 elementor-widget elementor-widget-heading\" data-id=\"6dd44ab1\" data-element_type=\"widget\" data-widget_type=\"heading.default\">\n\t\t\t\t<div class=\"elementor-widget-container\">\n\t\t\t\t\t<h2 class=\"elementor-heading-title elementor-size-default\">Diversity matters: F\u00fchrender Headhunter f\u00fcr Frauen zieht nach D\u00fcsseldorf<\/h2>\t\t\t\t<\/div>\n\t\t\t\t<\/div>\n\t\t\t\t<div class=\"elementor-element elementor-element-407b198 elementor-widget elementor-widget-text-editor\" data-id=\"407b198\" data-element_type=\"widget\" data-widget_type=\"text-editor.default\">\n\t\t\t\t<div class=\"elementor-widget-container\">\n\t\t\t\t\t\t\t\t\t<p><strong>Mit den Einstieg der  global f\u00fchrende Executive Search-Beratung  D\u00fcsseldorf GmbH bei der HUNTING\/HER Personalberatung zieht es <\/strong><strong>&#8222;<a href=\"https:\/\/www.zeit.de\/karriere\/bewerbung\/2015-05\/jobsuche-headhunter-personalberater-karriereberater-coach\" target=\"_blank\" rel=\"noopener\"><em>Deutschlands f\u00fchrende Personalberatung f\u00fcr Frauen<\/em><\/a>&#8220; ins Rheinland nach D\u00fcsseldorf.<\/strong><\/p>\n<p><span style=\"font-family: -apple-system, BlinkMacSystemFont, 'Segoe UI', Roboto, 'Helvetica Neue', Arial, 'Noto Sans', sans-serif; font-size: 1rem;\">Unter der Leitung unserer Partnerin Regina Lindner bietet die HUNTING\/HER Personalberatung dabei ein ganzheitliches Leistungsangebot f\u00fcr unsere Unternehmenskunden in D\u00fcsseldorf und Umgebung an.&nbsp;<br><\/span><\/p>\t\t\t\t\t\t\t\t<\/div>\n\t\t\t\t<\/div>\n\t\t\t\t<div class=\"elementor-element elementor-element-0fd0496 elementor-widget elementor-widget-text-editor\" data-id=\"0fd0496\" data-element_type=\"widget\" data-widget_type=\"text-editor.default\">\n\t\t\t\t<div class=\"elementor-widget-container\">\n\t\t\t\t\t\t\t\t\t<p>Wo eine K\u00fcndigung droht, helfen unsere <a href=\"http:\/\/www.jobhunters-online.com\" target=\"_blank\" rel=\"noopener\">OutPlacement<\/a>-Beraterinnen von HUNTING\/HER Career-Partners \u00ae ihren Klientinnen, schnell eine angemessene Neuposition zu finden &#8211; ob vor Ort in D\u00fcsseldorf oder weltweit.<\/p>\n<p>Im Rahmen unseres <em>She<\/em>Placement-Ansatzes kommt dabei unser pro-aktiver Placement-Ansatz zum Einsatz, der auch als &#8222;inverses Headhunting&#8220; bekannt ist.<\/p>\n<p><strong>Female Executive Search <\/strong><strong>(&#8222;Headhunting&#8220;)<\/strong><\/p>\n<p>Als &#8222;<em>Deutschlands Frauen-Headhunter Nr. 1<\/em>&#8220; (Xing) findet <a href=\"https:\/\/higher-her.com\" target=\"_blank\" rel=\"noopener\">HUNTING\/HER HR-Partners \u00ae<\/a> speziell weibliche Talente und Executives f\u00fcr Unternehmen in D\u00fcsseldorf, welche gezielt ihren Frauenanteil im Management ausbauen wollen.<\/p>\n<p><strong>Female Talentmanagement<br><\/strong><br>Diversity-Consulting HUNTING\/HER Plus \u00ae bietet auch am Standort in D\u00fcsseldorf spezifische Beratungsans\u00e4tze, um die Rahmenbedingungen f\u00fcr weibliche Talente und Executives nachhaltig zu verbessern.<\/p>\n<p><strong>Diversity-Consulting<br><\/strong><br>Als ausgewiesene ExpertInnen f\u00fcr Talent-management, Diversity-Consulting und Kulturwandel unterst\u00fctzt HUNTING\/HER Plus unsere Unternehmens-kunden dabei, schnelle und qualitativ hochwertige Ergebnisse zu erzielen<\/p>\t\t\t\t\t\t\t\t<\/div>\n\t\t\t\t<\/div>\n\t\t\t\t\t<\/div>\n\t\t<\/div>\n\t\t\t\t\t<\/div>\n\t\t<\/section>\n\t\t\t\t<section class=\"elementor-section elementor-top-section elementor-element elementor-element-6e06c1a elementor-section-full_width elementor-section-height-default elementor-section-height-default\" data-id=\"6e06c1a\" data-element_type=\"section\">\n\t\t\t\t\t\t<div class=\"elementor-container elementor-column-gap-default\">\n\t\t\t\t\t<div class=\"elementor-column elementor-col-33 elementor-top-column elementor-element elementor-element-7cafc2e3\" data-id=\"7cafc2e3\" data-element_type=\"column\" data-settings=\"{&quot;background_background&quot;:&quot;classic&quot;}\">\n\t\t\t<div class=\"elementor-widget-wrap elementor-element-populated\">\n\t\t\t\t\t<div class=\"elementor-background-overlay\"><\/div>\n\t\t\t\t\t\t<div class=\"elementor-element elementor-element-110dca38 elementor-widget elementor-widget-heading\" data-id=\"110dca38\" data-element_type=\"widget\" data-widget_type=\"heading.default\">\n\t\t\t\t<div class=\"elementor-widget-container\">\n\t\t\t\t\t<h2 class=\"elementor-heading-title elementor-size-default\">Nehmen Sie gerne unverbindlich Kontakt auf:<\/h2>\t\t\t\t<\/div>\n\t\t\t\t<\/div>\n\t\t\t\t<div class=\"elementor-element elementor-element-6b52a8cf elementor-button-align-stretch elementor-widget elementor-widget-form\" data-id=\"6b52a8cf\" data-element_type=\"widget\" data-settings=\"{&quot;step_next_label&quot;:&quot;N\\u00e4chster&quot;,&quot;step_previous_label&quot;:&quot;Voriger&quot;,&quot;_animation&quot;:&quot;none&quot;,&quot;button_width&quot;:&quot;100&quot;,&quot;step_type&quot;:&quot;number_text&quot;,&quot;step_icon_shape&quot;:&quot;circle&quot;}\" data-widget_type=\"form.default\">\n\t\t\t\t<div class=\"elementor-widget-container\">\n\t\t\t\t\t\t\t<form class=\"elementor-form\" method=\"post\" name=\"Neues Formular\" aria-label=\"Neues Formular\">\n\t\t\t<input type=\"hidden\" name=\"post_id\" value=\"1905\"\/>\n\t\t\t<input type=\"hidden\" name=\"form_id\" value=\"6b52a8cf\"\/>\n\t\t\t<input type=\"hidden\" name=\"referer_title\" value=\"Ihre &quot;Frauen-Headhunter&quot; in D\u00fcsseldorf: HUNTING\/HER HR-Partners \u00ae - Pioneers in ShePlacement\" \/>\n\n\t\t\t\t\t\t\t<input type=\"hidden\" name=\"queried_id\" value=\"1905\"\/>\n\t\t\t\n\t\t\t<div class=\"elementor-form-fields-wrapper elementor-labels-above\">\n\t\t\t\t\t\t\t\t<div class=\"elementor-field-type-text elementor-field-group elementor-column elementor-field-group-name elementor-col-100\">\n\t\t\t\t\t\t\t\t\t\t\t\t\t<input size=\"1\" type=\"text\" name=\"form_fields[name]\" id=\"form-field-name\" class=\"elementor-field elementor-size-sm  elementor-field-textual\" placeholder=\"Vor-\/Name\">\n\t\t\t\t\t\t\t\t\t\t\t<\/div>\n\t\t\t\t\t\t\t\t<div class=\"elementor-field-type-text elementor-field-group elementor-column elementor-field-group-field_752b0b3 elementor-col-100\">\n\t\t\t\t\t\t\t\t\t\t\t\t\t<input size=\"1\" type=\"text\" name=\"form_fields[field_752b0b3]\" id=\"form-field-field_752b0b3\" class=\"elementor-field elementor-size-sm  elementor-field-textual\" placeholder=\"Telefon\">\n\t\t\t\t\t\t\t\t\t\t\t<\/div>\n\t\t\t\t\t\t\t\t<div class=\"elementor-field-type-email elementor-field-group elementor-column elementor-field-group-email elementor-col-100 elementor-field-required\">\n\t\t\t\t\t\t\t\t\t\t\t\t\t<input size=\"1\" type=\"email\" name=\"form_fields[email]\" id=\"form-field-email\" class=\"elementor-field elementor-size-sm  elementor-field-textual\" placeholder=\"E-Mail\" required=\"required\">\n\t\t\t\t\t\t\t\t\t\t\t<\/div>\n\t\t\t\t\t\t\t\t<div class=\"elementor-field-type-textarea elementor-field-group elementor-column elementor-field-group-message elementor-col-100\">\n\t\t\t\t\t<textarea class=\"elementor-field-textual elementor-field  elementor-size-sm\" name=\"form_fields[message]\" id=\"form-field-message\" rows=\"4\" placeholder=\"Ihr Anliegen\"><\/textarea>\t\t\t\t<\/div>\n\t\t\t\t\t\t\t\t<div class=\"elementor-field-type-checkbox elementor-field-group elementor-column elementor-field-group-field_1c15de3 elementor-col-100\">\n\t\t\t\t\t<div class=\"elementor-field-subgroup  \"><span class=\"elementor-field-option\"><input type=\"checkbox\" value=\"\tDatenschutz-Hinweise: Hiermit erkl\u00e4re ich mich einverstanden, dass meine Daten elektronisch gespeichert und zum Zweck der Kontaktaufnahme verarbeitet und genutzt werden k\u00f6nnen. Mir ist bekannt, dass ich meine Einwilligung jederzeit widerrufen kann. Weitere Informationen finden Sie hier.\" id=\"form-field-field_1c15de3-0\" name=\"form_fields[field_1c15de3]\"> <label for=\"form-field-field_1c15de3-0\">\tDatenschutz-Hinweise: Hiermit erkl\u00e4re ich mich einverstanden, dass meine Daten elektronisch gespeichert und zum Zweck der Kontaktaufnahme verarbeitet und genutzt werden k\u00f6nnen. Mir ist bekannt, dass ich meine Einwilligung jederzeit widerrufen kann. Weitere Informationen finden Sie hier.<\/label><\/span><\/div>\t\t\t\t<\/div>\n\t\t\t\t\t\t\t\t<div class=\"elementor-field-group elementor-column elementor-field-type-submit elementor-col-100 e-form__buttons\">\n\t\t\t\t\t<button class=\"elementor-button elementor-size-sm elementor-animation-shrink\" type=\"submit\">\n\t\t\t\t\t\t<span class=\"elementor-button-content-wrapper\">\n\t\t\t\t\t\t\t\t\t\t\t\t\t\t\t\t\t\t\t\t\t\t<span class=\"elementor-button-text\">Senden<\/span>\n\t\t\t\t\t\t\t\t\t\t\t\t\t<\/span>\n\t\t\t\t\t<\/button>\n\t\t\t\t<\/div>\n\t\t\t<\/div>\n\t\t<\/form>\n\t\t\t\t\t\t<\/div>\n\t\t\t\t<\/div>\n\t\t\t\t\t<\/div>\n\t\t<\/div>\n\t\t\t\t<div class=\"elementor-column elementor-col-33 elementor-top-column elementor-element elementor-element-48187ccd\" data-id=\"48187ccd\" data-element_type=\"column\" data-settings=\"{&quot;background_background&quot;:&quot;classic&quot;}\">\n\t\t\t<div class=\"elementor-widget-wrap\">\n\t\t\t\t\t\t\t<\/div>\n\t\t<\/div>\n\t\t\t\t<div class=\"elementor-column elementor-col-33 elementor-top-column elementor-element elementor-element-641c5914\" data-id=\"641c5914\" data-element_type=\"column\" data-settings=\"{&quot;background_background&quot;:&quot;classic&quot;}\">\n\t\t\t<div class=\"elementor-widget-wrap elementor-element-populated\">\n\t\t\t\t\t\t<div class=\"elementor-element elementor-element-4c21a4d7 elementor-widget elementor-widget-image\" data-id=\"4c21a4d7\" data-element_type=\"widget\" data-widget_type=\"image.default\">\n\t\t\t\t<div class=\"elementor-widget-container\">\n\t\t\t\t\t\t\t\t\t\t\t\t\t\t\t<img fetchpriority=\"high\" decoding=\"async\" width=\"600\" height=\"600\" src=\"https:\/\/huntingher.com\/wp-content\/uploads\/2020\/06\/GabyBauer-HuntingHer-Personalberatung.jpg\" class=\"attachment-large size-large wp-image-892\" alt=\"Headhunting, Karirereberatung und Outplacement-Beratung Hamburg, Bremen, Berlin, Hannover, Leipzig, Dresden, Dortmund, Essen, D\u00fcsseldorf, K\u00f6ln, Frankfurt, Stuttgart, N\u00fcrnberg, M\u00fcnchen, Z\u00fcrich\" srcset=\"https:\/\/huntingher.com\/wp-content\/uploads\/2020\/06\/GabyBauer-HuntingHer-Personalberatung.jpg 600w, https:\/\/huntingher.com\/wp-content\/uploads\/2020\/06\/GabyBauer-HuntingHer-Personalberatung-320x320.jpg 320w, https:\/\/huntingher.com\/wp-content\/uploads\/2020\/06\/GabyBauer-HuntingHer-Personalberatung-160x160.jpg 160w\" sizes=\"(max-width: 600px) 100vw, 600px\" \/>\t\t\t\t\t\t\t\t\t\t\t\t\t\t\t<\/div>\n\t\t\t\t<\/div>\n\t\t\t\t<div class=\"elementor-element elementor-element-3201d785 elementor-widget elementor-widget-text-editor\" data-id=\"3201d785\" data-element_type=\"widget\" data-widget_type=\"text-editor.default\">\n\t\t\t\t<div class=\"elementor-widget-container\">\n\t\t\t\t\t\t\t\t\t<p>Gerne stelle ich Ihnen den Kontakt zur passenden Ansprechperson in unserem Hause her:<\/p><p><strong>Gabriele Bauer<\/strong><br \/>Executive Assistant<\/p><p><b style=\"color: #000000; font-family: Calibri, sans-serif; font-size: 11pt; caret-color: #000000;\"><span lang=\"EN-US\" style=\"font-size: 10pt; font-family: Arial, sans-serif; color: #252525;\">Tel:\u00a0\u00a0\u00a0<\/span><\/b><span lang=\"EN-US\" style=\"caret-color: #000000; font-size: 10pt; font-family: Arial, sans-serif; color: #252525;\">+49 (0) 211 954 98-44\u00a0<br \/><\/span><b style=\"color: #000000; font-family: Calibri, sans-serif; font-size: 11pt; caret-color: #000000;\"><span style=\"font-size: 10pt; font-family: Arial, sans-serif; color: #252525;\">Fax:\u00a0\u00a0<\/span><\/b><span style=\"caret-color: #000000; font-size: 10pt; font-family: Arial, sans-serif; color: #252525;\">+49 (0)211 954 98-50\u00a0<br \/><strong>Mail: <\/strong>gabriele.bauer@<br \/>huntingher.com<\/span><\/p><p style=\"margin: 0cm; font-size: 11pt; font-family: Calibri, sans-serif; caret-color: #000000; color: #000000; text-size-adjust: auto;\"><span style=\"color: #252525; font-family: Arial, sans-serif; font-size: 10pt;\">HUNTING\/HER HR-Partners \u00ae &#8211;   D\u00fcsseldorf GmbH<\/span><\/p><p style=\"margin: 0cm; font-size: 11pt; font-family: Calibri, sans-serif; caret-color: #000000; color: #000000; text-size-adjust: auto;\">\u00a0<\/p><p style=\"margin: 0cm; font-size: 11pt; font-family: Calibri, sans-serif; caret-color: #000000; color: #000000; text-size-adjust: auto;\"><span style=\"font-size: 10pt; font-family: Arial, sans-serif; color: #252525;\">Emanuel-Leutze-Stra\u00dfe 17<\/span><\/p><p style=\"margin: 0cm; font-size: 11pt; font-family: Calibri, sans-serif; caret-color: #000000; color: #000000; text-size-adjust: auto;\"><span style=\"font-size: 10pt; font-family: Arial, sans-serif; color: #252525;\">40547 D\u00fcsseldorf<\/span><\/p>\t\t\t\t\t\t\t\t<\/div>\n\t\t\t\t<\/div>\n\t\t\t\t\t<\/div>\n\t\t<\/div>\n\t\t\t\t\t<\/div>\n\t\t<\/section>\n\t\t\t\t<\/div>\n\t\t","protected":false},"excerpt":{"rendered":"<p>https:\/\/higher-her.com\/wp-content\/uploads\/2020\/06\/outplacement-headhunting.mp4 Frauen bewegen. Uns. &#8222;Deutschlands f\u00fchrende Personalberatung f\u00fcr Frauen&#8220; &#8211; DIE ZEIT Ihre Personalberatung f\u00fcr Frauen in D\u00fcsseldorf Diversity matters: F\u00fchrender Headhunter f\u00fcr Frauen zieht nach D\u00fcsseldorf Mit den Einstieg der global f\u00fchrende Executive Search-Beratung D\u00fcsseldorf GmbH bei der HUNTING\/HER Personalberatung zieht es &#8222;Deutschlands f\u00fchrende Personalberatung f\u00fcr Frauen&#8220; ins Rheinland nach D\u00fcsseldorf. Unter der Leitung [&hellip;]<\/p>\n","protected":false},"author":2,"featured_media":0,"parent":0,"menu_order":0,"comment_status":"closed","ping_status":"closed","template":"elementor_header_footer","meta":{"footnotes":""},"class_list":["post-1905","page","type-page","status-publish","hentry"],"_links":{"self":[{"href":"https:\/\/huntingher.com\/en\/wp-json\/wp\/v2\/pages\/1905","targetHints":{"allow":["GET"]}}],"collection":[{"href":"https:\/\/huntingher.com\/en\/wp-json\/wp\/v2\/pages"}],"about":[{"href":"https:\/\/huntingher.com\/en\/wp-json\/wp\/v2\/types\/page"}],"author":[{"embeddable":true,"href":"https:\/\/huntingher.com\/en\/wp-json\/wp\/v2\/users\/2"}],"replies":[{"embeddable":true,"href":"https:\/\/huntingher.com\/en\/wp-json\/wp\/v2\/comments?post=1905"}],"version-history":[{"count":26,"href":"https:\/\/huntingher.com\/en\/wp-json\/wp\/v2\/pages\/1905\/revisions"}],"predecessor-version":[{"id":2843,"href":"https:\/\/huntingher.com\/en\/wp-json\/wp\/v2\/pages\/1905\/revisions\/2843"}],"wp:attachment":[{"href":"https:\/\/huntingher.com\/en\/wp-json\/wp\/v2\/media?parent=1905"}],"curies":[{"name":"wp","href":"https:\/\/api.w.org\/{rel}","templated":true}]}}