{"id":1463,"date":"2020-07-10T18:01:30","date_gmt":"2020-07-10T16:01:30","guid":{"rendered":"https:\/\/higher-her.com\/?page_id=1463"},"modified":"2020-09-26T12:27:42","modified_gmt":"2020-09-26T10:27:42","slug":"diversity-management","status":"publish","type":"page","link":"https:\/\/huntingher.com\/en\/what-we-do\/diversity-consulting\/diversity-management\/","title":{"rendered":"Diversity-Management"},"content":{"rendered":"<div data-elementor-type=\"wp-page\" data-elementor-id=\"1463\" class=\"elementor elementor-1463\" data-elementor-post-type=\"page\">\n\t\t\t\t\t\t<section class=\"elementor-section elementor-top-section elementor-element elementor-element-54acc5d elementor-section-boxed elementor-section-height-default elementor-section-height-default\" data-id=\"54acc5d\" data-element_type=\"section\" data-e-type=\"section\">\n\t\t\t\t\t\t<div class=\"elementor-container elementor-column-gap-default\">\n\t\t\t\t\t<div class=\"elementor-column elementor-col-100 elementor-top-column elementor-element elementor-element-8988b29\" data-id=\"8988b29\" data-element_type=\"column\" data-e-type=\"column\">\n\t\t\t<div class=\"elementor-widget-wrap elementor-element-populated\">\n\t\t\t\t\t\t<div class=\"elementor-element elementor-element-042683b elementor-widget elementor-widget-heading\" data-id=\"042683b\" data-element_type=\"widget\" data-e-type=\"widget\" data-widget_type=\"heading.default\">\n\t\t\t\t<div class=\"elementor-widget-container\">\n\t\t\t\t\t<h5 class=\"elementor-heading-title elementor-size-default\">Diversity-Consulting<\/h5>\t\t\t\t<\/div>\n\t\t\t\t<\/div>\n\t\t\t\t\t<\/div>\n\t\t<\/div>\n\t\t\t\t\t<\/div>\n\t\t<\/section>\n\t\t\t\t<section class=\"elementor-section elementor-top-section elementor-element elementor-element-5acea5a elementor-section-boxed elementor-section-height-default elementor-section-height-default\" data-id=\"5acea5a\" data-element_type=\"section\" data-e-type=\"section\">\n\t\t\t\t\t\t<div class=\"elementor-container elementor-column-gap-default\">\n\t\t\t\t\t<div class=\"elementor-column elementor-col-100 elementor-top-column elementor-element elementor-element-7b46ca4\" data-id=\"7b46ca4\" data-element_type=\"column\" data-e-type=\"column\">\n\t\t\t<div class=\"elementor-widget-wrap elementor-element-populated\">\n\t\t\t\t\t\t<div class=\"elementor-element elementor-element-47d038c elementor-widget elementor-widget-heading\" data-id=\"47d038c\" data-element_type=\"widget\" data-e-type=\"widget\" data-widget_type=\"heading.default\">\n\t\t\t\t<div class=\"elementor-widget-container\">\n\t\t\t\t\t<h2 class=\"elementor-heading-title elementor-size-default\">Kulturwandel gestalten um Potenziale nachhaltig zu nutzen<\/h2>\t\t\t\t<\/div>\n\t\t\t\t<\/div>\n\t\t\t\t\t<\/div>\n\t\t<\/div>\n\t\t\t\t\t<\/div>\n\t\t<\/section>\n\t\t\t\t<section class=\"elementor-section elementor-top-section elementor-element elementor-element-1227cd8 elementor-section-boxed elementor-section-height-default elementor-section-height-default\" data-id=\"1227cd8\" data-element_type=\"section\" data-e-type=\"section\">\n\t\t\t\t\t\t<div class=\"elementor-container elementor-column-gap-default\">\n\t\t\t\t\t<div class=\"elementor-column elementor-col-50 elementor-top-column elementor-element elementor-element-4217c3a\" data-id=\"4217c3a\" data-element_type=\"column\" data-e-type=\"column\">\n\t\t\t<div class=\"elementor-widget-wrap elementor-element-populated\">\n\t\t\t\t\t\t<div class=\"elementor-element elementor-element-0e047fa elementor-widget elementor-widget-text-editor\" data-id=\"0e047fa\" data-element_type=\"widget\" data-e-type=\"widget\" data-widget_type=\"text-editor.default\">\n\t\t\t\t<div class=\"elementor-widget-container\">\n\t\t\t\t\t\t\t\t\t<p>Diversity-Consulting: Kulturwandel gestalten um Potenziale nachhaltig zu nutzen<br \/>Michelle Euzet, Expertin f\u00fcr Diversity und Kulturwandel bei HuntingHerMichelle Euzet, Expertin f\u00fcr Diversity und Kulturwandel<br \/>Wie der Kulturwandel im Unternehmen gelingt<\/p><p>Unternehmenskultur wird l\u00e4ngst nicht mehr ausschlie\u00dflich in Verbindung mit Personalmarketing und Employer Branding oder einfach aus Marketingzwecken erw\u00e4hnt.<\/p><p>Auch etablierte Marktfu\u0308hrer vom KMU bis zum DAX-Konzern haben l\u00e4ngst verstanden, dass der Kulturwandel als ein wesentlicher Faktor u\u0308ber den Erfolg entscheidet.<\/p><p><strong>Cultural Change als strategisches Unternehmensziel<br \/><br \/><\/strong><\/p><p><strong>\u00a0<\/strong><\/p>\t\t\t\t\t\t\t\t<\/div>\n\t\t\t\t<\/div>\n\t\t\t\t\t<\/div>\n\t\t<\/div>\n\t\t\t\t<div class=\"elementor-column elementor-col-50 elementor-top-column elementor-element elementor-element-bd9eedd\" data-id=\"bd9eedd\" data-element_type=\"column\" data-e-type=\"column\">\n\t\t\t<div class=\"elementor-widget-wrap elementor-element-populated\">\n\t\t\t\t\t\t<div class=\"elementor-element elementor-element-7e16fc4 elementor-cta--skin-cover elementor-cta--valign-middle elementor-animated-content elementor-bg-transform elementor-bg-transform-zoom-in elementor-widget elementor-widget-call-to-action\" data-id=\"7e16fc4\" data-element_type=\"widget\" data-e-type=\"widget\" data-widget_type=\"call-to-action.default\">\n\t\t\t\t<div class=\"elementor-widget-container\">\n\t\t\t\t\t\t\t<div class=\"elementor-cta\">\n\t\t\t\t\t<div class=\"elementor-cta__bg-wrapper\">\n\t\t\t\t<div class=\"elementor-cta__bg elementor-bg\" style=\"background-image: url();\" role=\"img\" aria-label=\"\"><\/div>\n\t\t\t\t<div class=\"elementor-cta__bg-overlay\"><\/div>\n\t\t\t<\/div>\n\t\t\t\t\t\t\t<div class=\"elementor-cta__content\">\n\t\t\t\t\n\t\t\t\t\t\t\t\t\t<h2 class=\"elementor-cta__title elementor-cta__content-item elementor-content-item elementor-animated-item--grow\">\n\t\t\t\t\t\t<br><br><br><br><br><br><br>Michelle Euzet\t\t\t\t\t<\/h2>\n\t\t\t\t\n\t\t\t\t\t\t\t\t\t<div class=\"elementor-cta__description elementor-cta__content-item elementor-content-item elementor-animated-item--grow\">\n\t\t\t\t\t\tAssociated Partner\t\t\t\t\t<\/div>\n\t\t\t\t\n\t\t\t\t\t\t\t<\/div>\n\t\t\t\t\t\t<\/div>\n\t\t\t\t\t\t<\/div>\n\t\t\t\t<\/div>\n\t\t\t\t\t<\/div>\n\t\t<\/div>\n\t\t\t\t\t<\/div>\n\t\t<\/section>\n\t\t\t\t<section class=\"elementor-section elementor-top-section elementor-element elementor-element-88836c4 elementor-section-boxed elementor-section-height-default elementor-section-height-default\" data-id=\"88836c4\" data-element_type=\"section\" data-e-type=\"section\">\n\t\t\t\t\t\t<div class=\"elementor-container elementor-column-gap-default\">\n\t\t\t\t\t<div class=\"elementor-column elementor-col-100 elementor-top-column elementor-element elementor-element-85c9360\" data-id=\"85c9360\" data-element_type=\"column\" data-e-type=\"column\">\n\t\t\t<div class=\"elementor-widget-wrap elementor-element-populated\">\n\t\t\t\t\t\t<div class=\"elementor-element elementor-element-fbe573e elementor-widget elementor-widget-text-editor\" data-id=\"fbe573e\" data-element_type=\"widget\" data-e-type=\"widget\" data-widget_type=\"text-editor.default\">\n\t\t\t\t<div class=\"elementor-widget-container\">\n\t\t\t\t\t\t\t\t\t<p>Das Thema ist jedoch nicht neu: Wir kennen alle Unternehmen, die seit Jahren oder gar Jahrzehnten entsprechende Budgets in professionellen HR-Ma\u00dfnahmen investieren, ohne dass eine positive und kollaborative Kultur Einzug h\u00e4lt. Wie also gelingt der schon so oft eingeleitete, nun unweigerlich u\u0308berlebenswichtige Kulturwandel doch noch?<\/p><p>Als Mitarbeiterin und Fu\u0308hrungskraft mit extrem wertorientierter Pers\u00f6nlichkeit eckte ich in Konzernen<br \/>oft mit meinen unbequemen Standpunkten an. Den in Change-Projekten h\u00e4ufig und unbedacht<br \/>angewandten Satz \u201eWir mu\u0308ssen den Kollegen das Gefu\u0308hl geben, dass&#8230;\u201c klagte ich beispielsweise offen an; diese Formulierung entlarvte doch die fehlende Aufrichtigkeit der Kommunikation gegenu\u0308ber den Mitarbeitern. Ich begann<br \/>zu recherchieren und u\u0308ber den eigenen Horizont hinaus weitere Organisationen zu hinterfragen. Meine Beobachtungen deckten sich mit Studienergebnissen: Unternehmen und ihre Fu\u0308hrungskr\u00e4fte propagieren Werte wie Respekt, Gemeinschaft und Wertsch\u00e4tzung, w\u00e4hrend gleichzeitig immer mehr Menschen ihre Arbeitslust verlieren oder gar krank werden.<\/p><p><strong>Diversity-Management abseits von Hochglanzbrosch\u00fcren<\/strong><\/p><p>Seit Jahren werden positive Unternehmenswerte eruiert, kommuniziert, promotet und trainiert. Prinzipiell<br \/>gut \u2013 w\u00e4re da nicht die Subbotschaft, dass dies alles nichts wert ist, weil gleichzeitig abweichende (und damit abwertende) Verhaltensweisen toleriert oder gar belohnt werden. Mitarbeiter berichten in anonymen Befragungen vom sch\u00f6nen Schein \u2013 und vom schwierigen Sein. HR-Marketing diene allein dem guten Gewissen, Employer Branding beschr\u00e4nke sich auf Image-Kampagnen \u2013 so zumindest die Empfindung<br \/>vieler Mitarbeiter.<\/p><p><strong>Diversity-Consulting als gelebte Unternehmenskultur<br \/><\/strong><br \/>Und doch ist meine Erfahrung, dass dieser Missstand nicht am fehlenden Engagement der HR-Kollegen liegt. <br \/><br \/>Es ist ein Spagat zwischen den Rollen: Der HR-Bereich ist einerseits Verku\u0308nder der<br \/>\u201eFrohen Botschaft\u201c in Bezug auf die Unternehmenswerte und andererseits Vollstrecker willku\u0308rlicher Personalentscheidungen einzelner Fu\u0308hrungskr\u00e4fte. Demzufolge gewinnt HR an Bedeutung&#8230; und<br \/>verliert an Glaubwu\u0308rdigkeit. Zust\u00e4ndigkeit ohne Befugnisse fu\u0308hrt selten zur Wirksamkeit.<br \/>So finden die in unz\u00e4hligen Workshops und Trainings vermittelten Werte im Tagesgesch\u00e4ft vielerorts<br \/>nur oberfl\u00e4chlich und nach Belieben Geltung. Genau daran scheitert der, mit viel Aufwand,<br \/>schon so oft eingeleitete Kulturwandel in vielen Organisationen. Unternehmenskultur erlangt jedoch<br \/>durch die Digitalisierung einen noch nie da gewesenen Stellenwert: Kollaboration, Autonomie, agiles<br \/>Mindset, kollektives Wissen, lernende Organisation, Generation Z etc. stellen allesamt kulturelle<br \/>Herausforderungen dar. Der Kulturwandel muss endlich gelingen.<\/p><p><strong>\u201eIt\u2019s not a digital transformation without a digital culture\u201c<\/strong><\/p><p>\u201eIt\u2019s not a digital transformation without a digital culture\u201c betitelte schon 2018 die Boston Consulting<br \/>Group ihre Studie u\u0308ber die digitale Transformation von rund 40 Unternehmen. Die Erkenntnis: Ohne<br \/>ein intensives, unternehmensweites Programm zur kulturellen Ver\u00e4nderung gelingt die notwendige<br \/>digitale Transformation nicht!<\/p><p>Damit wird der Kulturwandel u\u0308berlebenswichtig und zum strategischen Unternehmensziel. Das Thema Unternehmenskultur ist dem Bereich Human Resources entwachsen und beansprucht aufgrund<br \/>seiner wichtigen Position im Wertsch\u00f6pfungsprozess seine Eigenst\u00e4ndigkeit. Es braucht<br \/>einen Paradigmenwechsel, damit der in guter Absicht entzu\u0308ndete Funke die gesamte Organisation<br \/>wieder zum Leuchten bringt. Weg von einer reinen Prozess- hin zu einer Ergebnisverantwortlichkeit!<br \/>Doch wie legen Unternehmen den Schalter um?<\/p><p><strong>Kultur als das \u201ewertsch\u00f6pfende Miteinander im Unternehmen\u201c<\/strong><\/p><p>Wie gestalten wir \u201eZusammen-Arbeit\u201c im Tagesgesch\u00e4ft? Wie erschaffen wir Werte im Sinne von Wertsch\u00e4tzung und von Wertsch\u00f6pfung? Wir brauchen vielleicht keine Revolution \u2013 auf jeden Fall aber eine Revision<br \/>unserer Unternehmenskultur.<\/p><p>Auf dem Spiel steht nicht weniger als die Zukunftsf\u00e4higkeit von Unternehmen. Im Zeichen der Digitalisierung<br \/>entscheidet mehr denn je ihre Beweglichkeit u\u0308ber den Erfolg einer Organisation. Individuell<br \/>ausgepr\u00e4gt, f\u00f6rdert eine solche Unternehmenskultur Neugierde, Kreativit\u00e4t, Identifikation und<br \/>Austausch und befeuert pers\u00f6nliches wie unternehmerisches Wachstum nachhaltig.<\/p><p><strong>&#8222;Kultur ist Tagesgesch\u00e4ft&#8220;<\/strong><\/p><p>Als unabdingbare Pr\u00e4misse eines erfolgreichen Kulturwandels fungiert der unerschu\u0308tterliche Wille<br \/>der Unternehmenslenker; Relevanz, Motivation und Anspruch bilden ein kraftvolles Bekenntnis.<\/p><p>Die weit tragende unternehmerische Entscheidung zum Kulturwandel braucht Ladung \u2013 emotional wie<br \/>wirtschaftlich. Die Mitarbeiter fu\u0308hlen den Unterschied zu fru\u0308heren \u201eAufbruchsstimmungen\u201c, denn<br \/>Aufrichtigkeit hat kein aufgesetztes Feuerwerk n\u00f6tig. Mit Blick auf das gesamte System und aus der<br \/>inneren St\u00e4rke heraus werden zielorientierte Ma\u00dfnahmen erarbeitet. Es wird experimentiert und ggf.<br \/>skaliert. Anhand meines Phasenmodells &#8222;Wahrhaftig handeln&#8220; begleite ich Unternehmen \u2013 vom Bekenntnis bis zur Erfolgskontrolle<br \/>\u2013 strukturiert, pragmatisch und wirkungsvoll.<\/p><p>Im Hintergrund st\u00e4rke ich das Ru\u0308ckgrat der Kultur-Verantwortlichen bei dieser herausfordernden Aufgabe. Wegweisend fu\u0308r die Auswahl, Planung und Implementierung von Ma\u00dfnahmen dienen 5 Maximen:<\/p><ul><li>Transparenz bestehen<br \/><br \/><\/li><li>Authentizit\u00e4t wahren<br \/><br \/><\/li><li>Konsequenz stemmen<br \/><br \/><\/li><li>Wirksamkeit gebieten<br \/><br \/><\/li><li>Messbarkeit einrichten<\/li><\/ul><p>Der stetige Abgleich mit den Maximen verleiht der Kultur-Arbeit Sinnhaftigkeit, Bodenhaftung und<br \/>Durchhalteverm\u00f6gen: Nicht der Symbolwert, sondern der tats\u00e4chliche Impact auf das Tagesgesch\u00e4ft<br \/>wird priorisiert. Dies impliziert zudem eine differenzierte Betrachtung, da kein Unternehmen<br \/>schon auf Bereichs-, geschweige denn auf Standortebene homogen \u201etickt\u201c.<\/p><p>Werden diese Maximen auch strukturell verankert, zeigen die Unternehmenslenker nicht nur Entschiedenheit,<br \/>sondern auch Haltung. Eine ehrliche Selbstreflexion auf Unternehmensebene, eine<br \/>dezidiert kongruente Fu\u0308hrungskultur und die pragmatische Umsetzung eines intensiven Programms<br \/>belohnen die Mitarbeiter mit dem Treibstoff fu\u0308r wahrhaftigen Kulturwandel: Glaubwu\u0308rdigkeit!<\/p><p><strong>Diversity-Consulting: Die Kultur-Revision \u00ae &#8211; Entfachen Sie den Funkenflug!<\/strong><\/p><p>In Zeiten lernender Organisationen w\u00e4re die Illusion, dass der Kulturwandel jemals abgeschlossen<br \/>sein wird, schlicht und ergreifend fatal. Organisationen brauchen ein dauerhaftes Organ, das die<br \/>Entwicklung der Unternehmenskultur im positiven Sinne stetig u\u0308berwacht, aktiv f\u00f6rdert und verantwortet:<br \/>die Kultur-Revision \u00a9. Diese Stabsstelle verk\u00f6rpert das Bekenntnis der Unternehmenslenker<br \/>zum Kulturwandel. Oberfl\u00e4chlichkeit und Beliebigkeit weichen Relevanz, Motivation und Anspruch.<br \/>Entfacht die Unternehmenskultur nicht nur Wertsch\u00e4tzung und Wertsch\u00f6pfung, sondern auch Beweglichkeit<br \/>und Zukunftsf\u00e4higkeit ist die entscheidende Weiche fu\u0308r den Unternehmenserfolg gestellt.<\/p><p>F\u00fcr weitere Informationen u\u0308ber den Ansatz der Kultur-Revision f\u00fcr einen nachhaltigen Kulturwandel \u2013 das Phasenmodell, die 5 Maximen sowie zu Kulturwandel \/ Cultural Change, Unternehmenskultur und unseren Ansatz im Diversity Consulting stehe ich Ihnen gerne zur Verf\u00fcgung.<\/p><p>Kontakt:<\/p><p>EUZET CONSULTING<br \/>Michelle Euzet<br \/>+49 40 88 14 75 49<br \/>www.euzet-consulting.com<\/p><p>\u00a9 2020 Michelle Euzet<\/p>\t\t\t\t\t\t\t\t<\/div>\n\t\t\t\t<\/div>\n\t\t\t\t\t<\/div>\n\t\t<\/div>\n\t\t\t\t\t<\/div>\n\t\t<\/section>\n\t\t\t\t<\/div>","protected":false},"excerpt":{"rendered":"<p>Diversity-Consulting Kulturwandel gestalten um Potenziale nachhaltig zu nutzen Diversity-Consulting: Kulturwandel gestalten um Potenziale nachhaltig zu nutzenMichelle Euzet, Expertin f\u00fcr Diversity und Kulturwandel bei HuntingHerMichelle Euzet, Expertin f\u00fcr Diversity und KulturwandelWie der Kulturwandel im Unternehmen gelingt Unternehmenskultur wird l\u00e4ngst nicht mehr ausschlie\u00dflich in Verbindung mit Personalmarketing und Employer Branding oder einfach aus Marketingzwecken erw\u00e4hnt. Auch etablierte [&hellip;]<\/p>\n","protected":false},"author":2,"featured_media":0,"parent":1431,"menu_order":0,"comment_status":"closed","ping_status":"closed","template":"elementor_header_footer","meta":{"footnotes":""},"class_list":["post-1463","page","type-page","status-publish","hentry"],"_links":{"self":[{"href":"https:\/\/huntingher.com\/en\/wp-json\/wp\/v2\/pages\/1463","targetHints":{"allow":["GET"]}}],"collection":[{"href":"https:\/\/huntingher.com\/en\/wp-json\/wp\/v2\/pages"}],"about":[{"href":"https:\/\/huntingher.com\/en\/wp-json\/wp\/v2\/types\/page"}],"author":[{"embeddable":true,"href":"https:\/\/huntingher.com\/en\/wp-json\/wp\/v2\/users\/2"}],"replies":[{"embeddable":true,"href":"https:\/\/huntingher.com\/en\/wp-json\/wp\/v2\/comments?post=1463"}],"version-history":[{"count":2,"href":"https:\/\/huntingher.com\/en\/wp-json\/wp\/v2\/pages\/1463\/revisions"}],"predecessor-version":[{"id":2579,"href":"https:\/\/huntingher.com\/en\/wp-json\/wp\/v2\/pages\/1463\/revisions\/2579"}],"up":[{"embeddable":true,"href":"https:\/\/huntingher.com\/en\/wp-json\/wp\/v2\/pages\/1431"}],"wp:attachment":[{"href":"https:\/\/huntingher.com\/en\/wp-json\/wp\/v2\/media?parent=1463"}],"curies":[{"name":"wp","href":"https:\/\/api.w.org\/{rel}","templated":true}]}}