{"id":1452,"date":"2020-07-10T17:24:46","date_gmt":"2020-07-10T15:24:46","guid":{"rendered":"https:\/\/higher-her.com\/?page_id=1452"},"modified":"2020-08-04T14:23:43","modified_gmt":"2020-08-04T12:23:43","slug":"kommunikations-coaching-frankfurt","status":"publish","type":"page","link":"https:\/\/huntingher.com\/en\/what-we-do\/diversity-consulting\/kommunikations-coaching-frankfurt\/","title":{"rendered":"Kommunikations-Coaching-Frankfurt"},"content":{"rendered":"<div data-elementor-type=\"wp-page\" data-elementor-id=\"1452\" class=\"elementor elementor-1452\" data-elementor-post-type=\"page\">\n\t\t\t\t\t\t<section class=\"elementor-section elementor-top-section elementor-element elementor-element-be0e7af elementor-section-boxed elementor-section-height-default elementor-section-height-default\" data-id=\"be0e7af\" data-element_type=\"section\" data-e-type=\"section\">\n\t\t\t\t\t\t<div class=\"elementor-container elementor-column-gap-default\">\n\t\t\t\t\t<div class=\"elementor-column elementor-col-100 elementor-top-column elementor-element elementor-element-30636ea\" data-id=\"30636ea\" data-element_type=\"column\" data-e-type=\"column\">\n\t\t\t<div class=\"elementor-widget-wrap elementor-element-populated\">\n\t\t\t\t\t\t<div class=\"elementor-element elementor-element-c3560e9 elementor-widget elementor-widget-heading\" data-id=\"c3560e9\" data-element_type=\"widget\" data-e-type=\"widget\" data-widget_type=\"heading.default\">\n\t\t\t\t<div class=\"elementor-widget-container\">\n\t\t\t\t\t<h5 class=\"elementor-heading-title elementor-size-default\">F\u00fchrungskr\u00e4fte-Coaching f\u00fcr Frauen<\/h5>\t\t\t\t<\/div>\n\t\t\t\t<\/div>\n\t\t\t\t\t<\/div>\n\t\t<\/div>\n\t\t\t\t\t<\/div>\n\t\t<\/section>\n\t\t\t\t<section class=\"elementor-section elementor-top-section elementor-element elementor-element-20e44c8 elementor-section-boxed elementor-section-height-default elementor-section-height-default\" data-id=\"20e44c8\" data-element_type=\"section\" data-e-type=\"section\">\n\t\t\t\t\t\t<div class=\"elementor-container elementor-column-gap-default\">\n\t\t\t\t\t<div class=\"elementor-column elementor-col-100 elementor-top-column elementor-element elementor-element-1f3f170\" data-id=\"1f3f170\" data-element_type=\"column\" data-e-type=\"column\">\n\t\t\t<div class=\"elementor-widget-wrap elementor-element-populated\">\n\t\t\t\t\t\t<div class=\"elementor-element elementor-element-d80467c elementor-widget elementor-widget-heading\" data-id=\"d80467c\" data-element_type=\"widget\" data-e-type=\"widget\" data-widget_type=\"heading.default\">\n\t\t\t\t<div class=\"elementor-widget-container\">\n\t\t\t\t\t<h2 class=\"elementor-heading-title elementor-size-default\">\u201eFamili\u00e4re Kompetenzen\u201c - DAS untersch\u00e4tzte Potential<\/h2>\t\t\t\t<\/div>\n\t\t\t\t<\/div>\n\t\t\t\t\t<\/div>\n\t\t<\/div>\n\t\t\t\t\t<\/div>\n\t\t<\/section>\n\t\t\t\t<section class=\"elementor-section elementor-top-section elementor-element elementor-element-d00b4a2 elementor-section-boxed elementor-section-height-default elementor-section-height-default\" data-id=\"d00b4a2\" data-element_type=\"section\" data-e-type=\"section\">\n\t\t\t\t\t\t<div class=\"elementor-container elementor-column-gap-default\">\n\t\t\t\t\t<div class=\"elementor-column elementor-col-50 elementor-top-column elementor-element elementor-element-0e02c84\" data-id=\"0e02c84\" data-element_type=\"column\" data-e-type=\"column\">\n\t\t\t<div class=\"elementor-widget-wrap elementor-element-populated\">\n\t\t\t\t\t\t<div class=\"elementor-element elementor-element-71d66ff elementor-widget elementor-widget-text-editor\" data-id=\"71d66ff\" data-element_type=\"widget\" data-e-type=\"widget\" data-widget_type=\"text-editor.default\">\n\t\t\t\t<div class=\"elementor-widget-container\">\n\t\t\t\t\t\t\t\t\t<p><strong>Dr. Stephanie Robben-Beyer <br \/>Kommunikations-Training und F\u00fchrungskr\u00e4fte-Coaching\u00a0<\/strong><\/p><p>Bereits seit 2005 ist Dr. Stephanie Robben-Beyer als Coach und Trainerin t\u00e4tig; stets mit dem wirklichen Fokus auf \u201esocial skills\u201c und Kommunikation als Basis guter, kompetenter und somit langfristig erfolgreicher F\u00fchrung<\/p><p><strong>Themen-Schwerpunkte im Coaching:<\/strong><\/p><ul><li>\u00dcberzeugend F\u00fchren<\/li><li>Individuelle Entwicklung der (F\u00fchrungs-) Pers\u00f6nlichkeit<\/li><li>Ganzheitliche Vermittlung und Training von \u201esocial skills\u201c<\/li><li>Empathische Kommunikation sowie<\/li><li>weitere grundlegende \u201eWerkzeuge\u201c f\u00fcr eine kompetente F\u00fchrung wie die Sensibilisierung f\u00fcr den \u201eMindset\u201c-Faktor Diversit\u00e4t.<\/li><\/ul>\t\t\t\t\t\t\t\t<\/div>\n\t\t\t\t<\/div>\n\t\t\t\t\t<\/div>\n\t\t<\/div>\n\t\t\t\t<div class=\"elementor-column elementor-col-50 elementor-top-column elementor-element elementor-element-f85d65b\" data-id=\"f85d65b\" data-element_type=\"column\" data-e-type=\"column\">\n\t\t\t<div class=\"elementor-widget-wrap elementor-element-populated\">\n\t\t\t\t\t\t<div class=\"elementor-element elementor-element-bbe6a4a elementor-cta--skin-cover elementor-cta--valign-middle elementor-animated-content elementor-bg-transform elementor-bg-transform-zoom-in elementor-widget elementor-widget-call-to-action\" data-id=\"bbe6a4a\" data-element_type=\"widget\" data-e-type=\"widget\" data-widget_type=\"call-to-action.default\">\n\t\t\t\t<div class=\"elementor-widget-container\">\n\t\t\t\t\t\t\t<div class=\"elementor-cta\">\n\t\t\t\t\t<div class=\"elementor-cta__bg-wrapper\">\n\t\t\t\t<div class=\"elementor-cta__bg elementor-bg\" style=\"background-image: url(https:\/\/huntingher.com\/wp-content\/uploads\/2020\/06\/huntingher-headhunter-robben-beyer.jpg);\" role=\"img\" aria-label=\"Dr. Stephanie Roben-Beyer, Moderatorin und Coach bei Hunting\/Her Career.\"><\/div>\n\t\t\t\t<div class=\"elementor-cta__bg-overlay\"><\/div>\n\t\t\t<\/div>\n\t\t\t\t\t\t\t<div class=\"elementor-cta__content\">\n\t\t\t\t\n\t\t\t\t\t\t\t\t\t<h2 class=\"elementor-cta__title elementor-cta__content-item elementor-content-item elementor-animated-item--grow\">\n\t\t\t\t\t\t<br><br><br><br><br><br><br>Dr. Stephanie Robben-Beyer\t\t\t\t\t<\/h2>\n\t\t\t\t\n\t\t\t\t\t\t\t\t\t<div class=\"elementor-cta__description elementor-cta__content-item elementor-content-item elementor-animated-item--grow\">\n\t\t\t\t\t\tAssociated Partner\t\t\t\t\t<\/div>\n\t\t\t\t\n\t\t\t\t\t\t\t<\/div>\n\t\t\t\t\t\t<\/div>\n\t\t\t\t\t\t<\/div>\n\t\t\t\t<\/div>\n\t\t\t\t\t<\/div>\n\t\t<\/div>\n\t\t\t\t\t<\/div>\n\t\t<\/section>\n\t\t\t\t<section class=\"elementor-section elementor-top-section elementor-element elementor-element-ad66f67 elementor-section-boxed elementor-section-height-default elementor-section-height-default\" data-id=\"ad66f67\" data-element_type=\"section\" data-e-type=\"section\">\n\t\t\t\t\t\t<div class=\"elementor-container elementor-column-gap-default\">\n\t\t\t\t\t<div class=\"elementor-column elementor-col-100 elementor-top-column elementor-element elementor-element-7ad3551\" data-id=\"7ad3551\" data-element_type=\"column\" data-e-type=\"column\">\n\t\t\t<div class=\"elementor-widget-wrap elementor-element-populated\">\n\t\t\t\t\t\t<div class=\"elementor-element elementor-element-8a577cb elementor-widget elementor-widget-text-editor\" data-id=\"8a577cb\" data-element_type=\"widget\" data-e-type=\"widget\" data-widget_type=\"text-editor.default\">\n\t\t\t\t<div class=\"elementor-widget-container\">\n\t\t\t\t\t\t\t\t\t<p><strong>Coaching-Philosophie: \u201eFamili\u00e4re Kompetenzen\u201c &#8211; DAS untersch\u00e4tzte Potential<\/strong><\/p><p>Die Basis meiner Arbeit ist die Auffassung, dass es nicht reicht, ManagerInnen und Mitarbeitende auf Grund ihrer fachlichen Kompetenzen eine F\u00fchrungsposition zu \u00fcberantworten.<\/p><p>Insbesondere auch angehende F\u00fchrungskr\u00e4fte sollten dabei sensibilisiert werden f\u00fcr die komplexe Umsetzung sozialer Skills, empathischer, emotionaler und kommunikativer Kompetenzen, die sie in ihrer F\u00fchrungsposition ben\u00f6tigen.<\/p><p>In der heutigen \u201eVUCA-Welt\u201c ist die bewusste, pr\u00e4gende, pers\u00f6nliche Einstellung (das \u201eMindset\u201c) und der bewusste Umgang mit Emotionen (den eigenen und den der Stakeholder) und die daraus resultierende Kommunikation und das letztlich folgerichtig umzusetzende ganzheitliche Handeln der wesentliche essentielle Faktor, um authentisch, ganzheitlich und nachhaltig erfolgreich zu sein.<\/p><p><strong>Coaching-Angebote:<\/strong><\/p><ul><li>Einzel-Coachings<\/li><li>Kleingruppen-Workshops<\/li><li>Gro\u00dfgruppen-Workshops zum Thema Teamfindung, &#8211; bindung, &#8211; st\u00e4rkung<br \/><br \/><\/li><\/ul><p><strong>Auszug Referenzen:<\/strong><\/p><ul><li>ARAG SE<\/li><li>Bundesverband Initiative 50 plus<\/li><li>Cleancar Aktiengesellschaft<\/li><li>Deutsches Rotes Kreuz<\/li><li>Esso Deutschland<\/li><li>REFA Hessen<\/li><li>Staack Pooltankstellen<\/li><li>Auto-Bach Bentley<\/li><li>B\u00fcndnis f\u00fcr Familie<\/li><li>Etec Consult GmbH<\/li><li>Stockmeier Chemie<\/li><li>VDZ<\/li><li>Wirtschaftsf\u00f6rderung Lahn-Dill<\/li><li>Brenntag AG<\/li><li>Petronord<\/li><li>Roth Gruppe<\/li><li>Tankpool 24 GmbH<\/li><li>Verband f\u00fcr Energiehandel<br \/><br \/><\/li><\/ul><p><strong>Auszug Kundenstimmen:<\/strong><\/p><p>Mit Frau Dr. Robben-Beyer arbeiten wir seit vielen Jahren sehr vertrauensvoll im Bereich der Personalentwicklung zusammen. Dabei legen wir sehr viel Wert auf ein individuelles &#8211; speziell auf die Kandidaten &#8211; abgestimmtes Coaching.<\/p><p>Durch das hohe Engagement und den ganzheitlichen Ansatz von Dr. Robben-Beyer sowohl in Einzel-, als auch in Team-Coaching-Prozessen, die jeweils individuell von ihr auf die Kandidaten abgestimmt werden, haben wir unser Team in verschiedenen Management Ebenen in den vergangenen Jahren deutlich in ihren jeweiligen F\u00fchrungspers\u00f6nlichkeiten weiterentwickeln k\u00f6nnen.<\/p><p><strong>Volker Tiedemann<\/strong><br \/>Mabanaft AG<\/p><p>Frau Robben-Beyer hat als Coach eine sehr freundlich einnehmende Art, ihre Kunden mitzunehmen. Weiterhin besticht sie durch akzentuiertes wohl bedachtes Sprechen und passt sich in ihrer Wortwahl der jeweiligen Klientel an.<\/p><p><strong>J\u00f6rg Wittem\u00f6ller<br \/>Hempelmann Wittem\u00f6ller\u00a0<\/strong><\/p><p>Frau Dr. Robben- Beyer habe ich in der Vergangenheit in mehreren und unterschiedlichen Formaten kennengelernt. Sie ist absolut professionell im Auftritt und schafft es innerhalb k\u00fcrzester Zeit, das Plenum, beziehungsweise die Arbeitsgruppe f\u00fcr sich zu gewinnen.<\/p><p>Ihre absolute St\u00e4rke ist es, aktiv zuzuh\u00f6ren und auch bei schwieriger Diskussionslage den roten Faden zu verfolgen, um am Ende ein erfolgreiches Ergebnis zu erreichen. Sie scheut sich dabei auch nicht, unangenehme oder kontroverse Situationen zu begleiten.<\/p><p>Da sie sich akribisch auf ihre Aufgabe individuell vorbereitet, kann sie selbst in fremden Fachgebieten komplexe Diskussionen moderieren. Hier sind ihre sehr gut ausgebildete Multitasking-F\u00e4higkeiten ausgesprochen hilfreich.<\/p><p><strong>Frank Smajek<br \/>LUKANI GmbH<\/strong><\/p>\t\t\t\t\t\t\t\t<\/div>\n\t\t\t\t<\/div>\n\t\t\t\t\t<\/div>\n\t\t<\/div>\n\t\t\t\t\t<\/div>\n\t\t<\/section>\n\t\t\t\t<\/div>","protected":false},"excerpt":{"rendered":"<p>F\u00fchrungskr\u00e4fte-Coaching f\u00fcr Frauen \u201eFamili\u00e4re Kompetenzen\u201c &#8211; DAS untersch\u00e4tzte Potential Dr. Stephanie Robben-Beyer Kommunikations-Training und F\u00fchrungskr\u00e4fte-Coaching\u00a0 Bereits seit 2005 ist Dr. Stephanie Robben-Beyer als Coach und Trainerin t\u00e4tig; stets mit dem wirklichen Fokus auf \u201esocial skills\u201c und Kommunikation als Basis guter, kompetenter und somit langfristig erfolgreicher F\u00fchrung Themen-Schwerpunkte im Coaching: \u00dcberzeugend F\u00fchren Individuelle Entwicklung der (F\u00fchrungs-) [&hellip;]<\/p>\n","protected":false},"author":2,"featured_media":0,"parent":1431,"menu_order":0,"comment_status":"closed","ping_status":"closed","template":"elementor_header_footer","meta":{"footnotes":""},"class_list":["post-1452","page","type-page","status-publish","hentry"],"_links":{"self":[{"href":"https:\/\/huntingher.com\/en\/wp-json\/wp\/v2\/pages\/1452","targetHints":{"allow":["GET"]}}],"collection":[{"href":"https:\/\/huntingher.com\/en\/wp-json\/wp\/v2\/pages"}],"about":[{"href":"https:\/\/huntingher.com\/en\/wp-json\/wp\/v2\/types\/page"}],"author":[{"embeddable":true,"href":"https:\/\/huntingher.com\/en\/wp-json\/wp\/v2\/users\/2"}],"replies":[{"embeddable":true,"href":"https:\/\/huntingher.com\/en\/wp-json\/wp\/v2\/comments?post=1452"}],"version-history":[{"count":0,"href":"https:\/\/huntingher.com\/en\/wp-json\/wp\/v2\/pages\/1452\/revisions"}],"up":[{"embeddable":true,"href":"https:\/\/huntingher.com\/en\/wp-json\/wp\/v2\/pages\/1431"}],"wp:attachment":[{"href":"https:\/\/huntingher.com\/en\/wp-json\/wp\/v2\/media?parent=1452"}],"curies":[{"name":"wp","href":"https:\/\/api.w.org\/{rel}","templated":true}]}}