{"id":1343,"date":"2020-06-22T19:00:19","date_gmt":"2020-06-22T17:00:19","guid":{"rendered":"https:\/\/higher-her.com\/?page_id=1343"},"modified":"2024-05-13T13:23:23","modified_gmt":"2024-05-13T11:23:23","slug":"female-talent-pool","status":"publish","type":"page","link":"https:\/\/huntingher.com\/en\/what-we-do\/female-talent-pool\/","title":{"rendered":"Female Talent-Pool: Nachhaltiges Talentmanagement durch die f\u00fchrende Personalberatung f\u00fcr Frauen"},"content":{"rendered":"<div data-elementor-type=\"wp-page\" data-elementor-id=\"1343\" class=\"elementor elementor-1343\" data-elementor-post-type=\"page\">\n\t\t\t\t\t\t<section class=\"elementor-section elementor-top-section elementor-element elementor-element-04d8613 elementor-section-boxed elementor-section-height-default elementor-section-height-default\" data-id=\"04d8613\" data-element_type=\"section\">\n\t\t\t\t\t\t<div class=\"elementor-container elementor-column-gap-default\">\n\t\t\t\t\t<div class=\"elementor-column elementor-col-100 elementor-top-column elementor-element elementor-element-40a6368\" data-id=\"40a6368\" data-element_type=\"column\">\n\t\t\t<div class=\"elementor-widget-wrap elementor-element-populated\">\n\t\t\t\t\t\t<div class=\"elementor-element elementor-element-7694786 elementor-widget elementor-widget-heading\" data-id=\"7694786\" data-element_type=\"widget\" data-widget_type=\"heading.default\">\n\t\t\t\t<div class=\"elementor-widget-container\">\n\t\t\t\t\t<h5 class=\"elementor-heading-title elementor-size-default\">Female Talent-Pool<\/h5>\t\t\t\t<\/div>\n\t\t\t\t<\/div>\n\t\t\t\t<div class=\"elementor-element elementor-element-ec9247b elementor-widget elementor-widget-heading\" data-id=\"ec9247b\" data-element_type=\"widget\" data-widget_type=\"heading.default\">\n\t\t\t\t<div class=\"elementor-widget-container\">\n\t\t\t\t\t<h2 class=\"elementor-heading-title elementor-size-default\">Our perspective approach for sustainable talent management<\/h2>\t\t\t\t<\/div>\n\t\t\t\t<\/div>\n\t\t\t\t<div class=\"elementor-element elementor-element-faf8791 elementor-widget elementor-widget-text-editor\" data-id=\"faf8791\" data-element_type=\"widget\" data-widget_type=\"text-editor.default\">\n\t\t\t\t<div class=\"elementor-widget-container\">\n\t\t\t\t\t\t\t\t\t<p>The market situation for senior female specialists and managers, and those with a STEM background in particular, is challenging. The massive underrepresentation of women, especially in technical management positions, and the significant increase in demand for them requires a sustainable approach to recruitment.<\/p>\t\t\t\t\t\t\t\t<\/div>\n\t\t\t\t<\/div>\n\t\t\t\t\t<\/div>\n\t\t<\/div>\n\t\t\t\t\t<\/div>\n\t\t<\/section>\n\t\t\t\t<section class=\"elementor-section elementor-top-section elementor-element elementor-element-a3859e6 elementor-section-boxed elementor-section-height-default elementor-section-height-default\" data-id=\"a3859e6\" data-element_type=\"section\">\n\t\t\t\t\t\t<div class=\"elementor-container elementor-column-gap-default\">\n\t\t\t\t\t<div class=\"elementor-column elementor-col-50 elementor-top-column elementor-element elementor-element-526afbc\" data-id=\"526afbc\" data-element_type=\"column\">\n\t\t\t<div class=\"elementor-widget-wrap elementor-element-populated\">\n\t\t\t\t\t\t<div class=\"elementor-element elementor-element-fd8a0f7 elementor-widget elementor-widget-text-editor\" data-id=\"fd8a0f7\" data-element_type=\"widget\" data-widget_type=\"text-editor.default\">\n\t\t\t\t<div class=\"elementor-widget-container\">\n\t\t\t\t\t\t\t\t\t<p>Our approach to the Female Talent Pool is founded on a continuous, cyclical search &amp; identify process that spans all relevant segments of the labour market, following the \"back-funnel\" principle. Similar to an individual executive search mandate, we expand our focus to include target companies, functional areas, and hierarchical levels extending to peripheral areas, which are then selectively targeted in subsequent steps. Additionally, we proactively reach out to potentially suitable candidates through our networks.<\/p>\t\t\t\t\t\t\t\t<\/div>\n\t\t\t\t<\/div>\n\t\t\t\t<div class=\"elementor-element elementor-element-7375830 elementor-widget elementor-widget-heading\" data-id=\"7375830\" data-element_type=\"widget\" data-widget_type=\"heading.default\">\n\t\t\t\t<div class=\"elementor-widget-container\">\n\t\t\t\t\t<h5 class=\"elementor-heading-title elementor-size-default\">Sustainable recruitment through continuous search &amp; ident processes<\/h5>\t\t\t\t<\/div>\n\t\t\t\t<\/div>\n\t\t\t\t<div class=\"elementor-element elementor-element-7fee14b elementor-widget elementor-widget-text-editor\" data-id=\"7fee14b\" data-element_type=\"widget\" data-widget_type=\"text-editor.default\">\n\t\t\t\t<div class=\"elementor-widget-container\">\n\t\t\t\t\t\t\t\t\t<p>We consider it crucial to keep regular, reliable contact with potential candidates and prospects, ensuring we can quickly respond to any changes in their circumstances or actively engage in their career planning. With the long-term female talent pool, HR decision-makers are equipped in advance for anticipated trends in the job market and can also address immediate staffing needs effectively<\/p>\t\t\t\t\t\t\t\t<\/div>\n\t\t\t\t<\/div>\n\t\t\t\t\t<\/div>\n\t\t<\/div>\n\t\t\t\t<div class=\"elementor-column elementor-col-50 elementor-top-column elementor-element elementor-element-5e29daf\" data-id=\"5e29daf\" data-element_type=\"column\">\n\t\t\t<div class=\"elementor-widget-wrap elementor-element-populated\">\n\t\t\t\t\t\t<div class=\"elementor-element elementor-element-746e3a1 elementor-widget elementor-widget-image\" data-id=\"746e3a1\" data-element_type=\"widget\" data-widget_type=\"image.default\">\n\t\t\t\t<div class=\"elementor-widget-container\">\n\t\t\t\t\t\t\t\t\t\t\t\t<figure class=\"wp-caption\">\n\t\t\t\t\t\t\t\t\t\t<img fetchpriority=\"high\" decoding=\"async\" width=\"800\" height=\"533\" src=\"https:\/\/huntingher.com\/wp-content\/uploads\/2023\/03\/Huntingher-Headhunter-1638-Feindaten-Web-1280x852.jpg\" class=\"attachment-large size-large wp-image-4517\" alt=\"\" srcset=\"https:\/\/huntingher.com\/wp-content\/uploads\/2023\/03\/Huntingher-Headhunter-1638-Feindaten-Web-1280x852.jpg 1280w, https:\/\/huntingher.com\/wp-content\/uploads\/2023\/03\/Huntingher-Headhunter-1638-Feindaten-Web-320x213.jpg 320w, https:\/\/huntingher.com\/wp-content\/uploads\/2023\/03\/Huntingher-Headhunter-1638-Feindaten-Web-768x511.jpg 768w, https:\/\/huntingher.com\/wp-content\/uploads\/2023\/03\/Huntingher-Headhunter-1638-Feindaten-Web.jpg 1500w\" sizes=\"(max-width: 800px) 100vw, 800px\" \/>\t\t\t\t\t\t\t\t\t\t\t<figcaption class=\"widget-image-caption wp-caption-text\">Hunting\/Her partner Christian Ebeling in conversation with colleague Claudia Ulpts.<\/figcaption>\n\t\t\t\t\t\t\t\t\t\t<\/figure>\n\t\t\t\t\t\t\t\t\t<\/div>\n\t\t\t\t<\/div>\n\t\t\t\t<div class=\"elementor-element elementor-element-f3b18d1 elementor-widget elementor-widget-text-editor\" data-id=\"f3b18d1\" data-element_type=\"widget\" data-widget_type=\"text-editor.default\">\n\t\t\t\t<div class=\"elementor-widget-container\">\n\t\t\t\t\t\t\t\t\t<p><i><b><br><\/b><\/i><\/p><p><i><b>\"...the market leader in Europe for women leaders\"<\/b><\/i> &#8211; Experteer&nbsp;&nbsp;<\/p>\n<div>&nbsp;<\/div>\t\t\t\t\t\t\t\t<\/div>\n\t\t\t\t<\/div>\n\t\t\t\t\t<\/div>\n\t\t<\/div>\n\t\t\t\t\t<\/div>\n\t\t<\/section>\n\t\t\t\t<section class=\"elementor-section elementor-top-section elementor-element elementor-element-66d02509 elementor-section-boxed elementor-section-height-default elementor-section-height-default\" data-id=\"66d02509\" data-element_type=\"section\">\n\t\t\t\t\t\t<div class=\"elementor-container elementor-column-gap-default\">\n\t\t\t\t\t<div class=\"elementor-column elementor-col-50 elementor-top-column elementor-element elementor-element-64133049\" data-id=\"64133049\" data-element_type=\"column\" data-settings=\"{&quot;background_background&quot;:&quot;classic&quot;}\">\n\t\t\t<div class=\"elementor-widget-wrap elementor-element-populated\">\n\t\t\t\t\t\t<div class=\"elementor-element elementor-element-4846dec2 elementor-widget elementor-widget-heading\" data-id=\"4846dec2\" data-element_type=\"widget\" data-widget_type=\"heading.default\">\n\t\t\t\t<div class=\"elementor-widget-container\">\n\t\t\t\t\t<h4 class=\"elementor-heading-title elementor-size-default\">HUNTING\/HER HR-Partners \u00ae<\/h4>\t\t\t\t<\/div>\n\t\t\t\t<\/div>\n\t\t\t\t<div class=\"elementor-element elementor-element-10cd5c4f elementor-widget elementor-widget-text-editor\" data-id=\"10cd5c4f\" data-element_type=\"widget\" data-widget_type=\"text-editor.default\">\n\t\t\t\t<div class=\"elementor-widget-container\">\n\t\t\t\t\t\t\t\t\t<p style=\"text-align: center;\"><strong>Female Executive Search<\/strong><br \/><strong>for companies<\/strong><\/p>\t\t\t\t\t\t\t\t<\/div>\n\t\t\t\t<\/div>\n\t\t\t\t<div class=\"elementor-element elementor-element-77d482ec elementor-align-center elementor-widget elementor-widget-button\" data-id=\"77d482ec\" data-element_type=\"widget\" data-widget_type=\"button.default\">\n\t\t\t\t<div class=\"elementor-widget-container\">\n\t\t\t\t\t\t\t\t\t<div class=\"elementor-button-wrapper\">\n\t\t\t\t\t<a class=\"elementor-button elementor-button-link elementor-size-sm elementor-animation-shrink\" href=\"\/en\/female-executive-search\/\">\n\t\t\t\t\t\t<span class=\"elementor-button-content-wrapper\">\n\t\t\t\t\t\t\t\t\t<span class=\"elementor-button-text\">Further information<\/span>\n\t\t\t\t\t<\/span>\n\t\t\t\t\t<\/a>\n\t\t\t\t<\/div>\n\t\t\t\t\t\t\t\t<\/div>\n\t\t\t\t<\/div>\n\t\t\t\t\t<\/div>\n\t\t<\/div>\n\t\t\t\t<div class=\"elementor-column elementor-col-50 elementor-top-column elementor-element elementor-element-32abcee5\" data-id=\"32abcee5\" data-element_type=\"column\" data-settings=\"{&quot;background_background&quot;:&quot;classic&quot;}\">\n\t\t\t<div class=\"elementor-widget-wrap elementor-element-populated\">\n\t\t\t\t\t\t<div class=\"elementor-element elementor-element-e410d79 elementor-cta--skin-cover elementor-cta--valign-middle elementor-animated-content elementor-bg-transform elementor-bg-transform-zoom-in elementor-widget elementor-widget-call-to-action\" data-id=\"e410d79\" data-element_type=\"widget\" data-widget_type=\"call-to-action.default\">\n\t\t\t\t<div class=\"elementor-widget-container\">\n\t\t\t\t\t\t\t<div class=\"elementor-cta\">\n\t\t\t\t\t<div class=\"elementor-cta__bg-wrapper\">\n\t\t\t\t<div class=\"elementor-cta__bg elementor-bg\" style=\"background-image: url(https:\/\/huntingher.com\/wp-content\/uploads\/2023\/06\/HuntingHer-Frauen-Headhunter-Team-Duesseldorf-Hamburg02_01.jpg);\" role=\"img\" aria-label=\"HuntingHer-Frauen-Headhunter-Team-Duesseldorf-Hamburg02_01\"><\/div>\n\t\t\t\t<div class=\"elementor-cta__bg-overlay\"><\/div>\n\t\t\t<\/div>\n\t\t\t\t\t\t\t<div class=\"elementor-cta__content\">\n\t\t\t\t\n\t\t\t\t\t\t\t\t\t<h2 class=\"elementor-cta__title elementor-cta__content-item elementor-content-item elementor-animated-item--grow\">\n\t\t\t\t\t\t<br><br><br><br><br><br><br>#Team_HuntingHer\t\t\t\t\t<\/h2>\n\t\t\t\t\n\t\t\t\t\t\t\t\t\t<div class=\"elementor-cta__description elementor-cta__content-item elementor-content-item elementor-animated-item--grow\">\n\t\t\t\t\t\tAT THE D\u00dcSSELDORF SITE\t\t\t\t\t<\/div>\n\t\t\t\t\n\t\t\t\t\t\t\t<\/div>\n\t\t\t\t\t\t<\/div>\n\t\t\t\t\t\t<\/div>\n\t\t\t\t<\/div>\n\t\t\t\t\t<\/div>\n\t\t<\/div>\n\t\t\t\t\t<\/div>\n\t\t<\/section>\n\t\t\t\t<\/div>","protected":false},"excerpt":{"rendered":"<p>Female Talent-Pool Unser perspektivischer Ansatz f\u00fcr ein nachhaltiges Talentmanagement Die Marktsituation hinsichtlich gehobener weiblicher Fach- und F\u00fchrungskr\u00e4fte im Allgemeinen und jenen mit MINT-Hintergrund im Besonderen stellt sich besonders herausfordernd dar. Die massive Unterrepr\u00e4sentanz von Frauen insbesondere auch in technischen F\u00fchrungspositionen sowie die deutlich gestiegene Nachfrage nach ihnen erfordern einen nachhaltigen Ansatz bei der Personalgewinnung. Unser [&hellip;]<\/p>\n","protected":false},"author":2,"featured_media":0,"parent":1333,"menu_order":0,"comment_status":"closed","ping_status":"closed","template":"","meta":{"footnotes":""},"class_list":["post-1343","page","type-page","status-publish","hentry"],"_links":{"self":[{"href":"https:\/\/huntingher.com\/en\/wp-json\/wp\/v2\/pages\/1343","targetHints":{"allow":["GET"]}}],"collection":[{"href":"https:\/\/huntingher.com\/en\/wp-json\/wp\/v2\/pages"}],"about":[{"href":"https:\/\/huntingher.com\/en\/wp-json\/wp\/v2\/types\/page"}],"author":[{"embeddable":true,"href":"https:\/\/huntingher.com\/en\/wp-json\/wp\/v2\/users\/2"}],"replies":[{"embeddable":true,"href":"https:\/\/huntingher.com\/en\/wp-json\/wp\/v2\/comments?post=1343"}],"version-history":[{"count":38,"href":"https:\/\/huntingher.com\/en\/wp-json\/wp\/v2\/pages\/1343\/revisions"}],"predecessor-version":[{"id":5036,"href":"https:\/\/huntingher.com\/en\/wp-json\/wp\/v2\/pages\/1343\/revisions\/5036"}],"up":[{"embeddable":true,"href":"https:\/\/huntingher.com\/en\/wp-json\/wp\/v2\/pages\/1333"}],"wp:attachment":[{"href":"https:\/\/huntingher.com\/en\/wp-json\/wp\/v2\/media?parent=1343"}],"curies":[{"name":"wp","href":"https:\/\/api.w.org\/{rel}","templated":true}]}}