{"id":1333,"date":"2020-06-22T18:45:59","date_gmt":"2020-06-22T16:45:59","guid":{"rendered":"https:\/\/higher-her.com\/?page_id=1333"},"modified":"2025-07-10T10:40:29","modified_gmt":"2025-07-10T08:40:29","slug":"what-we-do","status":"publish","type":"page","link":"https:\/\/huntingher.com\/en\/what-we-do\/","title":{"rendered":"Vom Frauen-Headhunter zur f\u00fchrenden Personalberatung f\u00fcr Frauen"},"content":{"rendered":"<div data-elementor-type=\"wp-page\" data-elementor-id=\"1333\" class=\"elementor elementor-1333\" data-elementor-post-type=\"page\">\n\t\t\t\t\t\t<section class=\"elementor-section elementor-top-section elementor-element elementor-element-7b47420 elementor-section-boxed elementor-section-height-default elementor-section-height-default\" data-id=\"7b47420\" data-element_type=\"section\">\n\t\t\t\t\t\t<div class=\"elementor-container elementor-column-gap-default\">\n\t\t\t\t\t<div class=\"elementor-column elementor-col-100 elementor-top-column elementor-element elementor-element-2caa7dd\" data-id=\"2caa7dd\" data-element_type=\"column\">\n\t\t\t<div class=\"elementor-widget-wrap elementor-element-populated\">\n\t\t\t\t\t\t<div class=\"elementor-element elementor-element-8f893fb elementor-widget elementor-widget-heading\" data-id=\"8f893fb\" data-element_type=\"widget\" data-widget_type=\"heading.default\">\n\t\t\t\t<div class=\"elementor-widget-container\">\n\t\t\t\t\t<h5 class=\"elementor-heading-title elementor-size-default\">Pioneers in <i>She<\/i>Placement<\/h5>\t\t\t\t<\/div>\n\t\t\t\t<\/div>\n\t\t\t\t<div class=\"elementor-element elementor-element-c9e718d elementor-widget elementor-widget-heading\" data-id=\"c9e718d\" data-element_type=\"widget\" data-widget_type=\"heading.default\">\n\t\t\t\t<div class=\"elementor-widget-container\">\n\t\t\t\t\t<h2 class=\"elementor-heading-title elementor-size-default translation-block\">From <i> \"Female Headhunter\"<\/i>  to <i> \"leading personnel consultancy for women\"<\/i><\/h2>\t\t\t\t<\/div>\n\t\t\t\t<\/div>\n\t\t\t\t\t<\/div>\n\t\t<\/div>\n\t\t\t\t\t<\/div>\n\t\t<\/section>\n\t\t\t\t<section class=\"elementor-section elementor-top-section elementor-element elementor-element-10a6003 elementor-section-boxed elementor-section-height-default elementor-section-height-default\" data-id=\"10a6003\" data-element_type=\"section\">\n\t\t\t\t\t\t<div class=\"elementor-container elementor-column-gap-default\">\n\t\t\t\t\t<div class=\"elementor-column elementor-col-50 elementor-top-column elementor-element elementor-element-115a21f\" data-id=\"115a21f\" data-element_type=\"column\">\n\t\t\t<div class=\"elementor-widget-wrap elementor-element-populated\">\n\t\t\t\t\t\t<div class=\"elementor-element elementor-element-2aa9303 elementor-widget elementor-widget-text-editor\" data-id=\"2aa9303\" data-element_type=\"widget\" data-widget_type=\"text-editor.default\">\n\t\t\t\t<div class=\"elementor-widget-container\">\n\t\t\t\t\t\t\t\t\t<p>Launched in 2007 as the world's first recruitment consultancy exclusively for women (DIE WELT) and \"Germany's first female headhunter\" (RTL News), we have been supporting corporations and organisations in achieving even the most demanding diversity goals as \"Europe's market leader for women in management\" (Experteer) ever since.\u00a0<\/p><p>As part of our close collaboration with one of the world's leading executive search consultancies, HUNTING\/HER also fills senior specialist and management positions beyond our European home market.<\/p>\t\t\t\t\t\t\t\t<\/div>\n\t\t\t\t<\/div>\n\t\t\t\t\t<\/div>\n\t\t<\/div>\n\t\t\t\t<div class=\"elementor-column elementor-col-50 elementor-top-column elementor-element elementor-element-0cb3c41\" data-id=\"0cb3c41\" data-element_type=\"column\">\n\t\t\t<div class=\"elementor-widget-wrap elementor-element-populated\">\n\t\t\t\t\t\t<div class=\"elementor-element elementor-element-fdb6c03 elementor-widget elementor-widget-image\" data-id=\"fdb6c03\" data-element_type=\"widget\" data-widget_type=\"image.default\">\n\t\t\t\t<div class=\"elementor-widget-container\">\n\t\t\t\t\t\t\t\t\t\t\t\t<figure class=\"wp-caption\">\n\t\t\t\t\t\t\t\t\t\t<img fetchpriority=\"high\" decoding=\"async\" width=\"1000\" height=\"665\" src=\"https:\/\/huntingher.com\/wp-content\/uploads\/2023\/03\/HuntingHer-Headhunter-Retail-Claudia-Ulpts.jpg\" class=\"attachment-full size-full wp-image-4470\" alt=\"\" srcset=\"https:\/\/huntingher.com\/wp-content\/uploads\/2023\/03\/HuntingHer-Headhunter-Retail-Claudia-Ulpts.jpg 1000w, https:\/\/huntingher.com\/wp-content\/uploads\/2023\/03\/HuntingHer-Headhunter-Retail-Claudia-Ulpts-320x213.jpg 320w, https:\/\/huntingher.com\/wp-content\/uploads\/2023\/03\/HuntingHer-Headhunter-Retail-Claudia-Ulpts-768x511.jpg 768w\" sizes=\"(max-width: 1000px) 100vw, 1000px\" \/>\t\t\t\t\t\t\t\t\t\t\t<figcaption class=\"widget-image-caption wp-caption-text\">Interview with Claudia Ulpts, Partner at Hunting\/Her.<\/figcaption>\n\t\t\t\t\t\t\t\t\t\t<\/figure>\n\t\t\t\t\t\t\t\t\t<\/div>\n\t\t\t\t<\/div>\n\t\t\t\t\t<\/div>\n\t\t<\/div>\n\t\t\t\t\t<\/div>\n\t\t<\/section>\n\t\t\t\t<section class=\"elementor-section elementor-top-section elementor-element elementor-element-587272d elementor-section-boxed elementor-section-height-default elementor-section-height-default\" data-id=\"587272d\" data-element_type=\"section\">\n\t\t\t\t\t\t<div class=\"elementor-container elementor-column-gap-default\">\n\t\t\t\t\t<div class=\"elementor-column elementor-col-50 elementor-top-column elementor-element elementor-element-432ec9d\" data-id=\"432ec9d\" data-element_type=\"column\" data-settings=\"{&quot;background_background&quot;:&quot;classic&quot;}\">\n\t\t\t<div class=\"elementor-widget-wrap elementor-element-populated\">\n\t\t\t\t\t\t<div class=\"elementor-element elementor-element-4a43c32 elementor-widget elementor-widget-heading\" data-id=\"4a43c32\" data-element_type=\"widget\" data-widget_type=\"heading.default\">\n\t\t\t\t<div class=\"elementor-widget-container\">\n\t\t\t\t\t<h4 class=\"elementor-heading-title elementor-size-default\">Executive Search<\/h4>\t\t\t\t<\/div>\n\t\t\t\t<\/div>\n\t\t\t\t<div class=\"elementor-element elementor-element-7e0f672 elementor-widget elementor-widget-text-editor\" data-id=\"7e0f672\" data-element_type=\"widget\" data-widget_type=\"text-editor.default\">\n\t\t\t\t<div class=\"elementor-widget-container\">\n\t\t\t\t\t\t\t\t\t<p style=\"text-align: center;\">We find the right executives for your vacant specialist or management position.<\/p>\t\t\t\t\t\t\t\t<\/div>\n\t\t\t\t<\/div>\n\t\t\t\t<div class=\"elementor-element elementor-element-14f82f0 elementor-align-center elementor-widget elementor-widget-button\" data-id=\"14f82f0\" data-element_type=\"widget\" data-widget_type=\"button.default\">\n\t\t\t\t<div class=\"elementor-widget-container\">\n\t\t\t\t\t\t\t\t\t<div class=\"elementor-button-wrapper\">\n\t\t\t\t\t<a class=\"elementor-button elementor-button-link elementor-size-sm elementor-animation-shrink\" href=\"\/en\/cc11\/\">\n\t\t\t\t\t\t<span class=\"elementor-button-content-wrapper\">\n\t\t\t\t\t\t\t\t\t<span class=\"elementor-button-text\">Further information<\/span>\n\t\t\t\t\t<\/span>\n\t\t\t\t\t<\/a>\n\t\t\t\t<\/div>\n\t\t\t\t\t\t\t\t<\/div>\n\t\t\t\t<\/div>\n\t\t\t\t\t<\/div>\n\t\t<\/div>\n\t\t\t\t<div class=\"elementor-column elementor-col-50 elementor-top-column elementor-element elementor-element-ebd5896\" data-id=\"ebd5896\" data-element_type=\"column\" data-settings=\"{&quot;background_background&quot;:&quot;classic&quot;}\">\n\t\t\t<div class=\"elementor-widget-wrap elementor-element-populated\">\n\t\t\t\t\t\t<div class=\"elementor-element elementor-element-dacf818 elementor-widget elementor-widget-heading\" data-id=\"dacf818\" data-element_type=\"widget\" data-widget_type=\"heading.default\">\n\t\t\t\t<div class=\"elementor-widget-container\">\n\t\t\t\t\t<h4 class=\"elementor-heading-title elementor-size-default\">Female Talent-Pool<\/h4>\t\t\t\t<\/div>\n\t\t\t\t<\/div>\n\t\t\t\t<div class=\"elementor-element elementor-element-74212a8 elementor-widget elementor-widget-text-editor\" data-id=\"74212a8\" data-element_type=\"widget\" data-widget_type=\"text-editor.default\">\n\t\t\t\t<div class=\"elementor-widget-container\">\n\t\t\t\t\t\t\t\t\t<p style=\"text-align: center;\">We build up your talent pipeline of suitable female specialists and managers.<\/p>\t\t\t\t\t\t\t\t<\/div>\n\t\t\t\t<\/div>\n\t\t\t\t<div class=\"elementor-element elementor-element-84968c5 elementor-align-center elementor-widget elementor-widget-button\" data-id=\"84968c5\" data-element_type=\"widget\" data-widget_type=\"button.default\">\n\t\t\t\t<div class=\"elementor-widget-container\">\n\t\t\t\t\t\t\t\t\t<div class=\"elementor-button-wrapper\">\n\t\t\t\t\t<a class=\"elementor-button elementor-button-link elementor-size-sm elementor-animation-shrink\" href=\"\/en\/what-we-do\/female-talent-pool\/\">\n\t\t\t\t\t\t<span class=\"elementor-button-content-wrapper\">\n\t\t\t\t\t\t\t\t\t<span class=\"elementor-button-text\">Further information<\/span>\n\t\t\t\t\t<\/span>\n\t\t\t\t\t<\/a>\n\t\t\t\t<\/div>\n\t\t\t\t\t\t\t\t<\/div>\n\t\t\t\t<\/div>\n\t\t\t\t\t<\/div>\n\t\t<\/div>\n\t\t\t\t\t<\/div>\n\t\t<\/section>\n\t\t\t\t<\/div>","protected":false},"excerpt":{"rendered":"<p>Pioneers in ShePlacement Vom &#8222;Frauen-Headhunter&#8220; zur &#8222;f\u00fchrenden Personalberatung f\u00fcr Frauen&#8220; Bereits 2007 als weltweit erste Personalberatung nur f\u00fcr Frauen (DIE WELT) bzw.\u00a0&#8222;Deutschlands erster\u00a0Frauen-Headhunter&#8220; (RTL News) gestartet, unterst\u00fctzen wir als &#8222;Europas Marktf\u00fchrer f\u00fcr F\u00fchrungs-Frauen&#8220; (Experteer) seither Unternehmen und Organisationen dabei, selbst anspruchsvolle Diversity-Ziele zu erreichen.\u00a0 Im Rahmen unserer intensiven Zusammenarbeit mit einer der global f\u00fchrenden Executive [&hellip;]<\/p>\n","protected":false},"author":2,"featured_media":0,"parent":0,"menu_order":0,"comment_status":"closed","ping_status":"closed","template":"elementor_header_footer","meta":{"footnotes":""},"class_list":["post-1333","page","type-page","status-publish","hentry"],"_links":{"self":[{"href":"https:\/\/huntingher.com\/en\/wp-json\/wp\/v2\/pages\/1333","targetHints":{"allow":["GET"]}}],"collection":[{"href":"https:\/\/huntingher.com\/en\/wp-json\/wp\/v2\/pages"}],"about":[{"href":"https:\/\/huntingher.com\/en\/wp-json\/wp\/v2\/types\/page"}],"author":[{"embeddable":true,"href":"https:\/\/huntingher.com\/en\/wp-json\/wp\/v2\/users\/2"}],"replies":[{"embeddable":true,"href":"https:\/\/huntingher.com\/en\/wp-json\/wp\/v2\/comments?post=1333"}],"version-history":[{"count":51,"href":"https:\/\/huntingher.com\/en\/wp-json\/wp\/v2\/pages\/1333\/revisions"}],"predecessor-version":[{"id":5464,"href":"https:\/\/huntingher.com\/en\/wp-json\/wp\/v2\/pages\/1333\/revisions\/5464"}],"wp:attachment":[{"href":"https:\/\/huntingher.com\/en\/wp-json\/wp\/v2\/media?parent=1333"}],"curies":[{"name":"wp","href":"https:\/\/api.w.org\/{rel}","templated":true}]}}