{"id":1321,"date":"2020-06-22T18:04:33","date_gmt":"2020-06-22T16:04:33","guid":{"rendered":"https:\/\/higher-her.com\/?page_id=1321"},"modified":"2022-07-25T14:48:45","modified_gmt":"2022-07-25T12:48:45","slug":"datenschutzerklaerung","status":"publish","type":"page","link":"https:\/\/huntingher.com\/en\/datenschutzerklaerung\/","title":{"rendered":"Datenschutzerkl\u00e4rung gem. DSG-VO"},"content":{"rendered":"<div data-elementor-type=\"wp-page\" data-elementor-id=\"1321\" class=\"elementor elementor-1321\" data-elementor-post-type=\"page\">\n\t\t\t\t\t\t<section class=\"elementor-section elementor-top-section elementor-element elementor-element-1ee1520 elementor-section-boxed elementor-section-height-default elementor-section-height-default\" data-id=\"1ee1520\" data-element_type=\"section\">\n\t\t\t\t\t\t<div class=\"elementor-container elementor-column-gap-default\">\n\t\t\t\t\t<div class=\"elementor-column elementor-col-100 elementor-top-column elementor-element elementor-element-1eba4bb\" data-id=\"1eba4bb\" data-element_type=\"column\">\n\t\t\t<div class=\"elementor-widget-wrap elementor-element-populated\">\n\t\t\t\t\t\t<div class=\"elementor-element elementor-element-6c6f76d elementor-widget elementor-widget-heading\" data-id=\"6c6f76d\" data-element_type=\"widget\" data-widget_type=\"heading.default\">\n\t\t\t\t<div class=\"elementor-widget-container\">\n\t\t\t\t\t<h2 class=\"elementor-heading-title elementor-size-default\">Datenschutzerkl\u00e4rung<\/h2>\t\t\t\t<\/div>\n\t\t\t\t<\/div>\n\t\t\t\t\t<\/div>\n\t\t<\/div>\n\t\t\t\t\t<\/div>\n\t\t<\/section>\n\t\t\t\t<section class=\"elementor-section elementor-top-section elementor-element elementor-element-1af4e4d elementor-section-boxed elementor-section-height-default elementor-section-height-default\" data-id=\"1af4e4d\" data-element_type=\"section\">\n\t\t\t\t\t\t<div class=\"elementor-container elementor-column-gap-default\">\n\t\t\t\t\t<div class=\"elementor-column elementor-col-100 elementor-top-column elementor-element elementor-element-c2aa671\" data-id=\"c2aa671\" data-element_type=\"column\">\n\t\t\t<div class=\"elementor-widget-wrap elementor-element-populated\">\n\t\t\t\t\t\t<div class=\"elementor-element elementor-element-d867140 elementor-widget elementor-widget-text-editor\" data-id=\"d867140\" data-element_type=\"widget\" data-widget_type=\"text-editor.default\">\n\t\t\t\t<div class=\"elementor-widget-container\">\n\t\t\t\t\t\t\t\t\t<p><\/p>\n<p><span style=\"font-size: 10.5pt; font-family: 'Helvetica',sans-serif; color: #474747;\">Datenschutzerkl\u00e4rung gem\u00e4\u00df Datenschutz-Grundverordnung (DSGVO) mit Wirkung ab dem 25.05.2018<\/span><\/p>\n<p><\/p>\n<p style=\"margin: 0cm; margin-bottom: .0001pt; background: white;\"><span style=\"font-size: 10.5pt; font-family: 'Helvetica',sans-serif; color: #474747;\">Sowohl der Schutz als auch die Sicherheit von personenbezogenen Daten von Kunden, Klienten und Nutzern (w\/m) haben f\u00fcr&nbsp;<a href=\"https:\/\/huntingher.com\/en\/\" target=\"_self\"><span style=\"color: #ef6e7a;\">HUNTING\/HER HR-Partners \u00ae<\/span><\/a>&nbsp;&#8211;   D\u00fcsseldorf GmbH und den angeschlossenen Unternehmen eine hohe Priorit\u00e4t. Von daher ist der Schutz pers\u00f6nlicher Daten in jedweden Gesch\u00e4ftsprozessen in unserem Hause und den angeschlossenen Unternehmen unabdingbar.&nbsp;<br>&nbsp;<\/span><\/p>\n<p style=\"margin: 0cm; margin-bottom: .0001pt; background: white;\"><span style=\"font-size: 10.5pt; font-family: 'Helvetica',sans-serif; color: #474747;\">Nachfolgend finden Sie Informationen gem\u00e4\u00df <a href=\"https:\/\/www.bmj.de\/DE\/Themen\/FokusThemen\/DSGVO\/DSVGO_node.html\" target=\"_blank\" rel=\"noopener\">EU-Datenschutz-Grundverordnung (DS-GVO)<\/a> \u00fcber die Verarbeitung Ihrer personenbezogenen Daten und \u00fcber Ihre Rechte im Rahmen der Nutzung von www.huntingher.com und deren Unterseiten.&nbsp;<\/span><\/p>\n<p style=\"margin: 0cm; margin-bottom: .0001pt; background: white;\"><span style=\"font-size: 10.5pt; font-family: 'Helvetica',sans-serif; color: #474747;\">&nbsp;<\/span><\/p>\n<p style=\"margin: 0cm; margin-bottom: .0001pt; background: white;\"><strong><span style=\"font-size: 10.5pt; font-family: 'Helvetica',sans-serif; color: #474747;\">Ihre gesetzlichen Rechte<\/span><\/strong><\/p>\n<p style=\"margin: 0cm; margin-bottom: .0001pt; background: white;\"><span style=\"font-size: 10.5pt; font-family: 'Helvetica',sans-serif; color: #474747;\"><br>Mit Inkrafttreten der DS-GVO zum 25.05.2018 haben Sie als Person folgende Rechte, soweit die jeweilige gesetzliche Voraussetzungen vorliegen: Sie k\u00f6nnen jederzeit Auskunft \u00fcber die von uns zu Ihrer Person vorliegenden bzw. verarbeiteten Daten zu erhalten und ebenso k\u00f6nnen Sie des Weiteren von uns die Berichtigung falscher oder unvollst\u00e4ndiger&nbsp; Daten Ihre Person betreffend verlangen. Ebenso haben Sie das Recht, die Korrekur oder Verfolst\u00e4ndigung unvollst\u00e4ndiger Daten zu Ihrer Person zu verlangen.<\/span><\/p>\n<p style=\"margin: 0cm; margin-bottom: .0001pt; background: white;\"><span style=\"font-size: 10.5pt; font-family: 'Helvetica',sans-serif; color: #474747;\">In bestimmten F\u00e4llen k\u00f6nnen Sie die L\u00f6schung Ihrer personenbezogenen Daten verlangen. Einschr\u00e4nkung der Verarbeitung: Sie k\u00f6nnen in bestimmten F\u00e4llen verlangen, dass wir die Verarbeitung Ihrer Daten einschr\u00e4nken.&nbsp;<br>Daten\u00fcbertragbarkeit: Sollten Sie uns Daten auf Basis eines Vertrages oder einer Einwilligung bereitgestellt haben, so k\u00f6nnen Sie verlangen, dass Sie die von Ihnen bereitgestellten Daten in einem strukturierten, g\u00e4ngigen und maschinenlesbaren Format erhalten oder dass wir diese an einen anderen Verantwortlichen \u00fcbermitteln.<\/span><\/p>\n<p style=\"margin: 0cm; margin-bottom: .0001pt; background: white;\"><span style=\"font-size: 10.5pt; font-family: 'Helvetica',sans-serif; color: #474747;\"><br><strong><span style=\"font-family: 'Helvetica',sans-serif;\">Widerspruchsrecht \/ Einzelfallbezogenes Widerspruchsrecht<\/span><\/strong><\/span><\/p>\n<p style=\"margin: 0cm; margin-bottom: .0001pt; background: white;\"><span style=\"font-size: 10.5pt; font-family: 'Helvetica',sans-serif; color: #474747;\"><br>Sie haben das Recht, aus besonderen Gr\u00fcnden jederzeit gegen die Verarbeitung Ihrer personenbezogenen Daten, die auf Grundlage von&nbsp;<a href=\"https:\/\/dejure.org\/gesetze\/DSGVO\/6.html\" target=\"_blank\" rel=\"noopener\"><span style=\"font-size: 10.0pt; color: #ef6e7a;\">Art. 6 Abs. 1 S. 1 e (DS-GVO<\/span><\/a>) oder&nbsp;<a href=\"https:\/\/dejure.org\/gesetze\/DSGVO\/6.html\" target=\"_blank\" rel=\"noopener\"><span style=\"font-size: 10.0pt; color: #ef6e7a;\">Art. 6 Abs. 1 S. 1 f (DS-GVO<\/span><\/a><\/span><span style=\"font-size: 10.0pt; font-family: 'Helvetica',sans-serif; color: #243145;\">)&nbsp;<\/span><span style=\"font-size: 10.5pt; font-family: 'Helvetica',sans-serif; color: #474747;\">&nbsp;erfolgt, Widerspruch einzulegen; dies gilt auch f\u00fcr ein auf diesen Grundlagen basierendes Profiling, von uns auch als &#8222;Status-Analyse&#8220; bezeichnet.&nbsp;<\/span><\/p>\n<p style=\"margin: 0cm; margin-bottom: .0001pt; background: white;\"><span style=\"font-size: 10.5pt; font-family: 'Helvetica',sans-serif; color: #474747;\">&nbsp;<\/span><\/p>\n<p style=\"margin: 0cm; margin-bottom: .0001pt; background: white;\"><span style=\"font-size: 10.5pt; font-family: 'Helvetica',sans-serif; color: #474747;\">HUNTING\/HER HR-Partners \u00ae und seine Partner verarbeiten diese personenbezogenen Daten dann nicht mehr f\u00fcr diese Zwecke, sofern keine besonderen, schutzw\u00fcrdigen Gr\u00fcnde vorhanden sind.&nbsp;<\/span><\/p>\n<p style=\"margin: 0cm; margin-bottom: .0001pt; background: white;\"><span style=\"font-size: 10.5pt; font-family: 'Helvetica',sans-serif; color: #474747;\"><br>Widerspruchsrecht gegen eine Verarbeitung von Daten zum Zwecke der Direktwerbung&nbsp; &nbsp; &nbsp; &nbsp; &nbsp; &nbsp; &nbsp; &nbsp; &nbsp; &nbsp;&nbsp;<br>In Einzelf\u00e4llen verarbeiten wir pers\u00f6nliche Daten, um Direktwerbung zu betreiben. Sie haben das Recht, jederzeit Widerspruch gegen die Verarbeitung Sie betreffender personenbezogener Daten zum Zwecke derartiger Werbung einzulegen.&nbsp; Dies gilt auch f\u00fcr das Profiling, soweit es mit solcher Direktwerbung in Verbindung steht. Widersprechen Sie der Verarbeitung f\u00fcr Zwecke der Direktwerbung, so werden Ihre personenbezogenen Daten nicht mehr f\u00fcr diese Zwecke verarbeitet.<br><\/span><span style=\"font-family: -apple-system, BlinkMacSystemFont, 'Segoe UI', Roboto, 'Helvetica Neue', Arial, 'Noto Sans', sans-serif, 'Apple Color Emoji', 'Segoe UI Emoji', 'Segoe UI Symbol', 'Noto Color Emoji'; font-size: 1rem;\"><br>Widerruf der Einwilligung: Sofern Sie uns eine Einwilligung in die Verarbeitung Ihrer Daten erteilt haben, k\u00f6nnen Sie diese jederzeit mit Wirkung f\u00fcr die Zukunft widerrufen. Die Rechtm\u00e4\u00dfigkeit der Verarbeitung Ihrer Daten bis zum Widerruf bleibt hiervon unber\u00fchrt. Sie k\u00f6nnen einen Widerruf auf den genannten Kontaktwegen erkl\u00e4ren.&nbsp;<\/span><span style=\"color: #474747; font-family: Helvetica, sans-serif; font-size: 10.5pt;\">Geltendmachung Ihrer Rechte: Wenden Sie sich zur Aus\u00fcbung aller Ihrer zuvor genannten Rechte bitte an post@hher.warthunder-clan.de oder postalisch an die oben genannte Adresse. Dabei ist Ihrerseits sicherzustellen, dass eine eindeutige Indentifizierung Ihrer Person m\u00f6glich ist.&nbsp;<\/span><\/p>\n<p style=\"margin: 0cm; margin-bottom: .0001pt; background: white;\"><span style=\"font-size: 10.5pt; font-family: 'Helvetica',sans-serif; color: #474747;\">&nbsp;<\/span><\/p>\n<p style=\"margin: 0cm; margin-bottom: .0001pt; background: white;\"><span style=\"font-size: 10.5pt; font-family: 'Helvetica',sans-serif; color: #474747;\">Beschwerderecht bei der Aufsichtsbeh\u00f6rde: Sie haben das Recht, eine Beschwerde bei einer Datenschutzaufsichtsbeh\u00f6rde, insbesondere in dem Mitgliedstaat Ihres gew\u00f6hnlichen Aufenthaltsorts, Ihres Arbeitsplatzes oder des Orts des mutma\u00dflichen Versto\u00dfes, einzureichen, wenn Sie der Ansicht sind, dass die Verarbeitung der Sie betreffenden personenbezogenen Daten in unserem Hause nicht dem geltenden Recht entsprechend.&nbsp;<\/span><\/p>\n<p style=\"margin: 0cm; margin-bottom: .0001pt; background: white;\"><span style=\"font-size: 10.5pt; font-family: 'Helvetica',sans-serif; color: #474747;\"><br><strong><span style=\"font-family: 'Helvetica',sans-serif;\">Dienste, Cookies, etc.&nbsp;<\/span><\/strong><\/span><\/p>\n<p style=\"margin: 0cm; margin-bottom: .0001pt; background: white;\"><span style=\"font-size: 10.5pt; font-family: 'Helvetica',sans-serif; color: #474747;\"><br>Diese Datenschutzerkl\u00e4rung erl\u00e4utert ebenfalls, welche Informationen wir bei HUNTING\/HER beim Besuch unserer Internetseiten erfassen k\u00f6nnen und wie diese Informationen ggf. genutzt werden k\u00f6nnen. Sie gilt jedoch nicht f\u00fcr Websites von Unternehmen, die nicht zum Unternehmen geh\u00f6ren, auch wenn diese externen Seiten einen Link zu dieser oder einer anderen Website der B\u00f6hnkeGruppe aufweisen.&nbsp;&nbsp;<\/span><\/p>\n<p style=\"margin: 0cm; margin-bottom: .0001pt; background: white;\"><span style=\"font-size: 10.5pt; font-family: 'Helvetica',sans-serif; color: #474747;\">&nbsp;<\/span><\/p>\n<p style=\"margin: 0cm; margin-bottom: .0001pt; background: white;\"><strong><span style=\"font-size: 10.5pt; font-family: 'Helvetica',sans-serif; color: #474747;\">Erfassung und Verarbeitung von personenbezogenen Daten<\/span><\/strong><\/p>\n<p style=\"margin: 0cm; margin-bottom: .0001pt; background: white;\"><span style=\"font-size: 10.5pt; font-family: 'Helvetica',sans-serif; color: #474747;\">&nbsp;<\/span><\/p>\n<p style=\"margin: 0cm; margin-bottom: .0001pt; background: white;\"><span style=\"font-size: 10.5pt; font-family: 'Helvetica',sans-serif; color: #474747;\">Wenn Sie unsere Websites besuchen, verzeichnet unser Web-Server zum Zweck der Systemsicherheit tempor\u00e4r den Domain-Namen oder die IP-Adresse des anfragenden Rechners sowie das Zugriffsdatum, die Dateianfrage des Client (Dateiname und URL), den HTTP Antwort-Code und die Website, von der aus Sie uns besuchen sowie die Anzahl der im Rahmen der Verbindung transferierten Bytes.<\/span><\/p>\n<p style=\"margin: 0cm; margin-bottom: .0001pt; background: white;\"><span style=\"font-size: 10.5pt; font-family: 'Helvetica',sans-serif; color: #474747;\">&nbsp;<\/span><\/p>\n<p style=\"margin: 0cm; margin-bottom: .0001pt; background: white;\"><span style=\"font-size: 10.5pt; font-family: 'Helvetica',sans-serif; color: #474747;\">Unter Umst\u00e4nden speichern wir einige Informationen in Form so genannter &#8222;Cookies&#8220; auf Ihrem PC, damit wir unsere Website nach Ihren Pr\u00e4ferenzen optimieren k\u00f6nnen. Dar\u00fcber hinausgehende personenbezogene Daten wie Name, Anschrift, Telefonnummer oder E-Mail-Adresse werden nicht erfasst, es sei denn, diese Angaben werden von Ihnen freiwillig gemacht, zum Beispiel im Rahmen einer Online-Kontaktaufnahme. Personenbezogene Daten, die w\u00e4hrend eines Besuchs auf Websites von Unternehmen der B\u00f6hnkeConsultingGroup erfasst werden, werden ausschlie\u00dflich nach den rechtlichen Vorschriften des Landes verarbeitet, in welchem die betreffende Gesellschaft ihren Sitz hat.&nbsp;<\/span><\/p>\n<p style=\"margin: 0cm; margin-bottom: .0001pt; background: white;\"><span style=\"font-size: 10.5pt; font-family: 'Helvetica',sans-serif; color: #474747;\">&nbsp;<\/span><\/p>\n<p style=\"margin: 0cm; margin-bottom: .0001pt; background: white;\"><strong><span style=\"font-size: 10.5pt; font-family: 'Helvetica',sans-serif; color: #474747;\">Verwendung und Weitergabe personenbezogener Daten<\/span><\/strong><\/p>\n<p style=\"margin: 0cm; margin-bottom: .0001pt; background: white;\"><span style=\"font-size: 10.5pt; font-family: 'Helvetica',sans-serif; color: #474747;\">&nbsp;<\/span><\/p>\n<p style=\"margin: 0cm; margin-bottom: .0001pt; background: white;\"><span style=\"font-size: 10.5pt; font-family: 'Helvetica',sans-serif; color: #474747;\">HUNTING\/HER \u00ae verwendet personenbezogenen Daten ausschlie\u00dflich zum Zwecke der technischen Administration der Websites. Nur wenn Sie uns zuvor Ihre implizite Einwilligung erteilt haben wie beispielsweise im Rahmen einer Kontaktherstellung durch Sie kann unser Unternehmen diese Daten ggf. auch f\u00fcr produktbezogene Umfragen und Marketingzwecke nutzen &#8211; aber nur in dem f\u00fcr jeden spezifischen Fall erforderlichen Ma\u00dfe.<\/span><\/p>\n<p style=\"margin: 0cm; margin-bottom: .0001pt; background: white;\"><span style=\"font-size: 10.5pt; font-family: 'Helvetica',sans-serif; color: #474747;\"><br>Gegen\u00fcber jeglichen staatlichen Stellen wird HUNTING\/HER \u00ae personenbezogenen Daten ausschlie\u00dflich dann weitergeben, wenn dies gesetzlich vorgeschrieben ist. Unsere Partner und sonstigen Mitarbeiter sind stets zur Wahrung von Diskretion und Vertraulichkeit verpflichtet.&nbsp;<\/span><\/p>\n<p style=\"margin: 0cm; margin-bottom: .0001pt; background: white;\"><span style=\"font-size: 10.5pt; font-family: 'Helvetica',sans-serif; color: #474747;\">&nbsp;<\/span><\/p>\n<p style=\"margin: 0cm; margin-bottom: .0001pt; background: white;\"><strong><span style=\"font-size: 10.5pt; font-family: 'Helvetica',sans-serif; color: #474747;\">Entscheidungsfreiheit des Kunden<\/span><\/strong><\/p>\n<p style=\"margin: 0cm; margin-bottom: .0001pt; background: white;\"><span style=\"font-size: 10.5pt; font-family: 'Helvetica',sans-serif; color: #474747;\">&nbsp;<\/span><\/p>\n<p style=\"margin: 0cm; margin-bottom: .0001pt; background: white;\"><span style=\"font-size: 10.5pt; font-family: 'Helvetica',sans-serif; color: #474747;\">HUNTING\/HER \u00ae sowie die mit uns verbundenen Mitarbeiter nehmen gelegentlich Kontakt mit Kunden und Klienten auf, um \u00fcber Angebote und Neuigkeiten bei unseren Dienstleistungen zu informieren. Wenn Sie sich auf unseren Websites registrieren lassen oder Dienstleistungen nachfragen, bitten wir Sie anzugeben, wenn Sie keine entsprechenden Angebote erhalten wollen.&nbsp;<\/span><\/p>\n<p style=\"margin: 0cm; margin-bottom: .0001pt; background: white;\"><span style=\"font-size: 10.5pt; font-family: 'Helvetica',sans-serif; color: #474747;\">&nbsp;<\/span><\/p>\n<p style=\"margin: 0cm; margin-bottom: .0001pt; background: white;\"><strong><span style=\"font-size: 10.5pt; font-family: 'Helvetica',sans-serif; color: #474747;\">Media Plugins<\/span><\/strong><\/p>\n<p style=\"margin: 0cm; margin-bottom: .0001pt; background: white;\"><span style=\"font-size: 10.5pt; font-family: 'Helvetica',sans-serif; color: #474747;\">&nbsp;<\/span><\/p>\n<p style=\"margin: 0cm; margin-bottom: .0001pt; background: white;\"><span style=\"font-size: 10.5pt; font-family: 'Helvetica',sans-serif; color: #474747;\">Einige unserer Internetseiten k\u00f6nnen Buttons oder Verlinkungen von bzw. zu SocialMedia-Netzwerke beinhalten. Wenn Sie mit Ihrem Klick ein Plugin aktivieren, k\u00f6nnen folgende Daten an die Seitenbetreiber \u00fcbermittelt werden:<\/span><\/p>\n<p style=\"margin: 0cm; margin-bottom: .0001pt; background: white;\"><span style=\"font-size: 10.5pt; font-family: 'Helvetica',sans-serif; color: #474747;\">IP-Adresse<br>Browserinformationen und Betriebssystem<br>Bildschirmaufl\u00f6sung<br>Installierte Browser-Plugins wie Adobe Flash Player<br>Herkunft der Besucher, wenn Sie einem Link gefolgt sind (Referrer)<br>URL der aktuellen Seite<\/span><\/p>\n<p style=\"margin: 0cm; margin-bottom: .0001pt; background: white;\"><span style=\"font-size: 10.5pt; font-family: 'Helvetica',sans-serif; color: #474747;\">&nbsp;<\/span><\/p>\n<p style=\"margin: 0cm; margin-bottom: .0001pt; background: white;\"><strong><span style=\"font-size: 10.5pt; font-family: 'Helvetica',sans-serif; color: #474747;\">Potenziell erfasste Daten f\u00fcr Webanalysen<\/span><\/strong><\/p>\n<p style=\"margin: 0cm; margin-bottom: .0001pt; background: white;\"><span style=\"font-size: 10.5pt; font-family: 'Helvetica',sans-serif; color: #474747;\">&nbsp;<\/span><\/p>\n<p style=\"margin: 0cm; margin-bottom: .0001pt; background: white;\"><span style=\"font-size: 10.5pt; font-family: 'Helvetica',sans-serif; color: #474747;\">HUNTING\/HER \u00ae verwendet u.U. Dienste, um statistische Daten \u00fcber die Nutzung dieser Anwendung zu erheben und unser Angebot entsprechend zu optimieren.&nbsp;<\/span><\/p>\n<p style=\"margin: 0cm; margin-bottom: .0001pt; background: white;\"><span style=\"font-size: 10.5pt; font-family: 'Helvetica',sans-serif; color: #474747;\">&nbsp;<\/span><\/p>\n<p style=\"margin: 0cm; margin-bottom: .0001pt; background: white;\"><span style=\"font-size: 10.5pt; font-family: 'Helvetica',sans-serif; color: #474747;\">Im Rahmen eines Besuchs der Internetpr\u00e4senz werden u.U. f\u00fcr unser Webcontrolling Informationen erhoben und ausgewertet, die der jeweilige Browser uns \u00fcbermittelt.<\/span><\/p>\n<p style=\"margin: 0cm; margin-bottom: .0001pt; background: white;\"><span style=\"font-size: 10.5pt; font-family: 'Helvetica',sans-serif; color: #474747;\">&nbsp;<\/span><\/p>\n<p style=\"margin: 0cm; margin-bottom: .0001pt; background: white;\"><span style=\"font-size: 10.5pt; font-family: 'Helvetica',sans-serif; color: #474747;\">Folgende Daten werden erhoben:<\/span><\/p>\n<p style=\"margin: 0cm; margin-bottom: .0001pt; background: white;\"><span style=\"font-size: 10.5pt; font-family: 'Helvetica',sans-serif; color: #474747;\">Request (Dateiname der angeforderten Datei)<br>Browsertyp\/ -version (Bsp.: Internet Explorer 6.0)<br>Browsersprache (Bsp.: Deutsch)<br>verwendetes Betriebssystem (Bsp.: Windows XP)<br>innere Aufl\u00f6sung des Browserfensters<br>Bildschirmaufl\u00f6sung<br>Javascriptaktivierung<br>Java An \/Aus<br>Cookies An \/ Aus<br>Farbtiefe<br>Referrer URL (die zuvor besuchte Seite) IP Adresse \u2013 wird umgehend anonymisiert und nach Verarbeitung wieder gel\u00f6scht<br>Uhrzeit des Zugriffs<br>Klicks<br>Ggf. Formularinhalte (bei Freitextfeldern, z. B. Name und Passwort, wird nur &#8222;ausgef\u00fcllt&#8220; oder &#8222;nicht ausgef\u00fcllt&#8220; \u00fcbertragen)<\/span><\/p>\n<p style=\"margin: 0cm; margin-bottom: .0001pt; background: white;\"><span style=\"font-size: 10.5pt; font-family: 'Helvetica',sans-serif; color: #474747;\">&nbsp;<\/span><\/p>\n<p style=\"margin: 0cm; margin-bottom: .0001pt; background: white;\"><strong><span style=\"font-size: 10.5pt; font-family: 'Helvetica',sans-serif; color: #474747;\">Cookies<\/span><\/strong><\/p>\n<p style=\"margin: 0cm; margin-bottom: .0001pt; background: white;\"><span style=\"font-size: 10.5pt; font-family: 'Helvetica',sans-serif; color: #474747;\">&nbsp;<\/span><\/p>\n<p style=\"margin: 0cm; margin-bottom: .0001pt; background: white;\"><span style=\"font-size: 10.5pt; font-family: 'Helvetica',sans-serif; color: #474747;\">Folgende Cookies k\u00f6nnen ggf. auf dieser Internetseite zum Einsatz kommen:<br>Session Cookie (f\u00fcr Session-Erkennung, Lebensdauer: eine Session)<br>Langzeit-Cookie (zur Erkennung Neu-\/Stammkunde: 6 Monate)<br>Opt-out-Cookie (bei Widerspruch gegen das Tracking: 60 Monate)<br>In Ihren Browsereinstellungen k\u00f6nnen Sie festlegen, ob Cookies gesetzt werden d\u00fcrfen oder nicht. Wenn Sie spezifisch f\u00fcr diese Anwendung nicht getrackt werden m\u00f6chten, k\u00f6nnen Sie weiter unten widersprechen.&nbsp;<\/span><\/p>\n<p style=\"margin: 0cm; margin-bottom: .0001pt; background: white;\"><span style=\"font-size: 10.5pt; font-family: 'Helvetica',sans-serif; color: #474747;\">&nbsp;<\/span><\/p>\n<p style=\"margin: 0cm; margin-bottom: .0001pt; background: white;\"><strong><span style=\"font-size: 10.5pt; font-family: 'Helvetica',sans-serif; color: #474747;\">IP-Adresse<\/span><\/strong><\/p>\n<p style=\"margin: 0cm; margin-bottom: .0001pt; background: white;\"><span style=\"font-size: 10.5pt; font-family: 'Helvetica',sans-serif; color: #474747;\">&nbsp;<\/span><\/p>\n<p style=\"margin: 0cm; margin-bottom: .0001pt; background: white;\"><span style=\"font-size: 10.5pt; font-family: 'Helvetica',sans-serif; color: #474747;\">Die IP-Adresse wird bei jeder Serveranfrage \u00fcbertragen, damit der Server wei\u00df, wohin die Antwort gesendet werden muss. Die IP-Adresse erh\u00e4lt jeder von einem Internet-Service-Provider (ISP), sobald er sich mit dem Internet verbindet und der ISP kann nachvollziehen, welche IP-Adresse zu welchem Zeitpunkt welchem seiner Kunden zugeordnet wurde. Solange die IP-Adresse gespeichert wird, kann \u00fcber den Umweg des ISPs theoretisch die Identit\u00e4t des Anschlussinhabers ermittelt werden. Wir und unser Statistikdienstleister speichern die IP-Adresse daher nur in gek\u00fcrzter (anonymisierter) Form und verwenden sie nur zur Sessionerkennung, f\u00fcr die Geolokalisierung (bis auf Stadt-Ebene) und f\u00fcr die Abwehr von Attacken. Die IP-Adresse wird dann umgehend wieder gel\u00f6scht, so dass die erfassten Daten dann anonym sind und selbst \u00fcber den Umweg des ISPs keine Zuordnung zur Identit\u00e4t des Nutzers mehr m\u00f6glich ist.<\/span><\/p>\n<p style=\"margin: 0cm; margin-bottom: .0001pt; background: white;\"><span style=\"font-size: 10.5pt; font-family: 'Helvetica',sans-serif; color: #474747;\"><br>Verantwortlicher Ansprechpartner f\u00fcr die Datenverarbeitung ist:<br>Chris Boehnke<br>Kurze M\u00fchren 1<br>20095 Hamburg<br>Tel.: +49(40) 88 14 75 49&nbsp;<br>Mail: post@hher.warthunder-clan.de<br>&nbsp;<\/span><\/p>\n<p style=\"margin: 0cm; margin-bottom: .0001pt; background: white;\"><span style=\"font-size: 10.5pt; font-family: 'Helvetica',sans-serif; color: #474747;\">Stand: Hamburg, 25.05.2018<\/span><\/p>\n<p><\/p>\t\t\t\t\t\t\t\t<\/div>\n\t\t\t\t<\/div>\n\t\t\t\t\t<\/div>\n\t\t<\/div>\n\t\t\t\t\t<\/div>\n\t\t<\/section>\n\t\t\t\t<\/div>","protected":false},"excerpt":{"rendered":"<p>Datenschutzerkl\u00e4rung Datenschutzerkl\u00e4rung gem\u00e4\u00df Datenschutz-Grundverordnung (DSGVO) mit Wirkung ab dem 25.05.2018 Sowohl der Schutz als auch die Sicherheit von personenbezogenen Daten von Kunden, Klienten und Nutzern (w\/m) haben f\u00fcr&nbsp;HUNTING\/HER HR-Partners \u00ae&nbsp;&#8211; D\u00fcsseldorf GmbH und den angeschlossenen Unternehmen eine hohe Priorit\u00e4t. Von daher ist der Schutz pers\u00f6nlicher Daten in jedweden Gesch\u00e4ftsprozessen in unserem Hause und den angeschlossenen [&hellip;]<\/p>\n","protected":false},"author":2,"featured_media":0,"parent":0,"menu_order":0,"comment_status":"closed","ping_status":"closed","template":"elementor_header_footer","meta":{"footnotes":""},"class_list":["post-1321","page","type-page","status-publish","hentry"],"_links":{"self":[{"href":"https:\/\/huntingher.com\/en\/wp-json\/wp\/v2\/pages\/1321","targetHints":{"allow":["GET"]}}],"collection":[{"href":"https:\/\/huntingher.com\/en\/wp-json\/wp\/v2\/pages"}],"about":[{"href":"https:\/\/huntingher.com\/en\/wp-json\/wp\/v2\/types\/page"}],"author":[{"embeddable":true,"href":"https:\/\/huntingher.com\/en\/wp-json\/wp\/v2\/users\/2"}],"replies":[{"embeddable":true,"href":"https:\/\/huntingher.com\/en\/wp-json\/wp\/v2\/comments?post=1321"}],"version-history":[{"count":16,"href":"https:\/\/huntingher.com\/en\/wp-json\/wp\/v2\/pages\/1321\/revisions"}],"predecessor-version":[{"id":3909,"href":"https:\/\/huntingher.com\/en\/wp-json\/wp\/v2\/pages\/1321\/revisions\/3909"}],"wp:attachment":[{"href":"https:\/\/huntingher.com\/en\/wp-json\/wp\/v2\/media?parent=1321"}],"curies":[{"name":"wp","href":"https:\/\/api.w.org\/{rel}","templated":true}]}}