{"id":1301,"date":"2020-06-20T13:49:20","date_gmt":"2020-06-20T11:49:20","guid":{"rendered":"https:\/\/higher-her.com\/?page_id=1301"},"modified":"2024-06-07T12:40:14","modified_gmt":"2024-06-07T10:40:14","slug":"presse","status":"publish","type":"page","link":"https:\/\/huntingher.com\/en\/newsroom\/presse\/","title":{"rendered":"HUNTING\/HER \u00ae &#8211; Pressespiegel: Unsere &#8222;Frauen-Headhunter&#8220; und Karriere-Coaches f\u00fcr Frauen in den Medien"},"content":{"rendered":"<div data-elementor-type=\"wp-page\" data-elementor-id=\"1301\" class=\"elementor elementor-1301\" data-elementor-post-type=\"page\">\n\t\t\t\t\t\t<section class=\"elementor-section elementor-top-section elementor-element elementor-element-fca2ccf elementor-section-boxed elementor-section-height-default elementor-section-height-default\" data-id=\"fca2ccf\" data-element_type=\"section\">\n\t\t\t\t\t\t<div class=\"elementor-container elementor-column-gap-default\">\n\t\t\t\t\t<div class=\"elementor-column elementor-col-100 elementor-top-column elementor-element elementor-element-94ab2c3\" data-id=\"94ab2c3\" data-element_type=\"column\">\n\t\t\t<div class=\"elementor-widget-wrap elementor-element-populated\">\n\t\t\t\t\t\t<div class=\"elementor-element elementor-element-d723937 elementor-widget elementor-widget-heading\" data-id=\"d723937\" data-element_type=\"widget\" data-widget_type=\"heading.default\">\n\t\t\t\t<div class=\"elementor-widget-container\">\n\t\t\t\t\t<h5 class=\"elementor-heading-title elementor-size-default\">Media &amp; News<\/h5>\t\t\t\t<\/div>\n\t\t\t\t<\/div>\n\t\t\t\t\t<\/div>\n\t\t<\/div>\n\t\t\t\t\t<\/div>\n\t\t<\/section>\n\t\t\t\t<section class=\"elementor-section elementor-top-section elementor-element elementor-element-b499515 elementor-section-boxed elementor-section-height-default elementor-section-height-default\" data-id=\"b499515\" data-element_type=\"section\">\n\t\t\t\t\t\t<div class=\"elementor-container elementor-column-gap-default\">\n\t\t\t\t\t<div class=\"elementor-column elementor-col-100 elementor-top-column elementor-element elementor-element-e7783b0\" data-id=\"e7783b0\" data-element_type=\"column\">\n\t\t\t<div class=\"elementor-widget-wrap elementor-element-populated\">\n\t\t\t\t\t\t<div class=\"elementor-element elementor-element-279cbce elementor-widget elementor-widget-heading\" data-id=\"279cbce\" data-element_type=\"widget\" data-widget_type=\"heading.default\">\n\t\t\t\t<div class=\"elementor-widget-container\">\n\t\t\t\t\t<h2 class=\"elementor-heading-title elementor-size-default\">\"Europas f\u00fchrender Headhunter f\u00fcr Frauen\" - \nDie HUNTING\/HER Personalberatung aus den Sicht von Medienschaffenden<\/h2>\t\t\t\t<\/div>\n\t\t\t\t<\/div>\n\t\t\t\t\t<\/div>\n\t\t<\/div>\n\t\t\t\t\t<\/div>\n\t\t<\/section>\n\t\t\t\t<section class=\"elementor-section elementor-top-section elementor-element elementor-element-4acbf41 elementor-section-boxed elementor-section-height-default elementor-section-height-default\" data-id=\"4acbf41\" data-element_type=\"section\">\n\t\t\t\t\t\t<div class=\"elementor-container elementor-column-gap-default\">\n\t\t\t\t\t<div class=\"elementor-column elementor-col-100 elementor-top-column elementor-element elementor-element-cca1d8a\" data-id=\"cca1d8a\" data-element_type=\"column\">\n\t\t\t<div class=\"elementor-widget-wrap elementor-element-populated\">\n\t\t\t\t\t\t<div class=\"elementor-element elementor-element-d2fee2a elementor-widget elementor-widget-text-editor\" data-id=\"d2fee2a\" data-element_type=\"widget\" data-widget_type=\"text-editor.default\">\n\t\t\t\t<div class=\"elementor-widget-container\">\n\t\t\t\t\t\t\t\t\t<p><i style=\"font-family: -apple-system, BlinkMacSystemFont, 'Segoe UI', Roboto, 'Helvetica Neue', Arial, 'Noto Sans', sans-serif, 'Apple Color Emoji', 'Segoe UI Emoji', 'Segoe UI Symbol', 'Noto Color Emoji'; font-size: 1rem;\">&#8222;&#8230;die Firma Hunting\/Her ist f\u00fchrend in der Vermittlung von Frauen in F\u00fchrungspositionen in der Schweiz, Deutschland und \u00d6sterreich. <a href=\"https:\/\/www.handelszeitung.ch\/beruf\/executive-search-expertin-patricia-weiss-uber-inklusion-diversitat-und-wie-man-frauen-an-der-fuhrungsspitze-fordert-582774\" target=\"_blank\" rel=\"noopener\">Handelszeitung (Schweiz)<\/a><br \/>&#8222;&#8230;die bekannteste auf weibliche F\u00fchrungskr\u00e4fte spezialisierten Personalberatung&#8220; &#8211; <a href=\"https:\/\/www.handelsblatt.com\/karriere\/umfrage-unter-2000-fuehrungskraeften-keine-lust-auf-seilschaften-wofuer-moderne-manager-auf-800-000-euro-gehalt-verzichten\/27828804.html\" target=\"_blank\" rel=\"noopener\">Handelsblatt<\/a><br \/><\/i><em style=\"font-family: -apple-system, BlinkMacSystemFont, 'Segoe UI', Roboto, 'Helvetica Neue', Arial, 'Noto Sans', sans-serif, 'Apple Color Emoji', 'Segoe UI Emoji', 'Segoe UI Symbol', 'Noto Color Emoji'; font-size: 1rem;\">&#8222;&#8230;Marktf\u00fchrer in Europa f\u00fcr F\u00fchrungsfrauen&#8220; &#8211;\u00a0<a href=\"https:\/\/www.experteer.de\/magazin\/aktuell-beste-karrierechancen-fuer-fuehrungs-frauen\/\" target=\"_blank\" rel=\"nofollow noopener\">Experteer<\/a>\u00a0\u00a0<\/em><i style=\"font-family: -apple-system, BlinkMacSystemFont, 'Segoe UI', Roboto, 'Helvetica Neue', Arial, 'Noto Sans', sans-serif, 'Apple Color Emoji', 'Segoe UI Emoji', 'Segoe UI Symbol', 'Noto Color Emoji'; font-size: 1rem;\"><br \/><\/i><em style=\"font-family: -apple-system, BlinkMacSystemFont, 'Segoe UI', Roboto, 'Helvetica Neue', Arial, 'Noto Sans', sans-serif, 'Apple Color Emoji', 'Segoe UI Emoji', 'Segoe UI Symbol', 'Noto Color Emoji'; font-size: 1rem;\">&#8222;&#8230;Deutschlands f\u00fchrende Personalberatung f\u00fcr Frauen&#8220; &#8211;\u00a0<a href=\"https:\/\/www.zeit.de\/karriere\/bewerbung\/2015-05\/jobsuche-headhunter-personalberater-karriereberater-coach\" target=\"_blank\" rel=\"nofollow noopener\">DIE ZEIT<\/a><br \/><\/em><em style=\"font-family: -apple-system, BlinkMacSystemFont, 'Segoe UI', Roboto, 'Helvetica Neue', Arial, 'Noto Sans', sans-serif, 'Apple Color Emoji', 'Segoe UI Emoji', 'Segoe UI Symbol', 'Noto Color Emoji'; font-size: 1rem;\">&#8222;&#8230;vermittelt Frauen in F\u00fchrungspositionen&#8220; &#8211;\u00a0<a href=\"http:\/\/www.spiegel.de\/spiegel\/print\/d-88656056.html\" target=\"_blank\" rel=\"nofollow noopener\">DER SPIEGEL<\/a><br \/><\/em><em style=\"font-family: -apple-system, BlinkMacSystemFont, 'Segoe UI', Roboto, 'Helvetica Neue', Arial, 'Noto Sans', sans-serif, 'Apple Color Emoji', 'Segoe UI Emoji', 'Segoe UI Symbol', 'Noto Color Emoji'; font-size: 1rem;\">&#8222;&#8230;die bedeutendste Headhunting-Agentur mit Spezialisierung auf Frauen&#8220; &#8211;\u00a0<a href=\"https:\/\/www.erfolgsfaktor-familie.de\/netzwerken\/forum-so-geht-vereinbarkeit\/personalmarketing\/4-kanaele-fuer-familienfreundliches-personalmarketing\/interviews-von-frauen-und-goldfischteichen.html\" target=\"_blank\" rel=\"nofollow noopener\">BMFSFJ<\/a><br \/><\/em><em style=\"font-family: -apple-system, BlinkMacSystemFont, 'Segoe UI', Roboto, 'Helvetica Neue', Arial, 'Noto Sans', sans-serif, 'Apple Color Emoji', 'Segoe UI Emoji', 'Segoe UI Symbol', 'Noto Color Emoji'; font-size: 1rem;\">&#8222;&#8230;jagt die besten K\u00f6pfe f\u00fcr Unternehmenten&#8220; &#8211;<\/em><span style=\"font-family: -apple-system, BlinkMacSystemFont, 'Segoe UI', Roboto, 'Helvetica Neue', Arial, 'Noto Sans', sans-serif, 'Apple Color Emoji', 'Segoe UI Emoji', 'Segoe UI Symbol', 'Noto Color Emoji'; font-size: 1rem;\">\u00a0SAT1\u00a0<br \/><\/span><em style=\"font-family: -apple-system, BlinkMacSystemFont, 'Segoe UI', Roboto, 'Helvetica Neue', Arial, 'Noto Sans', sans-serif, 'Apple Color Emoji', 'Segoe UI Emoji', 'Segoe UI Symbol', 'Noto Color Emoji'; font-size: 1rem;\">&#8222;&#8230;einer von Deutschlands Top-Personaldienstleistern&#8220; &#8211;\u00a0<a href=\"https:\/\/www.focus.de\/finanzen\/karriere\/berufsleben\/es-gibt-keine-geheimen-hinterhoftreffen-nicht-ausgrenzen-lassen-so-brechen-frauen-die-macht-der-maennerclubs-im-job_id_5873239.html\" target=\"_blank\" rel=\"nofollow noopener\">FOCUS<\/a><br \/><\/em><em style=\"font-family: -apple-system, BlinkMacSystemFont, 'Segoe UI', Roboto, 'Helvetica Neue', Arial, 'Noto Sans', sans-serif, 'Apple Color Emoji', 'Segoe UI Emoji', 'Segoe UI Symbol', 'Noto Color Emoji'; font-size: 1rem;\">&#8222;&#8230;Deutschlands erster Frauen-Headhunter&#8220; &#8211;<\/em><span style=\"font-family: -apple-system, BlinkMacSystemFont, 'Segoe UI', Roboto, 'Helvetica Neue', Arial, 'Noto Sans', sans-serif, 'Apple Color Emoji', 'Segoe UI Emoji', 'Segoe UI Symbol', 'Noto Color Emoji'; font-size: 1rem;\">\u00a0RTL<br \/><\/span><em style=\"font-family: -apple-system, BlinkMacSystemFont, 'Segoe UI', Roboto, 'Helvetica Neue', Arial, 'Noto Sans', sans-serif, 'Apple Color Emoji', 'Segoe UI Emoji', 'Segoe UI Symbol', 'Noto Color Emoji'; font-size: 1rem;\">&#8222;&#8230;die erste internationale Personalberatung f\u00fcr Frauen&#8220; &#8211;\u00a0<a href=\"https:\/\/www.welt.de\/print\/die_welt\/hamburg\/article121832391\/Auf-der-Suche-nach-Chefinnen.html\" target=\"_blank\" rel=\"nofollow noopener\">DIE WELT<\/a>\u00a0<br \/><\/em><em style=\"font-family: -apple-system, BlinkMacSystemFont, 'Segoe UI', Roboto, 'Helvetica Neue', Arial, 'Noto Sans', sans-serif, 'Apple Color Emoji', 'Segoe UI Emoji', 'Segoe UI Symbol', 'Noto Color Emoji'; font-size: 1rem;\">&#8222;&#8230;Pioneers in ShePlacement&#8220; &#8211;\u00a0<a title=\"Link: https:\/\/www.faz.net\/aktuell\/beruf-chance\/freie-aufsichtsratsposten-das-jahr-der-frauen-12027505.html\" href=\"https:\/\/www.faz.net\/aktuell\/beruf-chance\/freie-aufsichtsratsposten-das-jahr-der-frauen-12027505.html\" target=\"_blank\" rel=\"nofollow noopener\">FAZ<\/a><br \/><\/em><em style=\"font-family: -apple-system, BlinkMacSystemFont, 'Segoe UI', Roboto, 'Helvetica Neue', Arial, 'Noto Sans', sans-serif, 'Apple Color Emoji', 'Segoe UI Emoji', 'Segoe UI Symbol', 'Noto Color Emoji'; font-size: 1rem;\">&#8222;&#8230;Deutschlands Frauen-Headhunter Nr. 1&#8220; &#8211;<\/em><span style=\"font-family: -apple-system, BlinkMacSystemFont, 'Segoe UI', Roboto, 'Helvetica Neue', Arial, 'Noto Sans', sans-serif, 'Apple Color Emoji', 'Segoe UI Emoji', 'Segoe UI Symbol', 'Noto Color Emoji'; font-size: 1rem;\">\u00a0Xing<br \/><\/span><em style=\"font-family: -apple-system, BlinkMacSystemFont, 'Segoe UI', Roboto, 'Helvetica Neue', Arial, 'Noto Sans', sans-serif, 'Apple Color Emoji', 'Segoe UI Emoji', 'Segoe UI Symbol', 'Noto Color Emoji'; font-size: 1rem;\">&#8222;&#8230;&#8220;K\u00f6pfe einer neuen Headhunter-Generation&#8220; &#8211;<\/em><span style=\"font-family: -apple-system, BlinkMacSystemFont, 'Segoe UI', Roboto, 'Helvetica Neue', Arial, 'Noto Sans', sans-serif, 'Apple Color Emoji', 'Segoe UI Emoji', 'Segoe UI Symbol', 'Noto Color Emoji'; font-size: 1rem;\">\u00a0Arbeit und Arbeitsrecht\u00a0<br \/><\/span><em style=\"font-family: -apple-system, BlinkMacSystemFont, 'Segoe UI', Roboto, 'Helvetica Neue', Arial, 'Noto Sans', sans-serif, 'Apple Color Emoji', 'Segoe UI Emoji', 'Segoe UI Symbol', 'Noto Color Emoji'; font-size: 1rem;\">&#8222;&#8230;sucht gezielt weibliche Spitzenkr\u00e4fte f\u00fcr Unternehmen&#8220; &#8211;<\/em><span style=\"font-family: -apple-system, BlinkMacSystemFont, 'Segoe UI', Roboto, 'Helvetica Neue', Arial, 'Noto Sans', sans-serif, 'Apple Color Emoji', 'Segoe UI Emoji', 'Segoe UI Symbol', 'Noto Color Emoji'; font-size: 1rem;\">\u00a0ZDF\u00a0<\/span><em style=\"font-family: -apple-system, BlinkMacSystemFont, 'Segoe UI', Roboto, 'Helvetica Neue', Arial, 'Noto Sans', sans-serif, 'Apple Color Emoji', 'Segoe UI Emoji', 'Segoe UI Symbol', 'Noto Color Emoji'; font-size: 1rem;\">heute<br \/><\/em><span style=\"font-family: -apple-system, BlinkMacSystemFont, 'Segoe UI', Roboto, 'Helvetica Neue', Arial, 'Noto Sans', sans-serif, 'Apple Color Emoji', 'Segoe UI Emoji', 'Segoe UI Symbol', 'Noto Color Emoji'; font-size: 1rem;\">&#8222;<\/span><em style=\"font-family: -apple-system, BlinkMacSystemFont, 'Segoe UI', Roboto, 'Helvetica Neue', Arial, 'Noto Sans', sans-serif, 'Apple Color Emoji', 'Segoe UI Emoji', 'Segoe UI Symbol', 'Noto Color Emoji'; font-size: 1rem;\">&#8230;die erste Personalberatung, die auf Frauen spezialisiert ist&#8220;\u00a0&#8211;\u00a0<a href=\"https:\/\/blog.wiwo.de\/management\/2014\/03\/22\/wer-sich-nur-uber-beruf-oder-nur-uber-familie-definiert-ist-von-gestern-gastbeitrag-uber-skandinavien-von-ex-ceo-klaus-danhamer\/\" target=\"_blank\" rel=\"nofollow noopener\">WirtschaftsWoche<\/a><br \/><\/em><em style=\"font-family: -apple-system, BlinkMacSystemFont, 'Segoe UI', Roboto, 'Helvetica Neue', Arial, 'Noto Sans', sans-serif, 'Apple Color Emoji', 'Segoe UI Emoji', 'Segoe UI Symbol', 'Noto Color Emoji'; font-size: 1rem;\">&#8222;&#8230;die international f\u00fchrende Personalberatung f\u00fcr Frauen&#8220; &#8211;\u00a0<a href=\"https:\/\/www.experteer.de\/magazin\/die-erste-personalberatung-mit-spezialisierung-auf-weibliche-fuehrungskraefte\/\" target=\"_blank\" rel=\"nofollow noopener\">Experteer<\/a>\u00a0<br \/><\/em><em style=\"font-family: -apple-system, BlinkMacSystemFont, 'Segoe UI', Roboto, 'Helvetica Neue', Arial, 'Noto Sans', sans-serif, 'Apple Color Emoji', 'Segoe UI Emoji', 'Segoe UI Symbol', 'Noto Color Emoji'; font-size: 1rem;\">&#8222;&#8230;die Frauenfinder&#8220; &#8211;\u00a0<a href=\"https:\/\/www.facebook.com\/huntingher\/photos\/a.472979302712404\/533132876697046\/?type=3&amp;theater\" target=\"_blank\" rel=\"nofollow noopener\">FAZ Personal-Journal<\/a><br \/><\/em><em style=\"font-family: -apple-system, BlinkMacSystemFont, 'Segoe UI', Roboto, 'Helvetica Neue', Arial, 'Noto Sans', sans-serif, 'Apple Color Emoji', 'Segoe UI Emoji', 'Segoe UI Symbol', 'Noto Color Emoji'; font-size: 1rem;\">&#8222;&#8230;Personalberatungsfirma speziell f\u00fcr Frauen&#8220; &#8211;\u00a0<a href=\"https:\/\/www.youtube.com\/watch?v=nzogRsT9UQo&amp;t=55s\" target=\"_blank\" rel=\"nofollow noopener\">SWR 4<\/a><\/em><em style=\"font-family: -apple-system, BlinkMacSystemFont, 'Segoe UI', Roboto, 'Helvetica Neue', Arial, 'Noto Sans', sans-serif, 'Apple Color Emoji', 'Segoe UI Emoji', 'Segoe UI Symbol', 'Noto Color Emoji'; font-size: 1rem;\"><br \/><\/em><em style=\"font-family: -apple-system, BlinkMacSystemFont, 'Segoe UI', Roboto, 'Helvetica Neue', Arial, 'Noto Sans', sans-serif, 'Apple Color Emoji', 'Segoe UI Emoji', 'Segoe UI Symbol', 'Noto Color Emoji'; font-size: 1rem;\">&#8222;&#8230;die weltweit erste internationale Personalvermittlung f\u00fcr weibliche High-Potentials&#8220; &#8211;\u00a0<a href=\"https:\/\/www.linkedin.com\/pulse\/f%C3%BCr-frauen-braucht-es-ganz-andere-motivationssysteme-sascha-hardegger\/\" target=\"_blank\" rel=\"nofollow noopener\">LinkedIn<\/a><br \/><\/em><em style=\"font-family: -apple-system, BlinkMacSystemFont, 'Segoe UI', Roboto, 'Helvetica Neue', Arial, 'Noto Sans', sans-serif, 'Apple Color Emoji', 'Segoe UI Emoji', 'Segoe UI Symbol', 'Noto Color Emoji'; font-size: 1rem;\">&#8222;&#8230;auf hochqualifizierte Frauen spezialisiert.&#8220; &#8211;\u00a0<a href=\"https:\/\/www.welt.de\/wirtschaft\/article110195174\/Viele-Frauen-stellen-ihr-Licht-unter-den-Scheffel.html\" target=\"_blank\" rel=\"nofollow noopener\">DIE WELT\u00a0<\/a><br \/><\/em><em style=\"font-family: -apple-system, BlinkMacSystemFont, 'Segoe UI', Roboto, 'Helvetica Neue', Arial, 'Noto Sans', sans-serif, 'Apple Color Emoji', 'Segoe UI Emoji', 'Segoe UI Symbol', 'Noto Color Emoji'; font-size: 1rem;\">&#8222;&#8230;sucht Spitzenpersonal f\u00fcr Unternehmen\u00a0&#8211;\u00a0<a href=\"https:\/\/www.youtube.com\/watch?v=4Znzl9-GKZc&amp;feature=autoshare\" target=\"_blank\" rel=\"nofollow noopener\">SWR 1<\/a><br \/><\/em><em style=\"font-family: -apple-system, BlinkMacSystemFont, 'Segoe UI', Roboto, 'Helvetica Neue', Arial, 'Noto Sans', sans-serif, 'Apple Color Emoji', 'Segoe UI Emoji', 'Segoe UI Symbol', 'Noto Color Emoji'; font-size: 1rem;\">&#8222;&#8230;l\u00e4ngst ein Frauenheld&#8220; &#8211;<\/em><span style=\"font-family: -apple-system, BlinkMacSystemFont, 'Segoe UI', Roboto, 'Helvetica Neue', Arial, 'Noto Sans', sans-serif, 'Apple Color Emoji', 'Segoe UI Emoji', 'Segoe UI Symbol', 'Noto Color Emoji'; font-size: 1rem;\">\u00a0StartingUp Consulting<br \/><\/span><em style=\"font-family: -apple-system, BlinkMacSystemFont, 'Segoe UI', Roboto, 'Helvetica Neue', Arial, 'Noto Sans', sans-serif, 'Apple Color Emoji', 'Segoe UI Emoji', 'Segoe UI Symbol', 'Noto Color Emoji'; font-size: 1rem;\">&#8222;&#8230;auf die\u00a0Suche nach hoch qualifizierten Frauen f\u00fcr F\u00fchrungsetagen spezialisiert&#8220; &#8211;\u00a0<a href=\"https:\/\/rp-online.de\/wirtschaft\/jeder-fuenfte-dax-aufseher-ist-eine-frau_aid-9158749\" target=\"_blank\" rel=\"nofollow noopener\">Rheinische Post<\/a><br \/><\/em><em style=\"font-family: -apple-system, BlinkMacSystemFont, 'Segoe UI', Roboto, 'Helvetica Neue', Arial, 'Noto Sans', sans-serif, 'Apple Color Emoji', 'Segoe UI Emoji', 'Segoe UI Symbol', 'Noto Color Emoji'; font-size: 1rem;\">&#8222;&#8230;darauf spezialisiert (&#8230;)\u00a0Frauen in Top-Jobs zu vermitteln&#8220; &#8211;\u00a0<a href=\"https:\/\/www.welt.de\/newsticker\/news3\/article112528649\/Experten-Geschlechterverhaeltnis-in-Top-Jobs-bleibt-ungleich.html\" target=\"_blank\" rel=\"nofollow noopener\">DIE WELT<\/a><br \/><\/em><em style=\"font-family: -apple-system, BlinkMacSystemFont, 'Segoe UI', Roboto, 'Helvetica Neue', Arial, 'Noto Sans', sans-serif, 'Apple Color Emoji', 'Segoe UI Emoji', 'Segoe UI Symbol', 'Noto Color Emoji'; font-size: 1rem;\">&#8222;&#8230;auf weibliche F\u00fchrungskr\u00e4fte spezialisiert&#8220; &#8211;\u00a0<a href=\"https:\/\/www.facebook.com\/huntingher\/photos\/a.472979302712404\/1001040036572992\/?type=3&amp;theater\" target=\"_blank\" rel=\"nofollow noopener\">Handelsblatt<\/a><br \/><\/em><em style=\"font-family: -apple-system, BlinkMacSystemFont, 'Segoe UI', Roboto, 'Helvetica Neue', Arial, 'Noto Sans', sans-serif, 'Apple Color Emoji', 'Segoe UI Emoji', 'Segoe UI Symbol', 'Noto Color Emoji'; font-size: 1rem;\">&#8222;&#8230;der Pionier im Bereich der Frauen-Personalberatung &#8211; A.T. KEARNEY 361\u00a0<br \/><\/em><em style=\"font-family: -apple-system, BlinkMacSystemFont, 'Segoe UI', Roboto, 'Helvetica Neue', Arial, 'Noto Sans', sans-serif, 'Apple Color Emoji', 'Segoe UI Emoji', 'Segoe UI Symbol', 'Noto Color Emoji'; font-size: 1rem;\">&#8222;&#8230;ist auf die Vermittlung von Frauen spezialisiert und liegt damit voll im Trend&#8220; &#8211;\u00a0<a href=\"https:\/\/www.bilanz.ch\/management\/erfolgsfaktor-frau-der-neue-f-faktor\" target=\"_blank\" rel=\"noopener\">BILANZ (Schweiz)<\/a><br \/><\/em><em style=\"font-family: -apple-system, BlinkMacSystemFont, 'Segoe UI', Roboto, 'Helvetica Neue', Arial, 'Noto Sans', sans-serif, 'Apple Color Emoji', 'Segoe UI Emoji', 'Segoe UI Symbol', 'Noto Color Emoji'; font-size: 1rem;\">&#8222;&#8230;die erste auf Frauen spezialisierte Personalvermittlung&#8220; &#8211;\u00a0<a href=\"https:\/\/www.nwzonline.de\/interview\/frauen-sind-der-erfolgsfaktor-der-zukunft_a_1,0,2444560075.html\" target=\"_blank\" rel=\"nofollow noopener\">Nordwest-Zeitung<\/a><br \/><\/em><em style=\"font-family: -apple-system, BlinkMacSystemFont, 'Segoe UI', Roboto, 'Helvetica Neue', Arial, 'Noto Sans', sans-serif, 'Apple Color Emoji', 'Segoe UI Emoji', 'Segoe UI Symbol', 'Noto Color Emoji'; font-size: 1rem;\">&#8222;&#8230;die erste nur auf Frauen spezialisierte Personalberatung&#8220; &#8211;\u00a0<a href=\"https:\/\/rp-online.de\/wirtschaft\/baby-fuer-frauen-eckbuero-fuer-maenner_aid-13961843\" target=\"_blank\" rel=\"nofollow noopener\">Rheinische Post<\/a><br \/><\/em><em style=\"font-family: -apple-system, BlinkMacSystemFont, 'Segoe UI', Roboto, 'Helvetica Neue', Arial, 'Noto Sans', sans-serif, 'Apple Color Emoji', 'Segoe UI Emoji', 'Segoe UI Symbol', 'Noto Color Emoji'; font-size: 1rem;\">&#8222;&#8230;mit dem gewissen Blick f\u00fcr Frauen&#8220; &#8211;\u00a0<a href=\"https:\/\/www.augsburger-allgemeine.de\/augsburg\/Der-Mann-mit-dem-Blick-fuer-gewisse-Frauen-id31461417.html\" target=\"_blank\" rel=\"nofollow noopener\">Augsburger Allgemeine<\/a><br \/><\/em><em style=\"font-family: -apple-system, BlinkMacSystemFont, 'Segoe UI', Roboto, 'Helvetica Neue', Arial, 'Noto Sans', sans-serif, 'Apple Color Emoji', 'Segoe UI Emoji', 'Segoe UI Symbol', 'Noto Color Emoji'; font-size: 1rem;\">&#8222;&#8230;Headhunter nur f\u00fcr Frauen&#8220; &#8211;\u00a0<a href=\"https:\/\/bewerbung.com\/headhunter-fuer-frauen\/\" target=\"_blank\" rel=\"nofollow noopener\">Bewerbung.com<\/a><br \/><\/em><em style=\"font-family: -apple-system, BlinkMacSystemFont, 'Segoe UI', Roboto, 'Helvetica Neue', Arial, 'Noto Sans', sans-serif, 'Apple Color Emoji', 'Segoe UI Emoji', 'Segoe UI Symbol', 'Noto Color Emoji'; font-size: 1rem;\">&#8222;&#8230;die erste Personalberatung, die sich auf Frauen in F\u00fchrungspositionen spezialisiert hat&#8220; &#8211;\u00a0<a href=\"https:\/\/www.abendblatt.de\/hamburg\/article121823132\/Agentur-Hunting-Her-auf-der-Suche-nach-Chefinnen.html\" target=\"_blank\" rel=\"nofollow noopener\">Abendblatt<\/a><\/em><\/p><p>Hinweis:\u00a0Die Inhalte dieser Internetseiten sprechen Frauen und M\u00e4nner gleicherma\u00dfen an. Zur besseren Lesbarkeit wird, im Plural oder\u00a0wo kein geschlechtsneutraler Begriff gefunden wurde, nur die traditionelle m\u00e4nnliche Sprachform verwendet; diese\u00a0sind deshalb als geschlechtsneutral anzusehen.\u00a0<\/p>\t\t\t\t\t\t\t\t<\/div>\n\t\t\t\t<\/div>\n\t\t\t\t\t<\/div>\n\t\t<\/div>\n\t\t\t\t\t<\/div>\n\t\t<\/section>\n\t\t\t\t<\/div>","protected":false},"excerpt":{"rendered":"<p>Media &#038; News &#8222;Europas f\u00fchrender Headhunter f\u00fcr Frauen&#8220; &#8211; Die HUNTING\/HER Personalberatung aus den Sicht von Medienschaffenden &#8222;&#8230;die Firma Hunting\/Her ist f\u00fchrend in der Vermittlung von Frauen in F\u00fchrungspositionen in der Schweiz, Deutschland und \u00d6sterreich. Handelszeitung (Schweiz)&#8222;&#8230;die bekannteste auf weibliche F\u00fchrungskr\u00e4fte spezialisierten Personalberatung&#8220; &#8211; Handelsblatt&#8222;&#8230;Marktf\u00fchrer in Europa f\u00fcr F\u00fchrungsfrauen&#8220; &#8211;\u00a0Experteer\u00a0\u00a0&#8222;&#8230;Deutschlands f\u00fchrende Personalberatung f\u00fcr Frauen&#8220; &#8211;\u00a0DIE [&hellip;]<\/p>\n","protected":false},"author":2,"featured_media":0,"parent":1214,"menu_order":0,"comment_status":"closed","ping_status":"closed","template":"elementor_header_footer","meta":{"footnotes":""},"class_list":["post-1301","page","type-page","status-publish","hentry"],"_links":{"self":[{"href":"https:\/\/huntingher.com\/en\/wp-json\/wp\/v2\/pages\/1301","targetHints":{"allow":["GET"]}}],"collection":[{"href":"https:\/\/huntingher.com\/en\/wp-json\/wp\/v2\/pages"}],"about":[{"href":"https:\/\/huntingher.com\/en\/wp-json\/wp\/v2\/types\/page"}],"author":[{"embeddable":true,"href":"https:\/\/huntingher.com\/en\/wp-json\/wp\/v2\/users\/2"}],"replies":[{"embeddable":true,"href":"https:\/\/huntingher.com\/en\/wp-json\/wp\/v2\/comments?post=1301"}],"version-history":[{"count":22,"href":"https:\/\/huntingher.com\/en\/wp-json\/wp\/v2\/pages\/1301\/revisions"}],"predecessor-version":[{"id":5117,"href":"https:\/\/huntingher.com\/en\/wp-json\/wp\/v2\/pages\/1301\/revisions\/5117"}],"up":[{"embeddable":true,"href":"https:\/\/huntingher.com\/en\/wp-json\/wp\/v2\/pages\/1214"}],"wp:attachment":[{"href":"https:\/\/huntingher.com\/en\/wp-json\/wp\/v2\/media?parent=1301"}],"curies":[{"name":"wp","href":"https:\/\/api.w.org\/{rel}","templated":true}]}}