{"id":1185,"date":"2020-06-16T17:09:40","date_gmt":"2020-06-16T15:09:40","guid":{"rendered":"https:\/\/higher-her.com\/?page_id=1185"},"modified":"2020-06-19T13:38:51","modified_gmt":"2020-06-19T11:38:51","slug":"firmen-outplacement","status":"publish","type":"page","link":"https:\/\/huntingher.com\/en\/what-we-do\/female-executive-search\/firmen-outplacement\/","title":{"rendered":"Firmen OutPlacement"},"content":{"rendered":"<div data-elementor-type=\"wp-page\" data-elementor-id=\"1185\" class=\"elementor elementor-1185\" data-elementor-post-type=\"page\">\n\t\t\t\t\t\t<section class=\"elementor-section elementor-top-section elementor-element elementor-element-39c2346e elementor-section-boxed elementor-section-height-default elementor-section-height-default\" data-id=\"39c2346e\" data-element_type=\"section\">\n\t\t\t\t\t\t<div class=\"elementor-container elementor-column-gap-default\">\n\t\t\t\t\t<div class=\"elementor-column elementor-col-100 elementor-top-column elementor-element elementor-element-3495e836\" data-id=\"3495e836\" data-element_type=\"column\">\n\t\t\t<div class=\"elementor-widget-wrap elementor-element-populated\">\n\t\t\t\t\t\t<div class=\"elementor-element elementor-element-a574af6 elementor-widget elementor-widget-heading\" data-id=\"a574af6\" data-element_type=\"widget\" data-widget_type=\"heading.default\">\n\t\t\t\t<div class=\"elementor-widget-container\">\n\t\t\t\t\t<h5 class=\"elementor-heading-title elementor-size-default\">Female Executive Search<\/h5>\t\t\t\t<\/div>\n\t\t\t\t<\/div>\n\t\t\t\t<div class=\"elementor-element elementor-element-5fecee03 elementor-widget elementor-widget-heading\" data-id=\"5fecee03\" data-element_type=\"widget\" data-widget_type=\"heading.default\">\n\t\t\t\t<div class=\"elementor-widget-container\">\n\t\t\t\t\t<h2 class=\"elementor-heading-title elementor-size-default\">Firmen OutPlacement<\/h2>\t\t\t\t<\/div>\n\t\t\t\t<\/div>\n\t\t\t\t<div class=\"elementor-element elementor-element-16926c8e elementor-widget elementor-widget-text-editor\" data-id=\"16926c8e\" data-element_type=\"widget\" data-widget_type=\"text-editor.default\">\n\t\t\t\t<div class=\"elementor-widget-container\">\n\t\t\t\t\t\t\t\t\t<p><span style=\"font-size: 1rem;\">Professionelle OutPlacement-Beratung als NewPlacement: Sozialvertr\u00e4gliche Win-win-L\u00f6sung trotz K\u00fcndigung<\/span><\/p><p>Vorteile der Outplacement-Beratung<\/p><p>Erfolgreiche Outplacement-Beratung transformiert durch erfolgreiches NewPlacement die f\u00fcr alle Betroffenen &#8211; Mitarbeitende wie Unternehmen &#8211; herausfordernde Lage in eine Win-win-Situation.<\/p><p>\u00dcber 90 % Erfolgsquote seit 2012!<\/p><p>Mit Erfolgsquoten von \u00fcber 90 % seit 2012 l\u00f6sen unsere OutPlacement-Profis das Kernproblem bei K\u00fcndigung und Personalabbau und sichern die berufliche Existenz der Betroffenen.<\/p><p>F\u00fcr Unternehmen beinhaltet das Angebot einer professionellen OutPlacement-Beratung deutliche Vorteile gegen\u00fcber weniger sozialvertr\u00e4glichen Ans\u00e4tzen:<\/p><p>Kosteinsparungen <br \/>Vermeidung kostenintensiver arbeitsrechtlicher Auseinandersetzungen mit dem ausscheidenden Mitarbeiter und Verk\u00fcrzung der Restlaufzeit von Arbeitsvertr\u00e4gen durch eine schnellere Einigung<\/p><p>Diskretion<br \/>Einvernehmliche Aufhebung statt aufreibender Verhandlungen und Prozesse<\/p><p>Glaubw\u00fcrdigkeit <br \/>Soziale Verantwortung als praktizierte Unternehmenskultur<\/p><p>Produktivit\u00e4tserhalt<br \/>Erhalt eines loyalen und produktiven Betriebsklimas anstelle von Verunsicherungen<br \/>und Loyalit\u00e4tsverlusten in der Belegschaft<\/p><p>Employer Brand<br \/>\u00dcbernahme der sozialen Verantwortung und somit keine Besch\u00e4digung des Employer Brands und der Attraktivit\u00e4t als Arbeitgeber infolge negativer Schlagzeilen<\/p><p>Unsere L\u00f6sung hei\u00dft (Sh)ePlacement: Professionelles NewPlacement, auch via Internet<\/p><p>(Sh)ePlacement ist die effektive L\u00f6sung, wenn die bew\u00e4hrte individuelle Beratung mit dem deutlichen Kostenvorteil eines Gruppen-Outplacement kombiniert werden soll.<\/p><p>F\u00fcr weitere Informationen zu unserem OutPlacement und (Sh)ePlacement-Angebote nehmen Sie hier bitte den Kontakt auf: (Link)<\/p>\t\t\t\t\t\t\t\t<\/div>\n\t\t\t\t<\/div>\n\t\t\t\t\t<\/div>\n\t\t<\/div>\n\t\t\t\t\t<\/div>\n\t\t<\/section>\n\t\t\t\t<section class=\"elementor-section elementor-top-section elementor-element elementor-element-c99df90 elementor-section-boxed elementor-section-height-default elementor-section-height-default\" data-id=\"c99df90\" data-element_type=\"section\">\n\t\t\t\t\t\t<div class=\"elementor-container elementor-column-gap-default\">\n\t\t\t\t\t<div class=\"elementor-column elementor-col-50 elementor-top-column elementor-element elementor-element-70c9b3f6\" data-id=\"70c9b3f6\" data-element_type=\"column\">\n\t\t\t<div class=\"elementor-widget-wrap elementor-element-populated\">\n\t\t\t\t\t\t<div class=\"elementor-element elementor-element-c9c2916 elementor-align-center elementor-widget__width-inherit elementor-widget elementor-widget-global elementor-global-1251 elementor-widget-button\" data-id=\"c9c2916\" data-element_type=\"widget\" data-widget_type=\"button.default\">\n\t\t\t\t<div class=\"elementor-widget-container\">\n\t\t\t\t\t\t\t\t\t<div class=\"elementor-button-wrapper\">\n\t\t\t\t\t<a class=\"elementor-button elementor-button-link elementor-size-sm elementor-animation-grow\" href=\"https:\/\/huntingher.com\/en\/female-executive-search\/\" id=\"kontaktallg\">\n\t\t\t\t\t\t<span class=\"elementor-button-content-wrapper\">\n\t\t\t\t\t\t\t\t\t<span class=\"elementor-button-text\">Zur\u00fcck<\/span>\n\t\t\t\t\t<\/span>\n\t\t\t\t\t<\/a>\n\t\t\t\t<\/div>\n\t\t\t\t\t\t\t\t<\/div>\n\t\t\t\t<\/div>\n\t\t\t\t\t<\/div>\n\t\t<\/div>\n\t\t\t\t<div class=\"elementor-column elementor-col-50 elementor-top-column elementor-element elementor-element-20200974\" data-id=\"20200974\" data-element_type=\"column\">\n\t\t\t<div class=\"elementor-widget-wrap elementor-element-populated\">\n\t\t\t\t\t\t<div class=\"elementor-element elementor-element-3fa89c4 elementor-align-center elementor-widget__width-inherit elementor-widget elementor-widget-global elementor-global-1248 elementor-widget-button\" data-id=\"3fa89c4\" data-element_type=\"widget\" data-widget_type=\"button.default\">\n\t\t\t\t<div class=\"elementor-widget-container\">\n\t\t\t\t\t\t\t\t\t<div class=\"elementor-button-wrapper\">\n\t\t\t\t\t<a class=\"elementor-button elementor-button-link elementor-size-sm elementor-animation-grow\" href=\"https:\/\/huntingher.com\/en\/kontakt01\/\" id=\"kontaktallg\">\n\t\t\t\t\t\t<span class=\"elementor-button-content-wrapper\">\n\t\t\t\t\t\t\t\t\t<span class=\"elementor-button-text\">Kontakt<\/span>\n\t\t\t\t\t<\/span>\n\t\t\t\t\t<\/a>\n\t\t\t\t<\/div>\n\t\t\t\t\t\t\t\t<\/div>\n\t\t\t\t<\/div>\n\t\t\t\t\t<\/div>\n\t\t<\/div>\n\t\t\t\t\t<\/div>\n\t\t<\/section>\n\t\t\t\t<\/div>","protected":false},"excerpt":{"rendered":"<p>Female Executive Search Firmen OutPlacement Professionelle OutPlacement-Beratung als NewPlacement: Sozialvertr\u00e4gliche Win-win-L\u00f6sung trotz K\u00fcndigung Vorteile der Outplacement-Beratung Erfolgreiche Outplacement-Beratung transformiert durch erfolgreiches NewPlacement die f\u00fcr alle Betroffenen &#8211; Mitarbeitende wie Unternehmen &#8211; herausfordernde Lage in eine Win-win-Situation. \u00dcber 90 % Erfolgsquote seit 2012! Mit Erfolgsquoten von \u00fcber 90 % seit 2012 l\u00f6sen unsere OutPlacement-Profis das Kernproblem [&hellip;]<\/p>\n","protected":false},"author":2,"featured_media":0,"parent":1128,"menu_order":2,"comment_status":"closed","ping_status":"closed","template":"elementor_header_footer","meta":{"footnotes":""},"class_list":["post-1185","page","type-page","status-publish","hentry"],"_links":{"self":[{"href":"https:\/\/huntingher.com\/en\/wp-json\/wp\/v2\/pages\/1185","targetHints":{"allow":["GET"]}}],"collection":[{"href":"https:\/\/huntingher.com\/en\/wp-json\/wp\/v2\/pages"}],"about":[{"href":"https:\/\/huntingher.com\/en\/wp-json\/wp\/v2\/types\/page"}],"author":[{"embeddable":true,"href":"https:\/\/huntingher.com\/en\/wp-json\/wp\/v2\/users\/2"}],"replies":[{"embeddable":true,"href":"https:\/\/huntingher.com\/en\/wp-json\/wp\/v2\/comments?post=1185"}],"version-history":[{"count":0,"href":"https:\/\/huntingher.com\/en\/wp-json\/wp\/v2\/pages\/1185\/revisions"}],"up":[{"embeddable":true,"href":"https:\/\/huntingher.com\/en\/wp-json\/wp\/v2\/pages\/1128"}],"wp:attachment":[{"href":"https:\/\/huntingher.com\/en\/wp-json\/wp\/v2\/media?parent=1185"}],"curies":[{"name":"wp","href":"https:\/\/api.w.org\/{rel}","templated":true}]}}