{"id":1164,"date":"2020-06-16T15:49:57","date_gmt":"2020-06-16T13:49:57","guid":{"rendered":"https:\/\/higher-her.com\/?page_id=1164"},"modified":"2020-10-06T11:57:34","modified_gmt":"2020-10-06T09:57:34","slug":"outplacement-beratung-fuer-frauen","status":"publish","type":"page","link":"https:\/\/huntingher.com\/en\/your-career\/sheplacement\/outplacement-beratung-fuer-frauen\/","title":{"rendered":"HUNTING\/HER Career-Partners \u00ae &#8211; Karriere-Coaching und OutPlacement-Beratung f\u00fcr Frauen"},"content":{"rendered":"<div data-elementor-type=\"wp-page\" data-elementor-id=\"1164\" class=\"elementor elementor-1164\" data-elementor-post-type=\"page\">\n\t\t\t\t\t\t<section class=\"elementor-section elementor-top-section elementor-element elementor-element-6137db15 elementor-section-boxed elementor-section-height-default elementor-section-height-default\" data-id=\"6137db15\" data-element_type=\"section\">\n\t\t\t\t\t\t<div class=\"elementor-container elementor-column-gap-default\">\n\t\t\t\t\t<div class=\"elementor-column elementor-col-100 elementor-top-column elementor-element elementor-element-e22ee99\" data-id=\"e22ee99\" data-element_type=\"column\">\n\t\t\t<div class=\"elementor-widget-wrap elementor-element-populated\">\n\t\t\t\t\t\t<div class=\"elementor-element elementor-element-0752f84 elementor-widget elementor-widget-heading\" data-id=\"0752f84\" data-element_type=\"widget\" data-widget_type=\"heading.default\">\n\t\t\t\t<div class=\"elementor-widget-container\">\n\t\t\t\t\t<h5 class=\"elementor-heading-title elementor-size-default\"><i>She<\/i>placement<\/h5>\t\t\t\t<\/div>\n\t\t\t\t<\/div>\n\t\t\t\t<div class=\"elementor-element elementor-element-2f360c08 elementor-widget elementor-widget-heading\" data-id=\"2f360c08\" data-element_type=\"widget\" data-widget_type=\"heading.default\">\n\t\t\t\t<div class=\"elementor-widget-container\">\n\t\t\t\t\t<h2 class=\"elementor-heading-title elementor-size-default\">Statt OutPlacement-Beratung f\u00fcr Frauen: Professionelles NewPlacement und Coaching <\/h2>\t\t\t\t<\/div>\n\t\t\t\t<\/div>\n\t\t\t\t<div class=\"elementor-element elementor-element-1765cef2 elementor-widget elementor-widget-text-editor\" data-id=\"1765cef2\" data-element_type=\"widget\" data-widget_type=\"text-editor.default\">\n\t\t\t\t<div class=\"elementor-widget-container\">\n\t\t\t\t\t\t\t\t\t<p>Droht Ihnen die K\u00fcndigung? Bietet Ihr Arbeitgeber Ihnen eine Outplacement-Beratung an? Profitieren Sie von unserer fast 20-j\u00e4hrigen Erfahrung im Bereich der beruflichen Neupositionierung und Karriereberatung.<\/p><p>Betriebsseitige K\u00fcndigungen stellen f\u00fcr alle Beteiligten eine Herausforderung dar, die so individuell ist wie die hierzu erforderlichen L\u00f6sungen.<\/p><p>Seit 1992 unterst\u00fctzt bereits unsere Muttergesellschaft MUM OutPlacement von K\u00fcndigung betroffene Fach- und F\u00fchrungskr\u00e4fte bei der beruflichen Neupositionierung &#8211; mit j\u00e4hrlichen Erfolgsquoten von stets \u00fcber 90 Prozent im Einzel-Outplacement (&#8222;NewPlacement&#8220;).<\/p>\t\t\t\t\t\t\t\t<\/div>\n\t\t\t\t<\/div>\n\t\t\t\t\t<\/div>\n\t\t<\/div>\n\t\t\t\t\t<\/div>\n\t\t<\/section>\n\t\t\t\t<section class=\"elementor-section elementor-top-section elementor-element elementor-element-ed628b8 elementor-section-boxed elementor-section-height-default elementor-section-height-default\" data-id=\"ed628b8\" data-element_type=\"section\">\n\t\t\t\t\t\t<div class=\"elementor-container elementor-column-gap-default\">\n\t\t\t\t\t<div class=\"elementor-column elementor-col-50 elementor-top-column elementor-element elementor-element-fd733dd\" data-id=\"fd733dd\" data-element_type=\"column\">\n\t\t\t<div class=\"elementor-widget-wrap elementor-element-populated\">\n\t\t\t\t\t\t<div class=\"elementor-element elementor-element-bd088e5 elementor-widget elementor-widget-text-editor\" data-id=\"bd088e5\" data-element_type=\"widget\" data-widget_type=\"text-editor.default\">\n\t\t\t\t<div class=\"elementor-widget-container\">\n\t\t\t\t\t\t\t\t\t<p><strong>Auf dieser jahrelangen Erfahrung basiert unser NewPlacement-Konzept f\u00fcr Frauen: ShePlacement.<\/strong><\/p><p>Unter der Leitung von Managing Partner und Gesch\u00e4ftsleiterin Regina Lindner (Foto), bietet ShePlacement weiblichen Fach- und F\u00fchrungskr\u00e4ften ein individuell auf Frauen zugeschnittenes Leistungsangebot zur schnellen und vor allem angemessenen Neupositionierung.<\/p><p>Dank der dabei auch onlinegest\u00fctzten Zusammenarbeit konnte HUNTING\/HER Career-Partners \u00ae die Honorarkosten wie in der Outplacementberatung f\u00fcr diese durchg\u00e4ngige Individualbetreuung durch den pers\u00f6nlichen Coach deutlich reduzieren.<\/p><p>Online-Outplacement wird heute auch hierarchie\u00fcbergreifend eingesetzt; u.a. von mehreren DAX-Konzernen als effektive Alternative zu klassischen NewPlacement- und Transferma\u00dfnahmen.<\/p><p><b>&#8222;Termination should end the job. Not the (wo)man.&#8220;<\/b><\/p><p>Im Gegensatz zu unserem Coaching-Angebot f\u00fcr selbstzahlende Individual-Klientinnen werden die Kosten unserer ShePlacement-Angebote bei betriebsseitiger K\u00fcndigung im Rahmen von OutPlacement-Beratungen oft vom Unternehmen \u00fcbernommen.<\/p><p>Identisch bleibt jedoch das Ziel unseres stets individuellen, aktiv-zielfokussierten Vorgehens: <strong>Die erfolgreiche Neupositionierung in eine angemessene und individuell zu Ihnen passende neue Position.<\/strong><\/p>\t\t\t\t\t\t\t\t<\/div>\n\t\t\t\t<\/div>\n\t\t\t\t\t<\/div>\n\t\t<\/div>\n\t\t\t\t<div class=\"elementor-column elementor-col-50 elementor-top-column elementor-element elementor-element-7848ced\" data-id=\"7848ced\" data-element_type=\"column\">\n\t\t\t<div class=\"elementor-widget-wrap elementor-element-populated\">\n\t\t\t\t\t\t<div class=\"elementor-element elementor-element-f1951b2 elementor-cta--skin-cover elementor-cta--valign-middle elementor-animated-content elementor-bg-transform elementor-bg-transform-zoom-in elementor-widget elementor-widget-call-to-action\" data-id=\"f1951b2\" data-element_type=\"widget\" data-widget_type=\"call-to-action.default\">\n\t\t\t\t<div class=\"elementor-widget-container\">\n\t\t\t\t\t\t\t<div class=\"elementor-cta\">\n\t\t\t\t\t<div class=\"elementor-cta__bg-wrapper\">\n\t\t\t\t<div class=\"elementor-cta__bg elementor-bg\" style=\"background-image: url(https:\/\/huntingher.com\/wp-content\/uploads\/2020\/04\/Headhunter-HuntingHer-Personalberatung.jpg);\" role=\"img\" aria-label=\"Headhunter-HuntingHer-Personalberatung\"><\/div>\n\t\t\t\t<div class=\"elementor-cta__bg-overlay\"><\/div>\n\t\t\t<\/div>\n\t\t\t\t\t\t\t<div class=\"elementor-cta__content\">\n\t\t\t\t\n\t\t\t\t\t\t\t\t\t<h2 class=\"elementor-cta__title elementor-cta__content-item elementor-content-item elementor-animated-item--grow\">\n\t\t\t\t\t\t<br><br><br><br><br><br><br>HUNTING\/HER \u00ae\t\t\t\t\t<\/h2>\n\t\t\t\t\n\t\t\t\t\t\t\t\t\t<div class=\"elementor-cta__description elementor-cta__content-item elementor-content-item elementor-animated-item--grow\">\n\t\t\t\t\t\tDie K\u00f6pfe\t\t\t\t\t<\/div>\n\t\t\t\t\n\t\t\t\t\t\t\t<\/div>\n\t\t\t\t\t\t<\/div>\n\t\t\t\t\t\t<\/div>\n\t\t\t\t<\/div>\n\t\t\t\t\t<\/div>\n\t\t<\/div>\n\t\t\t\t\t<\/div>\n\t\t<\/section>\n\t\t\t\t<\/div>","protected":false},"excerpt":{"rendered":"<p>Sheplacement Statt OutPlacement-Beratung f\u00fcr Frauen: Professionelles NewPlacement und Coaching Droht Ihnen die K\u00fcndigung? Bietet Ihr Arbeitgeber Ihnen eine Outplacement-Beratung an? Profitieren Sie von unserer fast 20-j\u00e4hrigen Erfahrung im Bereich der beruflichen Neupositionierung und Karriereberatung. Betriebsseitige K\u00fcndigungen stellen f\u00fcr alle Beteiligten eine Herausforderung dar, die so individuell ist wie die hierzu erforderlichen L\u00f6sungen. Seit 1992 unterst\u00fctzt [&hellip;]<\/p>\n","protected":false},"author":2,"featured_media":0,"parent":1077,"menu_order":2,"comment_status":"closed","ping_status":"closed","template":"elementor_header_footer","meta":{"footnotes":""},"class_list":["post-1164","page","type-page","status-publish","hentry"],"_links":{"self":[{"href":"https:\/\/huntingher.com\/en\/wp-json\/wp\/v2\/pages\/1164","targetHints":{"allow":["GET"]}}],"collection":[{"href":"https:\/\/huntingher.com\/en\/wp-json\/wp\/v2\/pages"}],"about":[{"href":"https:\/\/huntingher.com\/en\/wp-json\/wp\/v2\/types\/page"}],"author":[{"embeddable":true,"href":"https:\/\/huntingher.com\/en\/wp-json\/wp\/v2\/users\/2"}],"replies":[{"embeddable":true,"href":"https:\/\/huntingher.com\/en\/wp-json\/wp\/v2\/comments?post=1164"}],"version-history":[{"count":9,"href":"https:\/\/huntingher.com\/en\/wp-json\/wp\/v2\/pages\/1164\/revisions"}],"predecessor-version":[{"id":2648,"href":"https:\/\/huntingher.com\/en\/wp-json\/wp\/v2\/pages\/1164\/revisions\/2648"}],"up":[{"embeddable":true,"href":"https:\/\/huntingher.com\/en\/wp-json\/wp\/v2\/pages\/1077"}],"wp:attachment":[{"href":"https:\/\/huntingher.com\/en\/wp-json\/wp\/v2\/media?parent=1164"}],"curies":[{"name":"wp","href":"https:\/\/api.w.org\/{rel}","templated":true}]}}